{"id":33188,"date":"2025-03-15T18:27:02","date_gmt":"2025-03-15T21:27:02","guid":{"rendered":"https:\/\/panorama.coisadecinema.com.br\/?page_id=33188"},"modified":"2025-03-24T19:39:22","modified_gmt":"2025-03-24T22:39:22","slug":"festival-de-exibicao","status":"publish","type":"page","link":"https:\/\/acervo.coisadecinema.com.br\/xx-panorama\/seminario\/festival-de-exibicao\/","title":{"rendered":"Festival de Exibi\u00e7\u00e3o"},"content":{"rendered":"<h3><span style=\"color: var(--h3_typography-color); font-family: var(--h3_typography-font-family); font-size: var(--h3_typography-font-size); font-style: var(--h3_typography-font-style,normal); font-weight: var(--h3_typography-font-weight); letter-spacing: var(--h3_typography-letter-spacing); text-transform: var(--h3_typography-text-transform); text-align: var(--awb-content-alignment); background-color: var(--awb-bg-color);\">Festival Pr\u00eamio AEXIB<\/span><\/h3>\n<p>Cada dia, apresenta\u00e7\u00e3o de um filme de uma distribuidora brasileira, pequena e independente, seguida de debate. Sess\u00e3o voltada para exibidores, curadores, programadores e, eventualmente, jornalistas.<\/p>\n<h3>Quinta-feira &#8211; 03\/04<\/h3>\n<p><b>19h \u00e0s 21h &#8211; Festival Pr\u00eamio AEXIB I &#8211; Cine Glauber Rocha &#8211; SALA 3<\/b><\/p>\n<p><b style=\"font-family: var(--awb-text-font-family); font-size: var(--awb-font-size); font-style: var(--awb-text-font-style); letter-spacing: var(--awb-letter-spacing); text-align: var(--awb-content-alignment); text-transform: var(--awb-text-transform); background-color: var(--awb-bg-color-hover); color: var(--awb-text-color);\">de VIN\u00cdCIUS GIRNYS<br \/>\n<\/b><span style=\"background-color: var(--awb-bg-color-hover); font-family: var(--awb-text-font-family); font-size: var(--awb-font-size); font-style: var(--awb-text-font-style); letter-spacing: var(--awb-letter-spacing); text-align: var(--awb-content-alignment); text-transform: var(--awb-text-transform);\"><b style=\"color: var(--awb-color4);\">Samuel e a luz<\/b><span style=\"color: #c89700;\"><b><br \/>\n<\/b><\/span><\/span><span style=\"background-color: var(--awb-bg-color-hover); color: var(--awb-text-color); font-family: var(--awb-text-font-family); font-size: var(--awb-font-size); font-style: var(--awb-text-font-style); font-weight: var(--awb-text-font-weight); letter-spacing: var(--awb-letter-spacing); text-align: var(--awb-content-alignment); text-transform: var(--awb-text-transform);\">Fic\u00e7\u00e3o \/ 70\u00b4 \/ Cor \/ 2023 \/ BRA FRA<br \/>\n<\/span><span style=\"background-color: var(--awb-bg-color-hover); color: var(--awb-text-color); font-family: var(--awb-text-font-family); font-size: var(--awb-font-size); font-style: var(--awb-text-font-style); font-weight: var(--awb-text-font-weight); letter-spacing: var(--awb-letter-spacing); text-align: var(--awb-content-alignment); text-transform: var(--awb-text-transform);\">Distribuidora: Caju\u00edna Audiovisual\/ Let\u00edcia Santinon<\/span><\/p>\n<p><span style=\"color: var(--awb-color4);\">&gt; <\/span>Sess\u00e3o seguida de debate<br \/>\n<b style=\"color: var(--awb-color4);\">&gt; <\/b>Sess\u00e3o exclusiva para exibidores credenciados, d<span style=\"color: var(--awb-text-color); font-family: var(--awb-text-font-family); font-size: var(--awb-font-size); font-style: var(--awb-text-font-style); font-weight: var(--awb-text-font-weight); letter-spacing: var(--awb-letter-spacing); text-align: var(--awb-content-alignment); text-transform: var(--awb-text-transform); background-color: var(--awb-bg-color-hover);\">istribuidoras credenciadas, p<\/span><span style=\"color: var(--awb-text-color); font-family: var(--awb-text-font-family); font-size: var(--awb-font-size); font-style: var(--awb-text-font-style); font-weight: var(--awb-text-font-weight); letter-spacing: var(--awb-letter-spacing); text-align: var(--awb-content-alignment); text-transform: var(--awb-text-transform); background-color: var(--awb-bg-color-hover);\">rogramadores de cinema e festivais credenciados e j<\/span><span style=\"color: var(--awb-text-color); font-family: var(--awb-text-font-family); font-size: var(--awb-font-size); font-style: var(--awb-text-font-style); font-weight: var(--awb-text-font-weight); letter-spacing: var(--awb-letter-spacing); text-align: var(--awb-content-alignment); text-transform: var(--awb-text-transform); background-color: var(--awb-bg-color-hover);\">ornalistas credenciados.<\/span><\/p>\n<h3>Sexta-feira &#8211; 04\/04<\/h3>\n<p><b>19h \u00e0s 21h &#8211; Festival Pr\u00eamio AEXIB II<\/b><\/p>\n<p><b>de GUTO PARENTE<\/b><br \/>\n<b><span style=\"color: var(--awb-color4);\">Morte e vida Madalena<\/span><br \/>\n<\/b><span style=\"color: var(--awb-text-color); font-family: var(--awb-text-font-family); font-size: var(--awb-font-size); font-style: var(--awb-text-font-style); font-weight: var(--awb-text-font-weight); letter-spacing: var(--awb-letter-spacing); text-align: var(--awb-content-alignment); text-transform: var(--awb-text-transform); background-color: var(--awb-bg-color-hover);\">Fic\u00e7\u00e3o \/ 90\u00b4 \/ Cor \/ 2025 \/ BRA<br \/>\n<\/span><span style=\"color: var(--awb-text-color); font-family: var(--awb-text-font-family); font-size: var(--awb-font-size); font-style: var(--awb-text-font-style); font-weight: var(--awb-text-font-weight); letter-spacing: var(--awb-letter-spacing); text-align: var(--awb-content-alignment); text-transform: var(--awb-text-transform); background-color: var(--awb-bg-color-hover);\">Distribuidora: Emba\u00faba Filmes\/ Daniel Queiroz<\/span><\/p>\n<p><b style=\"color: var(--awb-color4);\">&gt;<\/b> Sess\u00e3o seguida de debate<br \/>\n<span style=\"color: var(--awb-color4);\"><b>&gt;<\/b><\/span> Sess\u00e3o exclusiva para exibidores credenciados, d<span style=\"color: var(--awb-text-color); font-family: var(--awb-text-font-family); font-size: var(--awb-font-size); font-style: var(--awb-text-font-style); font-weight: var(--awb-text-font-weight); letter-spacing: var(--awb-letter-spacing); text-align: var(--awb-content-alignment); text-transform: var(--awb-text-transform); background-color: var(--awb-bg-color);\">istribuidoras credenciadas, p<\/span><span style=\"color: var(--awb-text-color); font-family: var(--awb-text-font-family); font-size: var(--awb-font-size); font-style: var(--awb-text-font-style); font-weight: var(--awb-text-font-weight); letter-spacing: var(--awb-letter-spacing); text-align: var(--awb-content-alignment); text-transform: var(--awb-text-transform); background-color: var(--awb-bg-color);\">rogramadores de cinema e festivais credenciados.<\/span><\/p>\n<h3>S\u00e1bado &#8211; 05\/04<\/h3>\n<p><b>19h \u00e0s 21h &#8211; Festival Pr\u00eamio AEXIB III<\/b><\/p>\n<p><b>de S\u00c9RGIO MACHADO<br \/>\n<span style=\"color: var(--awb-color4);\">3 Ob\u00e1s de Xang\u00f4<\/span><\/b><br \/>\nDocument\u00e1rio \/ 75\u2019 \/ Cor \/ 2024 \/ BRA<br \/>\n<span style=\"color: var(--awb-text-color); font-family: var(--awb-text-font-family); font-size: var(--awb-font-size); font-style: var(--awb-text-font-style); font-weight: var(--awb-text-font-weight); letter-spacing: var(--awb-letter-spacing); text-align: var(--awb-content-alignment); text-transform: var(--awb-text-transform); background-color: var(--awb-bg-color-hover);\">Distribuidora: Gullane Filmes\/ Fred Avellar e Humberto Neiva<\/span><\/p>\n<p><b style=\"color: var(--awb-color4);\">&gt; <\/b>Sess\u00e3o seguida de debate<br \/>\n<b style=\"color: var(--awb-color4);\">&gt; <\/b>Sess\u00e3o exclusiva para exibidores credenciados,di<span style=\"color: var(--awb-text-color); font-family: var(--awb-text-font-family); font-size: var(--awb-font-size); font-style: var(--awb-text-font-style); font-weight: var(--awb-text-font-weight); letter-spacing: var(--awb-letter-spacing); text-align: var(--awb-content-alignment); text-transform: var(--awb-text-transform); background-color: var(--awb-bg-color-hover);\">stribuidoras credenciadas, p<\/span><span style=\"color: var(--awb-text-color); font-family: var(--awb-text-font-family); font-size: var(--awb-font-size); font-style: var(--awb-text-font-style); font-weight: var(--awb-text-font-weight); letter-spacing: var(--awb-letter-spacing); text-align: var(--awb-content-alignment); text-transform: var(--awb-text-transform); background-color: var(--awb-bg-color-hover);\">rogramadores de cinema e festivais credenciados e j<\/span><span style=\"color: var(--awb-text-color); font-family: var(--awb-text-font-family); font-size: var(--awb-font-size); font-style: var(--awb-text-font-style); font-weight: var(--awb-text-font-weight); letter-spacing: var(--awb-letter-spacing); text-align: var(--awb-content-alignment); text-transform: var(--awb-text-transform); background-color: var(--awb-bg-color-hover);\">ornalistas credenciados.<\/span><\/p>\n<h3>Domingo &#8211; 06\/04<\/h3>\n<p><b>19h \u00e0s 21h &#8211; Festival Pr\u00eamio AEXIB IV <\/b><\/p>\n<p><b>de ARIEL KURAY ORTEGA E ERNESTO DE CARVALHO<br \/>\n<span style=\"color: var(--awb-color4);\">A transforma\u00e7\u00e3o de Canuto<\/span><\/b><br \/>\n<span style=\"color: var(--awb-text-color); font-family: var(--awb-text-font-family); font-size: var(--awb-font-size); font-style: var(--awb-text-font-style); font-weight: var(--awb-text-font-weight); letter-spacing: var(--awb-letter-spacing); text-align: var(--awb-content-alignment); text-transform: var(--awb-text-transform); background-color: var(--awb-bg-color-hover);\">Fic\u00e7\u00e3o \/ 130\u00b4 \/ Cor \/ 2023 \/ PRT ESP<br \/>\n<\/span><span style=\"color: var(--awb-text-color); font-family: var(--awb-text-font-family); font-size: var(--awb-font-size); font-style: var(--awb-text-font-style); font-weight: var(--awb-text-font-weight); letter-spacing: var(--awb-letter-spacing); text-align: var(--awb-content-alignment); text-transform: var(--awb-text-transform); background-color: var(--awb-bg-color-hover);\">Distribuidora: Descoloniza Filmes\/ Ibir\u00e1 Machado<\/span><\/p>\n<p><b style=\"color: var(--awb-color4);\">&gt;<\/b> Sess\u00e3o seguida de debate<br \/>\n<b style=\"color: var(--awb-color4);\">&gt;<\/b> Sess\u00e3o exclusiva para exibidores credenciados, di<span style=\"color: var(--awb-text-color); font-family: var(--awb-text-font-family); font-size: var(--awb-font-size); font-style: var(--awb-text-font-style); font-weight: var(--awb-text-font-weight); letter-spacing: var(--awb-letter-spacing); text-align: var(--awb-content-alignment); text-transform: var(--awb-text-transform); background-color: var(--awb-bg-color-hover);\">stribuidoras credenciadas, p<\/span><span style=\"color: var(--awb-text-color); font-family: var(--awb-text-font-family); font-size: var(--awb-font-size); font-style: var(--awb-text-font-style); font-weight: var(--awb-text-font-weight); letter-spacing: var(--awb-letter-spacing); text-align: var(--awb-content-alignment); text-transform: var(--awb-text-transform); background-color: var(--awb-bg-color-hover);\">rogramadores de cinema e festivais credenciados e j<\/span><span style=\"color: var(--awb-text-color); font-family: var(--awb-text-font-family); font-size: var(--awb-font-size); font-style: var(--awb-text-font-style); font-weight: var(--awb-text-font-weight); letter-spacing: var(--awb-letter-spacing); text-align: var(--awb-content-alignment); text-transform: var(--awb-text-transform); background-color: var(--awb-bg-color-hover);\">ornalistas credenciados.<\/span><\/p>\n<h3>Segunda-feira &#8211; 07\/04<\/h3>\n<p><b>19h \u00e0s 21h &#8211; Festival Pr\u00eamio AEXIB V<\/b><br \/>\n<b><br \/>\nde MARCOS PIMENTEL<br \/>\n<span style=\"color: var(--awb-color4);\">O sil\u00eancio das ostras<\/span><\/b><br \/>\nFic\u00e7\u00e3o \/ 127\u2019 \/ Cor \/ 2024 \/ MG<br \/>\n<span style=\"color: var(--awb-text-color); font-family: var(--awb-text-font-family); font-size: var(--awb-font-size); font-style: var(--awb-text-font-style); font-weight: var(--awb-text-font-weight); letter-spacing: var(--awb-letter-spacing); text-align: var(--awb-content-alignment); text-transform: var(--awb-text-transform); background-color: var(--awb-bg-color-hover);\">Distribuidora: Olhar Filmes\/ Paula Gomes<\/span><\/p>\n<p><b style=\"color: var(--awb-color4);\">&gt;<\/b> Sess\u00e3o seguida de debate<br \/>\n<b style=\"color: var(--awb-color4);\">&gt; <\/b>Sess\u00e3o exclusiva para exibidores credenciados, d<span style=\"color: var(--awb-text-color); font-family: var(--awb-text-font-family); font-size: var(--awb-font-size); font-style: var(--awb-text-font-style); font-weight: var(--awb-text-font-weight); letter-spacing: var(--awb-letter-spacing); text-align: var(--awb-content-alignment); text-transform: var(--awb-text-transform); background-color: var(--awb-bg-color-hover);\">istribuidoras credenciadas e p<\/span><span style=\"color: var(--awb-text-color); font-family: var(--awb-text-font-family); font-size: var(--awb-font-size); font-style: var(--awb-text-font-style); font-weight: var(--awb-text-font-weight); letter-spacing: var(--awb-letter-spacing); text-align: var(--awb-content-alignment); text-transform: var(--awb-text-transform); background-color: var(--awb-bg-color-hover);\">rogramadores de cinema e festivais credenciados.<\/span><\/p>\n<h3>Ter\u00e7a-feira &#8211; 08\/04<\/h3>\n<p><b>19h \u00e0s 21h &#8211; Festival Pr\u00eamio AEXIB VI<\/b><\/p>\n<p><b>de GABRIEL MASCARO<br \/>\n<span style=\"color: var(--awb-color4);\">O \u00faltimo azul<\/span><\/b><br \/>\n<span style=\"color: var(--awb-text-color); font-family: var(--awb-text-font-family); font-size: var(--awb-font-size); font-style: var(--awb-text-font-style); font-weight: var(--awb-text-font-weight); letter-spacing: var(--awb-letter-spacing); text-align: var(--awb-content-alignment); text-transform: var(--awb-text-transform); background-color: var(--awb-bg-color-hover);\">Fic\u00e7\u00e3o \/ 90\u2019 \/ Cor \/ 2025 \/ BRA CHI MEX NLD<br \/>\n<\/span><span style=\"color: var(--awb-text-color); font-family: var(--awb-text-font-family); font-size: var(--awb-font-size); font-style: var(--awb-text-font-style); font-weight: var(--awb-text-font-weight); letter-spacing: var(--awb-letter-spacing); text-align: var(--awb-content-alignment); text-transform: var(--awb-text-transform); background-color: var(--awb-bg-color-hover);\">Distribui\u00e7\u00e3o: Vitrine Filmes<\/span><\/p>\n<p><b style=\"color: var(--awb-color4);\">&gt; <\/b>Sess\u00e3o seguida de debate<br \/>\n<b style=\"color: var(--awb-color4);\">&gt; <\/b>Sess\u00e3o exclusiva para exibidores credenciados, d<span style=\"color: var(--awb-text-color); font-family: var(--awb-text-font-family); font-size: var(--awb-font-size); font-style: var(--awb-text-font-style); font-weight: var(--awb-text-font-weight); letter-spacing: var(--awb-letter-spacing); text-align: var(--awb-content-alignment); text-transform: var(--awb-text-transform); background-color: var(--awb-bg-color);\">istribuidoras credenciadas, p<\/span><span style=\"color: var(--awb-text-color); font-family: var(--awb-text-font-family); font-size: var(--awb-font-size); font-style: var(--awb-text-font-style); font-weight: var(--awb-text-font-weight); letter-spacing: var(--awb-letter-spacing); text-align: var(--awb-content-alignment); text-transform: var(--awb-text-transform); background-color: var(--awb-bg-color-hover);\">rogramadores de cinema e festivais credenciados<\/span><\/p>\n","protected":false},"excerpt":{"rendered":"<p>Festival Pr\u00eamio AEXIB Cada dia, apresenta\u00e7\u00e3o de um filme de  [&#8230;]<\/p>\n","protected":false},"author":607,"featured_media":0,"parent":31889,"menu_order":0,"comment_status":"closed","ping_status":"closed","template":"","meta":{"_acf_changed":false,"footnotes":""},"class_list":["post-33188","page","type-page","status-publish","hentry"],"acf":[],"yoast_head":"<!-- This site is optimized with the Yoast SEO plugin v27.5 - https:\/\/yoast.com\/product\/yoast-seo-wordpress\/ -->\n<title>Festival de Exibi\u00e7\u00e3o - XX Panorama Internacional Coisa de Cinema<\/title>\n<meta name=\"robots\" content=\"index, follow, max-snippet:-1, max-image-preview:large, max-video-preview:-1\" \/>\n<link rel=\"canonical\" href=\"https:\/\/acervo.coisadecinema.com.br\/xx-panorama\/seminario\/festival-de-exibicao\/\" \/>\n<meta property=\"og:locale\" content=\"pt_BR\" \/>\n<meta property=\"og:type\" content=\"article\" \/>\n<meta property=\"og:title\" content=\"Festival de Exibi\u00e7\u00e3o - XX Panorama Internacional Coisa de Cinema\" \/>\n<meta property=\"og:description\" content=\"Festival Pr\u00eamio AEXIB Cada dia, apresenta\u00e7\u00e3o de um filme de [...]\" \/>\n<meta property=\"og:url\" content=\"https:\/\/acervo.coisadecinema.com.br\/xx-panorama\/seminario\/festival-de-exibicao\/\" \/>\n<meta property=\"og:site_name\" content=\"XX Panorama Internacional Coisa de Cinema\" \/>\n<meta property=\"article:modified_time\" content=\"2025-03-24T22:39:22+00:00\" \/>\n<meta name=\"twitter:card\" content=\"summary_large_image\" \/>\n<meta name=\"twitter:label1\" content=\"Est. tempo de leitura\" \/>\n\t<meta name=\"twitter:data1\" content=\"2 minutos\" \/>\n<script type=\"application\/ld+json\" class=\"yoast-schema-graph\">{\"@context\":\"https:\\\/\\\/schema.org\",\"@graph\":[{\"@type\":\"WebPage\",\"@id\":\"https:\\\/\\\/acervo.coisadecinema.com.br\\\/xx-panorama\\\/seminario\\\/festival-de-exibicao\\\/\",\"url\":\"https:\\\/\\\/acervo.coisadecinema.com.br\\\/xx-panorama\\\/seminario\\\/festival-de-exibicao\\\/\",\"name\":\"Festival de Exibi\u00e7\u00e3o - XX Panorama Internacional Coisa de Cinema\",\"isPartOf\":{\"@id\":\"https:\\\/\\\/acervo.coisadecinema.com.br\\\/xx-panorama\\\/#website\"},\"datePublished\":\"2025-03-15T21:27:02+00:00\",\"dateModified\":\"2025-03-24T22:39:22+00:00\",\"breadcrumb\":{\"@id\":\"https:\\\/\\\/acervo.coisadecinema.com.br\\\/xx-panorama\\\/seminario\\\/festival-de-exibicao\\\/#breadcrumb\"},\"inLanguage\":\"pt-BR\",\"potentialAction\":[{\"@type\":\"ReadAction\",\"target\":[\"https:\\\/\\\/acervo.coisadecinema.com.br\\\/xx-panorama\\\/seminario\\\/festival-de-exibicao\\\/\"]}]},{\"@type\":\"BreadcrumbList\",\"@id\":\"https:\\\/\\\/acervo.coisadecinema.com.br\\\/xx-panorama\\\/seminario\\\/festival-de-exibicao\\\/#breadcrumb\",\"itemListElement\":[{\"@type\":\"ListItem\",\"position\":1,\"name\":\"In\u00edcio\",\"item\":\"https:\\\/\\\/acervo.coisadecinema.com.br\\\/xx-panorama\\\/\"},{\"@type\":\"ListItem\",\"position\":2,\"name\":\"Semin\u00e1rio\",\"item\":\"https:\\\/\\\/acervo.coisadecinema.com.br\\\/xx-panorama\\\/seminario\\\/\"},{\"@type\":\"ListItem\",\"position\":3,\"name\":\"Festival de Exibi\u00e7\u00e3o\"}]},{\"@type\":\"WebSite\",\"@id\":\"https:\\\/\\\/acervo.coisadecinema.com.br\\\/xx-panorama\\\/#website\",\"url\":\"https:\\\/\\\/acervo.coisadecinema.com.br\\\/xx-panorama\\\/\",\"name\":\"XX Panorama Internacional Coisa de Cinema\",\"description\":\"\",\"publisher\":{\"@id\":\"https:\\\/\\\/acervo.coisadecinema.com.br\\\/xx-panorama\\\/#organization\"},\"alternateName\":\"XX Panorama Internacional Coisa de Cinema\",\"potentialAction\":[{\"@type\":\"SearchAction\",\"target\":{\"@type\":\"EntryPoint\",\"urlTemplate\":\"https:\\\/\\\/acervo.coisadecinema.com.br\\\/xx-panorama\\\/?s={search_term_string}\"},\"query-input\":{\"@type\":\"PropertyValueSpecification\",\"valueRequired\":true,\"valueName\":\"search_term_string\"}}],\"inLanguage\":\"pt-BR\"},{\"@type\":\"Organization\",\"@id\":\"https:\\\/\\\/acervo.coisadecinema.com.br\\\/xx-panorama\\\/#organization\",\"name\":\"XX Panorama Internacional Coisa de Cinema\",\"url\":\"https:\\\/\\\/acervo.coisadecinema.com.br\\\/xx-panorama\\\/\",\"logo\":{\"@type\":\"ImageObject\",\"inLanguage\":\"pt-BR\",\"@id\":\"https:\\\/\\\/acervo.coisadecinema.com.br\\\/xx-panorama\\\/#\\\/schema\\\/logo\\\/image\\\/\",\"url\":\"https:\\\/\\\/panorama.coisadecinema.com.br\\\/wp-content\\\/uploads\\\/2024\\\/12\\\/cropped-favicon-panorama-de-cinema.png\",\"contentUrl\":\"https:\\\/\\\/panorama.coisadecinema.com.br\\\/wp-content\\\/uploads\\\/2024\\\/12\\\/cropped-favicon-panorama-de-cinema.png\",\"width\":512,\"height\":512,\"caption\":\"XX Panorama Internacional Coisa de Cinema\"},\"image\":{\"@id\":\"https:\\\/\\\/acervo.coisadecinema.com.br\\\/xx-panorama\\\/#\\\/schema\\\/logo\\\/image\\\/\"}}]}<\/script>\n<!-- \/ Yoast SEO plugin. -->","yoast_head_json":{"title":"Festival de Exibi\u00e7\u00e3o - XX Panorama Internacional Coisa de Cinema","robots":{"index":"index","follow":"follow","max-snippet":"max-snippet:-1","max-image-preview":"max-image-preview:large","max-video-preview":"max-video-preview:-1"},"canonical":"https:\/\/acervo.coisadecinema.com.br\/xx-panorama\/seminario\/festival-de-exibicao\/","og_locale":"pt_BR","og_type":"article","og_title":"Festival de Exibi\u00e7\u00e3o - XX Panorama Internacional Coisa de Cinema","og_description":"Festival Pr\u00eamio AEXIB Cada dia, apresenta\u00e7\u00e3o de um filme de [...]","og_url":"https:\/\/acervo.coisadecinema.com.br\/xx-panorama\/seminario\/festival-de-exibicao\/","og_site_name":"XX Panorama Internacional Coisa de Cinema","article_modified_time":"2025-03-24T22:39:22+00:00","twitter_card":"summary_large_image","twitter_misc":{"Est. tempo de leitura":"2 minutos"},"schema":{"@context":"https:\/\/schema.org","@graph":[{"@type":"WebPage","@id":"https:\/\/acervo.coisadecinema.com.br\/xx-panorama\/seminario\/festival-de-exibicao\/","url":"https:\/\/acervo.coisadecinema.com.br\/xx-panorama\/seminario\/festival-de-exibicao\/","name":"Festival de Exibi\u00e7\u00e3o - XX Panorama Internacional Coisa de Cinema","isPartOf":{"@id":"https:\/\/acervo.coisadecinema.com.br\/xx-panorama\/#website"},"datePublished":"2025-03-15T21:27:02+00:00","dateModified":"2025-03-24T22:39:22+00:00","breadcrumb":{"@id":"https:\/\/acervo.coisadecinema.com.br\/xx-panorama\/seminario\/festival-de-exibicao\/#breadcrumb"},"inLanguage":"pt-BR","potentialAction":[{"@type":"ReadAction","target":["https:\/\/acervo.coisadecinema.com.br\/xx-panorama\/seminario\/festival-de-exibicao\/"]}]},{"@type":"BreadcrumbList","@id":"https:\/\/acervo.coisadecinema.com.br\/xx-panorama\/seminario\/festival-de-exibicao\/#breadcrumb","itemListElement":[{"@type":"ListItem","position":1,"name":"In\u00edcio","item":"https:\/\/acervo.coisadecinema.com.br\/xx-panorama\/"},{"@type":"ListItem","position":2,"name":"Semin\u00e1rio","item":"https:\/\/acervo.coisadecinema.com.br\/xx-panorama\/seminario\/"},{"@type":"ListItem","position":3,"name":"Festival de Exibi\u00e7\u00e3o"}]},{"@type":"WebSite","@id":"https:\/\/acervo.coisadecinema.com.br\/xx-panorama\/#website","url":"https:\/\/acervo.coisadecinema.com.br\/xx-panorama\/","name":"XX Panorama Internacional Coisa de Cinema","description":"","publisher":{"@id":"https:\/\/acervo.coisadecinema.com.br\/xx-panorama\/#organization"},"alternateName":"XX Panorama Internacional Coisa de Cinema","potentialAction":[{"@type":"SearchAction","target":{"@type":"EntryPoint","urlTemplate":"https:\/\/acervo.coisadecinema.com.br\/xx-panorama\/?s={search_term_string}"},"query-input":{"@type":"PropertyValueSpecification","valueRequired":true,"valueName":"search_term_string"}}],"inLanguage":"pt-BR"},{"@type":"Organization","@id":"https:\/\/acervo.coisadecinema.com.br\/xx-panorama\/#organization","name":"XX Panorama Internacional Coisa de Cinema","url":"https:\/\/acervo.coisadecinema.com.br\/xx-panorama\/","logo":{"@type":"ImageObject","inLanguage":"pt-BR","@id":"https:\/\/acervo.coisadecinema.com.br\/xx-panorama\/#\/schema\/logo\/image\/","url":"https:\/\/panorama.coisadecinema.com.br\/wp-content\/uploads\/2024\/12\/cropped-favicon-panorama-de-cinema.png","contentUrl":"https:\/\/panorama.coisadecinema.com.br\/wp-content\/uploads\/2024\/12\/cropped-favicon-panorama-de-cinema.png","width":512,"height":512,"caption":"XX Panorama Internacional Coisa de Cinema"},"image":{"@id":"https:\/\/acervo.coisadecinema.com.br\/xx-panorama\/#\/schema\/logo\/image\/"}}]}},"_links":{"self":[{"href":"https:\/\/acervo.coisadecinema.com.br\/xx-panorama\/wp-json\/wp\/v2\/pages\/33188","targetHints":{"allow":["GET"]}}],"collection":[{"href":"https:\/\/acervo.coisadecinema.com.br\/xx-panorama\/wp-json\/wp\/v2\/pages"}],"about":[{"href":"https:\/\/acervo.coisadecinema.com.br\/xx-panorama\/wp-json\/wp\/v2\/types\/page"}],"author":[{"embeddable":true,"href":"https:\/\/acervo.coisadecinema.com.br\/xx-panorama\/wp-json\/wp\/v2\/users\/607"}],"replies":[{"embeddable":true,"href":"https:\/\/acervo.coisadecinema.com.br\/xx-panorama\/wp-json\/wp\/v2\/comments?post=33188"}],"version-history":[{"count":0,"href":"https:\/\/acervo.coisadecinema.com.br\/xx-panorama\/wp-json\/wp\/v2\/pages\/33188\/revisions"}],"up":[{"embeddable":true,"href":"https:\/\/acervo.coisadecinema.com.br\/xx-panorama\/wp-json\/wp\/v2\/pages\/31889"}],"wp:attachment":[{"href":"https:\/\/acervo.coisadecinema.com.br\/xx-panorama\/wp-json\/wp\/v2\/media?parent=33188"}],"curies":[{"name":"wp","href":"https:\/\/api.w.org\/{rel}","templated":true}]}}