{"id":32476,"date":"2025-03-13T17:38:57","date_gmt":"2025-03-13T20:38:57","guid":{"rendered":"https:\/\/panorama.coisadecinema.com.br\/?page_id=32476"},"modified":"2025-03-22T14:59:04","modified_gmt":"2025-03-22T17:59:04","slug":"oficina-narrativas-sonoras","status":"publish","type":"page","link":"https:\/\/acervo.coisadecinema.com.br\/xx-panorama\/atividades\/oficina-narrativas-sonoras\/","title":{"rendered":"Oficina Narrativas Sonoras"},"content":{"rendered":"<div class=\"fusion-fullwidth fullwidth-box fusion-builder-row-1 fusion-flex-container fusion-parallax-none hundred-percent-fullwidth non-hundred-percent-height-scrolling lazyload\" style=\"--awb-background-position:center top;--awb-border-radius-top-left:0px;--awb-border-radius-top-right:0px;--awb-border-radius-bottom-right:0px;--awb-border-radius-bottom-left:0px;--awb-padding-top:150px;--awb-padding-right:6%;--awb-padding-bottom:150px;--awb-padding-left:6%;--awb-padding-top-small:60px;--awb-padding-right-small:6%;--awb-padding-left-small:6%;--awb-margin-top-small:0px;--awb-background-size:cover;--awb-flex-wrap:wrap;\" data-bg=\"https:\/\/panorama.coisadecinema.com.br\/wp-content\/uploads\/2024\/02\/bg-textura-pagina.jpg\" ><div class=\"fusion-builder-row fusion-row fusion-flex-align-items-flex-start fusion-flex-content-wrap\" style=\"width:104% !important;max-width:104% !important;margin-left: calc(-4% \/ 2 );margin-right: calc(-4% \/ 2 );\"><div class=\"fusion-layout-column fusion_builder_column fusion-builder-column-0 fusion_builder_column_1_1 1_1 fusion-flex-column\" style=\"--awb-padding-bottom:60px;--awb-bg-blend:overlay;--awb-bg-size:cover;--awb-width-large:100%;--awb-margin-top-large:0px;--awb-spacing-right-large:1.92%;--awb-margin-bottom-large:0px;--awb-spacing-left-large:1.92%;--awb-width-medium:100%;--awb-spacing-right-medium:1.92%;--awb-spacing-left-medium:1.92%;--awb-width-small:100%;--awb-spacing-right-small:1.92%;--awb-spacing-left-small:1.92%;\"><div class=\"fusion-column-wrapper fusion-flex-justify-content-flex-start fusion-content-layout-column\"><div class=\"fusion-title title fusion-title-1 fusion-sep-none fusion-title-text fusion-title-size-one\" style=\"--awb-margin-bottom:30px;--awb-margin-bottom-small:30px;\"><h1 class=\"fusion-title-heading title-heading-left sm-text-align-center\" style=\"margin:0;\">Oficina Narrativas Sonoras: introdu\u00e7\u00e3o \u00e0 p\u00f3s-produ\u00e7\u00e3o de som para cinema<\/h1><\/div><div class=\"fusion-text fusion-text-1 sm-text-align-center\"><p>A oficina far\u00e1 uma breve introdu\u00e7\u00e3o \u00e0 p\u00f3s-produ\u00e7\u00e3o de som para cinema em suas diversas etapas do processo desde a edi\u00e7\u00e3o de som at\u00e9 a mixagem, passando por t\u00e9cnicas de grava\u00e7\u00e3o de foley, dublagem, ambientes e efeitos. <\/p>\n<\/div><\/div><\/div><div class=\"fusion-layout-column fusion_builder_column fusion-builder-column-1 fusion_builder_column_1_1 1_1 fusion-flex-column\" style=\"--awb-padding-bottom-small:30px;--awb-bg-size:cover;--awb-width-large:100%;--awb-margin-top-large:0px;--awb-spacing-right-large:1.92%;--awb-margin-bottom-large:0px;--awb-spacing-left-large:1.92%;--awb-width-medium:25%;--awb-order-medium:0;--awb-spacing-right-medium:7.68%;--awb-spacing-left-medium:7.68%;--awb-width-small:100%;--awb-order-small:0;--awb-spacing-right-small:1.92%;--awb-spacing-left-small:1.92%;\"><div class=\"fusion-column-wrapper fusion-column-has-shadow fusion-flex-justify-content-flex-start fusion-content-layout-column\"><div class=\"fusion-builder-row fusion-builder-row-inner fusion-row fusion-flex-align-items-flex-start fusion-flex-content-wrap\" style=\"width:104% !important;max-width:104% !important;margin-left: calc(-4% \/ 2 );margin-right: calc(-4% \/ 2 );\"><div class=\"fusion-layout-column fusion_builder_column_inner fusion-builder-nested-column-0 fusion_builder_column_inner_1_3 1_3 fusion-flex-column fusion-flex-align-self-flex-start\" style=\"--awb-padding-bottom-small:30px;--awb-bg-size:cover;--awb-width-large:33.333333333333%;--awb-margin-top-large:0px;--awb-spacing-right-large:5.76%;--awb-margin-bottom-large:0px;--awb-spacing-left-large:5.76%;--awb-width-medium:33.333333333333%;--awb-order-medium:0;--awb-spacing-right-medium:5.76%;--awb-spacing-left-medium:5.76%;--awb-width-small:100%;--awb-order-small:0;--awb-spacing-right-small:1.92%;--awb-spacing-left-small:1.92%;\"><div class=\"fusion-column-wrapper fusion-column-has-shadow fusion-flex-justify-content-flex-start fusion-content-layout-column\"><div class=\"fusion-image-element \" style=\"text-align:center;--awb-aspect-ratio:1 \/ 1;--awb-margin-bottom:10px;--awb-max-width:80%;--awb-caption-title-font-family:var(--h2_typography-font-family);--awb-caption-title-font-weight:var(--h2_typography-font-weight);--awb-caption-title-font-style:var(--h2_typography-font-style);--awb-caption-title-size:var(--h2_typography-font-size);--awb-caption-title-transform:var(--h2_typography-text-transform);--awb-caption-title-line-height:var(--h2_typography-line-height);--awb-caption-title-letter-spacing:var(--h2_typography-letter-spacing);\"><div style=\"display:inline-block;width:80%;\"><span class=\" fusion-imageframe imageframe-none imageframe-1 hover-type-none has-aspect-ratio\" style=\"border-radius:50%;\"><img decoding=\"async\" width=\"500\" height=\"500\" title=\"Lucas-Coelho\" src=\"https:\/\/acervo.coisadecinema.com.br\/xx-panorama\/wp-content\/uploads\/2025\/03\/Lucas-Coelho.webp\" data-orig-src=\"https:\/\/panorama.coisadecinema.com.br\/wp-content\/uploads\/2025\/03\/Lucas-Coelho.webp\" class=\"lazyload img-responsive wp-image-32479 img-with-aspect-ratio\" data-parent-fit=\"cover\" data-parent-container=\".fusion-image-element\" alt srcset=\"data:image\/svg+xml,%3Csvg%20xmlns%3D%27http%3A%2F%2Fwww.w3.org%2F2000%2Fsvg%27%20width%3D%27500%27%20height%3D%27500%27%20viewBox%3D%270%200%20500%20500%27%3E%3Crect%20width%3D%27500%27%20height%3D%27500%27%20fill-opacity%3D%220%22%2F%3E%3C%2Fsvg%3E\" data-srcset=\"https:\/\/acervo.coisadecinema.com.br\/xx-panorama\/wp-content\/uploads\/2025\/03\/Lucas-Coelho-66x66.webp 66w, https:\/\/acervo.coisadecinema.com.br\/xx-panorama\/wp-content\/uploads\/2025\/03\/Lucas-Coelho-150x150.webp 150w, https:\/\/acervo.coisadecinema.com.br\/xx-panorama\/wp-content\/uploads\/2025\/03\/Lucas-Coelho-200x200.webp 200w, https:\/\/acervo.coisadecinema.com.br\/xx-panorama\/wp-content\/uploads\/2025\/03\/Lucas-Coelho-300x300.webp 300w, https:\/\/acervo.coisadecinema.com.br\/xx-panorama\/wp-content\/uploads\/2025\/03\/Lucas-Coelho-400x400.webp 400w, https:\/\/acervo.coisadecinema.com.br\/xx-panorama\/wp-content\/uploads\/2025\/03\/Lucas-Coelho.webp 500w\" data-sizes=\"auto\" data-orig-sizes=\"(max-width: 640px) 100vw, 400px\" \/><\/span><\/div><\/div><div class=\"fusion-title title fusion-title-2 fusion-sep-none fusion-title-center fusion-title-text fusion-title-size-three\" style=\"--awb-margin-bottom:0px;--awb-margin-bottom-small:0px;\"><h3 class=\"fusion-title-heading title-heading-center\" style=\"font-family:&quot;Open Sans&quot;;font-style:normal;font-weight:700;margin:0;text-transform:none;\">Lucas Coelho<\/h3><\/div><\/div><\/div><div class=\"fusion-layout-column fusion_builder_column_inner fusion-builder-nested-column-1 fusion_builder_column_inner_2_3 2_3 fusion-flex-column\" style=\"--awb-bg-size:cover;--awb-width-large:66.666666666667%;--awb-margin-top-large:0px;--awb-spacing-right-large:2.88%;--awb-margin-bottom-large:0px;--awb-spacing-left-large:2.88%;--awb-width-medium:66.666666666667%;--awb-order-medium:0;--awb-spacing-right-medium:2.88%;--awb-spacing-left-medium:2.88%;--awb-width-small:100%;--awb-order-small:0;--awb-spacing-right-small:1.92%;--awb-spacing-left-small:1.92%;\"><div class=\"fusion-column-wrapper fusion-column-has-shadow fusion-flex-justify-content-flex-start fusion-content-layout-column\"><div class=\"fusion-title title fusion-title-3 fusion-sep-none fusion-title-text fusion-title-size-three\" style=\"--awb-margin-bottom:20px;--awb-margin-bottom-small:30px;\"><h3 class=\"fusion-title-heading title-heading-left sm-text-align-center\" style=\"margin:0;\">Conhe\u00e7a o oficineiro desta edi\u00e7\u00e3o:<\/h3><\/div><div class=\"fusion-text fusion-text-2 sm-text-align-center\"><p>Lucas Coelho nasceu no Cear\u00e1 em 1988, \u00e9 realizador audiovisual formado pela Escola de Audiovisual de Fortaleza &#8211; Vila das Artes &#8211; e Sonidista egresso do curso regular (2012-2015) da EICTV &#8211; Escuela Internacional de Cine y Tv de San Antonio de los Ba\u00f1os &#8211; Cuba. Trabalha em todas as etapas da cria\u00e7\u00e3o sonora para audiovisual: som direto, edi\u00e7\u00e3o de som e mixagem. \u00c9 fundador e mixador do Atelier Rural. Os filmes em que trabalhou participaram em alguns dos principais eventos cinematogr\u00e1ficos do Brasil e do mundo, como o Festival de Cannes, Berlinale, Tribeca Festival, Festival de Cinema de Bras\u00edlia, Festival do Rio, entre outros.<\/p><\/p>\n<\/div><\/div><\/div><\/div><\/div><\/div><\/div><\/div>\n","protected":false},"excerpt":{"rendered":"","protected":false},"author":607,"featured_media":0,"parent":24729,"menu_order":2,"comment_status":"closed","ping_status":"closed","template":"100-width.php","meta":{"_acf_changed":false,"footnotes":""},"class_list":["post-32476","page","type-page","status-publish","hentry"],"acf":[],"yoast_head":"<!-- This site is optimized with the Yoast SEO plugin v27.5 - https:\/\/yoast.com\/product\/yoast-seo-wordpress\/ -->\n<title>Oficina Narrativas Sonoras - XX Panorama Internacional Coisa de Cinema<\/title>\n<meta name=\"robots\" content=\"index, follow, max-snippet:-1, max-image-preview:large, max-video-preview:-1\" \/>\n<link rel=\"canonical\" href=\"https:\/\/acervo.coisadecinema.com.br\/xx-panorama\/atividades\/oficina-narrativas-sonoras\/\" \/>\n<meta property=\"og:locale\" content=\"pt_BR\" \/>\n<meta property=\"og:type\" content=\"article\" \/>\n<meta property=\"og:title\" content=\"Oficina Narrativas Sonoras - XX Panorama Internacional Coisa de Cinema\" \/>\n<meta property=\"og:url\" content=\"https:\/\/acervo.coisadecinema.com.br\/xx-panorama\/atividades\/oficina-narrativas-sonoras\/\" \/>\n<meta property=\"og:site_name\" content=\"XX Panorama Internacional Coisa de Cinema\" \/>\n<meta property=\"article:modified_time\" content=\"2025-03-22T17:59:04+00:00\" \/>\n<meta name=\"twitter:card\" content=\"summary_large_image\" \/>\n<meta name=\"twitter:label1\" content=\"Est. tempo de leitura\" \/>\n\t<meta name=\"twitter:data1\" content=\"2 minutos\" \/>\n<script type=\"application\/ld+json\" class=\"yoast-schema-graph\">{\"@context\":\"https:\\\/\\\/schema.org\",\"@graph\":[{\"@type\":\"WebPage\",\"@id\":\"https:\\\/\\\/acervo.coisadecinema.com.br\\\/xx-panorama\\\/atividades\\\/oficina-narrativas-sonoras\\\/\",\"url\":\"https:\\\/\\\/acervo.coisadecinema.com.br\\\/xx-panorama\\\/atividades\\\/oficina-narrativas-sonoras\\\/\",\"name\":\"Oficina Narrativas Sonoras - XX Panorama Internacional Coisa de Cinema\",\"isPartOf\":{\"@id\":\"https:\\\/\\\/acervo.coisadecinema.com.br\\\/xx-panorama\\\/#website\"},\"datePublished\":\"2025-03-13T20:38:57+00:00\",\"dateModified\":\"2025-03-22T17:59:04+00:00\",\"breadcrumb\":{\"@id\":\"https:\\\/\\\/acervo.coisadecinema.com.br\\\/xx-panorama\\\/atividades\\\/oficina-narrativas-sonoras\\\/#breadcrumb\"},\"inLanguage\":\"pt-BR\",\"potentialAction\":[{\"@type\":\"ReadAction\",\"target\":[\"https:\\\/\\\/acervo.coisadecinema.com.br\\\/xx-panorama\\\/atividades\\\/oficina-narrativas-sonoras\\\/\"]}]},{\"@type\":\"BreadcrumbList\",\"@id\":\"https:\\\/\\\/acervo.coisadecinema.com.br\\\/xx-panorama\\\/atividades\\\/oficina-narrativas-sonoras\\\/#breadcrumb\",\"itemListElement\":[{\"@type\":\"ListItem\",\"position\":1,\"name\":\"In\u00edcio\",\"item\":\"https:\\\/\\\/acervo.coisadecinema.com.br\\\/xx-panorama\\\/\"},{\"@type\":\"ListItem\",\"position\":2,\"name\":\"Atividades\",\"item\":\"https:\\\/\\\/acervo.coisadecinema.com.br\\\/xx-panorama\\\/atividades\\\/\"},{\"@type\":\"ListItem\",\"position\":3,\"name\":\"Oficina Narrativas Sonoras\"}]},{\"@type\":\"WebSite\",\"@id\":\"https:\\\/\\\/acervo.coisadecinema.com.br\\\/xx-panorama\\\/#website\",\"url\":\"https:\\\/\\\/acervo.coisadecinema.com.br\\\/xx-panorama\\\/\",\"name\":\"XX Panorama Internacional Coisa de Cinema\",\"description\":\"\",\"publisher\":{\"@id\":\"https:\\\/\\\/acervo.coisadecinema.com.br\\\/xx-panorama\\\/#organization\"},\"alternateName\":\"XX Panorama Internacional Coisa de Cinema\",\"potentialAction\":[{\"@type\":\"SearchAction\",\"target\":{\"@type\":\"EntryPoint\",\"urlTemplate\":\"https:\\\/\\\/acervo.coisadecinema.com.br\\\/xx-panorama\\\/?s={search_term_string}\"},\"query-input\":{\"@type\":\"PropertyValueSpecification\",\"valueRequired\":true,\"valueName\":\"search_term_string\"}}],\"inLanguage\":\"pt-BR\"},{\"@type\":\"Organization\",\"@id\":\"https:\\\/\\\/acervo.coisadecinema.com.br\\\/xx-panorama\\\/#organization\",\"name\":\"XX Panorama Internacional Coisa de Cinema\",\"url\":\"https:\\\/\\\/acervo.coisadecinema.com.br\\\/xx-panorama\\\/\",\"logo\":{\"@type\":\"ImageObject\",\"inLanguage\":\"pt-BR\",\"@id\":\"https:\\\/\\\/acervo.coisadecinema.com.br\\\/xx-panorama\\\/#\\\/schema\\\/logo\\\/image\\\/\",\"url\":\"https:\\\/\\\/panorama.coisadecinema.com.br\\\/wp-content\\\/uploads\\\/2024\\\/12\\\/cropped-favicon-panorama-de-cinema.png\",\"contentUrl\":\"https:\\\/\\\/panorama.coisadecinema.com.br\\\/wp-content\\\/uploads\\\/2024\\\/12\\\/cropped-favicon-panorama-de-cinema.png\",\"width\":512,\"height\":512,\"caption\":\"XX Panorama Internacional Coisa de Cinema\"},\"image\":{\"@id\":\"https:\\\/\\\/acervo.coisadecinema.com.br\\\/xx-panorama\\\/#\\\/schema\\\/logo\\\/image\\\/\"}}]}<\/script>\n<!-- \/ Yoast SEO plugin. -->","yoast_head_json":{"title":"Oficina Narrativas Sonoras - XX Panorama Internacional Coisa de Cinema","robots":{"index":"index","follow":"follow","max-snippet":"max-snippet:-1","max-image-preview":"max-image-preview:large","max-video-preview":"max-video-preview:-1"},"canonical":"https:\/\/acervo.coisadecinema.com.br\/xx-panorama\/atividades\/oficina-narrativas-sonoras\/","og_locale":"pt_BR","og_type":"article","og_title":"Oficina Narrativas Sonoras - XX Panorama Internacional Coisa de Cinema","og_url":"https:\/\/acervo.coisadecinema.com.br\/xx-panorama\/atividades\/oficina-narrativas-sonoras\/","og_site_name":"XX Panorama Internacional Coisa de Cinema","article_modified_time":"2025-03-22T17:59:04+00:00","twitter_card":"summary_large_image","twitter_misc":{"Est. tempo de leitura":"2 minutos"},"schema":{"@context":"https:\/\/schema.org","@graph":[{"@type":"WebPage","@id":"https:\/\/acervo.coisadecinema.com.br\/xx-panorama\/atividades\/oficina-narrativas-sonoras\/","url":"https:\/\/acervo.coisadecinema.com.br\/xx-panorama\/atividades\/oficina-narrativas-sonoras\/","name":"Oficina Narrativas Sonoras - XX Panorama Internacional Coisa de Cinema","isPartOf":{"@id":"https:\/\/acervo.coisadecinema.com.br\/xx-panorama\/#website"},"datePublished":"2025-03-13T20:38:57+00:00","dateModified":"2025-03-22T17:59:04+00:00","breadcrumb":{"@id":"https:\/\/acervo.coisadecinema.com.br\/xx-panorama\/atividades\/oficina-narrativas-sonoras\/#breadcrumb"},"inLanguage":"pt-BR","potentialAction":[{"@type":"ReadAction","target":["https:\/\/acervo.coisadecinema.com.br\/xx-panorama\/atividades\/oficina-narrativas-sonoras\/"]}]},{"@type":"BreadcrumbList","@id":"https:\/\/acervo.coisadecinema.com.br\/xx-panorama\/atividades\/oficina-narrativas-sonoras\/#breadcrumb","itemListElement":[{"@type":"ListItem","position":1,"name":"In\u00edcio","item":"https:\/\/acervo.coisadecinema.com.br\/xx-panorama\/"},{"@type":"ListItem","position":2,"name":"Atividades","item":"https:\/\/acervo.coisadecinema.com.br\/xx-panorama\/atividades\/"},{"@type":"ListItem","position":3,"name":"Oficina Narrativas Sonoras"}]},{"@type":"WebSite","@id":"https:\/\/acervo.coisadecinema.com.br\/xx-panorama\/#website","url":"https:\/\/acervo.coisadecinema.com.br\/xx-panorama\/","name":"XX Panorama Internacional Coisa de Cinema","description":"","publisher":{"@id":"https:\/\/acervo.coisadecinema.com.br\/xx-panorama\/#organization"},"alternateName":"XX Panorama Internacional Coisa de Cinema","potentialAction":[{"@type":"SearchAction","target":{"@type":"EntryPoint","urlTemplate":"https:\/\/acervo.coisadecinema.com.br\/xx-panorama\/?s={search_term_string}"},"query-input":{"@type":"PropertyValueSpecification","valueRequired":true,"valueName":"search_term_string"}}],"inLanguage":"pt-BR"},{"@type":"Organization","@id":"https:\/\/acervo.coisadecinema.com.br\/xx-panorama\/#organization","name":"XX Panorama Internacional Coisa de Cinema","url":"https:\/\/acervo.coisadecinema.com.br\/xx-panorama\/","logo":{"@type":"ImageObject","inLanguage":"pt-BR","@id":"https:\/\/acervo.coisadecinema.com.br\/xx-panorama\/#\/schema\/logo\/image\/","url":"https:\/\/panorama.coisadecinema.com.br\/wp-content\/uploads\/2024\/12\/cropped-favicon-panorama-de-cinema.png","contentUrl":"https:\/\/panorama.coisadecinema.com.br\/wp-content\/uploads\/2024\/12\/cropped-favicon-panorama-de-cinema.png","width":512,"height":512,"caption":"XX Panorama Internacional Coisa de Cinema"},"image":{"@id":"https:\/\/acervo.coisadecinema.com.br\/xx-panorama\/#\/schema\/logo\/image\/"}}]}},"_links":{"self":[{"href":"https:\/\/acervo.coisadecinema.com.br\/xx-panorama\/wp-json\/wp\/v2\/pages\/32476","targetHints":{"allow":["GET"]}}],"collection":[{"href":"https:\/\/acervo.coisadecinema.com.br\/xx-panorama\/wp-json\/wp\/v2\/pages"}],"about":[{"href":"https:\/\/acervo.coisadecinema.com.br\/xx-panorama\/wp-json\/wp\/v2\/types\/page"}],"author":[{"embeddable":true,"href":"https:\/\/acervo.coisadecinema.com.br\/xx-panorama\/wp-json\/wp\/v2\/users\/607"}],"replies":[{"embeddable":true,"href":"https:\/\/acervo.coisadecinema.com.br\/xx-panorama\/wp-json\/wp\/v2\/comments?post=32476"}],"version-history":[{"count":0,"href":"https:\/\/acervo.coisadecinema.com.br\/xx-panorama\/wp-json\/wp\/v2\/pages\/32476\/revisions"}],"up":[{"embeddable":true,"href":"https:\/\/acervo.coisadecinema.com.br\/xx-panorama\/wp-json\/wp\/v2\/pages\/24729"}],"wp:attachment":[{"href":"https:\/\/acervo.coisadecinema.com.br\/xx-panorama\/wp-json\/wp\/v2\/media?parent=32476"}],"curies":[{"name":"wp","href":"https:\/\/api.w.org\/{rel}","templated":true}]}}