{"id":32471,"date":"2025-03-13T17:34:25","date_gmt":"2025-03-13T20:34:25","guid":{"rendered":"https:\/\/panorama.coisadecinema.com.br\/?page_id=32471"},"modified":"2025-03-22T14:59:04","modified_gmt":"2025-03-22T17:59:04","slug":"oficina-de-direcao","status":"publish","type":"page","link":"https:\/\/acervo.coisadecinema.com.br\/xx-panorama\/atividades\/oficina-de-direcao\/","title":{"rendered":"Oficina de Dire\u00e7\u00e3o"},"content":{"rendered":"<div class=\"fusion-fullwidth fullwidth-box fusion-builder-row-1 fusion-flex-container fusion-parallax-none hundred-percent-fullwidth non-hundred-percent-height-scrolling lazyload\" style=\"--awb-background-position:center top;--awb-border-radius-top-left:0px;--awb-border-radius-top-right:0px;--awb-border-radius-bottom-right:0px;--awb-border-radius-bottom-left:0px;--awb-padding-top:150px;--awb-padding-right:6%;--awb-padding-bottom:160px;--awb-padding-left:6%;--awb-padding-top-small:60px;--awb-padding-right-small:6%;--awb-padding-left-small:6%;--awb-margin-top-small:0px;--awb-background-size:cover;--awb-flex-wrap:wrap;\" data-bg=\"https:\/\/panorama.coisadecinema.com.br\/wp-content\/uploads\/2024\/02\/bg-textura-pagina.jpg\" ><div class=\"fusion-builder-row fusion-row fusion-flex-align-items-flex-start fusion-flex-content-wrap\" style=\"width:104% !important;max-width:104% !important;margin-left: calc(-4% \/ 2 );margin-right: calc(-4% \/ 2 );\"><div class=\"fusion-layout-column fusion_builder_column fusion-builder-column-0 fusion_builder_column_1_1 1_1 fusion-flex-column\" style=\"--awb-padding-bottom:60px;--awb-bg-blend:overlay;--awb-bg-size:cover;--awb-width-large:100%;--awb-margin-top-large:0px;--awb-spacing-right-large:1.92%;--awb-margin-bottom-large:0px;--awb-spacing-left-large:1.92%;--awb-width-medium:100%;--awb-spacing-right-medium:1.92%;--awb-spacing-left-medium:1.92%;--awb-width-small:100%;--awb-spacing-right-small:1.92%;--awb-spacing-left-small:1.92%;\"><div class=\"fusion-column-wrapper fusion-flex-justify-content-flex-start fusion-content-layout-column\"><div class=\"fusion-title title fusion-title-1 fusion-sep-none fusion-title-text fusion-title-size-one\" style=\"--awb-margin-bottom:30px;--awb-margin-bottom-small:30px;\"><h1 class=\"fusion-title-heading title-heading-left sm-text-align-center\" style=\"margin:0;\">Oficina de Dire\u00e7\u00e3o<\/h1><\/div><div class=\"fusion-text fusion-text-1 sm-text-align-center\"><p>A oficina oferece um panorama sobre os princ\u00edpios da dire\u00e7\u00e3o cinematogr\u00e1fica a partir da experi\u00eancia pr\u00e1tica e est\u00e9tica dos filmes N\u00e1ufraga, Irun Ori e Eu, Negra, dirigidos por Juh Almeida. A partir dessas obras, ser\u00e3o exploradas perspectivas sobre como a dire\u00e7\u00e3o pode ser um espa\u00e7o de constru\u00e7\u00e3o de linguagem, identidade e narrativa visual. <\/p>\n<\/div><\/div><\/div><div class=\"fusion-layout-column fusion_builder_column fusion-builder-column-1 fusion_builder_column_1_1 1_1 fusion-flex-column\" style=\"--awb-padding-bottom-small:30px;--awb-bg-size:cover;--awb-width-large:100%;--awb-margin-top-large:0px;--awb-spacing-right-large:1.92%;--awb-margin-bottom-large:0px;--awb-spacing-left-large:1.92%;--awb-width-medium:25%;--awb-order-medium:0;--awb-spacing-right-medium:7.68%;--awb-spacing-left-medium:7.68%;--awb-width-small:100%;--awb-order-small:0;--awb-spacing-right-small:1.92%;--awb-spacing-left-small:1.92%;\"><div class=\"fusion-column-wrapper fusion-column-has-shadow fusion-flex-justify-content-flex-start fusion-content-layout-column\"><div class=\"fusion-builder-row fusion-builder-row-inner fusion-row fusion-flex-align-items-flex-start fusion-flex-content-wrap\" style=\"width:104% !important;max-width:104% !important;margin-left: calc(-4% \/ 2 );margin-right: calc(-4% \/ 2 );\"><div class=\"fusion-layout-column fusion_builder_column_inner fusion-builder-nested-column-0 fusion_builder_column_inner_1_3 1_3 fusion-flex-column fusion-flex-align-self-flex-start\" style=\"--awb-padding-bottom-small:30px;--awb-bg-size:cover;--awb-width-large:33.333333333333%;--awb-margin-top-large:0px;--awb-spacing-right-large:5.76%;--awb-margin-bottom-large:0px;--awb-spacing-left-large:5.76%;--awb-width-medium:33.333333333333%;--awb-order-medium:0;--awb-spacing-right-medium:5.76%;--awb-spacing-left-medium:5.76%;--awb-width-small:100%;--awb-order-small:0;--awb-spacing-right-small:1.92%;--awb-spacing-left-small:1.92%;\"><div class=\"fusion-column-wrapper fusion-column-has-shadow fusion-flex-justify-content-flex-start fusion-content-layout-column\"><div class=\"fusion-image-element \" style=\"text-align:center;--awb-aspect-ratio:1 \/ 1;--awb-margin-bottom:10px;--awb-max-width:80%;--awb-caption-title-font-family:var(--h2_typography-font-family);--awb-caption-title-font-weight:var(--h2_typography-font-weight);--awb-caption-title-font-style:var(--h2_typography-font-style);--awb-caption-title-size:var(--h2_typography-font-size);--awb-caption-title-transform:var(--h2_typography-text-transform);--awb-caption-title-line-height:var(--h2_typography-line-height);--awb-caption-title-letter-spacing:var(--h2_typography-letter-spacing);\"><div style=\"display:inline-block;width:80%;\"><span class=\" fusion-imageframe imageframe-none imageframe-1 hover-type-none has-aspect-ratio\" style=\"border-radius:50%;\"><img decoding=\"async\" width=\"500\" height=\"500\" title=\"Juh-Almeida\" src=\"https:\/\/acervo.coisadecinema.com.br\/xx-panorama\/wp-content\/uploads\/2025\/03\/Juh-Almeida.webp\" data-orig-src=\"https:\/\/panorama.coisadecinema.com.br\/wp-content\/uploads\/2025\/03\/Juh-Almeida.webp\" class=\"lazyload img-responsive wp-image-32474 img-with-aspect-ratio\" data-parent-fit=\"cover\" data-parent-container=\".fusion-image-element\" alt srcset=\"data:image\/svg+xml,%3Csvg%20xmlns%3D%27http%3A%2F%2Fwww.w3.org%2F2000%2Fsvg%27%20width%3D%27500%27%20height%3D%27500%27%20viewBox%3D%270%200%20500%20500%27%3E%3Crect%20width%3D%27500%27%20height%3D%27500%27%20fill-opacity%3D%220%22%2F%3E%3C%2Fsvg%3E\" data-srcset=\"https:\/\/acervo.coisadecinema.com.br\/xx-panorama\/wp-content\/uploads\/2025\/03\/Juh-Almeida-66x66.webp 66w, https:\/\/acervo.coisadecinema.com.br\/xx-panorama\/wp-content\/uploads\/2025\/03\/Juh-Almeida-150x150.webp 150w, https:\/\/acervo.coisadecinema.com.br\/xx-panorama\/wp-content\/uploads\/2025\/03\/Juh-Almeida-200x200.webp 200w, https:\/\/acervo.coisadecinema.com.br\/xx-panorama\/wp-content\/uploads\/2025\/03\/Juh-Almeida-300x300.webp 300w, https:\/\/acervo.coisadecinema.com.br\/xx-panorama\/wp-content\/uploads\/2025\/03\/Juh-Almeida-400x400.webp 400w, https:\/\/acervo.coisadecinema.com.br\/xx-panorama\/wp-content\/uploads\/2025\/03\/Juh-Almeida.webp 500w\" data-sizes=\"auto\" data-orig-sizes=\"(max-width: 640px) 100vw, 400px\" \/><\/span><\/div><\/div><div class=\"fusion-title title fusion-title-2 fusion-sep-none fusion-title-center fusion-title-text fusion-title-size-three\" style=\"--awb-margin-bottom:0px;--awb-margin-bottom-small:0px;\"><h3 class=\"fusion-title-heading title-heading-center\" style=\"font-family:&quot;Open Sans&quot;;font-style:normal;font-weight:700;margin:0;text-transform:none;\">Juh Almeida<\/h3><\/div><\/div><\/div><div class=\"fusion-layout-column fusion_builder_column_inner fusion-builder-nested-column-1 fusion_builder_column_inner_2_3 2_3 fusion-flex-column\" style=\"--awb-bg-size:cover;--awb-width-large:66.666666666667%;--awb-margin-top-large:0px;--awb-spacing-right-large:2.88%;--awb-margin-bottom-large:0px;--awb-spacing-left-large:2.88%;--awb-width-medium:66.666666666667%;--awb-order-medium:0;--awb-spacing-right-medium:2.88%;--awb-spacing-left-medium:2.88%;--awb-width-small:100%;--awb-order-small:0;--awb-spacing-right-small:1.92%;--awb-spacing-left-small:1.92%;\"><div class=\"fusion-column-wrapper fusion-column-has-shadow fusion-flex-justify-content-flex-start fusion-content-layout-column\"><div class=\"fusion-title title fusion-title-3 fusion-sep-none fusion-title-text fusion-title-size-three\" style=\"--awb-margin-bottom:20px;--awb-margin-bottom-small:30px;\"><h3 class=\"fusion-title-heading title-heading-left sm-text-align-center\" style=\"margin:0;\">Conhe\u00e7a a oficineira desta edi\u00e7\u00e3o:<\/h3><\/div><div class=\"fusion-text fusion-text-2 sm-text-align-center\"><p>Juh Almeida, cineasta baiana, vive entre as vibra\u00e7\u00f5es criativas de S\u00e3o Paulo e Rio de Janeiro. Desde 2010 transforma suas viv\u00eancias em fotografia e filmes. Mescla vida e arte, com recorte em afrovisualidades, mas \u00e9 uma diretora vers\u00e1til, capaz de transitar por diferentes g\u00eaneros e estilos cinematogr\u00e1ficos. Graduou-se no Bacharelado Interdisciplinar em Artes com concentra\u00e7\u00e3o em Cinema pela Universidade Federal da Bahia. E \u00e9 mestranda em Meios e Processos Audiovisuais pela Universidade de S\u00e3o Paulo. Seu \u00faltimo trabalho mais importante foi fazendo parte do time de diretores da telenovela premiada e de sucesso Vai Na F\u00e9, na Rede Globo. Juh dirigiu curtas autorais premiados, como Eu, Negra, Irun Or\u00ed e N\u00e1ufraga. Acredita na imagem como ferramenta crucial de constru\u00e7\u00e3o de novos imagin\u00e1rios capaz de revolucionar e gerar mudan\u00e7as positivas na sociedade.<\/p><\/p>\n<\/div><\/div><\/div><\/div><\/div><\/div><\/div><\/div>\n","protected":false},"excerpt":{"rendered":"","protected":false},"author":607,"featured_media":0,"parent":24729,"menu_order":2,"comment_status":"closed","ping_status":"closed","template":"100-width.php","meta":{"_acf_changed":false,"footnotes":""},"class_list":["post-32471","page","type-page","status-publish","hentry"],"acf":[],"yoast_head":"<!-- This site is optimized with the Yoast SEO plugin v27.5 - https:\/\/yoast.com\/product\/yoast-seo-wordpress\/ -->\n<title>Oficina de Dire\u00e7\u00e3o - XX Panorama Internacional Coisa de Cinema<\/title>\n<meta name=\"robots\" content=\"index, follow, max-snippet:-1, max-image-preview:large, max-video-preview:-1\" \/>\n<link rel=\"canonical\" href=\"https:\/\/acervo.coisadecinema.com.br\/xx-panorama\/atividades\/oficina-de-direcao\/\" \/>\n<meta property=\"og:locale\" content=\"pt_BR\" \/>\n<meta property=\"og:type\" content=\"article\" \/>\n<meta property=\"og:title\" content=\"Oficina de Dire\u00e7\u00e3o - XX Panorama Internacional Coisa de Cinema\" \/>\n<meta property=\"og:url\" content=\"https:\/\/acervo.coisadecinema.com.br\/xx-panorama\/atividades\/oficina-de-direcao\/\" \/>\n<meta property=\"og:site_name\" content=\"XX Panorama Internacional Coisa de Cinema\" \/>\n<meta property=\"article:modified_time\" content=\"2025-03-22T17:59:04+00:00\" \/>\n<meta name=\"twitter:card\" content=\"summary_large_image\" \/>\n<meta name=\"twitter:label1\" content=\"Est. tempo de leitura\" \/>\n\t<meta name=\"twitter:data1\" content=\"2 minutos\" \/>\n<script type=\"application\/ld+json\" class=\"yoast-schema-graph\">{\"@context\":\"https:\\\/\\\/schema.org\",\"@graph\":[{\"@type\":\"WebPage\",\"@id\":\"https:\\\/\\\/acervo.coisadecinema.com.br\\\/xx-panorama\\\/atividades\\\/oficina-de-direcao\\\/\",\"url\":\"https:\\\/\\\/acervo.coisadecinema.com.br\\\/xx-panorama\\\/atividades\\\/oficina-de-direcao\\\/\",\"name\":\"Oficina de Dire\u00e7\u00e3o - XX Panorama Internacional Coisa de Cinema\",\"isPartOf\":{\"@id\":\"https:\\\/\\\/acervo.coisadecinema.com.br\\\/xx-panorama\\\/#website\"},\"datePublished\":\"2025-03-13T20:34:25+00:00\",\"dateModified\":\"2025-03-22T17:59:04+00:00\",\"breadcrumb\":{\"@id\":\"https:\\\/\\\/acervo.coisadecinema.com.br\\\/xx-panorama\\\/atividades\\\/oficina-de-direcao\\\/#breadcrumb\"},\"inLanguage\":\"pt-BR\",\"potentialAction\":[{\"@type\":\"ReadAction\",\"target\":[\"https:\\\/\\\/acervo.coisadecinema.com.br\\\/xx-panorama\\\/atividades\\\/oficina-de-direcao\\\/\"]}]},{\"@type\":\"BreadcrumbList\",\"@id\":\"https:\\\/\\\/acervo.coisadecinema.com.br\\\/xx-panorama\\\/atividades\\\/oficina-de-direcao\\\/#breadcrumb\",\"itemListElement\":[{\"@type\":\"ListItem\",\"position\":1,\"name\":\"In\u00edcio\",\"item\":\"https:\\\/\\\/acervo.coisadecinema.com.br\\\/xx-panorama\\\/\"},{\"@type\":\"ListItem\",\"position\":2,\"name\":\"Atividades\",\"item\":\"https:\\\/\\\/acervo.coisadecinema.com.br\\\/xx-panorama\\\/atividades\\\/\"},{\"@type\":\"ListItem\",\"position\":3,\"name\":\"Oficina de Dire\u00e7\u00e3o\"}]},{\"@type\":\"WebSite\",\"@id\":\"https:\\\/\\\/acervo.coisadecinema.com.br\\\/xx-panorama\\\/#website\",\"url\":\"https:\\\/\\\/acervo.coisadecinema.com.br\\\/xx-panorama\\\/\",\"name\":\"XX Panorama Internacional Coisa de Cinema\",\"description\":\"\",\"publisher\":{\"@id\":\"https:\\\/\\\/acervo.coisadecinema.com.br\\\/xx-panorama\\\/#organization\"},\"alternateName\":\"XX Panorama Internacional Coisa de Cinema\",\"potentialAction\":[{\"@type\":\"SearchAction\",\"target\":{\"@type\":\"EntryPoint\",\"urlTemplate\":\"https:\\\/\\\/acervo.coisadecinema.com.br\\\/xx-panorama\\\/?s={search_term_string}\"},\"query-input\":{\"@type\":\"PropertyValueSpecification\",\"valueRequired\":true,\"valueName\":\"search_term_string\"}}],\"inLanguage\":\"pt-BR\"},{\"@type\":\"Organization\",\"@id\":\"https:\\\/\\\/acervo.coisadecinema.com.br\\\/xx-panorama\\\/#organization\",\"name\":\"XX Panorama Internacional Coisa de Cinema\",\"url\":\"https:\\\/\\\/acervo.coisadecinema.com.br\\\/xx-panorama\\\/\",\"logo\":{\"@type\":\"ImageObject\",\"inLanguage\":\"pt-BR\",\"@id\":\"https:\\\/\\\/acervo.coisadecinema.com.br\\\/xx-panorama\\\/#\\\/schema\\\/logo\\\/image\\\/\",\"url\":\"https:\\\/\\\/panorama.coisadecinema.com.br\\\/wp-content\\\/uploads\\\/2024\\\/12\\\/cropped-favicon-panorama-de-cinema.png\",\"contentUrl\":\"https:\\\/\\\/panorama.coisadecinema.com.br\\\/wp-content\\\/uploads\\\/2024\\\/12\\\/cropped-favicon-panorama-de-cinema.png\",\"width\":512,\"height\":512,\"caption\":\"XX Panorama Internacional Coisa de Cinema\"},\"image\":{\"@id\":\"https:\\\/\\\/acervo.coisadecinema.com.br\\\/xx-panorama\\\/#\\\/schema\\\/logo\\\/image\\\/\"}}]}<\/script>\n<!-- \/ Yoast SEO plugin. -->","yoast_head_json":{"title":"Oficina de Dire\u00e7\u00e3o - XX Panorama Internacional Coisa de Cinema","robots":{"index":"index","follow":"follow","max-snippet":"max-snippet:-1","max-image-preview":"max-image-preview:large","max-video-preview":"max-video-preview:-1"},"canonical":"https:\/\/acervo.coisadecinema.com.br\/xx-panorama\/atividades\/oficina-de-direcao\/","og_locale":"pt_BR","og_type":"article","og_title":"Oficina de Dire\u00e7\u00e3o - XX Panorama Internacional Coisa de Cinema","og_url":"https:\/\/acervo.coisadecinema.com.br\/xx-panorama\/atividades\/oficina-de-direcao\/","og_site_name":"XX Panorama Internacional Coisa de Cinema","article_modified_time":"2025-03-22T17:59:04+00:00","twitter_card":"summary_large_image","twitter_misc":{"Est. tempo de leitura":"2 minutos"},"schema":{"@context":"https:\/\/schema.org","@graph":[{"@type":"WebPage","@id":"https:\/\/acervo.coisadecinema.com.br\/xx-panorama\/atividades\/oficina-de-direcao\/","url":"https:\/\/acervo.coisadecinema.com.br\/xx-panorama\/atividades\/oficina-de-direcao\/","name":"Oficina de Dire\u00e7\u00e3o - XX Panorama Internacional Coisa de Cinema","isPartOf":{"@id":"https:\/\/acervo.coisadecinema.com.br\/xx-panorama\/#website"},"datePublished":"2025-03-13T20:34:25+00:00","dateModified":"2025-03-22T17:59:04+00:00","breadcrumb":{"@id":"https:\/\/acervo.coisadecinema.com.br\/xx-panorama\/atividades\/oficina-de-direcao\/#breadcrumb"},"inLanguage":"pt-BR","potentialAction":[{"@type":"ReadAction","target":["https:\/\/acervo.coisadecinema.com.br\/xx-panorama\/atividades\/oficina-de-direcao\/"]}]},{"@type":"BreadcrumbList","@id":"https:\/\/acervo.coisadecinema.com.br\/xx-panorama\/atividades\/oficina-de-direcao\/#breadcrumb","itemListElement":[{"@type":"ListItem","position":1,"name":"In\u00edcio","item":"https:\/\/acervo.coisadecinema.com.br\/xx-panorama\/"},{"@type":"ListItem","position":2,"name":"Atividades","item":"https:\/\/acervo.coisadecinema.com.br\/xx-panorama\/atividades\/"},{"@type":"ListItem","position":3,"name":"Oficina de Dire\u00e7\u00e3o"}]},{"@type":"WebSite","@id":"https:\/\/acervo.coisadecinema.com.br\/xx-panorama\/#website","url":"https:\/\/acervo.coisadecinema.com.br\/xx-panorama\/","name":"XX Panorama Internacional Coisa de Cinema","description":"","publisher":{"@id":"https:\/\/acervo.coisadecinema.com.br\/xx-panorama\/#organization"},"alternateName":"XX Panorama Internacional Coisa de Cinema","potentialAction":[{"@type":"SearchAction","target":{"@type":"EntryPoint","urlTemplate":"https:\/\/acervo.coisadecinema.com.br\/xx-panorama\/?s={search_term_string}"},"query-input":{"@type":"PropertyValueSpecification","valueRequired":true,"valueName":"search_term_string"}}],"inLanguage":"pt-BR"},{"@type":"Organization","@id":"https:\/\/acervo.coisadecinema.com.br\/xx-panorama\/#organization","name":"XX Panorama Internacional Coisa de Cinema","url":"https:\/\/acervo.coisadecinema.com.br\/xx-panorama\/","logo":{"@type":"ImageObject","inLanguage":"pt-BR","@id":"https:\/\/acervo.coisadecinema.com.br\/xx-panorama\/#\/schema\/logo\/image\/","url":"https:\/\/panorama.coisadecinema.com.br\/wp-content\/uploads\/2024\/12\/cropped-favicon-panorama-de-cinema.png","contentUrl":"https:\/\/panorama.coisadecinema.com.br\/wp-content\/uploads\/2024\/12\/cropped-favicon-panorama-de-cinema.png","width":512,"height":512,"caption":"XX Panorama Internacional Coisa de Cinema"},"image":{"@id":"https:\/\/acervo.coisadecinema.com.br\/xx-panorama\/#\/schema\/logo\/image\/"}}]}},"_links":{"self":[{"href":"https:\/\/acervo.coisadecinema.com.br\/xx-panorama\/wp-json\/wp\/v2\/pages\/32471","targetHints":{"allow":["GET"]}}],"collection":[{"href":"https:\/\/acervo.coisadecinema.com.br\/xx-panorama\/wp-json\/wp\/v2\/pages"}],"about":[{"href":"https:\/\/acervo.coisadecinema.com.br\/xx-panorama\/wp-json\/wp\/v2\/types\/page"}],"author":[{"embeddable":true,"href":"https:\/\/acervo.coisadecinema.com.br\/xx-panorama\/wp-json\/wp\/v2\/users\/607"}],"replies":[{"embeddable":true,"href":"https:\/\/acervo.coisadecinema.com.br\/xx-panorama\/wp-json\/wp\/v2\/comments?post=32471"}],"version-history":[{"count":0,"href":"https:\/\/acervo.coisadecinema.com.br\/xx-panorama\/wp-json\/wp\/v2\/pages\/32471\/revisions"}],"up":[{"embeddable":true,"href":"https:\/\/acervo.coisadecinema.com.br\/xx-panorama\/wp-json\/wp\/v2\/pages\/24729"}],"wp:attachment":[{"href":"https:\/\/acervo.coisadecinema.com.br\/xx-panorama\/wp-json\/wp\/v2\/media?parent=32471"}],"curies":[{"name":"wp","href":"https:\/\/api.w.org\/{rel}","templated":true}]}}