{"id":27529,"date":"2022-10-24T13:01:44","date_gmt":"2022-10-24T16:01:44","guid":{"rendered":"https:\/\/panorama.coisadecinema.com.br\/?page_id=27529"},"modified":"2022-11-07T15:17:54","modified_gmt":"2022-11-07T18:17:54","slug":"juri-amaav","status":"publish","type":"page","link":"https:\/\/acervo.coisadecinema.com.br\/xviii-panorama\/o-festival\/juri-amaav\/","title":{"rendered":"J\u00fari AMAAV"},"content":{"rendered":"<div class=\"fusion-fullwidth fullwidth-box fusion-builder-row-1 fusion-flex-container has-pattern-background has-mask-background hundred-percent-fullwidth non-hundred-percent-height-scrolling\" style=\"--awb-border-radius-top-left:0px;--awb-border-radius-top-right:0px;--awb-border-radius-bottom-right:0px;--awb-border-radius-bottom-left:0px;--awb-padding-top:120px;--awb-padding-right:12%;--awb-padding-bottom:160px;--awb-padding-left:12%;--awb-background-image:linear-gradient(180deg, rgba(255,248,233,0) 0%,var(--awb-custom_color_1) 100%);--awb-flex-wrap:wrap;\" ><div class=\"fusion-builder-row fusion-row fusion-flex-align-items-flex-start fusion-flex-justify-content-space-between fusion-flex-content-wrap\" style=\"width:104% !important;max-width:104% !important;margin-left: calc(-4% \/ 2 );margin-right: calc(-4% \/ 2 );\"><div class=\"fusion-layout-column fusion_builder_column fusion-builder-column-0 fusion_builder_column_1_1 1_1 fusion-flex-column\" style=\"--awb-bg-blend:overlay;--awb-bg-size:cover;--awb-width-large:100%;--awb-margin-top-large:0px;--awb-spacing-right-large:1.92%;--awb-margin-bottom-large:60px;--awb-spacing-left-large:1.92%;--awb-width-medium:100%;--awb-spacing-right-medium:1.92%;--awb-spacing-left-medium:1.92%;--awb-width-small:100%;--awb-spacing-right-small:1.92%;--awb-spacing-left-small:1.92%;\"><div class=\"fusion-column-wrapper fusion-flex-justify-content-flex-start fusion-content-layout-column\"><div class=\"fusion-title title fusion-title-1 fusion-sep-none fusion-title-text fusion-title-size-one\" style=\"--awb-margin-bottom:10px;\"><h1 class=\"fusion-title-heading title-heading-left sm-text-align-center\" style=\"margin:0;\">J\u00fari AMAAV  \u2013 Competitiva Nacional<\/h1><\/div><div class=\"fusion-title title fusion-title-2 fusion-sep-none fusion-title-text fusion-title-size-two\" style=\"--awb-margin-bottom:10px;--awb-font-size:22px;\"><h2 class=\"fusion-title-heading title-heading-left sm-text-align-center\" style=\"font-family:&quot;Open Sans&quot;;font-style:normal;font-weight:600;margin:0;font-size:1em;\">Associa\u00e7\u00e3o de Maquiadores e Assistentes de Audiovisual &#8211; Pr\u00eamio Destaque Melhor Maquiagem<\/h2><\/div><\/div><\/div><div class=\"fusion-layout-column fusion_builder_column fusion-builder-column-1 fusion_builder_column_1_1 1_1 fusion-flex-column\" style=\"--awb-padding-bottom:100px;--awb-bg-size:cover;--awb-width-large:100%;--awb-margin-top-large:0px;--awb-spacing-right-large:1.92%;--awb-margin-bottom-large:0px;--awb-spacing-left-large:1.92%;--awb-width-medium:25%;--awb-order-medium:0;--awb-spacing-right-medium:7.68%;--awb-spacing-left-medium:7.68%;--awb-width-small:100%;--awb-order-small:0;--awb-spacing-right-small:1.92%;--awb-spacing-left-small:1.92%;\"><div class=\"fusion-column-wrapper fusion-column-has-shadow fusion-flex-justify-content-flex-start fusion-content-layout-column\"><div class=\"fusion-builder-row fusion-builder-row-inner fusion-row fusion-flex-align-items-flex-start fusion-flex-justify-content-space-between fusion-flex-content-wrap\" style=\"width:104% !important;max-width:104% !important;margin-left: calc(-4% \/ 2 );margin-right: calc(-4% \/ 2 );\"><div class=\"fusion-layout-column fusion_builder_column_inner fusion-builder-nested-column-0 fusion_builder_column_inner_1_3 1_3 fusion-flex-column fusion-flex-align-self-center\" style=\"--awb-padding-bottom-small:30px;--awb-bg-size:cover;--awb-width-large:33.333333333333%;--awb-margin-top-large:0px;--awb-spacing-right-large:5.76%;--awb-margin-bottom-large:0px;--awb-spacing-left-large:5.76%;--awb-width-medium:33.333333333333%;--awb-order-medium:0;--awb-spacing-right-medium:5.76%;--awb-spacing-left-medium:5.76%;--awb-width-small:100%;--awb-order-small:0;--awb-spacing-right-small:1.92%;--awb-spacing-left-small:1.92%;\"><div class=\"fusion-column-wrapper fusion-column-has-shadow fusion-flex-justify-content-flex-start fusion-content-layout-column\"><div class=\"fusion-image-element \" style=\"text-align:center;--awb-aspect-ratio:1 \/ 1;--awb-object-position:32% 37%;--awb-margin-bottom:10px;--awb-max-width:80%;--awb-caption-title-font-family:var(--h2_typography-font-family);--awb-caption-title-font-weight:var(--h2_typography-font-weight);--awb-caption-title-font-style:var(--h2_typography-font-style);--awb-caption-title-size:var(--h2_typography-font-size);--awb-caption-title-transform:var(--h2_typography-text-transform);--awb-caption-title-line-height:var(--h2_typography-line-height);--awb-caption-title-letter-spacing:var(--h2_typography-letter-spacing);\"><div style=\"display:inline-block;width:80%;\"><span class=\" fusion-imageframe imageframe-none imageframe-1 hover-type-none has-aspect-ratio\" style=\"border-radius:50%;\"><img decoding=\"async\" width=\"720\" height=\"1280\" title=\"Nayara Homem\" src=\"https:\/\/panorama.coisadecinema.com.br\/wp-content\/uploads\/2022\/10\/Nayara-Homem.jpeg\" class=\"img-responsive wp-image-27535 img-with-aspect-ratio\" alt srcset=\"https:\/\/acervo.coisadecinema.com.br\/xviii-panorama\/wp-content\/uploads\/2022\/10\/Nayara-Homem-200x356.jpeg 200w, https:\/\/acervo.coisadecinema.com.br\/xviii-panorama\/wp-content\/uploads\/2022\/10\/Nayara-Homem-400x711.jpeg 400w, https:\/\/acervo.coisadecinema.com.br\/xviii-panorama\/wp-content\/uploads\/2022\/10\/Nayara-Homem-600x1067.jpeg 600w, https:\/\/acervo.coisadecinema.com.br\/xviii-panorama\/wp-content\/uploads\/2022\/10\/Nayara-Homem.jpeg 720w\" sizes=\"(max-width: 640px) 100vw, 400px\" \/><\/span><\/div><\/div><div class=\"fusion-title title fusion-title-3 fusion-sep-none fusion-title-center fusion-title-text fusion-title-size-three\" style=\"--awb-text-color:var(--awb-color6);--awb-margin-bottom:0px;--awb-margin-bottom-small:0px;\"><h3 class=\"fusion-title-heading title-heading-center\" style=\"font-family:&quot;Open Sans&quot;;font-style:normal;font-weight:700;margin:0;text-transform:none;\">Nayara Homem<\/h3><\/div><\/div><\/div><div class=\"fusion-layout-column fusion_builder_column_inner fusion-builder-nested-column-1 fusion_builder_column_inner_2_3 2_3 fusion-flex-column\" style=\"--awb-bg-size:cover;--awb-width-large:66.666666666667%;--awb-margin-top-large:0px;--awb-spacing-right-large:8.64%;--awb-margin-bottom-large:0px;--awb-spacing-left-large:8.64%;--awb-width-medium:66.666666666667%;--awb-order-medium:0;--awb-spacing-right-medium:8.64%;--awb-spacing-left-medium:8.64%;--awb-width-small:100%;--awb-order-small:0;--awb-spacing-right-small:1.92%;--awb-spacing-left-small:1.92%;\"><div class=\"fusion-column-wrapper fusion-column-has-shadow fusion-flex-justify-content-flex-start fusion-content-layout-column\"><div class=\"fusion-text fusion-text-1 sm-text-align-center\"><p>Nayara Homem \u00e9 baiana, atriz e caracterizadora para audiovisual j\u00e1 tendo assinado a maquiagem de mais de 35 pe\u00e7as audiovisuais (entre filmes longametragens, curtas, clipes e s\u00e9ries). Formada em Artes C\u00eanicas (UFBA), considera Marie Thauront uma de suas mestras. Alguns de seus filmes destaque s\u00e3o \u201cSol\u201d; \u201cGuerra de Algod\u00e3o\u201d; \u201cPorf\u00edrio do Amaral \u2013 A Verdade sobre o Samba\u201d; \u201cHaram\u201d, ganhador do Pr\u00eamio Kikito (Festival de Gramado) e \u201cNosso Sangue, Nosso Corpo\u201d, recebeu o pr\u00eamio EMMY de melhor document\u00e1rio para inf\u00e2ncia e juventude. Fruto do Pr\u00eamio Riach\u00e3o, em 2022 lan\u00e7ou o livro CINEMAQUIA: Ferramentas, Reflex\u00f5es, Maquiagem e Cinema.<\/p>\n<\/div><\/div><\/div><\/div><\/div><\/div><div class=\"fusion-layout-column fusion_builder_column fusion-builder-column-2 fusion_builder_column_1_1 1_1 fusion-flex-column\" style=\"--awb-padding-bottom:100px;--awb-bg-size:cover;--awb-width-large:100%;--awb-margin-top-large:0px;--awb-spacing-right-large:1.92%;--awb-margin-bottom-large:0px;--awb-spacing-left-large:1.92%;--awb-width-medium:25%;--awb-order-medium:0;--awb-spacing-right-medium:7.68%;--awb-spacing-left-medium:7.68%;--awb-width-small:100%;--awb-order-small:0;--awb-spacing-right-small:1.92%;--awb-spacing-left-small:1.92%;\"><div class=\"fusion-column-wrapper fusion-column-has-shadow fusion-flex-justify-content-flex-start fusion-content-layout-column\"><div class=\"fusion-builder-row fusion-builder-row-inner fusion-row fusion-flex-align-items-flex-start fusion-flex-justify-content-space-between fusion-flex-content-wrap\" style=\"width:104% !important;max-width:104% !important;margin-left: calc(-4% \/ 2 );margin-right: calc(-4% \/ 2 );\"><div class=\"fusion-layout-column fusion_builder_column_inner fusion-builder-nested-column-2 fusion_builder_column_inner_1_3 1_3 fusion-flex-column fusion-flex-align-self-center\" style=\"--awb-padding-bottom-small:30px;--awb-bg-size:cover;--awb-width-large:33.333333333333%;--awb-margin-top-large:0px;--awb-spacing-right-large:5.76%;--awb-margin-bottom-large:0px;--awb-spacing-left-large:5.76%;--awb-width-medium:33.333333333333%;--awb-order-medium:0;--awb-spacing-right-medium:5.76%;--awb-spacing-left-medium:5.76%;--awb-width-small:100%;--awb-order-small:0;--awb-spacing-right-small:1.92%;--awb-spacing-left-small:1.92%;\"><div class=\"fusion-column-wrapper fusion-column-has-shadow fusion-flex-justify-content-flex-start fusion-content-layout-column\"><div class=\"fusion-image-element \" style=\"text-align:center;--awb-aspect-ratio:1 \/ 1;--awb-object-position:51% 0%;--awb-margin-bottom:10px;--awb-max-width:80%;--awb-caption-title-font-family:var(--h2_typography-font-family);--awb-caption-title-font-weight:var(--h2_typography-font-weight);--awb-caption-title-font-style:var(--h2_typography-font-style);--awb-caption-title-size:var(--h2_typography-font-size);--awb-caption-title-transform:var(--h2_typography-text-transform);--awb-caption-title-line-height:var(--h2_typography-line-height);--awb-caption-title-letter-spacing:var(--h2_typography-letter-spacing);\"><div style=\"display:inline-block;width:80%;\"><span class=\" fusion-imageframe imageframe-none imageframe-2 hover-type-none has-aspect-ratio\" style=\"border-radius:50%;\"><img decoding=\"async\" width=\"1068\" height=\"1063\" title=\"Patri\u0301cia Martinelli\" src=\"https:\/\/panorama.coisadecinema.com.br\/wp-content\/uploads\/2022\/10\/Patri\u0301cia-Martinelli.jpeg\" class=\"img-responsive wp-image-27536 img-with-aspect-ratio\" alt srcset=\"https:\/\/acervo.coisadecinema.com.br\/xviii-panorama\/wp-content\/uploads\/2022\/10\/Patri\u0301cia-Martinelli-200x199.jpeg 200w, https:\/\/acervo.coisadecinema.com.br\/xviii-panorama\/wp-content\/uploads\/2022\/10\/Patri\u0301cia-Martinelli-400x398.jpeg 400w, https:\/\/acervo.coisadecinema.com.br\/xviii-panorama\/wp-content\/uploads\/2022\/10\/Patri\u0301cia-Martinelli-600x597.jpeg 600w, https:\/\/acervo.coisadecinema.com.br\/xviii-panorama\/wp-content\/uploads\/2022\/10\/Patri\u0301cia-Martinelli-800x796.jpeg 800w, https:\/\/acervo.coisadecinema.com.br\/xviii-panorama\/wp-content\/uploads\/2022\/10\/Patri\u0301cia-Martinelli.jpeg 1068w\" sizes=\"(max-width: 640px) 100vw, 400px\" \/><\/span><\/div><\/div><div class=\"fusion-title title fusion-title-4 fusion-sep-none fusion-title-center fusion-title-text fusion-title-size-three\" style=\"--awb-text-color:var(--awb-color6);--awb-margin-bottom:0px;--awb-margin-bottom-small:0px;\"><h3 class=\"fusion-title-heading title-heading-center\" style=\"font-family:&quot;Open Sans&quot;;font-style:normal;font-weight:700;margin:0;text-transform:none;\">Patr\u00edcia Martinelli<\/h3><\/div><\/div><\/div><div class=\"fusion-layout-column fusion_builder_column_inner fusion-builder-nested-column-3 fusion_builder_column_inner_2_3 2_3 fusion-flex-column\" style=\"--awb-bg-size:cover;--awb-width-large:66.666666666667%;--awb-margin-top-large:0px;--awb-spacing-right-large:8.64%;--awb-margin-bottom-large:0px;--awb-spacing-left-large:8.64%;--awb-width-medium:66.666666666667%;--awb-order-medium:0;--awb-spacing-right-medium:8.64%;--awb-spacing-left-medium:8.64%;--awb-width-small:100%;--awb-order-small:0;--awb-spacing-right-small:1.92%;--awb-spacing-left-small:1.92%;\"><div class=\"fusion-column-wrapper fusion-column-has-shadow fusion-flex-justify-content-flex-start fusion-content-layout-column\"><div class=\"fusion-text fusion-text-2 sm-text-align-center\"><p>Patr\u00edcia Martinelli \u00e9 paulista, e ap\u00f3s cursar ci\u00eancias sociais (PUC-SP), optou por mudar de carreira tornado-se maquiadora e caracterizadora. Cursou maquiagem no SENAC e artes pl\u00e1sticas na Escola Panamericana de Arte e Design. Um de seus mentores para a beleza das peles foi o maquiador Eliezer Lopes, para o qual fez assist\u00eancia. Em Los Angeles, estudou efeitos especiais na Cinema Makeup School, onde teve a oportunidade de estagiar em \u201cAlice in Wonderland\u201d.  Algumas de suas obras destaque s\u00e3o \u201c4&#215;100 Correndo por um Sonho\u201d, \u201cSpectros\u201d, \u201cAmor L\u00edquido\u201d,\u201cO Doutrinador\u201d e \u201cNingu\u00e9m T\u00e1 Olhando\u201d.<\/p>\n<\/div><\/div><\/div><\/div><\/div><\/div><div class=\"fusion-layout-column fusion_builder_column fusion-builder-column-3 fusion_builder_column_1_1 1_1 fusion-flex-column\" style=\"--awb-padding-bottom:100px;--awb-bg-size:cover;--awb-width-large:100%;--awb-margin-top-large:0px;--awb-spacing-right-large:1.92%;--awb-margin-bottom-large:0px;--awb-spacing-left-large:1.92%;--awb-width-medium:25%;--awb-order-medium:0;--awb-spacing-right-medium:7.68%;--awb-spacing-left-medium:7.68%;--awb-width-small:100%;--awb-order-small:0;--awb-spacing-right-small:1.92%;--awb-spacing-left-small:1.92%;\"><div class=\"fusion-column-wrapper fusion-column-has-shadow fusion-flex-justify-content-flex-start fusion-content-layout-column\"><div class=\"fusion-builder-row fusion-builder-row-inner fusion-row fusion-flex-align-items-flex-start fusion-flex-justify-content-space-between fusion-flex-content-wrap\" style=\"width:104% !important;max-width:104% !important;margin-left: calc(-4% \/ 2 );margin-right: calc(-4% \/ 2 );\"><div class=\"fusion-layout-column fusion_builder_column_inner fusion-builder-nested-column-4 fusion_builder_column_inner_1_3 1_3 fusion-flex-column fusion-flex-align-self-center\" style=\"--awb-padding-bottom-small:30px;--awb-bg-size:cover;--awb-width-large:33.333333333333%;--awb-margin-top-large:0px;--awb-spacing-right-large:5.76%;--awb-margin-bottom-large:0px;--awb-spacing-left-large:5.76%;--awb-width-medium:33.333333333333%;--awb-order-medium:0;--awb-spacing-right-medium:5.76%;--awb-spacing-left-medium:5.76%;--awb-width-small:100%;--awb-order-small:0;--awb-spacing-right-small:1.92%;--awb-spacing-left-small:1.92%;\"><div class=\"fusion-column-wrapper fusion-column-has-shadow fusion-flex-justify-content-flex-start fusion-content-layout-column\"><div class=\"fusion-image-element \" style=\"text-align:center;--awb-aspect-ratio:1 \/ 1;--awb-object-position:51% 0%;--awb-margin-bottom:10px;--awb-max-width:80%;--awb-caption-title-font-family:var(--h2_typography-font-family);--awb-caption-title-font-weight:var(--h2_typography-font-weight);--awb-caption-title-font-style:var(--h2_typography-font-style);--awb-caption-title-size:var(--h2_typography-font-size);--awb-caption-title-transform:var(--h2_typography-text-transform);--awb-caption-title-line-height:var(--h2_typography-line-height);--awb-caption-title-letter-spacing:var(--h2_typography-letter-spacing);\"><div style=\"display:inline-block;width:80%;\"><span class=\" fusion-imageframe imageframe-none imageframe-3 hover-type-none has-aspect-ratio\" style=\"border-radius:50%;\"><img decoding=\"async\" width=\"960\" height=\"1280\" title=\"Tayce Vale\" src=\"https:\/\/panorama.coisadecinema.com.br\/wp-content\/uploads\/2022\/10\/Tayce-Vale.jpeg\" class=\"img-responsive wp-image-27537 img-with-aspect-ratio\" alt srcset=\"https:\/\/acervo.coisadecinema.com.br\/xviii-panorama\/wp-content\/uploads\/2022\/10\/Tayce-Vale-200x267.jpeg 200w, https:\/\/acervo.coisadecinema.com.br\/xviii-panorama\/wp-content\/uploads\/2022\/10\/Tayce-Vale-400x533.jpeg 400w, https:\/\/acervo.coisadecinema.com.br\/xviii-panorama\/wp-content\/uploads\/2022\/10\/Tayce-Vale-600x800.jpeg 600w, https:\/\/acervo.coisadecinema.com.br\/xviii-panorama\/wp-content\/uploads\/2022\/10\/Tayce-Vale-800x1067.jpeg 800w, https:\/\/acervo.coisadecinema.com.br\/xviii-panorama\/wp-content\/uploads\/2022\/10\/Tayce-Vale.jpeg 960w\" sizes=\"(max-width: 640px) 100vw, 400px\" \/><\/span><\/div><\/div><div class=\"fusion-title title fusion-title-5 fusion-sep-none fusion-title-center fusion-title-text fusion-title-size-three\" style=\"--awb-text-color:var(--awb-color6);--awb-margin-bottom:0px;--awb-margin-bottom-small:0px;\"><h3 class=\"fusion-title-heading title-heading-center\" style=\"font-family:&quot;Open Sans&quot;;font-style:normal;font-weight:700;margin:0;text-transform:none;\">Tayce Vale<\/h3><\/div><\/div><\/div><div class=\"fusion-layout-column fusion_builder_column_inner fusion-builder-nested-column-5 fusion_builder_column_inner_2_3 2_3 fusion-flex-column\" style=\"--awb-bg-size:cover;--awb-width-large:66.666666666667%;--awb-margin-top-large:0px;--awb-spacing-right-large:8.64%;--awb-margin-bottom-large:0px;--awb-spacing-left-large:8.64%;--awb-width-medium:66.666666666667%;--awb-order-medium:0;--awb-spacing-right-medium:8.64%;--awb-spacing-left-medium:8.64%;--awb-width-small:100%;--awb-order-small:0;--awb-spacing-right-small:1.92%;--awb-spacing-left-small:1.92%;\"><div class=\"fusion-column-wrapper fusion-column-has-shadow fusion-flex-justify-content-flex-start fusion-content-layout-column\"><div class=\"fusion-text fusion-text-3 sm-text-align-center\"><p>Tayce Vale \u00e9 mineira de Belo Horizonte, onde come\u00e7ou sua carreira. Residente em S\u00e3o Paulo e no mundo, desde 2008 decolou como caracterizadora. Formada na Cinema Makeup School, em efeitos especiais. Aluna de Kazu Hiro, se especializou em maquiagem de envelhecimento realista na Creative Media Skills, Londres. \u00c9 refer\u00eancia no mercado audiovisual. J\u00e1 havendo muita expectativa para o lan\u00e7amento de \u201cMeu Nome \u00e9 Gal\u201d, seus trabalhos mais recentes que tiveram grande repercuss\u00e3o foram \u201cBacurau\u201d, \u201cA Viagem de Pedro\u201d, \u201cPropriedade\u201d, e \u201cPacarrete\u201d que lhe rendeu o Pr\u00eamio Oscarito de Melhor Maquiagem 2021 (Academia de Cinema). <\/p>\n<\/div><\/div><\/div><\/div><\/div><\/div><\/div><\/div>\n","protected":false},"excerpt":{"rendered":"","protected":false},"author":3,"featured_media":0,"parent":24721,"menu_order":0,"comment_status":"closed","ping_status":"closed","template":"100-width.php","meta":{"footnotes":""},"class_list":["post-27529","page","type-page","status-publish","hentry"],"_links":{"self":[{"href":"https:\/\/acervo.coisadecinema.com.br\/xviii-panorama\/wp-json\/wp\/v2\/pages\/27529","targetHints":{"allow":["GET"]}}],"collection":[{"href":"https:\/\/acervo.coisadecinema.com.br\/xviii-panorama\/wp-json\/wp\/v2\/pages"}],"about":[{"href":"https:\/\/acervo.coisadecinema.com.br\/xviii-panorama\/wp-json\/wp\/v2\/types\/page"}],"author":[{"embeddable":true,"href":"https:\/\/acervo.coisadecinema.com.br\/xviii-panorama\/wp-json\/wp\/v2\/users\/3"}],"replies":[{"embeddable":true,"href":"https:\/\/acervo.coisadecinema.com.br\/xviii-panorama\/wp-json\/wp\/v2\/comments?post=27529"}],"version-history":[{"count":8,"href":"https:\/\/acervo.coisadecinema.com.br\/xviii-panorama\/wp-json\/wp\/v2\/pages\/27529\/revisions"}],"predecessor-version":[{"id":28218,"href":"https:\/\/acervo.coisadecinema.com.br\/xviii-panorama\/wp-json\/wp\/v2\/pages\/27529\/revisions\/28218"}],"up":[{"embeddable":true,"href":"https:\/\/acervo.coisadecinema.com.br\/xviii-panorama\/wp-json\/wp\/v2\/pages\/24721"}],"wp:attachment":[{"href":"https:\/\/acervo.coisadecinema.com.br\/xviii-panorama\/wp-json\/wp\/v2\/media?parent=27529"}],"curies":[{"name":"wp","href":"https:\/\/api.w.org\/{rel}","templated":true}]}}