{"id":27520,"date":"2022-10-24T12:50:41","date_gmt":"2022-10-24T15:50:41","guid":{"rendered":"https:\/\/panorama.coisadecinema.com.br\/?page_id=27520"},"modified":"2022-10-25T11:45:11","modified_gmt":"2022-10-25T14:45:11","slug":"juri-cachoeira","status":"publish","type":"page","link":"https:\/\/acervo.coisadecinema.com.br\/xviii-panorama\/o-festival\/juri-cachoeira\/","title":{"rendered":"J\u00fari Competitiva Cachoeira"},"content":{"rendered":"<div class=\"fusion-fullwidth fullwidth-box fusion-builder-row-1 fusion-flex-container has-pattern-background has-mask-background hundred-percent-fullwidth non-hundred-percent-height-scrolling\" style=\"--awb-border-radius-top-left:0px;--awb-border-radius-top-right:0px;--awb-border-radius-bottom-right:0px;--awb-border-radius-bottom-left:0px;--awb-padding-top:120px;--awb-padding-right:12%;--awb-padding-bottom:160px;--awb-padding-left:12%;--awb-background-image:linear-gradient(180deg, rgba(255,248,233,0) 0%,var(--awb-custom_color_1) 100%);--awb-flex-wrap:wrap;\" ><div class=\"fusion-builder-row fusion-row fusion-flex-align-items-flex-start fusion-flex-justify-content-space-between fusion-flex-content-wrap\" style=\"width:104% !important;max-width:104% !important;margin-left: calc(-4% \/ 2 );margin-right: calc(-4% \/ 2 );\"><div class=\"fusion-layout-column fusion_builder_column fusion-builder-column-0 fusion_builder_column_1_1 1_1 fusion-flex-column\" style=\"--awb-bg-blend:overlay;--awb-bg-size:cover;--awb-width-large:100%;--awb-margin-top-large:0px;--awb-spacing-right-large:1.92%;--awb-margin-bottom-large:60px;--awb-spacing-left-large:1.92%;--awb-width-medium:100%;--awb-spacing-right-medium:1.92%;--awb-spacing-left-medium:1.92%;--awb-width-small:100%;--awb-spacing-right-small:1.92%;--awb-spacing-left-small:1.92%;\"><div class=\"fusion-column-wrapper fusion-flex-justify-content-flex-start fusion-content-layout-column\"><div class=\"fusion-title title fusion-title-1 fusion-sep-none fusion-title-text fusion-title-size-one\" style=\"--awb-margin-bottom:10px;\"><h1 class=\"fusion-title-heading title-heading-left sm-text-align-center\" style=\"margin:0;\">J\u00fari Competitiva Cachoeira<\/h1><\/div><\/div><\/div><div class=\"fusion-layout-column fusion_builder_column fusion-builder-column-1 fusion_builder_column_1_1 1_1 fusion-flex-column\" style=\"--awb-padding-bottom:100px;--awb-bg-size:cover;--awb-width-large:100%;--awb-margin-top-large:0px;--awb-spacing-right-large:1.92%;--awb-margin-bottom-large:0px;--awb-spacing-left-large:1.92%;--awb-width-medium:25%;--awb-order-medium:0;--awb-spacing-right-medium:7.68%;--awb-spacing-left-medium:7.68%;--awb-width-small:100%;--awb-order-small:0;--awb-spacing-right-small:1.92%;--awb-spacing-left-small:1.92%;\"><div class=\"fusion-column-wrapper fusion-column-has-shadow fusion-flex-justify-content-flex-start fusion-content-layout-column\"><div class=\"fusion-builder-row fusion-builder-row-inner fusion-row fusion-flex-align-items-flex-start fusion-flex-justify-content-space-between fusion-flex-content-wrap\" style=\"width:104% !important;max-width:104% !important;margin-left: calc(-4% \/ 2 );margin-right: calc(-4% \/ 2 );\"><div class=\"fusion-layout-column fusion_builder_column_inner fusion-builder-nested-column-0 fusion_builder_column_inner_1_3 1_3 fusion-flex-column fusion-flex-align-self-center\" style=\"--awb-padding-bottom-small:30px;--awb-bg-size:cover;--awb-width-large:33.333333333333%;--awb-margin-top-large:0px;--awb-spacing-right-large:5.76%;--awb-margin-bottom-large:0px;--awb-spacing-left-large:5.76%;--awb-width-medium:33.333333333333%;--awb-order-medium:0;--awb-spacing-right-medium:5.76%;--awb-spacing-left-medium:5.76%;--awb-width-small:100%;--awb-order-small:0;--awb-spacing-right-small:1.92%;--awb-spacing-left-small:1.92%;\"><div class=\"fusion-column-wrapper fusion-column-has-shadow fusion-flex-justify-content-flex-start fusion-content-layout-column\"><div class=\"fusion-image-element \" style=\"text-align:center;--awb-aspect-ratio:1 \/ 1;--awb-object-position:41% 23%;--awb-margin-bottom:10px;--awb-max-width:80%;--awb-caption-title-font-family:var(--h2_typography-font-family);--awb-caption-title-font-weight:var(--h2_typography-font-weight);--awb-caption-title-font-style:var(--h2_typography-font-style);--awb-caption-title-size:var(--h2_typography-font-size);--awb-caption-title-transform:var(--h2_typography-text-transform);--awb-caption-title-line-height:var(--h2_typography-line-height);--awb-caption-title-letter-spacing:var(--h2_typography-letter-spacing);\"><div style=\"display:inline-block;width:80%;\"><span class=\" fusion-imageframe imageframe-none imageframe-1 hover-type-none has-aspect-ratio\" style=\"border-radius:50%;\"><img decoding=\"async\" width=\"1080\" height=\"1080\" title=\"TAYLON\" src=\"https:\/\/panorama.coisadecinema.com.br\/wp-content\/uploads\/2022\/10\/TAYLON.jpg\" class=\"img-responsive wp-image-27524 img-with-aspect-ratio\" alt srcset=\"https:\/\/acervo.coisadecinema.com.br\/xviii-panorama\/wp-content\/uploads\/2022\/10\/TAYLON-200x200.jpg 200w, https:\/\/acervo.coisadecinema.com.br\/xviii-panorama\/wp-content\/uploads\/2022\/10\/TAYLON-400x400.jpg 400w, https:\/\/acervo.coisadecinema.com.br\/xviii-panorama\/wp-content\/uploads\/2022\/10\/TAYLON-600x600.jpg 600w, https:\/\/acervo.coisadecinema.com.br\/xviii-panorama\/wp-content\/uploads\/2022\/10\/TAYLON-800x800.jpg 800w, https:\/\/acervo.coisadecinema.com.br\/xviii-panorama\/wp-content\/uploads\/2022\/10\/TAYLON.jpg 1080w\" sizes=\"(max-width: 640px) 100vw, 400px\" \/><\/span><\/div><\/div><div class=\"fusion-title title fusion-title-2 fusion-sep-none fusion-title-center fusion-title-text fusion-title-size-three\" style=\"--awb-text-color:var(--awb-color6);--awb-margin-bottom:0px;--awb-margin-bottom-small:0px;\"><h3 class=\"fusion-title-heading title-heading-center\" style=\"font-family:&quot;Open Sans&quot;;font-style:normal;font-weight:700;margin:0;text-transform:none;\">Taylon Prot\u00e1sio<\/h3><\/div><\/div><\/div><div class=\"fusion-layout-column fusion_builder_column_inner fusion-builder-nested-column-1 fusion_builder_column_inner_2_3 2_3 fusion-flex-column\" style=\"--awb-bg-size:cover;--awb-width-large:66.666666666667%;--awb-margin-top-large:0px;--awb-spacing-right-large:8.64%;--awb-margin-bottom-large:0px;--awb-spacing-left-large:8.64%;--awb-width-medium:66.666666666667%;--awb-order-medium:0;--awb-spacing-right-medium:8.64%;--awb-spacing-left-medium:8.64%;--awb-width-small:100%;--awb-order-small:0;--awb-spacing-right-small:1.92%;--awb-spacing-left-small:1.92%;\"><div class=\"fusion-column-wrapper fusion-column-has-shadow fusion-flex-justify-content-flex-start fusion-content-layout-column\"><div class=\"fusion-text fusion-text-1 sm-text-align-center\"><p>Taylon Prot\u00e1sio \u00e9 graduando em Cinema e Audiovisual pela UFRB. \u00c9 bolsista do Programa de Educa\u00e7\u00e3o Tutorial (PET Cinema), integra o grupo de pesquisa Quadro a quadro. \u00c9 designer, e no cinema tem produ\u00e7\u00f5es de curtas-metragens, clipes e web-seriados. Tamb\u00e9m trabalha em produ\u00e7\u00f5es e curadorias do Cine Virada (festival de cinema universit\u00e1rio) e na MANDUCA (Mostra infanto-juvenil de Cachoeira).<\/p>\n<\/div><\/div><\/div><\/div><\/div><\/div><div class=\"fusion-layout-column fusion_builder_column fusion-builder-column-2 fusion_builder_column_1_1 1_1 fusion-flex-column\" style=\"--awb-padding-bottom:100px;--awb-bg-size:cover;--awb-width-large:100%;--awb-margin-top-large:0px;--awb-spacing-right-large:1.92%;--awb-margin-bottom-large:0px;--awb-spacing-left-large:1.92%;--awb-width-medium:25%;--awb-order-medium:0;--awb-spacing-right-medium:7.68%;--awb-spacing-left-medium:7.68%;--awb-width-small:100%;--awb-order-small:0;--awb-spacing-right-small:1.92%;--awb-spacing-left-small:1.92%;\"><div class=\"fusion-column-wrapper fusion-column-has-shadow fusion-flex-justify-content-flex-start fusion-content-layout-column\"><div class=\"fusion-builder-row fusion-builder-row-inner fusion-row fusion-flex-align-items-flex-start fusion-flex-justify-content-space-between fusion-flex-content-wrap\" style=\"width:104% !important;max-width:104% !important;margin-left: calc(-4% \/ 2 );margin-right: calc(-4% \/ 2 );\"><div class=\"fusion-layout-column fusion_builder_column_inner fusion-builder-nested-column-2 fusion_builder_column_inner_1_3 1_3 fusion-flex-column fusion-flex-align-self-center\" style=\"--awb-padding-bottom-small:30px;--awb-bg-size:cover;--awb-width-large:33.333333333333%;--awb-margin-top-large:0px;--awb-spacing-right-large:5.76%;--awb-margin-bottom-large:0px;--awb-spacing-left-large:5.76%;--awb-width-medium:33.333333333333%;--awb-order-medium:0;--awb-spacing-right-medium:5.76%;--awb-spacing-left-medium:5.76%;--awb-width-small:100%;--awb-order-small:0;--awb-spacing-right-small:1.92%;--awb-spacing-left-small:1.92%;\"><div class=\"fusion-column-wrapper fusion-column-has-shadow fusion-flex-justify-content-flex-start fusion-content-layout-column\"><div class=\"fusion-image-element \" style=\"text-align:center;--awb-aspect-ratio:1 \/ 1;--awb-object-position:51% 0%;--awb-margin-bottom:10px;--awb-max-width:80%;--awb-caption-title-font-family:var(--h2_typography-font-family);--awb-caption-title-font-weight:var(--h2_typography-font-weight);--awb-caption-title-font-style:var(--h2_typography-font-style);--awb-caption-title-size:var(--h2_typography-font-size);--awb-caption-title-transform:var(--h2_typography-text-transform);--awb-caption-title-line-height:var(--h2_typography-line-height);--awb-caption-title-letter-spacing:var(--h2_typography-letter-spacing);\"><div style=\"display:inline-block;width:80%;\"><span class=\" fusion-imageframe imageframe-none imageframe-2 hover-type-none has-aspect-ratio\" style=\"border-radius:50%;\"><img decoding=\"async\" width=\"1080\" height=\"1080\" title=\"ALEX\" src=\"https:\/\/panorama.coisadecinema.com.br\/wp-content\/uploads\/2022\/10\/ALEX.jpg\" class=\"img-responsive wp-image-27522 img-with-aspect-ratio\" alt srcset=\"https:\/\/acervo.coisadecinema.com.br\/xviii-panorama\/wp-content\/uploads\/2022\/10\/ALEX-200x200.jpg 200w, https:\/\/acervo.coisadecinema.com.br\/xviii-panorama\/wp-content\/uploads\/2022\/10\/ALEX-400x400.jpg 400w, https:\/\/acervo.coisadecinema.com.br\/xviii-panorama\/wp-content\/uploads\/2022\/10\/ALEX-600x600.jpg 600w, https:\/\/acervo.coisadecinema.com.br\/xviii-panorama\/wp-content\/uploads\/2022\/10\/ALEX-800x800.jpg 800w, https:\/\/acervo.coisadecinema.com.br\/xviii-panorama\/wp-content\/uploads\/2022\/10\/ALEX.jpg 1080w\" sizes=\"(max-width: 640px) 100vw, 400px\" \/><\/span><\/div><\/div><div class=\"fusion-title title fusion-title-3 fusion-sep-none fusion-title-center fusion-title-text fusion-title-size-three\" style=\"--awb-text-color:var(--awb-color6);--awb-margin-bottom:0px;--awb-margin-bottom-small:0px;\"><h3 class=\"fusion-title-heading title-heading-center\" style=\"font-family:&quot;Open Sans&quot;;font-style:normal;font-weight:700;margin:0;text-transform:none;\">\u00c1lex Antonio<\/h3><\/div><\/div><\/div><div class=\"fusion-layout-column fusion_builder_column_inner fusion-builder-nested-column-3 fusion_builder_column_inner_2_3 2_3 fusion-flex-column\" style=\"--awb-bg-size:cover;--awb-width-large:66.666666666667%;--awb-margin-top-large:0px;--awb-spacing-right-large:8.64%;--awb-margin-bottom-large:0px;--awb-spacing-left-large:8.64%;--awb-width-medium:66.666666666667%;--awb-order-medium:0;--awb-spacing-right-medium:8.64%;--awb-spacing-left-medium:8.64%;--awb-width-small:100%;--awb-order-small:0;--awb-spacing-right-small:1.92%;--awb-spacing-left-small:1.92%;\"><div class=\"fusion-column-wrapper fusion-column-has-shadow fusion-flex-justify-content-flex-start fusion-content-layout-column\"><div class=\"fusion-text fusion-text-2 sm-text-align-center\"><p>Graduado em Cinema e Audiovisual pela Universidade Federal do Rec\u00f4ncavo da Bahia (UFRB) onde foi membro e coordenador do Cineclube M\u00e1rio Gusm\u00e3o, vem se dedicando \u00e0 pesquisa em torno do cinema negro, s\u00f3cio fundador da Travessia Filmes, onde vem realizando produ\u00e7\u00f5es audiovisuais e oficinas de document\u00e1rio. J\u00e1 ministrou oficinas de produ\u00e7\u00e3o audiovisual em escolas p\u00fablicas de Cachoeira e Cabaceiras do Paragua\u00e7u. Em 2017, foi J\u00fari Jovem CachoeiraDoc e em 2020 fez parte da equipe curatorial da IX edi\u00e7\u00e3o do Cachoeira Doc. Em 2021 comp\u00f4s a equipe curatorial de curtas de uma edi\u00e7\u00e3o especial da Mostra Cinemas Africanos.<\/p>\n<\/div><\/div><\/div><\/div><\/div><\/div><div class=\"fusion-layout-column fusion_builder_column fusion-builder-column-3 fusion_builder_column_1_1 1_1 fusion-flex-column\" style=\"--awb-padding-bottom:100px;--awb-bg-size:cover;--awb-width-large:100%;--awb-margin-top-large:0px;--awb-spacing-right-large:1.92%;--awb-margin-bottom-large:0px;--awb-spacing-left-large:1.92%;--awb-width-medium:25%;--awb-order-medium:0;--awb-spacing-right-medium:7.68%;--awb-spacing-left-medium:7.68%;--awb-width-small:100%;--awb-order-small:0;--awb-spacing-right-small:1.92%;--awb-spacing-left-small:1.92%;\"><div class=\"fusion-column-wrapper fusion-column-has-shadow fusion-flex-justify-content-flex-start fusion-content-layout-column\"><div class=\"fusion-builder-row fusion-builder-row-inner fusion-row fusion-flex-align-items-flex-start fusion-flex-justify-content-space-between fusion-flex-content-wrap\" style=\"width:104% !important;max-width:104% !important;margin-left: calc(-4% \/ 2 );margin-right: calc(-4% \/ 2 );\"><div class=\"fusion-layout-column fusion_builder_column_inner fusion-builder-nested-column-4 fusion_builder_column_inner_1_3 1_3 fusion-flex-column fusion-flex-align-self-center\" style=\"--awb-padding-bottom-small:30px;--awb-bg-size:cover;--awb-width-large:33.333333333333%;--awb-margin-top-large:0px;--awb-spacing-right-large:5.76%;--awb-margin-bottom-large:0px;--awb-spacing-left-large:5.76%;--awb-width-medium:33.333333333333%;--awb-order-medium:0;--awb-spacing-right-medium:5.76%;--awb-spacing-left-medium:5.76%;--awb-width-small:100%;--awb-order-small:0;--awb-spacing-right-small:1.92%;--awb-spacing-left-small:1.92%;\"><div class=\"fusion-column-wrapper fusion-column-has-shadow fusion-flex-justify-content-flex-start fusion-content-layout-column\"><div class=\"fusion-image-element \" style=\"text-align:center;--awb-aspect-ratio:1 \/ 1;--awb-object-position:51% 0%;--awb-margin-bottom:10px;--awb-max-width:80%;--awb-caption-title-font-family:var(--h2_typography-font-family);--awb-caption-title-font-weight:var(--h2_typography-font-weight);--awb-caption-title-font-style:var(--h2_typography-font-style);--awb-caption-title-size:var(--h2_typography-font-size);--awb-caption-title-transform:var(--h2_typography-text-transform);--awb-caption-title-line-height:var(--h2_typography-line-height);--awb-caption-title-letter-spacing:var(--h2_typography-letter-spacing);\"><div style=\"display:inline-block;width:80%;\"><span class=\" fusion-imageframe imageframe-none imageframe-3 hover-type-none has-aspect-ratio\" style=\"border-radius:50%;\"><img decoding=\"async\" width=\"1080\" height=\"1080\" title=\"Everlane_Moraes\" src=\"https:\/\/panorama.coisadecinema.com.br\/wp-content\/uploads\/2022\/10\/Everlane_Moraes.jpg\" class=\"img-responsive wp-image-27523 img-with-aspect-ratio\" alt srcset=\"https:\/\/acervo.coisadecinema.com.br\/xviii-panorama\/wp-content\/uploads\/2022\/10\/Everlane_Moraes-200x200.jpg 200w, https:\/\/acervo.coisadecinema.com.br\/xviii-panorama\/wp-content\/uploads\/2022\/10\/Everlane_Moraes-400x400.jpg 400w, https:\/\/acervo.coisadecinema.com.br\/xviii-panorama\/wp-content\/uploads\/2022\/10\/Everlane_Moraes-600x600.jpg 600w, https:\/\/acervo.coisadecinema.com.br\/xviii-panorama\/wp-content\/uploads\/2022\/10\/Everlane_Moraes-800x800.jpg 800w, https:\/\/acervo.coisadecinema.com.br\/xviii-panorama\/wp-content\/uploads\/2022\/10\/Everlane_Moraes.jpg 1080w\" sizes=\"(max-width: 640px) 100vw, 400px\" \/><\/span><\/div><\/div><div class=\"fusion-title title fusion-title-4 fusion-sep-none fusion-title-center fusion-title-text fusion-title-size-three\" style=\"--awb-text-color:var(--awb-color6);--awb-margin-bottom:0px;--awb-margin-bottom-small:0px;\"><h3 class=\"fusion-title-heading title-heading-center\" style=\"font-family:&quot;Open Sans&quot;;font-style:normal;font-weight:700;margin:0;text-transform:none;\">Everlane Moraes<\/h3><\/div><\/div><\/div><div class=\"fusion-layout-column fusion_builder_column_inner fusion-builder-nested-column-5 fusion_builder_column_inner_2_3 2_3 fusion-flex-column\" style=\"--awb-bg-size:cover;--awb-width-large:66.666666666667%;--awb-margin-top-large:0px;--awb-spacing-right-large:8.64%;--awb-margin-bottom-large:0px;--awb-spacing-left-large:8.64%;--awb-width-medium:66.666666666667%;--awb-order-medium:0;--awb-spacing-right-medium:8.64%;--awb-spacing-left-medium:8.64%;--awb-width-small:100%;--awb-order-small:0;--awb-spacing-right-small:1.92%;--awb-spacing-left-small:1.92%;\"><div class=\"fusion-column-wrapper fusion-column-has-shadow fusion-flex-justify-content-flex-start fusion-content-layout-column\"><div class=\"fusion-text fusion-text-3 sm-text-align-center\"><p>Formada em Cinema com especializa\u00e7\u00e3o em Dire\u00e7\u00e3o de document\u00e1rios pela Escuela Internacional de Cine y TV (EICTV, Cuba). Formada em Artes Visuais (UFS, Brasil). Membra da APAN &#8211; Associa\u00e7\u00e3o de Profissionais Audiovisuais Negros (BR). Membra do Center Frame&#8217;s Core Community (UK). Seus filmes transitam entre diferentes g\u00eaneros e formatos, destacando as quest\u00f5es sociais, filos\u00f3ficas e espirituais da di\u00e1spora negra. \u00c9 produtora e criadora da P\u00e0tt\u00e0ki Audiovisual. Atua como diretora, professora, consultora e assistente.<\/p>\n<p>Foi selecionada para o Talents Guadalajara (2019). Fellow no Flaherty Film Seminar (2021). Participou do programa Colaborat\u00f3rio Criativo &#8211; Netflix, Brasil (2020). Seus projetos de longa-metragem receberam os seguintes fundos: William Greaves da Firelight Media (EUA 2020), IDFA Bertha (Holanda 2021, 2022), Sundance Institute (EUA 2021), G\u00f6teborg (Su\u00e9cia 2021), Hubert Bals (Holanda 2022) e SPCINE &#8211; N\u00facleos Criativos (Brasil 2022).<\/p>\n<p>Seus filmes t\u00eam sido exibidos em festivais, galerias e VOD tais como: Sundance, Rotterdam, BFI London, Womxn in Windows, One Story Up, Hangar, Toulouse, Black Femme Supremacy, Bayreuth University, True\/False, Biarritz Am\u00e9rique Latine, Documenta Madrid, Asian-Pacific, DOC Buenos Aires, Festcurtas BH, Document\u00e1rio Latin American Contemporany, entre outros.<\/p>\n<p>Seus projetos participaram em: San Sebastian (2022), Iberseries &amp; Platino Industria (2022), EFI &#8211; European Film Market (2021), BRLab (2020), Torino Film Lab (2021), Doc Station\/Berlinale Talents (2020), Talents co-production meeting (2020), Durban Filmart (2020), MiradasDOC\/ AFROLATAM (2019), Good Pitch Brazil (2019), Cinemundi (2022), IDFA F\u00f3rum (2020), NordesteLab (2020), Santander Lab (2022), entre outros.<\/p>\n<p>Atualmente est\u00e1 desenvolvendo os projetos de longa-metragem &#8220;O Navio e o Mar&#8221;, &#8220;Germano Black Society&#8221;, &#8220;Busca e Apreens\u00e3o&#8221;, &#8220;O segredo de Sik\u00e1n&#8221; e a miniss\u00e9rie &#8220;\u00cct\u00e1ns&#8221;.<\/p>\n<\/div><\/div><\/div><\/div><\/div><\/div><\/div><\/div>\n","protected":false},"excerpt":{"rendered":"","protected":false},"author":3,"featured_media":0,"parent":24721,"menu_order":0,"comment_status":"closed","ping_status":"closed","template":"100-width.php","meta":{"footnotes":""},"class_list":["post-27520","page","type-page","status-publish","hentry"],"_links":{"self":[{"href":"https:\/\/acervo.coisadecinema.com.br\/xviii-panorama\/wp-json\/wp\/v2\/pages\/27520","targetHints":{"allow":["GET"]}}],"collection":[{"href":"https:\/\/acervo.coisadecinema.com.br\/xviii-panorama\/wp-json\/wp\/v2\/pages"}],"about":[{"href":"https:\/\/acervo.coisadecinema.com.br\/xviii-panorama\/wp-json\/wp\/v2\/types\/page"}],"author":[{"embeddable":true,"href":"https:\/\/acervo.coisadecinema.com.br\/xviii-panorama\/wp-json\/wp\/v2\/users\/3"}],"replies":[{"embeddable":true,"href":"https:\/\/acervo.coisadecinema.com.br\/xviii-panorama\/wp-json\/wp\/v2\/comments?post=27520"}],"version-history":[{"count":5,"href":"https:\/\/acervo.coisadecinema.com.br\/xviii-panorama\/wp-json\/wp\/v2\/pages\/27520\/revisions"}],"predecessor-version":[{"id":27866,"href":"https:\/\/acervo.coisadecinema.com.br\/xviii-panorama\/wp-json\/wp\/v2\/pages\/27520\/revisions\/27866"}],"up":[{"embeddable":true,"href":"https:\/\/acervo.coisadecinema.com.br\/xviii-panorama\/wp-json\/wp\/v2\/pages\/24721"}],"wp:attachment":[{"href":"https:\/\/acervo.coisadecinema.com.br\/xviii-panorama\/wp-json\/wp\/v2\/media?parent=27520"}],"curies":[{"name":"wp","href":"https:\/\/api.w.org\/{rel}","templated":true}]}}