{"id":26036,"date":"2022-10-07T20:30:24","date_gmt":"2022-10-07T23:30:24","guid":{"rendered":"https:\/\/panorama.coisadecinema.com.br\/?page_id=26036"},"modified":"2022-10-20T13:32:23","modified_gmt":"2022-10-20T16:32:23","slug":"sessoes-especiais","status":"publish","type":"page","link":"https:\/\/acervo.coisadecinema.com.br\/xviii-panorama\/filmes\/sessoes-especiais\/","title":{"rendered":"Sess\u00f5es Especiais"},"content":{"rendered":"<div class=\"fusion-fullwidth fullwidth-box fusion-builder-row-1 fusion-flex-container hundred-percent-fullwidth non-hundred-percent-height-scrolling\" style=\"--awb-background-position:center top;--awb-border-radius-top-left:0px;--awb-border-radius-top-right:0px;--awb-border-radius-bottom-right:0px;--awb-border-radius-bottom-left:0px;--awb-padding-top:120px;--awb-padding-right:12%;--awb-padding-bottom:160px;--awb-padding-left:12%;--awb-background-color:var(--awb-custom_color_1);--awb-flex-wrap:wrap;\" ><div class=\"fusion-builder-row fusion-row fusion-flex-align-items-flex-start fusion-flex-content-wrap\" style=\"width:104% !important;max-width:104% !important;margin-left: calc(-4% \/ 2 );margin-right: calc(-4% \/ 2 );\"><div class=\"fusion-layout-column fusion_builder_column fusion-builder-column-0 fusion_builder_column_1_1 1_1 fusion-flex-column\" style=\"--awb-bg-blend:overlay;--awb-bg-size:cover;--awb-width-large:100%;--awb-margin-top-large:0px;--awb-spacing-right-large:1.92%;--awb-margin-bottom-large:0px;--awb-spacing-left-large:1.92%;--awb-width-medium:100%;--awb-spacing-right-medium:1.92%;--awb-spacing-left-medium:1.92%;--awb-width-small:100%;--awb-spacing-right-small:1.92%;--awb-spacing-left-small:1.92%;\"><div class=\"fusion-column-wrapper fusion-flex-justify-content-flex-start fusion-content-layout-column\"><div class=\"fusion-title title fusion-title-1 fusion-sep-none fusion-title-text fusion-title-size-one\" style=\"--awb-margin-bottom:60px;\"><h1 class=\"fusion-title-heading title-heading-left\" style=\"margin:0;\">Sess\u00f5es Especiais<\/h1><\/div><\/div><\/div><div class=\"fusion-layout-column fusion_builder_column fusion-builder-column-1 fusion_builder_column_1_1 1_1 fusion-flex-column\" style=\"--awb-bg-size:cover;--awb-width-large:100%;--awb-margin-top-large:0px;--awb-spacing-right-large:1.92%;--awb-margin-bottom-large:0px;--awb-spacing-left-large:1.92%;--awb-width-medium:100%;--awb-order-medium:0;--awb-spacing-right-medium:1.92%;--awb-spacing-left-medium:1.92%;--awb-width-small:100%;--awb-order-small:0;--awb-spacing-right-small:1.92%;--awb-spacing-left-small:1.92%;\"><div class=\"fusion-column-wrapper fusion-column-has-shadow fusion-flex-justify-content-flex-start fusion-content-layout-column\"><div class=\"fusion-post-cards fusion-post-cards-1 fusion-grid-archive fusion-grid-columns-3\" style=\"--awb-column-spacing:30px;--awb-columns:3;--awb-active-filter-border-size:3px;--awb-filters-height:36px;\"><ul class=\"fusion-grid fusion-grid-3 fusion-flex-align-items-flex-start fusion-grid-posts-cards\"><li class=\"fusion-layout-column fusion_builder_column fusion-builder-column-2 fusion-flex-column post-card fusion-grid-column fusion-post-cards-grid-column\" style=\"--awb-bg-blend:overlay;--awb-bg-size:cover;\"><div class=\"fusion-column-wrapper fusion-flex-justify-content-flex-start fusion-content-layout-column\"><div class=\"fusion-image-element \" style=\"text-align:center;--awb-aspect-ratio:3 \/ 2;--awb-caption-title-font-family:var(--h2_typography-font-family);--awb-caption-title-font-weight:var(--h2_typography-font-weight);--awb-caption-title-font-style:var(--h2_typography-font-style);--awb-caption-title-size:var(--h2_typography-font-size);--awb-caption-title-transform:var(--h2_typography-text-transform);--awb-caption-title-line-height:var(--h2_typography-line-height);--awb-caption-title-letter-spacing:var(--h2_typography-letter-spacing);--awb-filter:brightness(100%) contrast(100%);--awb-filter-transition:filter 0.3s ease;--awb-filter-hover:brightness(125%) contrast(105%);\"><span class=\" fusion-imageframe imageframe-none imageframe-1 hover-type-none has-aspect-ratio\" style=\"z-index:2;\"><a class=\"fusion-no-lightbox\" href=\"https:\/\/acervo.coisadecinema.com.br\/xviii-panorama\/filme\/amarelo-manga-20-anos\/\" target=\"_self\" aria-label=\"still-amarelo\"><img decoding=\"async\" width=\"1920\" height=\"1080\" src=\"https:\/\/acervo.coisadecinema.com.br\/xviii-panorama\/wp-content\/uploads\/2022\/10\/still-amarelo.jpg\" class=\"img-responsive wp-image-27829 img-with-aspect-ratio\" alt srcset=\"https:\/\/acervo.coisadecinema.com.br\/xviii-panorama\/wp-content\/uploads\/2022\/10\/still-amarelo-200x113.jpg 200w, https:\/\/acervo.coisadecinema.com.br\/xviii-panorama\/wp-content\/uploads\/2022\/10\/still-amarelo-400x225.jpg 400w, https:\/\/acervo.coisadecinema.com.br\/xviii-panorama\/wp-content\/uploads\/2022\/10\/still-amarelo-600x338.jpg 600w, https:\/\/acervo.coisadecinema.com.br\/xviii-panorama\/wp-content\/uploads\/2022\/10\/still-amarelo-800x450.jpg 800w, https:\/\/acervo.coisadecinema.com.br\/xviii-panorama\/wp-content\/uploads\/2022\/10\/still-amarelo-1200x675.jpg 1200w, https:\/\/acervo.coisadecinema.com.br\/xviii-panorama\/wp-content\/uploads\/2022\/10\/still-amarelo.jpg 1920w\" sizes=\"(max-width: 640px) 100vw, 1920px\" \/><\/a><\/span><\/div><div class=\"fusion-title title fusion-title-2 fusion-sep-none fusion-title-text fusion-title-size-three\" style=\"--awb-margin-left:10px;--awb-font-size:22px;\"><h3 class=\"fusion-title-heading title-heading-left\" style=\"margin:0;font-size:1em;text-transform:uppercase;\"><a href=\"https:\/\/acervo.coisadecinema.com.br\/xviii-panorama\/filme\/amarelo-manga-20-anos\/\" class=\"awb-custom-text-color awb-custom-text-hover-color\" target=\"_self\">Amarelo Manga &#8211; 20 anos<\/a><\/h3><\/div><\/div><\/li>\n<li class=\"fusion-layout-column fusion_builder_column fusion-builder-column-3 fusion-flex-column post-card fusion-grid-column fusion-post-cards-grid-column\" style=\"--awb-bg-blend:overlay;--awb-bg-size:cover;\"><div class=\"fusion-column-wrapper fusion-flex-justify-content-flex-start fusion-content-layout-column\"><div class=\"fusion-image-element \" style=\"text-align:center;--awb-aspect-ratio:3 \/ 2;--awb-caption-title-font-family:var(--h2_typography-font-family);--awb-caption-title-font-weight:var(--h2_typography-font-weight);--awb-caption-title-font-style:var(--h2_typography-font-style);--awb-caption-title-size:var(--h2_typography-font-size);--awb-caption-title-transform:var(--h2_typography-text-transform);--awb-caption-title-line-height:var(--h2_typography-line-height);--awb-caption-title-letter-spacing:var(--h2_typography-letter-spacing);--awb-filter:brightness(100%) contrast(100%);--awb-filter-transition:filter 0.3s ease;--awb-filter-hover:brightness(125%) contrast(105%);\"><span class=\" fusion-imageframe imageframe-none imageframe-2 hover-type-none has-aspect-ratio\" style=\"z-index:2;\"><a class=\"fusion-no-lightbox\" href=\"https:\/\/acervo.coisadecinema.com.br\/xviii-panorama\/filme\/caina-o-curta\/\" target=\"_self\" aria-label=\"still-caina\"><img decoding=\"async\" width=\"1920\" height=\"1080\" src=\"https:\/\/acervo.coisadecinema.com.br\/xviii-panorama\/wp-content\/uploads\/2022\/10\/still-caina.jpg\" class=\"img-responsive wp-image-27831 img-with-aspect-ratio\" alt srcset=\"https:\/\/acervo.coisadecinema.com.br\/xviii-panorama\/wp-content\/uploads\/2022\/10\/still-caina-200x113.jpg 200w, https:\/\/acervo.coisadecinema.com.br\/xviii-panorama\/wp-content\/uploads\/2022\/10\/still-caina-400x225.jpg 400w, https:\/\/acervo.coisadecinema.com.br\/xviii-panorama\/wp-content\/uploads\/2022\/10\/still-caina-600x338.jpg 600w, https:\/\/acervo.coisadecinema.com.br\/xviii-panorama\/wp-content\/uploads\/2022\/10\/still-caina-800x450.jpg 800w, https:\/\/acervo.coisadecinema.com.br\/xviii-panorama\/wp-content\/uploads\/2022\/10\/still-caina-1200x675.jpg 1200w, https:\/\/acervo.coisadecinema.com.br\/xviii-panorama\/wp-content\/uploads\/2022\/10\/still-caina.jpg 1920w\" sizes=\"(max-width: 640px) 100vw, 1920px\" \/><\/a><\/span><\/div><div class=\"fusion-title title fusion-title-3 fusion-sep-none fusion-title-text fusion-title-size-three\" style=\"--awb-margin-left:10px;--awb-font-size:22px;\"><h3 class=\"fusion-title-heading title-heading-left\" style=\"margin:0;font-size:1em;text-transform:uppercase;\"><a href=\"https:\/\/acervo.coisadecinema.com.br\/xviii-panorama\/filme\/caina-o-curta\/\" class=\"awb-custom-text-color awb-custom-text-hover-color\" target=\"_self\">Cain\u00e3, o curta &#8211; Sess\u00e3o de Lan\u00e7amento<\/a><\/h3><\/div><\/div><\/li>\n<li class=\"fusion-layout-column fusion_builder_column fusion-builder-column-4 fusion-flex-column post-card fusion-grid-column fusion-post-cards-grid-column\" style=\"--awb-bg-blend:overlay;--awb-bg-size:cover;\"><div class=\"fusion-column-wrapper fusion-flex-justify-content-flex-start fusion-content-layout-column\"><div class=\"fusion-image-element \" style=\"text-align:center;--awb-aspect-ratio:3 \/ 2;--awb-caption-title-font-family:var(--h2_typography-font-family);--awb-caption-title-font-weight:var(--h2_typography-font-weight);--awb-caption-title-font-style:var(--h2_typography-font-style);--awb-caption-title-size:var(--h2_typography-font-size);--awb-caption-title-transform:var(--h2_typography-text-transform);--awb-caption-title-line-height:var(--h2_typography-line-height);--awb-caption-title-letter-spacing:var(--h2_typography-letter-spacing);--awb-filter:brightness(100%) contrast(100%);--awb-filter-transition:filter 0.3s ease;--awb-filter-hover:brightness(125%) contrast(105%);\"><span class=\" fusion-imageframe imageframe-none imageframe-3 hover-type-none has-aspect-ratio\" style=\"z-index:2;\"><a class=\"fusion-no-lightbox\" href=\"https:\/\/acervo.coisadecinema.com.br\/xviii-panorama\/filme\/carrego-nas-maos-o-meu-saber\/\" target=\"_self\" aria-label=\"FLOS-03\"><img decoding=\"async\" width=\"1920\" height=\"1080\" src=\"https:\/\/acervo.coisadecinema.com.br\/xviii-panorama\/wp-content\/uploads\/2022\/10\/FLOS-03.jpg\" class=\"img-responsive wp-image-27481 img-with-aspect-ratio\" alt srcset=\"https:\/\/acervo.coisadecinema.com.br\/xviii-panorama\/wp-content\/uploads\/2022\/10\/FLOS-03-200x113.jpg 200w, https:\/\/acervo.coisadecinema.com.br\/xviii-panorama\/wp-content\/uploads\/2022\/10\/FLOS-03-400x225.jpg 400w, https:\/\/acervo.coisadecinema.com.br\/xviii-panorama\/wp-content\/uploads\/2022\/10\/FLOS-03-600x338.jpg 600w, https:\/\/acervo.coisadecinema.com.br\/xviii-panorama\/wp-content\/uploads\/2022\/10\/FLOS-03-800x450.jpg 800w, https:\/\/acervo.coisadecinema.com.br\/xviii-panorama\/wp-content\/uploads\/2022\/10\/FLOS-03-1200x675.jpg 1200w, https:\/\/acervo.coisadecinema.com.br\/xviii-panorama\/wp-content\/uploads\/2022\/10\/FLOS-03.jpg 1920w\" sizes=\"(max-width: 640px) 100vw, 1920px\" \/><\/a><\/span><\/div><div class=\"fusion-title title fusion-title-4 fusion-sep-none fusion-title-text fusion-title-size-three\" style=\"--awb-margin-left:10px;--awb-font-size:22px;\"><h3 class=\"fusion-title-heading title-heading-left\" style=\"margin:0;font-size:1em;text-transform:uppercase;\"><a href=\"https:\/\/acervo.coisadecinema.com.br\/xviii-panorama\/filme\/carrego-nas-maos-o-meu-saber\/\" class=\"awb-custom-text-color awb-custom-text-hover-color\" target=\"_self\">Carrego nas M\u00e3os o meu Saber &#8211; Homenagem Fl\u00e1vio Oliveiras<\/a><\/h3><\/div><\/div><\/li>\n<li class=\"fusion-layout-column fusion_builder_column fusion-builder-column-5 fusion-flex-column post-card fusion-grid-column fusion-post-cards-grid-column\" style=\"--awb-bg-blend:overlay;--awb-bg-size:cover;\"><div class=\"fusion-column-wrapper fusion-flex-justify-content-flex-start fusion-content-layout-column\"><div class=\"fusion-image-element \" style=\"text-align:center;--awb-aspect-ratio:3 \/ 2;--awb-caption-title-font-family:var(--h2_typography-font-family);--awb-caption-title-font-weight:var(--h2_typography-font-weight);--awb-caption-title-font-style:var(--h2_typography-font-style);--awb-caption-title-size:var(--h2_typography-font-size);--awb-caption-title-transform:var(--h2_typography-text-transform);--awb-caption-title-line-height:var(--h2_typography-line-height);--awb-caption-title-letter-spacing:var(--h2_typography-letter-spacing);--awb-filter:brightness(100%) contrast(100%);--awb-filter-transition:filter 0.3s ease;--awb-filter-hover:brightness(125%) contrast(105%);\"><span class=\" fusion-imageframe imageframe-none imageframe-4 hover-type-none has-aspect-ratio\" style=\"z-index:2;\"><a class=\"fusion-no-lightbox\" href=\"https:\/\/acervo.coisadecinema.com.br\/xviii-panorama\/filme\/o-anjo-negro\/\" target=\"_self\" aria-label=\"still-anjo\"><img decoding=\"async\" width=\"1920\" height=\"1080\" src=\"https:\/\/acervo.coisadecinema.com.br\/xviii-panorama\/wp-content\/uploads\/2022\/10\/still-anjo.jpg\" class=\"img-responsive wp-image-27830 img-with-aspect-ratio\" alt srcset=\"https:\/\/acervo.coisadecinema.com.br\/xviii-panorama\/wp-content\/uploads\/2022\/10\/still-anjo-200x113.jpg 200w, https:\/\/acervo.coisadecinema.com.br\/xviii-panorama\/wp-content\/uploads\/2022\/10\/still-anjo-400x225.jpg 400w, https:\/\/acervo.coisadecinema.com.br\/xviii-panorama\/wp-content\/uploads\/2022\/10\/still-anjo-600x338.jpg 600w, https:\/\/acervo.coisadecinema.com.br\/xviii-panorama\/wp-content\/uploads\/2022\/10\/still-anjo-800x450.jpg 800w, https:\/\/acervo.coisadecinema.com.br\/xviii-panorama\/wp-content\/uploads\/2022\/10\/still-anjo-1200x675.jpg 1200w, https:\/\/acervo.coisadecinema.com.br\/xviii-panorama\/wp-content\/uploads\/2022\/10\/still-anjo.jpg 1920w\" sizes=\"(max-width: 640px) 100vw, 1920px\" \/><\/a><\/span><\/div><div class=\"fusion-title title fusion-title-5 fusion-sep-none fusion-title-text fusion-title-size-three\" style=\"--awb-margin-left:10px;--awb-font-size:22px;\"><h3 class=\"fusion-title-heading title-heading-left\" style=\"margin:0;font-size:1em;text-transform:uppercase;\"><a href=\"https:\/\/acervo.coisadecinema.com.br\/xviii-panorama\/filme\/o-anjo-negro\/\" class=\"awb-custom-text-color awb-custom-text-hover-color\" target=\"_self\">O Anjo Negro &#8211; 50 Anos<\/a><\/h3><\/div><\/div><\/li>\n<li class=\"fusion-layout-column fusion_builder_column fusion-builder-column-6 fusion-flex-column post-card fusion-grid-column fusion-post-cards-grid-column\" style=\"--awb-bg-blend:overlay;--awb-bg-size:cover;\"><div class=\"fusion-column-wrapper fusion-flex-justify-content-flex-start fusion-content-layout-column\"><div class=\"fusion-image-element \" style=\"text-align:center;--awb-aspect-ratio:3 \/ 2;--awb-caption-title-font-family:var(--h2_typography-font-family);--awb-caption-title-font-weight:var(--h2_typography-font-weight);--awb-caption-title-font-style:var(--h2_typography-font-style);--awb-caption-title-size:var(--h2_typography-font-size);--awb-caption-title-transform:var(--h2_typography-text-transform);--awb-caption-title-line-height:var(--h2_typography-line-height);--awb-caption-title-letter-spacing:var(--h2_typography-letter-spacing);--awb-filter:brightness(100%) contrast(100%);--awb-filter-transition:filter 0.3s ease;--awb-filter-hover:brightness(125%) contrast(105%);\"><span class=\" fusion-imageframe imageframe-none imageframe-5 hover-type-none has-aspect-ratio\" style=\"z-index:2;\"><a class=\"fusion-no-lightbox\" href=\"https:\/\/acervo.coisadecinema.com.br\/xviii-panorama\/filme\/rumpilezz-entre-atabaques-e-all-stars\/\" target=\"_self\" aria-label=\"Fotos_VanessaAraga\u0303o_AlfazemaFilmes_RUMPILEZZ-(3)\"><img decoding=\"async\" width=\"1920\" height=\"1080\" src=\"https:\/\/acervo.coisadecinema.com.br\/xviii-panorama\/wp-content\/uploads\/2022\/10\/Fotos_VanessaAraga\u0303o_AlfazemaFilmes_RUMPILEZZ-3.jpg\" class=\"img-responsive wp-image-26822 img-with-aspect-ratio\" alt srcset=\"https:\/\/acervo.coisadecinema.com.br\/xviii-panorama\/wp-content\/uploads\/2022\/10\/Fotos_VanessaAraga\u0303o_AlfazemaFilmes_RUMPILEZZ-3-200x113.jpg 200w, https:\/\/acervo.coisadecinema.com.br\/xviii-panorama\/wp-content\/uploads\/2022\/10\/Fotos_VanessaAraga\u0303o_AlfazemaFilmes_RUMPILEZZ-3-400x225.jpg 400w, https:\/\/acervo.coisadecinema.com.br\/xviii-panorama\/wp-content\/uploads\/2022\/10\/Fotos_VanessaAraga\u0303o_AlfazemaFilmes_RUMPILEZZ-3-600x338.jpg 600w, https:\/\/acervo.coisadecinema.com.br\/xviii-panorama\/wp-content\/uploads\/2022\/10\/Fotos_VanessaAraga\u0303o_AlfazemaFilmes_RUMPILEZZ-3-800x450.jpg 800w, https:\/\/acervo.coisadecinema.com.br\/xviii-panorama\/wp-content\/uploads\/2022\/10\/Fotos_VanessaAraga\u0303o_AlfazemaFilmes_RUMPILEZZ-3-1200x675.jpg 1200w, https:\/\/acervo.coisadecinema.com.br\/xviii-panorama\/wp-content\/uploads\/2022\/10\/Fotos_VanessaAraga\u0303o_AlfazemaFilmes_RUMPILEZZ-3.jpg 1920w\" sizes=\"(max-width: 640px) 100vw, 1920px\" \/><\/a><\/span><\/div><div class=\"fusion-title title fusion-title-6 fusion-sep-none fusion-title-text fusion-title-size-three\" style=\"--awb-margin-left:10px;--awb-font-size:22px;\"><h3 class=\"fusion-title-heading title-heading-left\" style=\"margin:0;font-size:1em;text-transform:uppercase;\"><a href=\"https:\/\/acervo.coisadecinema.com.br\/xviii-panorama\/filme\/rumpilezz-entre-atabaques-e-all-stars\/\" class=\"awb-custom-text-color awb-custom-text-hover-color\" target=\"_self\">RUMPILEZZ &#8211; Entre Atabaques e All Stars<\/a><\/h3><\/div><\/div><\/li>\n<\/ul><div class=\"pagination clearfix\"><\/div><div class=\"fusion-clearfix\"><\/div><\/div><\/div><\/div><\/div><\/div>\n","protected":false},"excerpt":{"rendered":"","protected":false},"author":3,"featured_media":0,"parent":20847,"menu_order":0,"comment_status":"closed","ping_status":"closed","template":"100-width.php","meta":{"footnotes":""},"class_list":["post-26036","page","type-page","status-publish","hentry"],"_links":{"self":[{"href":"https:\/\/acervo.coisadecinema.com.br\/xviii-panorama\/wp-json\/wp\/v2\/pages\/26036","targetHints":{"allow":["GET"]}}],"collection":[{"href":"https:\/\/acervo.coisadecinema.com.br\/xviii-panorama\/wp-json\/wp\/v2\/pages"}],"about":[{"href":"https:\/\/acervo.coisadecinema.com.br\/xviii-panorama\/wp-json\/wp\/v2\/types\/page"}],"author":[{"embeddable":true,"href":"https:\/\/acervo.coisadecinema.com.br\/xviii-panorama\/wp-json\/wp\/v2\/users\/3"}],"replies":[{"embeddable":true,"href":"https:\/\/acervo.coisadecinema.com.br\/xviii-panorama\/wp-json\/wp\/v2\/comments?post=26036"}],"version-history":[{"count":3,"href":"https:\/\/acervo.coisadecinema.com.br\/xviii-panorama\/wp-json\/wp\/v2\/pages\/26036\/revisions"}],"predecessor-version":[{"id":27093,"href":"https:\/\/acervo.coisadecinema.com.br\/xviii-panorama\/wp-json\/wp\/v2\/pages\/26036\/revisions\/27093"}],"up":[{"embeddable":true,"href":"https:\/\/acervo.coisadecinema.com.br\/xviii-panorama\/wp-json\/wp\/v2\/pages\/20847"}],"wp:attachment":[{"href":"https:\/\/acervo.coisadecinema.com.br\/xviii-panorama\/wp-json\/wp\/v2\/media?parent=26036"}],"curies":[{"name":"wp","href":"https:\/\/api.w.org\/{rel}","templated":true}]}}