{"id":26024,"date":"2022-10-07T20:27:11","date_gmt":"2022-10-07T23:27:11","guid":{"rendered":"https:\/\/panorama.coisadecinema.com.br\/?page_id=26024"},"modified":"2022-10-08T16:11:47","modified_gmt":"2022-10-08T19:11:47","slug":"homenagem-geraldo-sarno","status":"publish","type":"page","link":"https:\/\/acervo.coisadecinema.com.br\/xviii-panorama\/filmes\/homenagem-geraldo-sarno\/","title":{"rendered":"Homenagem Geraldo Sarno"},"content":{"rendered":"<div class=\"fusion-fullwidth fullwidth-box fusion-builder-row-1 fusion-flex-container hundred-percent-fullwidth non-hundred-percent-height-scrolling\" style=\"--awb-background-position:center top;--awb-border-radius-top-left:0px;--awb-border-radius-top-right:0px;--awb-border-radius-bottom-right:0px;--awb-border-radius-bottom-left:0px;--awb-padding-top:120px;--awb-padding-right:12%;--awb-padding-bottom:160px;--awb-padding-left:12%;--awb-background-color:var(--awb-custom_color_1);--awb-flex-wrap:wrap;\" ><div class=\"fusion-builder-row fusion-row fusion-flex-align-items-flex-start fusion-flex-content-wrap\" style=\"width:104% !important;max-width:104% !important;margin-left: calc(-4% \/ 2 );margin-right: calc(-4% \/ 2 );\"><div class=\"fusion-layout-column fusion_builder_column fusion-builder-column-0 fusion_builder_column_1_1 1_1 fusion-flex-column\" style=\"--awb-bg-blend:overlay;--awb-bg-size:cover;--awb-width-large:100%;--awb-margin-top-large:0px;--awb-spacing-right-large:1.92%;--awb-margin-bottom-large:0px;--awb-spacing-left-large:1.92%;--awb-width-medium:100%;--awb-spacing-right-medium:1.92%;--awb-spacing-left-medium:1.92%;--awb-width-small:100%;--awb-spacing-right-small:1.92%;--awb-spacing-left-small:1.92%;\"><div class=\"fusion-column-wrapper fusion-flex-justify-content-flex-start fusion-content-layout-column\"><div class=\"fusion-title title fusion-title-1 fusion-sep-none fusion-title-text fusion-title-size-one\" style=\"--awb-margin-bottom:60px;\"><h1 class=\"fusion-title-heading title-heading-left\" style=\"margin:0;\">Homenagem Geraldo Sarno<\/h1><\/div><\/div><\/div><div class=\"fusion-layout-column fusion_builder_column fusion-builder-column-1 fusion_builder_column_1_1 1_1 fusion-flex-column\" style=\"--awb-bg-size:cover;--awb-width-large:100%;--awb-margin-top-large:0px;--awb-spacing-right-large:1.92%;--awb-margin-bottom-large:0px;--awb-spacing-left-large:1.92%;--awb-width-medium:100%;--awb-order-medium:0;--awb-spacing-right-medium:1.92%;--awb-spacing-left-medium:1.92%;--awb-width-small:100%;--awb-order-small:0;--awb-spacing-right-small:1.92%;--awb-spacing-left-small:1.92%;\"><div class=\"fusion-column-wrapper fusion-column-has-shadow fusion-flex-justify-content-flex-start fusion-content-layout-column\"><div class=\"fusion-post-cards fusion-post-cards-1 fusion-grid-archive fusion-grid-columns-3\" style=\"--awb-column-spacing:30px;--awb-columns:3;--awb-active-filter-border-size:3px;--awb-filters-height:36px;\"><ul class=\"fusion-grid fusion-grid-3 fusion-flex-align-items-flex-start fusion-grid-posts-cards\"><li class=\"fusion-layout-column fusion_builder_column fusion-builder-column-2 fusion-flex-column post-card fusion-grid-column fusion-post-cards-grid-column\" style=\"--awb-bg-blend:overlay;--awb-bg-size:cover;\"><div class=\"fusion-column-wrapper fusion-flex-justify-content-flex-start fusion-content-layout-column\"><div class=\"fusion-image-element \" style=\"text-align:center;--awb-aspect-ratio:3 \/ 2;--awb-caption-title-font-family:var(--h2_typography-font-family);--awb-caption-title-font-weight:var(--h2_typography-font-weight);--awb-caption-title-font-style:var(--h2_typography-font-style);--awb-caption-title-size:var(--h2_typography-font-size);--awb-caption-title-transform:var(--h2_typography-text-transform);--awb-caption-title-line-height:var(--h2_typography-line-height);--awb-caption-title-letter-spacing:var(--h2_typography-letter-spacing);--awb-filter:brightness(100%) contrast(100%);--awb-filter-transition:filter 0.3s ease;--awb-filter-hover:brightness(125%) contrast(105%);\"><span class=\" fusion-imageframe imageframe-none imageframe-1 hover-type-none has-aspect-ratio\" style=\"z-index:2;\"><a class=\"fusion-no-lightbox\" href=\"https:\/\/acervo.coisadecinema.com.br\/xviii-panorama\/filme\/coronel-delmiro-gouveia\/\" target=\"_self\" aria-label=\"img395\"><img decoding=\"async\" width=\"1920\" height=\"1080\" src=\"https:\/\/acervo.coisadecinema.com.br\/xviii-panorama\/wp-content\/uploads\/2022\/10\/img395.jpg\" class=\"img-responsive wp-image-26724 img-with-aspect-ratio\" alt srcset=\"https:\/\/acervo.coisadecinema.com.br\/xviii-panorama\/wp-content\/uploads\/2022\/10\/img395-200x113.jpg 200w, https:\/\/acervo.coisadecinema.com.br\/xviii-panorama\/wp-content\/uploads\/2022\/10\/img395-400x225.jpg 400w, https:\/\/acervo.coisadecinema.com.br\/xviii-panorama\/wp-content\/uploads\/2022\/10\/img395-600x338.jpg 600w, https:\/\/acervo.coisadecinema.com.br\/xviii-panorama\/wp-content\/uploads\/2022\/10\/img395-800x450.jpg 800w, https:\/\/acervo.coisadecinema.com.br\/xviii-panorama\/wp-content\/uploads\/2022\/10\/img395-1200x675.jpg 1200w, https:\/\/acervo.coisadecinema.com.br\/xviii-panorama\/wp-content\/uploads\/2022\/10\/img395.jpg 1920w\" sizes=\"(max-width: 640px) 100vw, 1920px\" \/><\/a><\/span><\/div><div class=\"fusion-title title fusion-title-2 fusion-sep-none fusion-title-text fusion-title-size-three\" style=\"--awb-margin-left:10px;--awb-font-size:22px;\"><h3 class=\"fusion-title-heading title-heading-left\" style=\"margin:0;font-size:1em;text-transform:uppercase;\"><a href=\"https:\/\/acervo.coisadecinema.com.br\/xviii-panorama\/filme\/coronel-delmiro-gouveia\/\" class=\"awb-custom-text-color awb-custom-text-hover-color\" target=\"_self\">Coronel Delmiro Gouveia<\/a><\/h3><\/div><\/div><\/li>\n<li class=\"fusion-layout-column fusion_builder_column fusion-builder-column-3 fusion-flex-column post-card fusion-grid-column fusion-post-cards-grid-column\" style=\"--awb-bg-blend:overlay;--awb-bg-size:cover;\"><div class=\"fusion-column-wrapper fusion-flex-justify-content-flex-start fusion-content-layout-column\"><div class=\"fusion-image-element \" style=\"text-align:center;--awb-aspect-ratio:3 \/ 2;--awb-caption-title-font-family:var(--h2_typography-font-family);--awb-caption-title-font-weight:var(--h2_typography-font-weight);--awb-caption-title-font-style:var(--h2_typography-font-style);--awb-caption-title-size:var(--h2_typography-font-size);--awb-caption-title-transform:var(--h2_typography-text-transform);--awb-caption-title-line-height:var(--h2_typography-line-height);--awb-caption-title-letter-spacing:var(--h2_typography-letter-spacing);--awb-filter:brightness(100%) contrast(100%);--awb-filter-transition:filter 0.3s ease;--awb-filter-hover:brightness(125%) contrast(105%);\"><span class=\" fusion-imageframe imageframe-none imageframe-2 hover-type-none has-aspect-ratio\" style=\"z-index:2;\"><a class=\"fusion-no-lightbox\" href=\"https:\/\/acervo.coisadecinema.com.br\/xviii-panorama\/filme\/iao-a-iniciacao-num-terreiro-gege-nago\/\" target=\"_self\" aria-label=\"still-yao\"><img decoding=\"async\" width=\"1920\" height=\"1080\" src=\"https:\/\/acervo.coisadecinema.com.br\/xviii-panorama\/wp-content\/uploads\/2022\/10\/still-yao.jpg\" class=\"img-responsive wp-image-27825 img-with-aspect-ratio\" alt srcset=\"https:\/\/acervo.coisadecinema.com.br\/xviii-panorama\/wp-content\/uploads\/2022\/10\/still-yao-200x113.jpg 200w, https:\/\/acervo.coisadecinema.com.br\/xviii-panorama\/wp-content\/uploads\/2022\/10\/still-yao-400x225.jpg 400w, https:\/\/acervo.coisadecinema.com.br\/xviii-panorama\/wp-content\/uploads\/2022\/10\/still-yao-600x338.jpg 600w, https:\/\/acervo.coisadecinema.com.br\/xviii-panorama\/wp-content\/uploads\/2022\/10\/still-yao-800x450.jpg 800w, https:\/\/acervo.coisadecinema.com.br\/xviii-panorama\/wp-content\/uploads\/2022\/10\/still-yao-1200x675.jpg 1200w, https:\/\/acervo.coisadecinema.com.br\/xviii-panorama\/wp-content\/uploads\/2022\/10\/still-yao.jpg 1920w\" sizes=\"(max-width: 640px) 100vw, 1920px\" \/><\/a><\/span><\/div><div class=\"fusion-title title fusion-title-3 fusion-sep-none fusion-title-text fusion-title-size-three\" style=\"--awb-margin-left:10px;--awb-font-size:22px;\"><h3 class=\"fusion-title-heading title-heading-left\" style=\"margin:0;font-size:1em;text-transform:uppercase;\"><a href=\"https:\/\/acervo.coisadecinema.com.br\/xviii-panorama\/filme\/iao-a-iniciacao-num-terreiro-gege-nago\/\" class=\"awb-custom-text-color awb-custom-text-hover-color\" target=\"_self\">Ia\u00f4: a Inicia\u00e7\u00e3o num Terreiro Gege Nag\u00f4<\/a><\/h3><\/div><\/div><\/li>\n<li class=\"fusion-layout-column fusion_builder_column fusion-builder-column-4 fusion-flex-column post-card fusion-grid-column fusion-post-cards-grid-column\" style=\"--awb-bg-blend:overlay;--awb-bg-size:cover;\"><div class=\"fusion-column-wrapper fusion-flex-justify-content-flex-start fusion-content-layout-column\"><div class=\"fusion-image-element \" style=\"text-align:center;--awb-aspect-ratio:3 \/ 2;--awb-caption-title-font-family:var(--h2_typography-font-family);--awb-caption-title-font-weight:var(--h2_typography-font-weight);--awb-caption-title-font-style:var(--h2_typography-font-style);--awb-caption-title-size:var(--h2_typography-font-size);--awb-caption-title-transform:var(--h2_typography-text-transform);--awb-caption-title-line-height:var(--h2_typography-line-height);--awb-caption-title-letter-spacing:var(--h2_typography-letter-spacing);--awb-filter:brightness(100%) contrast(100%);--awb-filter-transition:filter 0.3s ease;--awb-filter-hover:brightness(125%) contrast(105%);\"><span class=\" fusion-imageframe imageframe-none imageframe-3 hover-type-none has-aspect-ratio\" style=\"z-index:2;\"><a class=\"fusion-no-lightbox\" href=\"https:\/\/acervo.coisadecinema.com.br\/xviii-panorama\/filme\/sertania\/\" target=\"_self\" aria-label=\"Serta\u0302nia&#8212;Divulgac\u0327a\u0303o-Miguel-Vassy-1\"><img decoding=\"async\" width=\"1920\" height=\"804\" src=\"https:\/\/acervo.coisadecinema.com.br\/xviii-panorama\/wp-content\/uploads\/2022\/10\/Serta\u0302nia-Divulgac\u0327a\u0303o-Miguel-Vassy-1.jpg\" class=\"img-responsive wp-image-26727 img-with-aspect-ratio\" alt srcset=\"https:\/\/acervo.coisadecinema.com.br\/xviii-panorama\/wp-content\/uploads\/2022\/10\/Serta\u0302nia-Divulgac\u0327a\u0303o-Miguel-Vassy-1-200x84.jpg 200w, https:\/\/acervo.coisadecinema.com.br\/xviii-panorama\/wp-content\/uploads\/2022\/10\/Serta\u0302nia-Divulgac\u0327a\u0303o-Miguel-Vassy-1-400x168.jpg 400w, https:\/\/acervo.coisadecinema.com.br\/xviii-panorama\/wp-content\/uploads\/2022\/10\/Serta\u0302nia-Divulgac\u0327a\u0303o-Miguel-Vassy-1-600x251.jpg 600w, https:\/\/acervo.coisadecinema.com.br\/xviii-panorama\/wp-content\/uploads\/2022\/10\/Serta\u0302nia-Divulgac\u0327a\u0303o-Miguel-Vassy-1-800x335.jpg 800w, https:\/\/acervo.coisadecinema.com.br\/xviii-panorama\/wp-content\/uploads\/2022\/10\/Serta\u0302nia-Divulgac\u0327a\u0303o-Miguel-Vassy-1-1200x503.jpg 1200w, https:\/\/acervo.coisadecinema.com.br\/xviii-panorama\/wp-content\/uploads\/2022\/10\/Serta\u0302nia-Divulgac\u0327a\u0303o-Miguel-Vassy-1.jpg 1920w\" sizes=\"(max-width: 640px) 100vw, 1920px\" \/><\/a><\/span><\/div><div class=\"fusion-title title fusion-title-4 fusion-sep-none fusion-title-text fusion-title-size-three\" style=\"--awb-margin-left:10px;--awb-font-size:22px;\"><h3 class=\"fusion-title-heading title-heading-left\" style=\"margin:0;font-size:1em;text-transform:uppercase;\"><a href=\"https:\/\/acervo.coisadecinema.com.br\/xviii-panorama\/filme\/sertania\/\" class=\"awb-custom-text-color awb-custom-text-hover-color\" target=\"_self\">Sert\u00e2nia<\/a><\/h3><\/div><\/div><\/li>\n<li class=\"fusion-layout-column fusion_builder_column fusion-builder-column-5 fusion-flex-column post-card fusion-grid-column fusion-post-cards-grid-column\" style=\"--awb-bg-blend:overlay;--awb-bg-size:cover;\"><div class=\"fusion-column-wrapper fusion-flex-justify-content-flex-start fusion-content-layout-column\"><div class=\"fusion-image-element \" style=\"text-align:center;--awb-aspect-ratio:3 \/ 2;--awb-caption-title-font-family:var(--h2_typography-font-family);--awb-caption-title-font-weight:var(--h2_typography-font-weight);--awb-caption-title-font-style:var(--h2_typography-font-style);--awb-caption-title-size:var(--h2_typography-font-size);--awb-caption-title-transform:var(--h2_typography-text-transform);--awb-caption-title-line-height:var(--h2_typography-line-height);--awb-caption-title-letter-spacing:var(--h2_typography-letter-spacing);--awb-filter:brightness(100%) contrast(100%);--awb-filter-transition:filter 0.3s ease;--awb-filter-hover:brightness(125%) contrast(105%);\"><span class=\" fusion-imageframe imageframe-none imageframe-4 hover-type-none has-aspect-ratio\" style=\"z-index:2;\"><a class=\"fusion-no-lightbox\" href=\"https:\/\/acervo.coisadecinema.com.br\/xviii-panorama\/filme\/viramundo\/\" target=\"_self\" aria-label=\"viamundo382\"><img decoding=\"async\" width=\"1920\" height=\"1080\" src=\"https:\/\/acervo.coisadecinema.com.br\/xviii-panorama\/wp-content\/uploads\/2022\/10\/viamundo382.jpg\" class=\"img-responsive wp-image-26961 img-with-aspect-ratio\" alt srcset=\"https:\/\/acervo.coisadecinema.com.br\/xviii-panorama\/wp-content\/uploads\/2022\/10\/viamundo382-200x113.jpg 200w, https:\/\/acervo.coisadecinema.com.br\/xviii-panorama\/wp-content\/uploads\/2022\/10\/viamundo382-400x225.jpg 400w, https:\/\/acervo.coisadecinema.com.br\/xviii-panorama\/wp-content\/uploads\/2022\/10\/viamundo382-600x338.jpg 600w, https:\/\/acervo.coisadecinema.com.br\/xviii-panorama\/wp-content\/uploads\/2022\/10\/viamundo382-800x450.jpg 800w, https:\/\/acervo.coisadecinema.com.br\/xviii-panorama\/wp-content\/uploads\/2022\/10\/viamundo382-1200x675.jpg 1200w, https:\/\/acervo.coisadecinema.com.br\/xviii-panorama\/wp-content\/uploads\/2022\/10\/viamundo382.jpg 1920w\" sizes=\"(max-width: 640px) 100vw, 1920px\" \/><\/a><\/span><\/div><div class=\"fusion-title title fusion-title-5 fusion-sep-none fusion-title-text fusion-title-size-three\" style=\"--awb-margin-left:10px;--awb-font-size:22px;\"><h3 class=\"fusion-title-heading title-heading-left\" style=\"margin:0;font-size:1em;text-transform:uppercase;\"><a href=\"https:\/\/acervo.coisadecinema.com.br\/xviii-panorama\/filme\/viramundo\/\" class=\"awb-custom-text-color awb-custom-text-hover-color\" target=\"_self\">Viramundo<\/a><\/h3><\/div><\/div><\/li>\n<\/ul><div class=\"pagination clearfix\"><\/div><div class=\"fusion-clearfix\"><\/div><\/div><\/div><\/div><\/div><\/div>\n","protected":false},"excerpt":{"rendered":"","protected":false},"author":3,"featured_media":0,"parent":20847,"menu_order":0,"comment_status":"closed","ping_status":"closed","template":"100-width.php","meta":{"footnotes":""},"class_list":["post-26024","page","type-page","status-publish","hentry"],"_links":{"self":[{"href":"https:\/\/acervo.coisadecinema.com.br\/xviii-panorama\/wp-json\/wp\/v2\/pages\/26024","targetHints":{"allow":["GET"]}}],"collection":[{"href":"https:\/\/acervo.coisadecinema.com.br\/xviii-panorama\/wp-json\/wp\/v2\/pages"}],"about":[{"href":"https:\/\/acervo.coisadecinema.com.br\/xviii-panorama\/wp-json\/wp\/v2\/types\/page"}],"author":[{"embeddable":true,"href":"https:\/\/acervo.coisadecinema.com.br\/xviii-panorama\/wp-json\/wp\/v2\/users\/3"}],"replies":[{"embeddable":true,"href":"https:\/\/acervo.coisadecinema.com.br\/xviii-panorama\/wp-json\/wp\/v2\/comments?post=26024"}],"version-history":[{"count":6,"href":"https:\/\/acervo.coisadecinema.com.br\/xviii-panorama\/wp-json\/wp\/v2\/pages\/26024\/revisions"}],"predecessor-version":[{"id":26160,"href":"https:\/\/acervo.coisadecinema.com.br\/xviii-panorama\/wp-json\/wp\/v2\/pages\/26024\/revisions\/26160"}],"up":[{"embeddable":true,"href":"https:\/\/acervo.coisadecinema.com.br\/xviii-panorama\/wp-json\/wp\/v2\/pages\/20847"}],"wp:attachment":[{"href":"https:\/\/acervo.coisadecinema.com.br\/xviii-panorama\/wp-json\/wp\/v2\/media?parent=26024"}],"curies":[{"name":"wp","href":"https:\/\/api.w.org\/{rel}","templated":true}]}}