{"id":1150,"date":"2021-02-20T19:16:52","date_gmt":"2021-02-20T22:16:52","guid":{"rendered":"https:\/\/xvi-woocommerce-663936-2221788.cloudwaysapps.com\/?page_id=1150"},"modified":"2022-11-06T17:32:14","modified_gmt":"2022-11-06T20:32:14","slug":"equipe","status":"publish","type":"page","link":"https:\/\/acervo.coisadecinema.com.br\/xviii-panorama\/o-festival\/equipe\/","title":{"rendered":"Equipe"},"content":{"rendered":"<div class=\"fusion-fullwidth fullwidth-box fusion-builder-row-1 fusion-flex-container fusion-parallax-none hundred-percent-fullwidth non-hundred-percent-height-scrolling\" style=\"--awb-border-radius-top-left:0px;--awb-border-radius-top-right:0px;--awb-border-radius-bottom-right:0px;--awb-border-radius-bottom-left:0px;--awb-padding-top:150px;--awb-padding-right:12%;--awb-padding-bottom:160px;--awb-padding-left:12%;--awb-padding-top-small:120px;--awb-margin-top-small:0px;--awb-background-color:var(--awb-custom_color_2);--awb-background-image:url(&quot;https:\/\/panorama.coisadecinema.com.br\/wp-content\/uploads\/2022\/08\/bg-sobre.jpg&quot;);--awb-background-size:cover;--awb-flex-wrap:wrap;\" ><div class=\"fusion-builder-row fusion-row fusion-flex-align-items-flex-start fusion-flex-content-wrap\" style=\"width:104% !important;max-width:104% !important;margin-left: calc(-4% \/ 2 );margin-right: calc(-4% \/ 2 );\"><div class=\"fusion-layout-column fusion_builder_column fusion-builder-column-0 fusion_builder_column_1_1 1_1 fusion-flex-column\" style=\"--awb-bg-blend:overlay;--awb-bg-size:cover;--awb-width-large:100%;--awb-margin-top-large:0px;--awb-spacing-right-large:1.92%;--awb-margin-bottom-large:0px;--awb-spacing-left-large:1.92%;--awb-width-medium:100%;--awb-spacing-right-medium:1.92%;--awb-spacing-left-medium:1.92%;--awb-width-small:100%;--awb-spacing-right-small:1.92%;--awb-spacing-left-small:1.92%;\"><div class=\"fusion-column-wrapper fusion-flex-justify-content-flex-start fusion-content-layout-column\"><div class=\"fusion-title title fusion-title-1 fusion-sep-none fusion-title-text fusion-title-size-one\" style=\"--awb-margin-bottom:40px;--awb-margin-bottom-small:30px;\"><h1 class=\"fusion-title-heading title-heading-left\" style=\"margin:0;\">Equipe<\/h1><\/div><div class=\"fusion-text fusion-text-1 awb-text-cols fusion-text-columns-3\" style=\"--awb-columns:3;--awb-column-spacing:2em;--awb-column-min-width:100px;\"><p><i>Coordena\u00e7\u00e3o geral <\/i><br \/><b>Cl\u00e1udio Marques<\/b><\/p>\n<p><i>Produtora Executiva <\/i><br \/><b>Mar\u00edlia Hughes<\/b><\/p>\n<p><i>Produtora Assistente<\/i><br \/><b>Diana Reis<\/b><\/p>\n<p><i>Tr\u00e1fego de filmes<\/i><br \/><b>Mar\u00edlia Carneiro<\/b><\/p>\n<p>Monitoria Tr\u00e1fego<br \/><b>Juliana Timb\u00f3 e Mar\u00edlia Lelis<br \/><\/b><\/p>\n<p><i>Produ\u00e7\u00e3o Local (Cachoeira)<\/i><br \/><b>Reifra Ara\u00fajo<\/b><\/p>\n<p><i>Assistente de produ\u00e7\u00e3o<\/i><br \/><b>Igor Vattimo<\/b><\/p>\n<p><i>Produ\u00e7\u00e3o Atividades de Forma\u00e7\u00e3o<\/i><br \/><b>Ailla Mello<\/b><\/p>\n<p><i>Produ\u00e7\u00e3o Mobiliza\u00e7\u00e3o Salvador<\/i><br \/><b>Pedro Botto<\/b><\/p>\n<p><i>Monitoria Mobiliza\u00e7\u00e3o Cachoeira<\/i><br \/><b>Saiara Azevedo<\/b><\/p>\n<p><i>Monitoria Mobiliza\u00e7\u00e3o Salvador<\/i><br \/><b>Ananda Botto<\/b><\/p>\n<p><i>Produ\u00e7\u00e3o Log\u00edstica\/Receptivo <\/i><br \/><b>Saliha Rachid<\/b><\/p>\n<p><i>Produ\u00e7\u00e3o Receptivo Cachoeira<\/i><br \/><b>Iago Cordeiro<\/b><\/p>\n<p><i>Produ\u00e7\u00e3o de Base e Campo<\/i><br \/><b>Isadora Flores<\/b><\/p>\n<p><i>Entrevistas Debates<\/i><b><br \/>V\u00e2nia Dias<br \/><\/b><\/p>\n<\/p>\n<p>Coordena\u00e7\u00e3o Cine Theatro Cachoeirano<b><br \/>Samir Suzart<br \/><\/b><\/p>\n<p><b><\/b><\/p>\n<p><i>Produ\u00e7\u00e3o Programa\u00e7\u00e3o e Proje\u00e7\u00e3o<\/i><b><br \/>Rafael Saraiva<\/b><\/p>\n<p><i>Produ\u00e7\u00e3o Financeiro<\/i><br \/><b>Nath\u00e1lia Proc\u00f3pio  e Aline Fontes<\/b><\/p>\n<p><i>Assessoria de comunica\u00e7\u00e3o<\/i><br \/><b>Jane Fernandes<\/b><\/p>\n<p><i>Assistente de assessoria de comunica\u00e7\u00e3o<\/i><br \/><b>Stella Ribeiro<\/b><\/p>\n<p><i>Redes Sociais<\/i><br \/><b>Nataly Pinho<\/b><\/p>\n<p><i>Monitoria Redes Sociais<\/i><br \/><b>Maria Ferreira<\/b><\/p>\n<p><i>Programa\u00e7\u00e3o visual e diagrama\u00e7\u00e3o<\/i><br \/><b>Pierre Themoteo<\/b><\/p>\n<p><i>Tradu\u00e7\u00e3o e Legendagem<\/i><br \/><b>Jo\u00e3o Paulo Barreto<\/b><\/p>\n<p><i>Monitoria Legendagem<\/i><br \/><b>Sofia Reis<\/b><\/p>\n<p><i>Programa\u00e7\u00e3o visual e desenvolvimento do site<\/i><br \/><b>Duda Itajahy<\/b><\/p>\n<p><i>Vinheta e edi\u00e7\u00e3o de v\u00eddeos<\/i><br \/><b>Bruna Castro<\/b><\/p>\n<p><i>Contabilidade<\/i><br \/><b> Jorge Carvalho<\/b><\/p>\n<p><i>Monitoria Panlab Roteiro<\/i><br \/><b>Manuela Azevedo<\/b><\/p>\n<p><i>Monitoria Panlab Roteiro<\/i><br \/><b>Maria Bittencourt<\/b><\/p>\n<p><i>Monitoria Panlab Roteiro<\/i><br \/><b>Agatha Matos<\/b><\/p>\n<p><i>Monitoria Panlab Montagem<\/i><br \/><b>Igor Sim\u00f5es<\/b><\/p>\n<p><i>Monitoria Oficina de cr\u00edtica<\/i><br \/><b>Gessica Barbosa<\/b><\/p>\n<p><i>Monitoria Receptivo<\/i><br \/><b>Maria Ant\u00f4nia Fernandes<\/b><\/p>\n<p><i>Monitoria Receptivo<br \/><\/i><b>Diandra Rocha<\/b><i><br \/><\/i><\/p>\n<p><i>Monitoria Debates<\/i><br \/><b>Mirau\u00e1 Noronha<\/b><\/p>\n<p><i>Monitoria Debates<br \/><\/i><b>Ayala Oliveira<\/b><i><br \/><\/i><\/p>\n<p><i>Cobertura Fotogr\u00e1fica<\/i><br \/><b>Milena Palladino<\/b><\/p>\n<p><i>Cobertura de v\u00eddeo<\/i><b><br \/>Karoline Machado<\/b><br \/><b><\/b><\/p>\n<p><i>Cobertura Audiovisual Cachoeira<\/i><br \/><b>Gabriel Moreno<\/b><\/p>\n<p><i>Proje\u00e7\u00e3o Salvador<\/i><br \/><b>Alan Carlson e Pedro Hanh<br \/><\/b><\/p>\n<p><i>T\u00e9cnico de proje\u00e7\u00e3o Cachoeira<\/i><br \/><b>Leandro Concei\u00e7\u00e3o<\/b><\/p>\n<p><i>Controle de Cine Theatro<\/i><br \/><b>Taisa Patr\u00edcio<\/b><\/p>\n<p><i>Idealiza\u00e7\u00e3o e Confec\u00e7\u00e3o Trof\u00e9u<\/i><br \/><b>Luis Parras e D\u00e1fine Prates<br \/><\/b><\/p>\n<\/div><\/div><\/div><\/div><\/div>\n","protected":false},"excerpt":{"rendered":"","protected":false},"author":3,"featured_media":0,"parent":24721,"menu_order":21,"comment_status":"closed","ping_status":"closed","template":"100-width.php","meta":{"footnotes":""},"class_list":["post-1150","page","type-page","status-publish","hentry"],"_links":{"self":[{"href":"https:\/\/acervo.coisadecinema.com.br\/xviii-panorama\/wp-json\/wp\/v2\/pages\/1150","targetHints":{"allow":["GET"]}}],"collection":[{"href":"https:\/\/acervo.coisadecinema.com.br\/xviii-panorama\/wp-json\/wp\/v2\/pages"}],"about":[{"href":"https:\/\/acervo.coisadecinema.com.br\/xviii-panorama\/wp-json\/wp\/v2\/types\/page"}],"author":[{"embeddable":true,"href":"https:\/\/acervo.coisadecinema.com.br\/xviii-panorama\/wp-json\/wp\/v2\/users\/3"}],"replies":[{"embeddable":true,"href":"https:\/\/acervo.coisadecinema.com.br\/xviii-panorama\/wp-json\/wp\/v2\/comments?post=1150"}],"version-history":[{"count":31,"href":"https:\/\/acervo.coisadecinema.com.br\/xviii-panorama\/wp-json\/wp\/v2\/pages\/1150\/revisions"}],"predecessor-version":[{"id":28177,"href":"https:\/\/acervo.coisadecinema.com.br\/xviii-panorama\/wp-json\/wp\/v2\/pages\/1150\/revisions\/28177"}],"up":[{"embeddable":true,"href":"https:\/\/acervo.coisadecinema.com.br\/xviii-panorama\/wp-json\/wp\/v2\/pages\/24721"}],"wp:attachment":[{"href":"https:\/\/acervo.coisadecinema.com.br\/xviii-panorama\/wp-json\/wp\/v2\/media?parent=1150"}],"curies":[{"name":"wp","href":"https:\/\/api.w.org\/{rel}","templated":true}]}}