{"id":92,"date":"2018-10-30T05:30:55","date_gmt":"2018-10-30T07:30:55","guid":{"rendered":"http:\/\/coisadecinema.com.br\/xiv-panorama\/?page_id=92"},"modified":"2019-10-23T12:26:50","modified_gmt":"2019-10-23T14:26:50","slug":"oficina-de-critica-cinematografica","status":"publish","type":"page","link":"https:\/\/acervo.coisadecinema.com.br\/xv-panorama\/oficina-de-critica-cinematografica\/","title":{"rendered":"Oficina de Cr\u00edtica Cinematogr\u00e1fica"},"content":{"rendered":"<h2>Com Adolfo Gomes, Jo\u00e3o Paulo Barreto e Rafael Carvalho<\/h2>\n<p><strong>Quando: <\/strong>28\/10 a 01\/11, de 9h \u00e0s 12h<br \/>\n<strong>Onde: <\/strong>Espa\u00e7o Ita\u00fa de Cinema \u2013 Glauber Rocha<br \/>\n<strong>Quanto: <\/strong>gratuito, mediante lota\u00e7\u00e3o do espa\u00e7o<\/p>\n<p>Espa\u00e7o de forma\u00e7\u00e3o e renova\u00e7\u00e3o do pensamento e da reflex\u00e3o sobre o audiovisual, a tradicional oficina de cr\u00edtica oferecida pelo Panorama Internacional Coisa de Cinema est\u00e1 de volta com novidades. Em 2019, para marcar a 15\u00aa edi\u00e7\u00e3o do Festival, a atividade vai reunir, pela primeira vez, tr\u00eas cr\u00edticos de cinema. A ideia \u00e9 promover um encontro de gera\u00e7\u00f5es: dois profissionais formados pela pr\u00f3pria oficina do evento em anos anteriores &#8211; Rafael Carvalho e Jo\u00e3o Paulo Barreto, ambos colaboradores do jornal &#8220;A Tarde&#8221; &#8211; e Adolfo Gomes, ex-redator da revista eletr\u00f4nica Contracampo e colaborador das publica\u00e7\u00f5es online &#8220;Cabine Cultural&#8221; e &#8220;CineRocinante&#8221;. O trio, que pertence aos quadros da Associa\u00e7\u00e3o Brasileira de Cr\u00edticos Cinematogr\u00e1ficos (Abraccine), vai adotar uma din\u00e2mica diferente das oficinas j\u00e1 realizadas. Atrav\u00e9s da exibi\u00e7\u00e3o de trechos de filmes e de alguns curtas-metragens na totalidade, leitura de textos cr\u00edticos e com base em uma abordagem transversal (a inser\u00e7\u00e3o de conceitos e perspectivas, sobretudo, das artes pl\u00e1sticas e da m\u00fasica), a oficina vai abordar, a cada aula, um aspecto do processo hist\u00f3rico de forma\u00e7\u00e3o do pensamento cr\u00edtico j\u00e1 consolidado e, ainda em curso, sobre o audiovisual. Como \u00e9 habitual, entre os integrantes da oficina v\u00e3o sair os componentes do j\u00fari jovem das mostras competitivas baiana e brasileira do Panorama; al\u00e9m da produ\u00e7\u00e3o de textos sobre os filmes exibidos no certame, com divulga\u00e7\u00e3o em blog do evento. Por\u00e9m, o curso n\u00e3o pretende se voltar, exclusivamente, para o exerc\u00edcio pr\u00e1tico da escrita cr\u00edtica, mas tem como objeto, o momento que antecede as pr\u00e1ticas e procedimentos tradicionais do cr\u00edtico de cinema: trata-se, sobretudo, de percorrer as etapas do pensamento cr\u00edtico, de modo a conhecer e refletir sobre o itiner\u00e1rio do cinema e dos diferentes m\u00e9todos de frui\u00e7\u00e3o que dele emergiram no \u00faltimo s\u00e9culo.<\/p>\n<div><b><br \/>\nSelecionados<\/b><\/div>\n<div>Ailla Melo<\/div>\n<div>Alex Fran\u00e7a<\/div>\n<div>Ana do Carmo<\/div>\n<div>Antonio Eduardo de Freitas<\/div>\n<div>Antonio Marcos<\/div>\n<div>Carla Maria da Matta<\/div>\n<div>Christiano Jos\u00e9<\/div>\n<div>Constance Lima<\/div>\n<div>Daiane Nascimento<\/div>\n<div>Daniele Santos<\/div>\n<div>Deniere Rocha<\/div>\n<div>Diana Luz<\/div>\n<div>Diandra Rocha<\/div>\n<div>Diego Teixeira<\/div>\n<div>Felipe Farias<\/div>\n<div>Francinete Gomes<\/div>\n<div>Gabriela Brito<\/div>\n<div>Gabriela Meirelles<\/div>\n<div>Hanna Vasconcelos<\/div>\n<div>Igor Yuri Algozino<\/div>\n<div>Iris Gon\u00e7alves<\/div>\n<div>Isadora Sampaio<\/div>\n<div>Jacqueline Gama<\/div>\n<div>Jana\u00edna Barata<\/div>\n<div>J\u00f4natas de Sousa<\/div>\n<div>La\u00eds Prado<\/div>\n<div>Lara Bessa<\/div>\n<div>Lara Miranda<\/div>\n<div>L\u00facio Vinicius<\/div>\n<div>Luiz Conrado<\/div>\n<div>Manuela Mattos<\/div>\n<div>Marcelo Correia<\/div>\n<div>M\u00e1rcio de Genaro<\/div>\n<div>Maria Ant\u00f4nio de Ara\u00fajo<\/div>\n<div>Maria Fernanda Concei\u00e7\u00e3o<\/div>\n<div>Maria Luiza Maia<\/div>\n<div>Marielson Carvalho<\/div>\n<div>Marina Sena<\/div>\n<div>Mateus Viana<\/div>\n<div>Mirian Magalh\u00e3es<\/div>\n<div>Nelson Lopes<\/div>\n<div>Pedro Augusto Luz<\/div>\n<div>Raimundo Kleberson<\/div>\n<div>Renata Ara\u00fajo<\/div>\n<div>Rita de C\u00e1ssia<\/div>\n<div>Rodrigo Balbino<\/div>\n<div>Rodrigo Barbosa<\/div>\n<div>Tamires Almeida<\/div>\n<div>Thais Vieira<\/div>\n<div>Vilma Martins<\/div>\n<p><strong>Adolfo Gomes, Jo\u00e3o Paulo Barreto e Rafael Carvalho<\/strong><\/p>\n<p><img loading=\"lazy\" decoding=\"async\" class=\"alignnone size-medium wp-image-889\" src=\"http:\/\/coisadecinema.com.br\/xv-panorama\/wp-content\/uploads\/2019\/10\/juntos-300x169.jpg\" alt=\"\" width=\"300\" height=\"169\" srcset=\"https:\/\/acervo.coisadecinema.com.br\/xv-panorama\/wp-content\/uploads\/2019\/10\/juntos-300x169.jpg 300w, https:\/\/acervo.coisadecinema.com.br\/xv-panorama\/wp-content\/uploads\/2019\/10\/juntos-768x432.jpg 768w, https:\/\/acervo.coisadecinema.com.br\/xv-panorama\/wp-content\/uploads\/2019\/10\/juntos-1024x576.jpg 1024w, https:\/\/acervo.coisadecinema.com.br\/xv-panorama\/wp-content\/uploads\/2019\/10\/juntos.jpg 1200w\" sizes=\"auto, (max-width: 300px) 100vw, 300px\" \/><\/p>\n<p class=\"p1\">Adolfo Gomes \u00e9 jornalista, cr\u00edtico de cinema (Abraccine) e cineclubista. Ministrou as oficinas \u201cOlhar o cinema \u2013 uma introdu\u00e7\u00e3o \u00e0 cinefilia\u201d (Iphan \u2013 Bel\u00e9m-PA), \u201cCinema Cors\u00e1rio \u2013 uma viagem pelos filmes de g\u00eanero\u201d (Panorama Internacional Coisa de Cinema) e \u201cGostoso de ver: uma revis\u00e3o da pornochanchada brasileira\u201d (Festival Internacional Lume de Cinema). Curador e jurado de mostras e festivais, tamb\u00e9m organizou ciclos como \u201cO Mito de Dom Sebasti\u00e3o no Cinema\u201d e &#8220;Somos todos marginais, do udigr\u00fadi \u00e0 pornochanchada&#8221;. Colaborou com as revistas eletr\u00f4nicas Contracampo e CineRocinante. Coordenou as tr\u00eas edi\u00e7\u00f5es do Concurso Estadual de Cr\u00edtica Walter da Silveira (2008-2010).<\/p>\n<p class=\"p1\">Jo\u00e3o Paulo Barreto \u00e9 jornalista, teve sua gradua\u00e7\u00e3o voltada para a an\u00e1lise e pesquisa f\u00edlmica das obras de Martin Scorsese e Fernando Meirelles. Membro da Abraccine (Associa\u00e7\u00e3o Brasileira de Cr\u00edticos de Cinema), \u00e9 parte, desde 2012, da equipe de curadoria do Panorama Internacional Coisa de Cinema, bem como realiza a tradu\u00e7\u00e3o e legendagem das obras estrangeiras exibidas no festival. Cr\u00edtico de cinema no Jornal A Tarde (BA), colabora tamb\u00e9m na vers\u00e3o online da Revista Continente (PE), para o portal ScreamYell, al\u00e9m de assinar o blog Pel\u00edcula Virtual. Participou de diversas oficinas de cr\u00edtica e an\u00e1lise cinematogr\u00e1fica com profissionais como Jean-Michel Frodon (Le Monde e Cahiers Du Cin\u00e9ma), Jo\u00e3o Carlos Sampaio (A Tarde) e S\u00e9rgio Rizzo (O Globo). \u00c9 um dos autores presentes nos livros Anima\u00e7\u00e3o Brasileira &#8211; 100 Filmes Essenciais e Curta Brasileiro \u2013 100 Filmes Essenciais, ambos organizados pela Abraccine.<\/p>\n<p class=\"p1\">Rafael Carvalho \u00e9 membro da Associa\u00e7\u00e3o Brasileira de Cr\u00edticos de Cinema (Abraccine), escreve para o Jornal A Tarde e para o site Moviola Digital. Doutor em Comunica\u00e7\u00e3o e Cultura Contempor\u00e2neas pela Universidade Federal da Bahia, tem interesse na pesquisa em torno da cr\u00edtica de cinema, do jornalismo cultural e dos estudos de recep\u00e7\u00e3o no \u00e2mbito da comunica\u00e7\u00e3o. Desenvolve pesquisa sobre a cr\u00edtica de cinema online no Brasil e j\u00e1 se debru\u00e7ou sobre a obra cr\u00edtica do intelectual baiano Walter da Silveira. Atualmente \u00e9 professor do curso de Jornalismo em Multimeios da Universidade do Estado da Bahia (UNEB). Participa do Grupo de Pesquisa Recep\u00e7\u00e3o e Cr\u00edtica da Imagem (GRIM) da Faculdade de Comunica\u00e7\u00e3o da Universidade Federal da Bahia (UFBA). Integra a equipe de curadoria do Panorama Internacional Coisa de Cinema e ministra oficinas e cursos de escrita cr\u00edtica.<\/p>\n<p>&nbsp;<\/p>\n","protected":false},"excerpt":{"rendered":"<p>Com Adolfo Gomes, Jo\u00e3o Paulo Barreto e Rafael Carvalho Quando: 28\/10 a 01\/11, de 9h \u00e0s 12h Onde: Espa\u00e7o Ita\u00fa de Cinema \u2013 Glauber Rocha Quanto: gratuito, mediante lota\u00e7\u00e3o do espa\u00e7o Espa\u00e7o de forma\u00e7\u00e3o e renova\u00e7\u00e3o do pensamento e da reflex\u00e3o sobre o audiovisual, a tradicional oficina de cr\u00edtica oferecida pelo Panorama Internacional Coisa de [&hellip;]<\/p>\n","protected":false},"author":1,"featured_media":0,"parent":0,"menu_order":24,"comment_status":"closed","ping_status":"closed","template":"oficina.php","meta":{"_acf_changed":false,"footnotes":""},"class_list":["post-92","page","type-page","status-publish","hentry"],"acf":[],"_links":{"self":[{"href":"https:\/\/acervo.coisadecinema.com.br\/xv-panorama\/wp-json\/wp\/v2\/pages\/92","targetHints":{"allow":["GET"]}}],"collection":[{"href":"https:\/\/acervo.coisadecinema.com.br\/xv-panorama\/wp-json\/wp\/v2\/pages"}],"about":[{"href":"https:\/\/acervo.coisadecinema.com.br\/xv-panorama\/wp-json\/wp\/v2\/types\/page"}],"author":[{"embeddable":true,"href":"https:\/\/acervo.coisadecinema.com.br\/xv-panorama\/wp-json\/wp\/v2\/users\/1"}],"replies":[{"embeddable":true,"href":"https:\/\/acervo.coisadecinema.com.br\/xv-panorama\/wp-json\/wp\/v2\/comments?post=92"}],"version-history":[{"count":8,"href":"https:\/\/acervo.coisadecinema.com.br\/xv-panorama\/wp-json\/wp\/v2\/pages\/92\/revisions"}],"predecessor-version":[{"id":888,"href":"https:\/\/acervo.coisadecinema.com.br\/xv-panorama\/wp-json\/wp\/v2\/pages\/92\/revisions\/888"}],"wp:attachment":[{"href":"https:\/\/acervo.coisadecinema.com.br\/xv-panorama\/wp-json\/wp\/v2\/media?parent=92"}],"curies":[{"name":"wp","href":"https:\/\/api.w.org\/{rel}","templated":true}]}}