{"id":892,"date":"2019-10-12T00:58:02","date_gmt":"2019-10-12T03:58:02","guid":{"rendered":"http:\/\/coisadecinema.com.br\/xv-panorama\/?page_id=892"},"modified":"2019-10-24T12:27:55","modified_gmt":"2019-10-24T14:27:55","slug":"masterclass","status":"publish","type":"page","link":"https:\/\/acervo.coisadecinema.com.br\/xv-panorama\/atividades\/masterclass\/","title":{"rendered":"Masterclass"},"content":{"rendered":"<h3>Financiamento e execu\u00e7\u00e3o de recursos p\u00fablicos federais para o audiovisual<br \/>\nCom Paulo Alcofrado<\/h3>\n<p><strong>Quando:<\/strong> quarta-feira, 06\/11, das 9h \u00e0s 13h<br \/>\n<strong>Onde:<\/strong> Espa\u00e7o Ita\u00fa de Cinema \u2013 Glauber Rocha<br \/>\n<strong>Quanto:<\/strong> gratuita, mediante lota\u00e7\u00e3o do espa\u00e7o<\/p>\n<p>Essa masterclass apresenta uma vis\u00e3o sist\u00eamica sobre\u00a0procedimentos relacionados \u00e0 proposi\u00e7\u00e3o, aprova\u00e7\u00e3o, acompanhamento, execu\u00e7\u00e3o e presta\u00e7\u00e3o de contas de projetos financiados com recursos p\u00fablicos federais, com o objetivo de compreender a rela\u00e7\u00e3o entre o financiamento do projeto audiovisual e as diferentes formas como a l\u00f3gica de execu\u00e7\u00e3o pode afetar a presta\u00e7\u00e3o\u00a0de contas.<\/p>\n<p>&nbsp;<\/p>\n<p><strong>Paulo Alcoforado<\/strong><\/p>\n<p><img loading=\"lazy\" decoding=\"async\" class=\"alignnone size-medium wp-image-676\" src=\"http:\/\/coisadecinema.com.br\/xv-panorama\/wp-content\/uploads\/2019\/09\/paulo-300x300.jpg\" alt=\"\" width=\"300\" height=\"300\" srcset=\"https:\/\/acervo.coisadecinema.com.br\/xv-panorama\/wp-content\/uploads\/2019\/09\/paulo-300x300.jpg 300w, https:\/\/acervo.coisadecinema.com.br\/xv-panorama\/wp-content\/uploads\/2019\/09\/paulo-150x150.jpg 150w, https:\/\/acervo.coisadecinema.com.br\/xv-panorama\/wp-content\/uploads\/2019\/09\/paulo.jpg 768w\" sizes=\"auto, (max-width: 300px) 100vw, 300px\" \/><\/p>\n<p>Consultor de neg\u00f3cios. Foi diretor, secret\u00e1rio de pol\u00edticas de financiamento e superintendente de fomento da Ag\u00eancia Nacional do Cinema (ANCINE), diretor da Secretaria do Audiovisual do Minist\u00e9rio da Cultura, respons\u00e1vel pela implanta\u00e7\u00e3o e coordena\u00e7\u00e3o dos Programas DOCTV Brasil, DOCTV Am\u00e9rica Latina e DOCTV CPLP (os \u00faltimos junto aos organismos multilaterais Conferencia de Autoridades Cinematogr\u00e1ficas de Iberoam\u00e9rica \u2013 CAACI e Comunidade dos Pa\u00edses de L\u00edngua Portuguesa \u2013 CPLP).<\/p>\n<p>&nbsp;<\/p>\n","protected":false},"excerpt":{"rendered":"<p>Financiamento e execu\u00e7\u00e3o de recursos p\u00fablicos federais para o audiovisual Com Paulo Alcofrado Quando: quarta-feira, 06\/11, das 9h \u00e0s 13h Onde: Espa\u00e7o Ita\u00fa de Cinema \u2013 Glauber Rocha Quanto: gratuita, mediante lota\u00e7\u00e3o do espa\u00e7o Essa masterclass apresenta uma vis\u00e3o sist\u00eamica sobre\u00a0procedimentos relacionados \u00e0 proposi\u00e7\u00e3o, aprova\u00e7\u00e3o, acompanhamento, execu\u00e7\u00e3o e presta\u00e7\u00e3o de contas de projetos financiados com [&hellip;]<\/p>\n","protected":false},"author":1,"featured_media":0,"parent":100,"menu_order":6,"comment_status":"closed","ping_status":"closed","template":"panlab.php","meta":{"_acf_changed":false,"footnotes":""},"class_list":["post-892","page","type-page","status-publish","hentry"],"acf":[],"_links":{"self":[{"href":"https:\/\/acervo.coisadecinema.com.br\/xv-panorama\/wp-json\/wp\/v2\/pages\/892","targetHints":{"allow":["GET"]}}],"collection":[{"href":"https:\/\/acervo.coisadecinema.com.br\/xv-panorama\/wp-json\/wp\/v2\/pages"}],"about":[{"href":"https:\/\/acervo.coisadecinema.com.br\/xv-panorama\/wp-json\/wp\/v2\/types\/page"}],"author":[{"embeddable":true,"href":"https:\/\/acervo.coisadecinema.com.br\/xv-panorama\/wp-json\/wp\/v2\/users\/1"}],"replies":[{"embeddable":true,"href":"https:\/\/acervo.coisadecinema.com.br\/xv-panorama\/wp-json\/wp\/v2\/comments?post=892"}],"version-history":[{"count":9,"href":"https:\/\/acervo.coisadecinema.com.br\/xv-panorama\/wp-json\/wp\/v2\/pages\/892\/revisions"}],"predecessor-version":[{"id":1004,"href":"https:\/\/acervo.coisadecinema.com.br\/xv-panorama\/wp-json\/wp\/v2\/pages\/892\/revisions\/1004"}],"up":[{"embeddable":true,"href":"https:\/\/acervo.coisadecinema.com.br\/xv-panorama\/wp-json\/wp\/v2\/pages\/100"}],"wp:attachment":[{"href":"https:\/\/acervo.coisadecinema.com.br\/xv-panorama\/wp-json\/wp\/v2\/media?parent=892"}],"curies":[{"name":"wp","href":"https:\/\/api.w.org\/{rel}","templated":true}]}}