{"id":44,"date":"2018-10-29T23:40:31","date_gmt":"2018-10-30T01:40:31","guid":{"rendered":"http:\/\/coisadecinema.com.br\/xiv-panorama\/?page_id=44"},"modified":"2020-01-07T07:26:43","modified_gmt":"2020-01-07T09:26:43","slug":"equipe","status":"publish","type":"page","link":"https:\/\/acervo.coisadecinema.com.br\/xv-panorama\/apresentacao\/equipe\/","title":{"rendered":"Equipe"},"content":{"rendered":"<h2><strong>Equipe Salvador<\/strong><\/h2>\n<p>Curadoria \/ Programa\u00e7\u00e3o \/ Coordena\u00e7\u00e3o Geral\u00a0|\u00a0<strong>Cl\u00e1udio Marques<\/strong><br \/>\nCuradoria \/ Programa\u00e7\u00e3o \/ Coordena\u00e7\u00e3o Geral de Produ\u00e7\u00e3o\u00a0|\u00a0<strong>Mar\u00ed<\/strong><strong>lia Hughes<\/strong><br \/>\nCuradoria \/ Legendagem \/ Proje\u00e7\u00e3o\u00a0|<strong>\u00a0Rafael Saraiva<\/strong><br \/>\nCuradoria \/ Tradu\u00e7\u00e3o \/ Legendagem\u00a0|\u00a0<strong>Jo\u00e3o Paulo Barreto<\/strong><br \/>\nCuradoria \/ Programa\u00e7\u00e3o\u00a0|<strong>\u00a0Adolfo Gomes, Ceci Alves, Rafael Carvalho e Safira Moreira<\/strong><br \/>\nCoordena\u00e7\u00e3o de Log\u00edstica e Receptivo\u00a0|\u00a0<strong> Rafaela Ara\u00fa<\/strong><strong>jo e Michele Perroni<\/strong><br \/>\nProdu\u00e7\u00e3o de Log\u00edstica e Receptivo\u00a0|\u00a0<strong>Roberta Moraes<\/strong><br \/>\nProdu\u00e7\u00e3o de Base e Campo\u00a0|\u00a0<strong>Alice Browne e Edson Pinto dos Santos<\/strong><br \/>\nAssist\u00eancia de Log\u00edstica e Produ\u00e7\u00e3o de base\u00a0|\u00a0<strong>Diana Reis<br \/>\n<\/strong>Presta\u00e7\u00e3o de Contas<strong> | Aline Fontes e Jorge Carvalho<br \/>\n<\/strong>Tr\u00e1fego de Filmes\u00a0|\u00a0<strong>Marilia Carneiro<\/strong><br \/>\nProje\u00e7\u00e3o\u00a0|\u00a0<strong>Alan Carlson e Ani Haze<\/strong><br \/>\nProdu\u00e7\u00e3o do PANLAB e Atividades Formativas \u00a0|<strong> Lara Carvalho e Milena Abreu<\/strong><br \/>\nMobiliza\u00e7\u00e3o de P\u00fablico\u00a0|\u00a0<strong>Nat\u00e1<\/strong><strong>lia Gon<\/strong><strong>\u00e7alves e Pedro Botto<\/strong><br \/>\nReceptivo \u2013 Convidados e Credenciamento\u00a0|\u00a0<strong>Luiza Audaz<\/strong><br \/>\nM\u00eddias Sociais\u00a0|\u00a0<strong>Bruno Chagas<\/strong><br \/>\nCobertura Fotogr\u00e1fica\u00a0|\u00a0<strong>Esperan<\/strong><strong>\u00e7a Gadelha<\/strong><br \/>\nCobertura em V\u00eddeo\u00a0|<strong> Juh Almeida<br \/>\n<\/strong>Entrevistas e Debates\u00a0|\u00a0<strong>V\u00e2nia Dias<\/strong><br \/>\nEdi\u00e7\u00e3o\u00a0|\u00a0<strong>Julia Gutmann<\/strong><br \/>\nAssessoria de Imprensa\u00a0| Quarta Via Comunica\u00e7\u00e3o |\u00a0<strong>Jane Fernandes<\/strong><br \/>\nConcep\u00e7\u00e3o do Trof\u00e9u\u00a0|\u00a0<strong>Lu\u00ed<\/strong><strong>s Parras<br \/>\n<\/strong>Identidade Visual\u00a0|\u00a0<strong>Pierre Themotheo<\/strong><br \/>\nWeb Design | <strong>F\u00e1<\/strong><strong>bio Farani\u00a0\u00a0<\/strong><br \/>\nMonitoria Receptivo\u00a0|\u00a0<strong>Bernardo Santos, Diego Nunes\u00a0<\/strong><br \/>\nMonitoria PANLAB e Oficinas |\u00a0<strong> La\u00eds Machado, P<\/strong><strong>\u00e9<\/strong><strong>ricles e Rani Teles<\/strong><br \/>\nMonitoria Proje\u00e7\u00e3o\u00a0|\u00a0<strong>Tainana Andrade<\/strong><br \/>\nMonitoria Tr\u00e1fego\u00a0|\u00a0<strong>Juliana Timb<\/strong><strong>\u00f3<\/strong><br \/>\nMonitoria Legendagem\u00a0|\u00a0<strong>Dila Reis e Sofia Reis<\/strong><\/p>\n<h2><strong>Equipe Cachoeira<\/strong><\/h2>\n<p>Curadoria e Coordena\u00e7\u00e3o Art\u00edstica |\u00a0<strong>Camila Greg<\/strong><strong>\u00f3<\/strong><strong>rio<br \/>\n<\/strong>Produ\u00e7\u00e3o |\u00a0<strong>Reifra Pimenta<\/strong><br \/>\nAssist\u00eancia de Produ\u00e7\u00e3o |\u00a0<strong>Iago Cordeiro<\/strong><br \/>\nMonitoria Receptivo |\u00a0<strong>\u00c1<\/strong><strong>lex Ant<\/strong><strong>\u00f4<\/strong><strong>nio<br \/>\n<\/strong>Monitoria Mobiliza\u00e7\u00e3o de P\u00fablico |\u00a0<strong>Alderivo Amorim<\/strong><br \/>\nRegistro Fotogr\u00e1fico | <strong>Vict\u00f3ria Nasck<br \/>\n<\/strong>Registro Audiovisual | <strong>Carlos Henrique de Souza<br \/>\n<\/strong>Proje\u00e7\u00e3o | <strong>Samir Suzart<\/strong><\/p>\n","protected":false},"excerpt":{"rendered":"<p>Equipe Salvador Curadoria \/ Programa\u00e7\u00e3o \/ Coordena\u00e7\u00e3o Geral\u00a0|\u00a0Cl\u00e1udio Marques Curadoria \/ Programa\u00e7\u00e3o \/ Coordena\u00e7\u00e3o Geral de Produ\u00e7\u00e3o\u00a0|\u00a0Mar\u00edlia Hughes Curadoria \/ Legendagem \/ Proje\u00e7\u00e3o\u00a0|\u00a0Rafael Saraiva Curadoria \/ Tradu\u00e7\u00e3o \/ Legendagem\u00a0|\u00a0Jo\u00e3o Paulo Barreto Curadoria \/ Programa\u00e7\u00e3o\u00a0|\u00a0Adolfo Gomes, Ceci Alves, Rafael Carvalho e Safira Moreira Coordena\u00e7\u00e3o de Log\u00edstica e Receptivo\u00a0|\u00a0 Rafaela Ara\u00fajo e Michele Perroni Produ\u00e7\u00e3o de Log\u00edstica [&hellip;]<\/p>\n","protected":false},"author":1,"featured_media":0,"parent":21,"menu_order":15,"comment_status":"closed","ping_status":"closed","template":"equipe.php","meta":{"_acf_changed":false,"footnotes":""},"class_list":["post-44","page","type-page","status-publish","hentry"],"acf":[],"_links":{"self":[{"href":"https:\/\/acervo.coisadecinema.com.br\/xv-panorama\/wp-json\/wp\/v2\/pages\/44","targetHints":{"allow":["GET"]}}],"collection":[{"href":"https:\/\/acervo.coisadecinema.com.br\/xv-panorama\/wp-json\/wp\/v2\/pages"}],"about":[{"href":"https:\/\/acervo.coisadecinema.com.br\/xv-panorama\/wp-json\/wp\/v2\/types\/page"}],"author":[{"embeddable":true,"href":"https:\/\/acervo.coisadecinema.com.br\/xv-panorama\/wp-json\/wp\/v2\/users\/1"}],"replies":[{"embeddable":true,"href":"https:\/\/acervo.coisadecinema.com.br\/xv-panorama\/wp-json\/wp\/v2\/comments?post=44"}],"version-history":[{"count":6,"href":"https:\/\/acervo.coisadecinema.com.br\/xv-panorama\/wp-json\/wp\/v2\/pages\/44\/revisions"}],"predecessor-version":[{"id":1527,"href":"https:\/\/acervo.coisadecinema.com.br\/xv-panorama\/wp-json\/wp\/v2\/pages\/44\/revisions\/1527"}],"up":[{"embeddable":true,"href":"https:\/\/acervo.coisadecinema.com.br\/xv-panorama\/wp-json\/wp\/v2\/pages\/21"}],"wp:attachment":[{"href":"https:\/\/acervo.coisadecinema.com.br\/xv-panorama\/wp-json\/wp\/v2\/media?parent=44"}],"curies":[{"name":"wp","href":"https:\/\/api.w.org\/{rel}","templated":true}]}}