{"id":40,"date":"2018-10-29T23:33:22","date_gmt":"2018-10-30T01:33:22","guid":{"rendered":"http:\/\/coisadecinema.com.br\/xiv-panorama\/?page_id=40"},"modified":"2019-10-23T12:41:45","modified_gmt":"2019-10-23T14:41:45","slug":"premiacao","status":"publish","type":"page","link":"https:\/\/acervo.coisadecinema.com.br\/xv-panorama\/apresentacao\/premiacao\/","title":{"rendered":"Premia\u00e7\u00e3o"},"content":{"rendered":"<h1>Premia\u00e7\u00e3o<br \/>\nCompetitiva<br \/>\nCachoeira<\/h1>\n<h2>Melhor Filme de Longa Metragem<\/h2>\n<ul>\n<li>A <strong>Ladeira Looping<\/strong>, empresa de anima\u00e7\u00e3o e finaliza\u00e7\u00e3o oferece ao vencedor uma exporta\u00e7\u00e3o em DCP (HD+5.1).<\/li>\n<\/ul>\n<p>&nbsp;<\/p>\n<h1>Premia\u00e7\u00e3o<br \/>\nCompetitiva<br \/>\nBaiana<\/h1>\n<h2>Melhor Filme<\/h2>\n<ul>\n<li>R$ 4.000,00 (quatro mil reais) \u2013 servi\u00e7os de p\u00f3s-produ\u00e7\u00e3o de imagem da empresa\u00a0<strong>Griot<\/strong><\/li>\n<li>2 di\u00e1rias de capta\u00e7\u00e3o de som direto por <strong>Marcelo Benedicts<\/strong> (validade de 1 ano a partir do dia 06\/12\/2019)<\/li>\n<\/ul>\n<p>&nbsp;<\/p>\n<h1>Premia\u00e7\u00e3o<br \/>\nCompetitiva<br \/>\nNacional<\/h1>\n<h2>Melhor Curta-Metragem<\/h2>\n<p><strong>Pr\u00eamio Edina Fujii \u2013 CiaRio<\/strong>, no valor de R$ 8.000,00 (oito mil reais) em loca\u00e7\u00e3o de equipamentos de ilumina\u00e7\u00e3o, acess\u00f3rios e maquin\u00e1ria da empresa <strong>NAYMAR<\/strong>, sendo sua validade de 1 (um) ano.<\/p>\n<p>&nbsp;<\/p>\n<h2>Melhor Longa-Metragem<\/h2>\n<p><strong>Pr\u00eamio Edina Fujii \u2013 CiaRio<\/strong>, no valor de R$ 16.000,00 (dezesseis mil reais) em loca\u00e7\u00e3o de equipamentos de ilumina\u00e7\u00e3o, acess\u00f3rios e maquin\u00e1ria da empresa <strong>NAYMAR<\/strong>, sendo sua validade de 2 (dois) anos.<\/p>\n<p>&nbsp;<\/p>\n<h2>Outros<\/h2>\n<p><strong>Pr\u00eamio IndieLisboa<\/strong> destinado a <strong>1 curta e\/ou 1 longa-metragem da Mostra Competitiva Nacional<\/strong>, que ser\u00e1 exibido na pr\u00f3xima edi\u00e7\u00e3o do festival IndieLisboa em Portugal.<\/p>\n<p>&nbsp;<\/p>\n<p><strong>Pr\u00eamio de Aquisi\u00e7\u00e3o Elo Company<\/strong> destinado a <strong>01 longa-metragem ou curta-metragem da Competi\u00e7\u00e3o Nacional<\/strong>, consistindo na representa\u00e7\u00e3o comercial, em territ\u00f3rio internacional, da obra escolhida pelo per\u00edodo de 12 (doze) meses, nas m\u00eddias cinema, extra-cinema, TVs (aberta e fechada), meios de transporte\/Airlines, v\u00eddeo on demand e internet. A representa\u00e7\u00e3o tamb\u00e9m incluir\u00e1 o valor de R$ 5.000,00 (cinco mil reais) para a empresa produtora do t\u00edtulo.<\/p>\n<p>&nbsp;<\/p>\n<p><strong>Pr\u00eamio Mistika <\/strong>de R$ 15.000,00 (quinze mil reais) em Servi\u00e7os de P\u00f3s-Produ\u00e7\u00e3o de Imagem para o <strong>Melhor Longa da Mostra Competitiva Nacional<\/strong> do XV Panorama Internacional Coisa de Cinema (prazo de validade de 1 ano a contar da data da premia\u00e7\u00e3o e uso exclusivo e restrito pelo produtor e\/ou diretor da obra vencedora e com concord\u00e2ncia entre as partes).<\/p>\n<p>&nbsp;<\/p>\n<p><strong>Pr\u00eamio Mistika <\/strong>de R$ 5.000,00 (cinco mil reais) em Servi\u00e7os de P\u00f3s-Produ\u00e7\u00e3o de Imagem para o <strong>Melhor Curta da Mostra Competitiva Nacional<\/strong> do XV Panorama Internacional Coisa de Cinema (prazo de validade de 1 ano a contar da data da premia\u00e7\u00e3o e uso exclusivo e restrito pelo produtor e\/ou diretor da obra vencedora e com concord\u00e2ncia entre as partes).<\/p>\n<p>&nbsp;<\/p>\n<p>&nbsp;<\/p>\n<p>&nbsp;<\/p>\n","protected":false},"excerpt":{"rendered":"<p>Premia\u00e7\u00e3o Competitiva Cachoeira Melhor Filme de Longa Metragem A Ladeira Looping, empresa de anima\u00e7\u00e3o e finaliza\u00e7\u00e3o oferece ao vencedor uma exporta\u00e7\u00e3o em DCP (HD+5.1). &nbsp; Premia\u00e7\u00e3o Competitiva Baiana Melhor Filme R$ 4.000,00 (quatro mil reais) \u2013 servi\u00e7os de p\u00f3s-produ\u00e7\u00e3o de imagem da empresa\u00a0Griot 2 di\u00e1rias de capta\u00e7\u00e3o de som direto por Marcelo Benedicts (validade de [&hellip;]<\/p>\n","protected":false},"author":1,"featured_media":0,"parent":21,"menu_order":30,"comment_status":"closed","ping_status":"closed","template":"premiacao.php","meta":{"_acf_changed":false,"footnotes":""},"class_list":["post-40","page","type-page","status-publish","hentry"],"acf":[],"_links":{"self":[{"href":"https:\/\/acervo.coisadecinema.com.br\/xv-panorama\/wp-json\/wp\/v2\/pages\/40","targetHints":{"allow":["GET"]}}],"collection":[{"href":"https:\/\/acervo.coisadecinema.com.br\/xv-panorama\/wp-json\/wp\/v2\/pages"}],"about":[{"href":"https:\/\/acervo.coisadecinema.com.br\/xv-panorama\/wp-json\/wp\/v2\/types\/page"}],"author":[{"embeddable":true,"href":"https:\/\/acervo.coisadecinema.com.br\/xv-panorama\/wp-json\/wp\/v2\/users\/1"}],"replies":[{"embeddable":true,"href":"https:\/\/acervo.coisadecinema.com.br\/xv-panorama\/wp-json\/wp\/v2\/comments?post=40"}],"version-history":[{"count":9,"href":"https:\/\/acervo.coisadecinema.com.br\/xv-panorama\/wp-json\/wp\/v2\/pages\/40\/revisions"}],"predecessor-version":[{"id":998,"href":"https:\/\/acervo.coisadecinema.com.br\/xv-panorama\/wp-json\/wp\/v2\/pages\/40\/revisions\/998"}],"up":[{"embeddable":true,"href":"https:\/\/acervo.coisadecinema.com.br\/xv-panorama\/wp-json\/wp\/v2\/pages\/21"}],"wp:attachment":[{"href":"https:\/\/acervo.coisadecinema.com.br\/xv-panorama\/wp-json\/wp\/v2\/media?parent=40"}],"curies":[{"name":"wp","href":"https:\/\/api.w.org\/{rel}","templated":true}]}}