{"id":23,"date":"2018-10-29T01:21:51","date_gmt":"2018-10-29T03:21:51","guid":{"rendered":"http:\/\/coisadecinema.com.br\/xiv-panorama\/?page_id=23"},"modified":"2019-10-12T00:29:29","modified_gmt":"2019-10-12T03:29:29","slug":"panorama-2018","status":"publish","type":"page","link":"https:\/\/acervo.coisadecinema.com.br\/xv-panorama\/apresentacao\/panorama-2018\/","title":{"rendered":"Panorama 2019"},"content":{"rendered":"<h2><strong>Envelhecer dez anos em dez meses<\/strong><\/h2>\n<p>2019 ainda n\u00e3o acabou, mas quem trabalha com cultura j\u00e1 envelheceu uma d\u00e9cada nesses meses. Havia um pacto, que vinha sendo constru\u00eddo desde 2001, ap\u00f3s a cria\u00e7\u00e3o da Ancine. Um marco onde se dizia com todas as letras que o audiovisual \u00e9 um setor vital para o desenvolvimento do pa\u00eds. Ano ap\u00f3s ano, pol\u00edticas p\u00fablicas foram pensadas e discutidas \u00e0 exaust\u00e3o. Colocadas em pr\u00e1tica, cerca de 300 mil trabalhadores se aglutinaram e estruturaram suas vidas em torno dessa atividade.<br \/>\nMas, esse pacto est\u00e1 sendo desrespeitado, desconstru\u00eddo e atacado frontalmente. A atividade audiovisual est\u00e1 na UTI. Apesar do sucesso nos festivais mundo afora, em 2019 muitos festivais deixaram de acontecer e muitas produ\u00e7\u00f5es foram interrompidas. N\u00e3o sabemos como ser\u00e1 o futuro pr\u00f3ximo de quem acreditou e se estabeleceu em torno desse acordo. Diversas produtoras est\u00e3o sendo fechadas, quem pode vai embora do pa\u00eds ou compra uma terrinha no interior.<br \/>\nNesse cen\u00e1rio de crise, o Panorama completa sua d\u00e9cima quinta edi\u00e7\u00e3o. J\u00e1 \u00e9 poss\u00edvel v\u00ea-lo como um adolescente, que sonha em destruir o Drag\u00e3o da Maldade e ainda acredita em um mundo mais justo. Que quer voar alto como o Superoutro, se desprendendo da mesquinhez que o aprisiona numa sociedade med\u00edocre.<br \/>\nMas, esse tempo vai passar! Passou o tempo dos militares, de Collor, de outros tantos tiranos e hip\u00f3critas. A arte fica!<\/p>\n<p><strong>Por Cl\u00e1udio Marques<\/strong><\/p>\n<p>&nbsp;<\/p>\n<h2><strong>Quinze edi<\/strong><strong>\u00e7\u00f5es de amor ao cinema<\/strong><\/h2>\n<p>Os anos 2000 marcam o in\u00edcio de um cont\u00ednuo e crescente investimento no setor audiovisual. Foi nesse momento que nasceu o Panorama Internacional Coisa de Cinema. Em 2002, aconteceu a primeira edi\u00e7\u00e3o do festival (ainda sem nenhum investimento do governo). Naquela \u00e9poca, eu voltava a morar em Salvador ap\u00f3s uma temporada em outro pa\u00eds. Eu j\u00e1 alimentava o desejo de ver e fazer cinema, de ser parte dessa comunidade na Bahia e no Brasil. Mas, tudo me parecia distante e improv\u00e1vel. Ao chegar na Sala Walter da Silveira lotada, sede do festival naquela primeira edi\u00e7\u00e3o, eu encontrei na cadeira do cinema o jornal \u201cCoisa de Cinema\u201d, que trazia uma mat\u00e9ria de capa com o filme que ver\u00edamos na tela. Nada menos que &#8220;O Invasor&#8221;, de Beto Brant. Eu lembro que fui arrebatada por aquela experi\u00eancia inteira (jornal + festival + filme incr\u00edvel + debate). Eu percebi que poderia encontrar em minha terra o que eu estava procurando em outros lugares.<br \/>\nEm 2009, eu me tornei coordenadora do festival e passei a lutar por sua consolida\u00e7\u00e3o. Em 2019, o Panorama completa quinze edi\u00e7\u00f5es. O meu maior est\u00edmulo nessa batalha de manter o Panorama vivo, ano ap\u00f3s ano, \u00e9 saber o quanto essa experi\u00eancia t\u00e3o intensa que um festival proporciona pode ser transformadora para aqueles que, como eu, amam o cinema.<br \/>\nInfelizmente, em 2019, depois de muitos avan\u00e7os, o nosso setor pode sofrer forte retrocesso. Querem calar a nossa voz. Mas, isso n\u00e3o \u00e9 poss\u00edvel. Mais uma vez, estaremos reunidos ao longo de oito dias de festival em defesa do cinema e da liberdade de express\u00e3o.<\/p>\n<p><strong>Por Mar\u00edlia Hughes<\/strong><\/p>\n","protected":false},"excerpt":{"rendered":"<p>Envelhecer dez anos em dez meses 2019 ainda n\u00e3o acabou, mas quem trabalha com cultura j\u00e1 envelheceu uma d\u00e9cada nesses meses. Havia um pacto, que vinha sendo constru\u00eddo desde 2001, ap\u00f3s a cria\u00e7\u00e3o da Ancine. Um marco onde se dizia com todas as letras que o audiovisual \u00e9 um setor vital para o desenvolvimento do [&hellip;]<\/p>\n","protected":false},"author":1,"featured_media":0,"parent":21,"menu_order":28,"comment_status":"closed","ping_status":"closed","template":"page-panorama.php","meta":{"_acf_changed":false,"footnotes":""},"class_list":["post-23","page","type-page","status-publish","hentry"],"acf":[],"_links":{"self":[{"href":"https:\/\/acervo.coisadecinema.com.br\/xv-panorama\/wp-json\/wp\/v2\/pages\/23","targetHints":{"allow":["GET"]}}],"collection":[{"href":"https:\/\/acervo.coisadecinema.com.br\/xv-panorama\/wp-json\/wp\/v2\/pages"}],"about":[{"href":"https:\/\/acervo.coisadecinema.com.br\/xv-panorama\/wp-json\/wp\/v2\/types\/page"}],"author":[{"embeddable":true,"href":"https:\/\/acervo.coisadecinema.com.br\/xv-panorama\/wp-json\/wp\/v2\/users\/1"}],"replies":[{"embeddable":true,"href":"https:\/\/acervo.coisadecinema.com.br\/xv-panorama\/wp-json\/wp\/v2\/comments?post=23"}],"version-history":[{"count":7,"href":"https:\/\/acervo.coisadecinema.com.br\/xv-panorama\/wp-json\/wp\/v2\/pages\/23\/revisions"}],"predecessor-version":[{"id":874,"href":"https:\/\/acervo.coisadecinema.com.br\/xv-panorama\/wp-json\/wp\/v2\/pages\/23\/revisions\/874"}],"up":[{"embeddable":true,"href":"https:\/\/acervo.coisadecinema.com.br\/xv-panorama\/wp-json\/wp\/v2\/pages\/21"}],"wp:attachment":[{"href":"https:\/\/acervo.coisadecinema.com.br\/xv-panorama\/wp-json\/wp\/v2\/media?parent=23"}],"curies":[{"name":"wp","href":"https:\/\/api.w.org\/{rel}","templated":true}]}}