{"id":30994,"date":"2024-03-11T14:33:44","date_gmt":"2024-03-11T17:33:44","guid":{"rendered":"https:\/\/panorama.coisadecinema.com.br\/?page_id=30994"},"modified":"2024-03-11T14:33:44","modified_gmt":"2024-03-11T17:33:44","slug":"juri-premio-gama","status":"publish","type":"page","link":"https:\/\/acervo.coisadecinema.com.br\/xix-panorama\/o-festival\/juris\/juri-premio-gama\/","title":{"rendered":"J\u00fari Pr\u00eamio GAMA"},"content":{"rendered":"<p><div class=\"fusion-fullwidth fullwidth-box fusion-builder-row-1 fusion-flex-container has-pattern-background has-mask-background fusion-parallax-none hundred-percent-fullwidth non-hundred-percent-height-scrolling lazyload\" style=\"--awb-background-position:center top;--awb-border-radius-top-left:0px;--awb-border-radius-top-right:0px;--awb-border-radius-bottom-right:0px;--awb-border-radius-bottom-left:0px;--awb-padding-top:150px;--awb-padding-right:6%;--awb-padding-bottom:0px;--awb-padding-left:6%;--awb-padding-top-small:120px;--awb-padding-right-small:6%;--awb-padding-left-small:6%;--awb-background-image:linear-gradient(180deg, rgba(255,255,255,0) 0%,var(--awb-color5) 35%);;--awb-background-size:cover;--awb-flex-wrap:wrap;\" data-bg=\"https:\/\/panorama.coisadecinema.com.br\/wp-content\/uploads\/2024\/02\/bg-textura-pagina.jpg\" data-bg-gradient=\"linear-gradient(180deg, rgba(255,255,255,0) 0%,var(--awb-color5) 35%)\" ><div class=\"fusion-builder-row fusion-row fusion-flex-align-items-flex-start fusion-flex-justify-content-space-between fusion-flex-content-wrap\" style=\"width:104% !important;max-width:104% !important;margin-left: calc(-4% \/ 2 );margin-right: calc(-4% \/ 2 );\"><div class=\"fusion-layout-column fusion_builder_column fusion-builder-column-0 fusion_builder_column_1_1 1_1 fusion-flex-column\" style=\"--awb-bg-blend:overlay;--awb-bg-size:cover;--awb-width-large:100%;--awb-margin-top-large:0px;--awb-spacing-right-large:1.92%;--awb-margin-bottom-large:60px;--awb-spacing-left-large:1.92%;--awb-width-medium:100%;--awb-spacing-right-medium:1.92%;--awb-spacing-left-medium:1.92%;--awb-width-small:100%;--awb-spacing-right-small:1.92%;--awb-spacing-left-small:1.92%;\"><div class=\"fusion-column-wrapper fusion-flex-justify-content-flex-start fusion-content-layout-column\"><div class=\"fusion-title title fusion-title-1 fusion-sep-none fusion-title-text fusion-title-size-one\" style=\"--awb-margin-bottom:10px;\"><h1 class=\"fusion-title-heading title-heading-left sm-text-align-center\" style=\"margin:0;\">J\u00fari Pr\u00eamio GAMA &#8211; Curta-metragem de Anima\u00e7\u00e3o<\/h1><\/div><\/div><\/div><\/div><\/div><div class=\"fusion-fullwidth fullwidth-box fusion-builder-row-2 fusion-flex-container has-pattern-background has-mask-background hundred-percent-fullwidth non-hundred-percent-height-scrolling\" style=\"--awb-border-radius-top-left:0px;--awb-border-radius-top-right:0px;--awb-border-radius-bottom-right:0px;--awb-border-radius-bottom-left:0px;--awb-padding-right:6%;--awb-padding-bottom:90px;--awb-padding-left:6%;--awb-background-color:var(--awb-color5);--awb-flex-wrap:wrap;\" ><div class=\"fusion-builder-row fusion-row fusion-flex-align-items-flex-start fusion-flex-content-wrap\" style=\"width:104% !important;max-width:104% !important;margin-left: calc(-4% \/ 2 );margin-right: calc(-4% \/ 2 );\"><div class=\"fusion-layout-column fusion_builder_column fusion-builder-column-1 fusion_builder_column_1_3 1_3 fusion-flex-column\" style=\"--awb-bg-size:cover;--awb-width-large:33.333333333333%;--awb-margin-top-large:0px;--awb-spacing-right-large:5.76%;--awb-margin-bottom-large:0px;--awb-spacing-left-large:5.76%;--awb-width-medium:33.333333333333%;--awb-order-medium:0;--awb-spacing-right-medium:5.76%;--awb-spacing-left-medium:5.76%;--awb-width-small:100%;--awb-order-small:0;--awb-spacing-right-small:1.92%;--awb-spacing-left-small:1.92%;\"><div class=\"fusion-column-wrapper fusion-column-has-shadow fusion-flex-justify-content-flex-start fusion-content-layout-column\"><div class=\"fusion-image-element \" style=\"text-align:center;--awb-aspect-ratio:1 \/ 1;--awb-object-position:51% 0%;--awb-margin-bottom:10px;--awb-max-width:80%;--awb-caption-title-font-family:var(--h2_typography-font-family);--awb-caption-title-font-weight:var(--h2_typography-font-weight);--awb-caption-title-font-style:var(--h2_typography-font-style);--awb-caption-title-size:var(--h2_typography-font-size);--awb-caption-title-transform:var(--h2_typography-text-transform);--awb-caption-title-line-height:var(--h2_typography-line-height);--awb-caption-title-letter-spacing:var(--h2_typography-letter-spacing);\"><div style=\"display:inline-block;width:80%;\"><span class=\" fusion-imageframe imageframe-none imageframe-1 hover-type-none has-aspect-ratio\" style=\"border-radius:50%;\"><img decoding=\"async\" width=\"1000\" height=\"1000\" title=\"Jose\u0301Araripe\" src=\"https:\/\/acervo.coisadecinema.com.br\/xix-panorama\/wp-content\/uploads\/2024\/03\/JoseAraripe.webp\" data-orig-src=\"https:\/\/panorama.coisadecinema.com.br\/wp-content\/uploads\/2024\/03\/JoseAraripe.webp\" class=\"lazyload img-responsive wp-image-30996 img-with-aspect-ratio\" alt srcset=\"data:image\/svg+xml,%3Csvg%20xmlns%3D%27http%3A%2F%2Fwww.w3.org%2F2000%2Fsvg%27%20width%3D%271000%27%20height%3D%271000%27%20viewBox%3D%270%200%201000%201000%27%3E%3Crect%20width%3D%271000%27%20height%3D%271000%27%20fill-opacity%3D%220%22%2F%3E%3C%2Fsvg%3E\" data-srcset=\"https:\/\/acervo.coisadecinema.com.br\/xix-panorama\/wp-content\/uploads\/2024\/03\/JoseAraripe-66x66.webp 66w, https:\/\/acervo.coisadecinema.com.br\/xix-panorama\/wp-content\/uploads\/2024\/03\/JoseAraripe-150x150.webp 150w, https:\/\/acervo.coisadecinema.com.br\/xix-panorama\/wp-content\/uploads\/2024\/03\/JoseAraripe-200x200.webp 200w, https:\/\/acervo.coisadecinema.com.br\/xix-panorama\/wp-content\/uploads\/2024\/03\/JoseAraripe-300x300.webp 300w, https:\/\/acervo.coisadecinema.com.br\/xix-panorama\/wp-content\/uploads\/2024\/03\/JoseAraripe-400x400.webp 400w, https:\/\/acervo.coisadecinema.com.br\/xix-panorama\/wp-content\/uploads\/2024\/03\/JoseAraripe-600x600.webp 600w, https:\/\/acervo.coisadecinema.com.br\/xix-panorama\/wp-content\/uploads\/2024\/03\/JoseAraripe-768x768.webp 768w, https:\/\/acervo.coisadecinema.com.br\/xix-panorama\/wp-content\/uploads\/2024\/03\/JoseAraripe-800x800.webp 800w, https:\/\/acervo.coisadecinema.com.br\/xix-panorama\/wp-content\/uploads\/2024\/03\/JoseAraripe.webp 1000w\" data-sizes=\"auto\" data-orig-sizes=\"(max-width: 640px) 100vw, 400px\" \/><\/span><\/div><\/div><div class=\"fusion-title title fusion-title-2 fusion-sep-none fusion-title-center fusion-title-text fusion-title-size-two\" style=\"--awb-text-color:var(--awb-color6);--awb-margin-bottom:0px;--awb-margin-bottom-small:0px;\"><h2 class=\"fusion-title-heading title-heading-center\" style=\"margin:0;text-transform:none;\">Jos\u00e9 Araripe Jr.<\/h2><\/div><div class=\"fusion-title title fusion-title-3 fusion-sep-none fusion-title-center fusion-title-text fusion-title-size-three\" style=\"--awb-text-color:var(--awb-color6);--awb-margin-bottom:0px;--awb-margin-bottom-small:0px;--awb-font-size:20px;\"><h3 class=\"fusion-title-heading title-heading-center\" style=\"font-family:&quot;Cairo&quot;;font-style:normal;font-weight:500;margin:0;font-size:1em;text-transform:none;\">GAMA (Associa\u00e7\u00e3o de Games e Anima\u00e7\u00e3o)<\/h3><\/div><\/div><\/div><div class=\"fusion-layout-column fusion_builder_column fusion-builder-column-2 fusion_builder_column_2_3 2_3 fusion-flex-column\" style=\"--awb-bg-size:cover;--awb-width-large:66.666666666667%;--awb-margin-top-large:0px;--awb-spacing-right-large:2.88%;--awb-margin-bottom-large:0px;--awb-spacing-left-large:2.88%;--awb-width-medium:66.666666666667%;--awb-order-medium:0;--awb-spacing-right-medium:2.88%;--awb-spacing-left-medium:2.88%;--awb-width-small:100%;--awb-order-small:0;--awb-spacing-right-small:1.92%;--awb-spacing-left-small:1.92%;\"><div class=\"fusion-column-wrapper fusion-column-has-shadow fusion-flex-justify-content-flex-start fusion-content-layout-column\"><div class=\"fusion-text fusion-text-1 sm-text-align-center\"><p>Jos\u00e9 Araripe Jr. o Arara, \u00e9 roteirista e diretor de filmes e s\u00e9ries.Ilustrador e escritor, tem gradua\u00e7\u00e3o de Artista pl\u00e1stico e cursou p\u00f3s gradua\u00e7\u00e3o de Cinema de Anima\u00e7\u00e3o na PUC\/RJ. Realizou a s\u00e9rie de anima\u00e7\u00e3o em 3D, \u201cCain\u00e3, o morador do mato\u201d, e o curta E.T.\u00edlico.<\/p>\n<p>Atualmente finaliza as s\u00e9ries:  \u201cP\u00e9 e Cabe\u00e7a\u201d e \u201cO Spa das Tartarugas\u201d. Premiado nos principais festivais brasileiros, com fic\u00e7\u00f5es living action, recentemente exibiu em televis\u00e3o as s\u00e9ries documentais \u201cO Pa\u00eds da Poesia Popular\u201d e \u201cHiper Praia\u201d. No Panorama Internacional de Cinema deste ano lan\u00e7a seu primeiro livro de contos: \u201cLili \u00e9 dama e usa patins mentais\u201d<\/p>\n<\/div><\/div><\/div><\/div><\/div><div class=\"fusion-fullwidth fullwidth-box fusion-builder-row-3 fusion-flex-container has-pattern-background has-mask-background hundred-percent-fullwidth non-hundred-percent-height-scrolling\" style=\"--awb-border-radius-top-left:0px;--awb-border-radius-top-right:0px;--awb-border-radius-bottom-right:0px;--awb-border-radius-bottom-left:0px;--awb-padding-right:6%;--awb-padding-bottom:90px;--awb-padding-left:6%;--awb-background-color:var(--awb-color5);--awb-flex-wrap:wrap;\" ><div class=\"fusion-builder-row fusion-row fusion-flex-align-items-flex-start fusion-flex-content-wrap\" style=\"width:104% !important;max-width:104% !important;margin-left: calc(-4% \/ 2 );margin-right: calc(-4% \/ 2 );\"><div class=\"fusion-layout-column fusion_builder_column fusion-builder-column-3 fusion_builder_column_1_3 1_3 fusion-flex-column\" style=\"--awb-bg-size:cover;--awb-width-large:33.333333333333%;--awb-margin-top-large:0px;--awb-spacing-right-large:5.76%;--awb-margin-bottom-large:0px;--awb-spacing-left-large:5.76%;--awb-width-medium:33.333333333333%;--awb-order-medium:0;--awb-spacing-right-medium:5.76%;--awb-spacing-left-medium:5.76%;--awb-width-small:100%;--awb-order-small:0;--awb-spacing-right-small:1.92%;--awb-spacing-left-small:1.92%;\"><div class=\"fusion-column-wrapper fusion-column-has-shadow fusion-flex-justify-content-flex-start fusion-content-layout-column\"><div class=\"fusion-image-element \" style=\"text-align:center;--awb-aspect-ratio:1 \/ 1;--awb-object-position:51% 0%;--awb-margin-bottom:10px;--awb-max-width:80%;--awb-caption-title-font-family:var(--h2_typography-font-family);--awb-caption-title-font-weight:var(--h2_typography-font-weight);--awb-caption-title-font-style:var(--h2_typography-font-style);--awb-caption-title-size:var(--h2_typography-font-size);--awb-caption-title-transform:var(--h2_typography-text-transform);--awb-caption-title-line-height:var(--h2_typography-line-height);--awb-caption-title-letter-spacing:var(--h2_typography-letter-spacing);\"><div style=\"display:inline-block;width:80%;\"><span class=\" fusion-imageframe imageframe-none imageframe-2 hover-type-none has-aspect-ratio\" style=\"border-radius:50%;\"><img decoding=\"async\" width=\"1000\" height=\"1000\" title=\"Leonardo Silva\" src=\"https:\/\/acervo.coisadecinema.com.br\/xix-panorama\/wp-content\/uploads\/2024\/03\/Leonardo-Silva.webp\" data-orig-src=\"https:\/\/panorama.coisadecinema.com.br\/wp-content\/uploads\/2024\/03\/Leonardo-Silva.webp\" class=\"lazyload img-responsive wp-image-30998 img-with-aspect-ratio\" alt srcset=\"data:image\/svg+xml,%3Csvg%20xmlns%3D%27http%3A%2F%2Fwww.w3.org%2F2000%2Fsvg%27%20width%3D%271000%27%20height%3D%271000%27%20viewBox%3D%270%200%201000%201000%27%3E%3Crect%20width%3D%271000%27%20height%3D%271000%27%20fill-opacity%3D%220%22%2F%3E%3C%2Fsvg%3E\" data-srcset=\"https:\/\/acervo.coisadecinema.com.br\/xix-panorama\/wp-content\/uploads\/2024\/03\/Leonardo-Silva-66x66.webp 66w, https:\/\/acervo.coisadecinema.com.br\/xix-panorama\/wp-content\/uploads\/2024\/03\/Leonardo-Silva-150x150.webp 150w, https:\/\/acervo.coisadecinema.com.br\/xix-panorama\/wp-content\/uploads\/2024\/03\/Leonardo-Silva-200x200.webp 200w, https:\/\/acervo.coisadecinema.com.br\/xix-panorama\/wp-content\/uploads\/2024\/03\/Leonardo-Silva-300x300.webp 300w, https:\/\/acervo.coisadecinema.com.br\/xix-panorama\/wp-content\/uploads\/2024\/03\/Leonardo-Silva-400x400.webp 400w, https:\/\/acervo.coisadecinema.com.br\/xix-panorama\/wp-content\/uploads\/2024\/03\/Leonardo-Silva-600x600.webp 600w, https:\/\/acervo.coisadecinema.com.br\/xix-panorama\/wp-content\/uploads\/2024\/03\/Leonardo-Silva-768x768.webp 768w, https:\/\/acervo.coisadecinema.com.br\/xix-panorama\/wp-content\/uploads\/2024\/03\/Leonardo-Silva-800x800.webp 800w, https:\/\/acervo.coisadecinema.com.br\/xix-panorama\/wp-content\/uploads\/2024\/03\/Leonardo-Silva.webp 1000w\" data-sizes=\"auto\" data-orig-sizes=\"(max-width: 640px) 100vw, 400px\" \/><\/span><\/div><\/div><div class=\"fusion-title title fusion-title-4 fusion-sep-none fusion-title-center fusion-title-text fusion-title-size-two\" style=\"--awb-text-color:var(--awb-color6);--awb-margin-bottom:0px;--awb-margin-bottom-small:0px;\"><h2 class=\"fusion-title-heading title-heading-center\" style=\"margin:0;text-transform:none;\">Leonardo Silva<\/h2><\/div><div class=\"fusion-title title fusion-title-5 fusion-sep-none fusion-title-center fusion-title-text fusion-title-size-three\" style=\"--awb-text-color:var(--awb-color6);--awb-margin-bottom:0px;--awb-margin-bottom-small:0px;--awb-font-size:20px;\"><h3 class=\"fusion-title-heading title-heading-center\" style=\"font-family:&quot;Cairo&quot;;font-style:normal;font-weight:500;margin:0;font-size:1em;text-transform:none;\">GAMA (Associa\u00e7\u00e3o de Games e Anima\u00e7\u00e3o)<\/h3><\/div><\/div><\/div><div class=\"fusion-layout-column fusion_builder_column fusion-builder-column-4 fusion_builder_column_2_3 2_3 fusion-flex-column\" style=\"--awb-bg-size:cover;--awb-width-large:66.666666666667%;--awb-margin-top-large:0px;--awb-spacing-right-large:2.88%;--awb-margin-bottom-large:0px;--awb-spacing-left-large:2.88%;--awb-width-medium:66.666666666667%;--awb-order-medium:0;--awb-spacing-right-medium:2.88%;--awb-spacing-left-medium:2.88%;--awb-width-small:100%;--awb-order-small:0;--awb-spacing-right-small:1.92%;--awb-spacing-left-small:1.92%;\"><div class=\"fusion-column-wrapper fusion-column-has-shadow fusion-flex-justify-content-flex-start fusion-content-layout-column\"><div class=\"fusion-text fusion-text-2 sm-text-align-center\"><p>Diretor\/Fundador da Mantra Filmes, \u00e9 publicit\u00e1rio de forma\u00e7\u00e3o, diretor e produtor audiovisual que, nos \u00faltimos anos, vem produzindo projetos autorais e sob demanda em todas as linguagens (Fic\u00e7\u00e3o, Anima\u00e7\u00e3o, Document\u00e1rio e Games) para o mercado baiano e outras cidades do Brasil. Atualmente ocupa o cargo de Presidente da GAMA<br \/>(Associa\u00e7\u00e3o de Produtores de Games e Anima\u00e7\u00e3o).<\/p>\n<p>\u00c9 Diretor e Produtor Executivo das s\u00e9ries de anima\u00e7\u00e3o 3D &#8211; Pedro e a Pedra Secreta e Port\u00e3o M\u00e1gico.<\/p>\n<p>Realizou, no in\u00edcio da carreira, obras publicit\u00e1rias para clientes como a Vivo, Rede Bahia, Dow Qu\u00edmica entre outros do mercado baiano. Em 2010 e 2011 produziu a campanha publicit\u00e1ria do Festival de Ver\u00e3o de Salvador. Em 2012 realizou a produ\u00e7\u00e3o do curta FIRE WEST, selecionado no Festival Internacional BRASIL STOPMOTION; Em 2013 e 2014 realizou em co-produ\u00e7\u00e3o com a produtora Larty Mark a s\u00e9rie Mistureba, com 6 epis\u00f3dios de 3&#8242; cada temporada para a TVE-BA durante sua programa\u00e7\u00e3o de Carnaval; Em 2017 e 1018 dirigiu e produziu a primeira temporada dos clipes musicais em anima\u00e7\u00e3o A Turma do Pula-pula. A partir de ent\u00e3o lidera a produ\u00e7\u00e3o de diversas obras com destaque para as anima\u00e7\u00f5es e games. Em 2024 iniciar\u00e1 a produ\u00e7\u00e3o do primeiro longa-metragem como diretor: Edy, o E.T. que d\u00e1 samba.<\/p>\n<\/div><\/div><\/div><\/div><\/div><\/p>\n","protected":false},"excerpt":{"rendered":"","protected":false},"author":607,"featured_media":0,"parent":30115,"menu_order":0,"comment_status":"closed","ping_status":"closed","template":"100-width.php","meta":{"_acf_changed":false,"footnotes":""},"class_list":["post-30994","page","type-page","status-publish","hentry"],"acf":[],"yoast_head":"<!-- This site is optimized with the Yoast SEO plugin v25.7 - https:\/\/yoast.com\/wordpress\/plugins\/seo\/ -->\n<title>J\u00fari Pr\u00eamio GAMA - XIX Panorama Internacional Coisa de Cinema<\/title>\n<meta name=\"robots\" content=\"index, follow, max-snippet:-1, max-image-preview:large, max-video-preview:-1\" \/>\n<link rel=\"canonical\" href=\"https:\/\/acervo.coisadecinema.com.br\/xix-panorama\/o-festival\/juris\/juri-premio-gama\/\" \/>\n<meta property=\"og:locale\" content=\"pt_BR\" \/>\n<meta property=\"og:type\" content=\"article\" \/>\n<meta property=\"og:title\" content=\"J\u00fari Pr\u00eamio GAMA - XIX Panorama Internacional Coisa de Cinema\" \/>\n<meta property=\"og:url\" content=\"https:\/\/acervo.coisadecinema.com.br\/xix-panorama\/o-festival\/juris\/juri-premio-gama\/\" \/>\n<meta property=\"og:site_name\" content=\"XIX Panorama Internacional Coisa de Cinema\" \/>\n<meta property=\"og:image\" content=\"https:\/\/acervo.coisadecinema.com.br\/xix-panorama\/wp-content\/uploads\/2024\/02\/site-2100x900-1.webp\" \/>\n\t<meta property=\"og:image:width\" content=\"2100\" \/>\n\t<meta property=\"og:image:height\" content=\"900\" \/>\n\t<meta property=\"og:image:type\" content=\"image\/webp\" \/>\n<meta name=\"twitter:card\" content=\"summary_large_image\" \/>\n<meta name=\"twitter:label1\" content=\"Est. tempo de leitura\" \/>\n\t<meta name=\"twitter:data1\" content=\"16 minutos\" \/>\n<script type=\"application\/ld+json\" class=\"yoast-schema-graph\">{\"@context\":\"https:\/\/schema.org\",\"@graph\":[{\"@type\":\"WebPage\",\"@id\":\"https:\/\/acervo.coisadecinema.com.br\/xix-panorama\/o-festival\/juris\/juri-premio-gama\/\",\"url\":\"https:\/\/acervo.coisadecinema.com.br\/xix-panorama\/o-festival\/juris\/juri-premio-gama\/\",\"name\":\"J\u00fari Pr\u00eamio GAMA - XIX Panorama Internacional Coisa de Cinema\",\"isPartOf\":{\"@id\":\"https:\/\/acervo.coisadecinema.com.br\/xix-panorama\/#website\"},\"datePublished\":\"2024-03-11T17:33:44+00:00\",\"breadcrumb\":{\"@id\":\"https:\/\/acervo.coisadecinema.com.br\/xix-panorama\/o-festival\/juris\/juri-premio-gama\/#breadcrumb\"},\"inLanguage\":\"pt-BR\",\"potentialAction\":[{\"@type\":\"ReadAction\",\"target\":[\"https:\/\/acervo.coisadecinema.com.br\/xix-panorama\/o-festival\/juris\/juri-premio-gama\/\"]}]},{\"@type\":\"BreadcrumbList\",\"@id\":\"https:\/\/acervo.coisadecinema.com.br\/xix-panorama\/o-festival\/juris\/juri-premio-gama\/#breadcrumb\",\"itemListElement\":[{\"@type\":\"ListItem\",\"position\":1,\"name\":\"In\u00edcio\",\"item\":\"https:\/\/acervo.coisadecinema.com.br\/xix-panorama\/\"},{\"@type\":\"ListItem\",\"position\":2,\"name\":\"O Festival\",\"item\":\"https:\/\/acervo.coisadecinema.com.br\/xix-panorama\/o-festival\/\"},{\"@type\":\"ListItem\",\"position\":3,\"name\":\"J\u00faris\",\"item\":\"https:\/\/acervo.coisadecinema.com.br\/xix-panorama\/o-festival\/juris\/\"},{\"@type\":\"ListItem\",\"position\":4,\"name\":\"J\u00fari Pr\u00eamio GAMA\"}]},{\"@type\":\"WebSite\",\"@id\":\"https:\/\/acervo.coisadecinema.com.br\/xix-panorama\/#website\",\"url\":\"https:\/\/acervo.coisadecinema.com.br\/xix-panorama\/\",\"name\":\"XIX Panorama Internacional Coisa de Cinema\",\"description\":\"\",\"publisher\":{\"@id\":\"https:\/\/acervo.coisadecinema.com.br\/xix-panorama\/#organization\"},\"alternateName\":\"XIX Panorama Internacional Coisa de Cinema\",\"potentialAction\":[{\"@type\":\"SearchAction\",\"target\":{\"@type\":\"EntryPoint\",\"urlTemplate\":\"https:\/\/acervo.coisadecinema.com.br\/xix-panorama\/?s={search_term_string}\"},\"query-input\":{\"@type\":\"PropertyValueSpecification\",\"valueRequired\":true,\"valueName\":\"search_term_string\"}}],\"inLanguage\":\"pt-BR\"},{\"@type\":\"Organization\",\"@id\":\"https:\/\/acervo.coisadecinema.com.br\/xix-panorama\/#organization\",\"name\":\"XIX Panorama Internacional Coisa de Cinema\",\"url\":\"https:\/\/acervo.coisadecinema.com.br\/xix-panorama\/\",\"logo\":{\"@type\":\"ImageObject\",\"inLanguage\":\"pt-BR\",\"@id\":\"https:\/\/acervo.coisadecinema.com.br\/xix-panorama\/#\/schema\/logo\/image\/\",\"url\":\"https:\/\/panorama.coisadecinema.com.br\/wp-content\/uploads\/2022\/08\/logo-panoramaxix-2024-pos-LO.webp\",\"contentUrl\":\"https:\/\/panorama.coisadecinema.com.br\/wp-content\/uploads\/2022\/08\/logo-panoramaxix-2024-pos-LO.webp\",\"width\":600,\"height\":161,\"caption\":\"XIX Panorama Internacional Coisa de Cinema\"},\"image\":{\"@id\":\"https:\/\/acervo.coisadecinema.com.br\/xix-panorama\/#\/schema\/logo\/image\/\"}}]}<\/script>\n<!-- \/ Yoast SEO plugin. -->","yoast_head_json":{"title":"J\u00fari Pr\u00eamio GAMA - XIX Panorama Internacional Coisa de Cinema","robots":{"index":"index","follow":"follow","max-snippet":"max-snippet:-1","max-image-preview":"max-image-preview:large","max-video-preview":"max-video-preview:-1"},"canonical":"https:\/\/acervo.coisadecinema.com.br\/xix-panorama\/o-festival\/juris\/juri-premio-gama\/","og_locale":"pt_BR","og_type":"article","og_title":"J\u00fari Pr\u00eamio GAMA - XIX Panorama Internacional Coisa de Cinema","og_url":"https:\/\/acervo.coisadecinema.com.br\/xix-panorama\/o-festival\/juris\/juri-premio-gama\/","og_site_name":"XIX Panorama Internacional Coisa de Cinema","og_image":[{"width":2100,"height":900,"url":"https:\/\/acervo.coisadecinema.com.br\/xix-panorama\/wp-content\/uploads\/2024\/02\/site-2100x900-1.webp","type":"image\/webp"}],"twitter_card":"summary_large_image","twitter_misc":{"Est. tempo de leitura":"16 minutos"},"schema":{"@context":"https:\/\/schema.org","@graph":[{"@type":"WebPage","@id":"https:\/\/acervo.coisadecinema.com.br\/xix-panorama\/o-festival\/juris\/juri-premio-gama\/","url":"https:\/\/acervo.coisadecinema.com.br\/xix-panorama\/o-festival\/juris\/juri-premio-gama\/","name":"J\u00fari Pr\u00eamio GAMA - XIX Panorama Internacional Coisa de Cinema","isPartOf":{"@id":"https:\/\/acervo.coisadecinema.com.br\/xix-panorama\/#website"},"datePublished":"2024-03-11T17:33:44+00:00","breadcrumb":{"@id":"https:\/\/acervo.coisadecinema.com.br\/xix-panorama\/o-festival\/juris\/juri-premio-gama\/#breadcrumb"},"inLanguage":"pt-BR","potentialAction":[{"@type":"ReadAction","target":["https:\/\/acervo.coisadecinema.com.br\/xix-panorama\/o-festival\/juris\/juri-premio-gama\/"]}]},{"@type":"BreadcrumbList","@id":"https:\/\/acervo.coisadecinema.com.br\/xix-panorama\/o-festival\/juris\/juri-premio-gama\/#breadcrumb","itemListElement":[{"@type":"ListItem","position":1,"name":"In\u00edcio","item":"https:\/\/acervo.coisadecinema.com.br\/xix-panorama\/"},{"@type":"ListItem","position":2,"name":"O Festival","item":"https:\/\/acervo.coisadecinema.com.br\/xix-panorama\/o-festival\/"},{"@type":"ListItem","position":3,"name":"J\u00faris","item":"https:\/\/acervo.coisadecinema.com.br\/xix-panorama\/o-festival\/juris\/"},{"@type":"ListItem","position":4,"name":"J\u00fari Pr\u00eamio GAMA"}]},{"@type":"WebSite","@id":"https:\/\/acervo.coisadecinema.com.br\/xix-panorama\/#website","url":"https:\/\/acervo.coisadecinema.com.br\/xix-panorama\/","name":"XIX Panorama Internacional Coisa de Cinema","description":"","publisher":{"@id":"https:\/\/acervo.coisadecinema.com.br\/xix-panorama\/#organization"},"alternateName":"XIX Panorama Internacional Coisa de Cinema","potentialAction":[{"@type":"SearchAction","target":{"@type":"EntryPoint","urlTemplate":"https:\/\/acervo.coisadecinema.com.br\/xix-panorama\/?s={search_term_string}"},"query-input":{"@type":"PropertyValueSpecification","valueRequired":true,"valueName":"search_term_string"}}],"inLanguage":"pt-BR"},{"@type":"Organization","@id":"https:\/\/acervo.coisadecinema.com.br\/xix-panorama\/#organization","name":"XIX Panorama Internacional Coisa de Cinema","url":"https:\/\/acervo.coisadecinema.com.br\/xix-panorama\/","logo":{"@type":"ImageObject","inLanguage":"pt-BR","@id":"https:\/\/acervo.coisadecinema.com.br\/xix-panorama\/#\/schema\/logo\/image\/","url":"https:\/\/panorama.coisadecinema.com.br\/wp-content\/uploads\/2022\/08\/logo-panoramaxix-2024-pos-LO.webp","contentUrl":"https:\/\/panorama.coisadecinema.com.br\/wp-content\/uploads\/2022\/08\/logo-panoramaxix-2024-pos-LO.webp","width":600,"height":161,"caption":"XIX Panorama Internacional Coisa de Cinema"},"image":{"@id":"https:\/\/acervo.coisadecinema.com.br\/xix-panorama\/#\/schema\/logo\/image\/"}}]}},"_links":{"self":[{"href":"https:\/\/acervo.coisadecinema.com.br\/xix-panorama\/wp-json\/wp\/v2\/pages\/30994","targetHints":{"allow":["GET"]}}],"collection":[{"href":"https:\/\/acervo.coisadecinema.com.br\/xix-panorama\/wp-json\/wp\/v2\/pages"}],"about":[{"href":"https:\/\/acervo.coisadecinema.com.br\/xix-panorama\/wp-json\/wp\/v2\/types\/page"}],"author":[{"embeddable":true,"href":"https:\/\/acervo.coisadecinema.com.br\/xix-panorama\/wp-json\/wp\/v2\/users\/607"}],"replies":[{"embeddable":true,"href":"https:\/\/acervo.coisadecinema.com.br\/xix-panorama\/wp-json\/wp\/v2\/comments?post=30994"}],"version-history":[{"count":4,"href":"https:\/\/acervo.coisadecinema.com.br\/xix-panorama\/wp-json\/wp\/v2\/pages\/30994\/revisions"}],"predecessor-version":[{"id":31000,"href":"https:\/\/acervo.coisadecinema.com.br\/xix-panorama\/wp-json\/wp\/v2\/pages\/30994\/revisions\/31000"}],"up":[{"embeddable":true,"href":"https:\/\/acervo.coisadecinema.com.br\/xix-panorama\/wp-json\/wp\/v2\/pages\/30115"}],"wp:attachment":[{"href":"https:\/\/acervo.coisadecinema.com.br\/xix-panorama\/wp-json\/wp\/v2\/media?parent=30994"}],"curies":[{"name":"wp","href":"https:\/\/api.w.org\/{rel}","templated":true}]}}