{"id":30774,"date":"2024-03-07T14:23:16","date_gmt":"2024-03-07T17:23:16","guid":{"rendered":"https:\/\/panorama.coisadecinema.com.br\/?page_id=30774"},"modified":"2024-03-14T09:44:25","modified_gmt":"2024-03-14T12:44:25","slug":"cine-glauber-rocha-quarta-feira-20-03-2","status":"publish","type":"page","link":"https:\/\/acervo.coisadecinema.com.br\/xix-panorama\/programacao\/cine-glauber-rocha-quarta-feira-20-03-2\/","title":{"rendered":"Cine Glauber Rocha \u2013 Quarta-feira \u2013 20\/03"},"content":{"rendered":"<div class=\"fusion-fullwidth fullwidth-box fusion-builder-row-1 fusion-flex-container has-pattern-background has-mask-background nonhundred-percent-fullwidth non-hundred-percent-height-scrolling\" style=\"--awb-border-radius-top-left:0px;--awb-border-radius-top-right:0px;--awb-border-radius-bottom-right:0px;--awb-border-radius-bottom-left:0px;--awb-padding-top:120px;--awb-padding-right:6%;--awb-padding-bottom:250px;--awb-padding-left:6%;--awb-padding-top-small:120px;--awb-padding-right-small:6%;--awb-padding-left-small:6%;--awb-background-color:var(--awb-color5);--awb-flex-wrap:wrap;\" ><div class=\"fusion-builder-row fusion-row fusion-flex-align-items-flex-start fusion-flex-justify-content-space-between fusion-flex-content-wrap\" style=\"max-width:1248px;margin-left: calc(-4% \/ 2 );margin-right: calc(-4% \/ 2 );\"><div class=\"fusion-layout-column fusion_builder_column fusion-builder-column-0 fusion_builder_column_1_1 1_1 fusion-flex-column\" style=\"--awb-bg-blend:overlay;--awb-bg-size:cover;--awb-width-large:100%;--awb-margin-top-large:0px;--awb-spacing-right-large:1.92%;--awb-margin-bottom-large:0px;--awb-spacing-left-large:1.92%;--awb-width-medium:100%;--awb-spacing-right-medium:1.92%;--awb-spacing-left-medium:1.92%;--awb-width-small:100%;--awb-spacing-right-small:1.92%;--awb-spacing-left-small:1.92%;\"><div class=\"fusion-column-wrapper fusion-flex-justify-content-flex-start fusion-content-layout-column\"><div class=\"fusion-title title fusion-title-1 fusion-sep-none fusion-title-text fusion-title-size-one\" style=\"--awb-margin-bottom:20px;\"><h1 class=\"fusion-title-heading title-heading-left\" style=\"margin:0;\">Cine Glauber Rocha &#8211; Quarta-feira &#8211; 20\/03<\/h1><\/div><\/div><\/div><div class=\"fusion-layout-column fusion_builder_column fusion-builder-column-1 fusion_builder_column_1_1 1_1 fusion-flex-column\" style=\"--awb-bg-size:cover;--awb-width-large:100%;--awb-margin-top-large:0px;--awb-spacing-right-large:1.92%;--awb-margin-bottom-large:0px;--awb-spacing-left-large:1.92%;--awb-width-medium:100%;--awb-order-medium:0;--awb-spacing-right-medium:1.92%;--awb-spacing-left-medium:1.92%;--awb-width-small:100%;--awb-order-small:0;--awb-spacing-right-small:1.92%;--awb-spacing-left-small:1.92%;\"><div class=\"fusion-column-wrapper fusion-column-has-shadow fusion-flex-justify-content-flex-start fusion-content-layout-column\"><div class=\"fusion-title title fusion-title-2 fusion-sep-none fusion-title-text fusion-title-size-three\" style=\"--awb-margin-bottom:10px;--awb-font-size:22px;\"><h3 class=\"fusion-title-heading title-heading-left\" style=\"font-family:&quot;Open Sans&quot;;font-style:normal;font-weight:700;margin:0;font-size:1em;\">13h00 \u2013 Competitiva Nacional VIII &#8211; Sala 1<\/h3><\/div><div class=\"fusion-text fusion-text-1\"><p><b>Cama Vazia<\/b>, de F\u00e1bio Rog\u00e9rio e Jean-Claude Bernardet. SP, 6&#8242;, Cor, 2023<br \/>\n<b>Helena de Guaratiba<\/b>, de Karen Black. RJ, 15&#8242;, Cor, 2023<br \/>\n<b>Not Dead<\/b>, de Isaac Donato. BA, 71&#8242;, Cor, 2023<br \/>\n<i>*Audiodescri\u00e7\u00e3o e Libras dos filmes Helena de Guaratiba e Not Dead atrav\u00e9s do aplicativo Movie Reading.<\/i><\/p>\n<\/div><div class=\"fusion-title title fusion-title-3 fusion-sep-none fusion-title-text fusion-title-size-three\" style=\"--awb-margin-bottom:10px;--awb-font-size:22px;\"><h3 class=\"fusion-title-heading title-heading-left\" style=\"font-family:&quot;Open Sans&quot;;font-style:normal;font-weight:700;margin:0;font-size:1em;\">13h00 \u2013 Competitiva Nacional III &#8211; Sala 2<\/h3><\/div><div class=\"fusion-text fusion-text-2\"><p><b>Queima Minha Pele<\/b>, de Leonardo Amorim. AL, 19&#8242;, Cor, 2023<br \/>\n<b>Lyb<\/b>, de Felipe Poroger. SP, 20&#8242;, P&amp;B, 2023<br \/>\n<b>Sem Cora\u00e7\u00e3o<\/b>, de Nara Normande e Ti\u00e3o. Brasil\/Fran\u00e7a\/It\u00e1lia, 95&#8242;, Cor, 2023<\/p>\n<\/div><div class=\"fusion-title title fusion-title-4 fusion-sep-none fusion-title-text fusion-title-size-three\" style=\"--awb-margin-bottom:10px;--awb-font-size:22px;\"><h3 class=\"fusion-title-heading title-heading-left\" style=\"font-family:&quot;Open Sans&quot;;font-style:normal;font-weight:700;margin:0;font-size:1em;\">13h30 \u2013 Competitiva Internacional V &#8211; Sala 3<\/h3><\/div><div class=\"fusion-text fusion-text-3\"><p><b>Os Nadadores (Los Nadadores)<\/b>, de Charlie L\u00f3pez. Costa Rica, 13&#8242;, Cor, 2022<br \/>\n<b>A \u00c1rvore Frut\u00edfera (The Fruit Tree)<\/b>, de Isabelle Tollenaere. B\u00e9lgica, 15&#8242;, Cor, 2022<br \/>\n<b>Astrac\u00e3 79 (Astrakan 79)<\/b>, de Catarina Mour\u00e3o. Portugal, 64&#8242;, Cor, 2023<\/p>\n<\/div><div class=\"fusion-title title fusion-title-5 fusion-sep-none fusion-title-text fusion-title-size-three\" style=\"--awb-margin-bottom:10px;--awb-font-size:22px;\"><h3 class=\"fusion-title-heading title-heading-left\" style=\"font-family:&quot;Open Sans&quot;;font-style:normal;font-weight:700;margin:0;font-size:1em;\">14h50 &#8211; Panorama Brasil III &#8211; Sala 1<\/h3><\/div><div class=\"fusion-text fusion-text-4\"><p><b>Quinze Quase Dezesseis<\/b>, de Thais Fujinaga. SP, 20&#8242;, Cor, 2023<br \/>\n<b>Do Tanto de Telha no Mundo<\/b>, de Bruno Brasileiro. CE, 24&#8242;, Cor, 2023<br \/>\n<b>Ela Mora Logo Ali<\/b>, de Fabiano Barros e Rafael Rogante. RO, 16&#8242;, Cor, 2022<br \/>\n<b>O \u00daltimo Rock<\/b>, de Diego de Jesus. ES, 24&#8242;, Cor, 2023<br \/>\n<i>* Sess\u00e3o do programa A Escola vai ao Cinema.<\/i><\/p>\n<\/div><div class=\"fusion-title title fusion-title-6 fusion-sep-none fusion-title-text fusion-title-size-three\" style=\"--awb-margin-bottom:10px;--awb-font-size:22px;\"><h3 class=\"fusion-title-heading title-heading-left\" style=\"font-family:&quot;Open Sans&quot;;font-style:normal;font-weight:700;margin:0;font-size:1em;\">15h20 \u2013 Mostra KAOGUIAMO (Cinemas de Cabo Verde, Guin\u00e9-Bissau, Angola e Mo\u00e7ambique) II &#8211; Sala 3<\/h3><\/div><div class=\"fusion-text fusion-text-5\"><p><b>A Boneca<\/b>, de Helder Doca. Cabo Verde, 8&#8242;, Cor, 2015<br \/>\n<b>Dona M\u00f3nica<\/b>, de Carlos Yuri Ceuninck. Cabo Verde, 7&#8242;, Cor, 2020<br \/>\n<b>Mudjeris di Areia<\/b>, de M\u00e1rio Cabral. Cabo Verde, 11&#8242;, Cor, 2022<br \/>\n<b>Dexan Ser Kriansa<\/b>, da Square Films. Cabo Verde, 12&#8242;, Cor, 2022<br \/>\n<b>M\u00e3e Pretinha<\/b>, de Patricia Silva. Cabo Verde, 10&#8242;, Cor, 2022<br \/>\n<b>Terra Longe<\/b>, de Nenass Almeida e Nuno Pina. Cabo Verde, 12&#8242;, Cor, 2013<\/p>\n<\/div><div class=\"fusion-title title fusion-title-7 fusion-sep-none fusion-title-text fusion-title-size-three\" style=\"--awb-margin-bottom:10px;--awb-font-size:22px;\"><h3 class=\"fusion-title-heading title-heading-left\" style=\"font-family:&quot;Open Sans&quot;;font-style:normal;font-weight:700;margin:0;font-size:1em;\">15h30 \u2013 Competitiva Nacional VII &#8211; Sala 2<\/h3><\/div><div class=\"fusion-text fusion-text-6\"><p><b>Jussara<\/b>, de Camila Cordeiro Ribeiro. BA, 9&#8242;, Cor, 2023<br \/>\n<b>Thu\u00eb pihi kuuwi &#8211; Uma Mulher Pensando<\/b>, de Aida Harika Yanomami, Edmar Tokorino Yanomami e Roseane Yariana Yanomami. RR, 10&#8242;, Cor, 2023<br \/>\n<b>A Flor do Buriti<\/b>, de Jo\u00e3o Salaviza e Ren\u00e9e Nader Messora. Portugal\/Brasil, 125&#8242;, Cor, 2023<\/p>\n<\/div><div class=\"fusion-title title fusion-title-8 fusion-sep-none fusion-title-text fusion-title-size-three\" style=\"--awb-margin-bottom:10px;--awb-font-size:22px;\"><h3 class=\"fusion-title-heading title-heading-left\" style=\"font-family:&quot;Open Sans&quot;;font-style:normal;font-weight:700;margin:0;font-size:1em;\">16h30 \u2013 Competitiva Baiana VIII &#8211; Sala 1<\/h3><\/div><div class=\"fusion-text fusion-text-7\"><p><b>Movimentos Migrat\u00f3rios<\/b>, de Rog\u00e9rio Cathal\u00e1. BA, 22&#8242;, P&amp;B, 2022<br \/>\n<b>O Homem que Virou Castanha<\/b>, de Natan Fox. BA, 15&#8242;, Cor, 2022<br \/>\n<b>Sucata Esperan\u00e7a<\/b>, de Rog\u00e9rio Luiz Oliveira e Filipe Gama. BA, 15&#8242;, Cor, 2023<br \/>\n<b>Sysyphus<\/b>, de George Neri. BA, 64&#8242;, Cor, 2023<\/p>\n<\/div><div class=\"fusion-title title fusion-title-9 fusion-sep-none fusion-title-text fusion-title-size-three\" style=\"--awb-margin-bottom:10px;--awb-font-size:22px;\"><h3 class=\"fusion-title-heading title-heading-left\" style=\"font-family:&quot;Open Sans&quot;;font-style:normal;font-weight:700;margin:0;font-size:1em;\">16h35 \u2013 Panorama de Anima\u00e7\u00e3o &#8211; Sala 3<\/h3><\/div><div class=\"fusion-text fusion-text-8\"><p><b>Meu Querido Filho (My Dear Son)<\/b>, de Lilian Fu. Reino Unido\/Hong Kong, 9&#8242;, Cor, 2022<br \/>\n<b>Coelhitos e Gambazitas<\/b>, de Thomas Larson. Brasil, 11&#8242;, Cor, 2022<br \/>\n<b>Well Wishes My Love, Your Love<\/b>, de Gabriel Gabriel Garble. Su\u00e9cia\/Mal\u00e1sia, 9&#8242;, Cor, 2022<br \/>\n<b>Canos (Pipes)<\/b>, de Jessica Meier, Kilian Feusi e Sujanth Ravichandran. Su\u00ed\u00e7a, 4&#8242;, P&amp;B, 2022<br \/>\nErnesto, de Fernanda Roque. Brasil, 15&#8242;, Cor, 2023<br \/>\n<b>pelo (fur)<\/b>, de Zhen Li. EUA, 7&#8242;, Cor, 2022<br \/>\n<b>Escala (Scale)<\/b>, de Joseph Pierce. Fran\u00e7a\/Reino Unido\/B\u00e9lgica, 15&#8242;, 2022<br \/>\n<b>Dona Beatriz \u00d1s\u00eemba Vita<\/b>, de Catapreta. Brasil, 20&#8242;, Cor, 2024<\/p>\n<\/div><div class=\"fusion-title title fusion-title-10 fusion-sep-none fusion-title-text fusion-title-size-three\" style=\"--awb-margin-bottom:10px;--awb-font-size:22px;\"><h3 class=\"fusion-title-heading title-heading-left\" style=\"font-family:&quot;Open Sans&quot;;font-style:normal;font-weight:700;margin:0;font-size:1em;\">18h10 &#8211; Panorama Brasil XVIII &#8211; Sala 2<\/h3><\/div><div class=\"fusion-text fusion-text-9\"><p><b>Sede de Rio<\/b>, Marcelo Abreu G\u00f3is. BA, 73&#8242;, Cor, 2024<br \/>\n<i>Debate ap\u00f3s a sess\u00e3o.<\/i><\/p>\n<\/div><div class=\"fusion-title title fusion-title-11 fusion-sep-none fusion-title-text fusion-title-size-three\" style=\"--awb-margin-bottom:10px;--awb-font-size:22px;\"><h3 class=\"fusion-title-heading title-heading-left\" style=\"font-family:&quot;Open Sans&quot;;font-style:normal;font-weight:700;margin:0;font-size:1em;\">18h20 \u2013 Competitiva Internacional VI &#8211; Sala 3<\/h3><\/div><div class=\"fusion-text fusion-text-10\"><p><b>Dildotect\u00f4nica (Dildotect\u00f3nica)<\/b>, de Tom\u00e1s Paula Marques. Portugal, 16&#8242;, Cor, 2023<br \/>\n<b>Swan no Centro (Swan dans le Centre)<\/b>, de Iris Chassaigne. Fran\u00e7a, 25&#8242;, Cor, 2022<br \/>\n<b>Julia N\u00e3o se Case (Julia no te Cases)<\/b>, de Pablo Levy. Argentina, 60&#8242;, Cor, 2022<\/p>\n<\/div><div class=\"fusion-title title fusion-title-12 fusion-sep-none fusion-title-text fusion-title-size-three\" style=\"--awb-margin-bottom:10px;--awb-font-size:22px;\"><h3 class=\"fusion-title-heading title-heading-left\" style=\"font-family:&quot;Open Sans&quot;;font-style:normal;font-weight:700;margin:0;font-size:1em;\">18h40 \u2013 Sess\u00e3o de Encerramento &#8211; Sala 1<\/h3><\/div><div class=\"fusion-text fusion-text-11\"><p><b>A Alegria \u00e9 a Prova dos Nove<\/b>, de Helena Ignez. SP, 101&#8242;, Cor, 2023<br \/>\n<em>Debate ap\u00f3s a sess\u00e3o.<\/em><\/p>\n<\/div><div class=\"fusion-title title fusion-title-13 fusion-sep-none fusion-title-text fusion-title-size-three\" style=\"--awb-margin-bottom:10px;--awb-font-size:22px;\"><h3 class=\"fusion-title-heading title-heading-left\" style=\"font-family:&quot;Open Sans&quot;;font-style:normal;font-weight:700;margin:0;font-size:1em;\">20h15 \u2013 Competitiva Nacional V &#8211; Sala 3<\/h3><\/div><div class=\"fusion-text fusion-text-12\"><p><b>A Bata do Milho<\/b>, de Eduardo Liron e Renata Mattar. SP\/BA, 16&#8242;, Cor, 2023<br \/>\n<b>Onde a Floresta Acaba<\/b>, de Otavio Cury. SP, 15&#8242;, Cor, 2023<br \/>\n<b>A Fuma\u00e7a e o Diamante<\/b>, de Bruno Villela, F\u00e1bio Bardella e Juliana Almeida. DF, 6&#8242;, Cor, 2023<br \/>\n<b>A Batalha da Rua Maria Ant\u00f4nia<\/b>, de Vera Egito. SP, 84&#8242;, P&amp;B, 2023<\/p>\n<\/div><div class=\"fusion-title title fusion-title-14 fusion-sep-none fusion-title-text fusion-title-size-three\" style=\"--awb-margin-bottom:10px;--awb-font-size:22px;\"><h3 class=\"fusion-title-heading title-heading-left\" style=\"font-family:&quot;Open Sans&quot;;font-style:normal;font-weight:700;margin:0;font-size:1em;\">20h20 \u2013 Competitiva Baiana II &#8211; Sala 2<\/h3><\/div><div class=\"fusion-text fusion-text-13\"><p><b>Solange N\u00e3o Veio Hoje<\/b>, de Hilda Lopes Pontes e Klaus Hastenreiter. BA, 21&#8242;, Cor, 2023<br \/>\n<b>Al\u00e9m da Cancela<\/b>, de Margarete Jesus. BA, 25&#8242;, Cor, 2023<br \/>\n<b>Mulher Vestida de Sol<\/b>, de Patricia Moreira. BA, 10&#8242;, Cor, 2022<br \/>\n<b>A Matriarca<\/b>, de Lula Oliveira. BA, 77&#8242;, Cor, 2022<\/p>\n<\/div><div class=\"fusion-title title fusion-title-15 fusion-sep-none fusion-title-text fusion-title-size-three\" style=\"--awb-margin-bottom:10px;--awb-font-size:22px;\"><h3 class=\"fusion-title-heading title-heading-left\" style=\"font-family:&quot;Open Sans&quot;;font-style:normal;font-weight:700;margin:0;font-size:1em;\">21h20 \u2013 Cerim\u00f4nia de Premia\u00e7\u00e3o &#8211; Terra\u00e7o<\/h3><\/div><div class=\"fusion-text fusion-text-14\"><p><i>*Entrada gratuita<\/i><\/p>\n<\/div><\/div><\/div><\/div><\/div>\n","protected":false},"excerpt":{"rendered":"","protected":false},"author":607,"featured_media":0,"parent":182,"menu_order":0,"comment_status":"closed","ping_status":"closed","template":"100-width.php","meta":{"_acf_changed":false,"footnotes":""},"class_list":["post-30774","page","type-page","status-publish","hentry"],"acf":[],"yoast_head":"<!-- This site is optimized with the Yoast SEO plugin v25.7 - https:\/\/yoast.com\/wordpress\/plugins\/seo\/ -->\n<title>Cine Glauber Rocha \u2013 Quarta-feira \u2013 20\/03 - XIX Panorama Internacional Coisa de Cinema<\/title>\n<meta name=\"robots\" content=\"index, follow, max-snippet:-1, max-image-preview:large, max-video-preview:-1\" \/>\n<link rel=\"canonical\" href=\"https:\/\/acervo.coisadecinema.com.br\/xix-panorama\/programacao\/cine-glauber-rocha-quarta-feira-20-03-2\/\" \/>\n<meta property=\"og:locale\" content=\"pt_BR\" \/>\n<meta property=\"og:type\" content=\"article\" \/>\n<meta property=\"og:title\" content=\"Cine Glauber Rocha \u2013 Quarta-feira \u2013 20\/03 - XIX Panorama Internacional Coisa de Cinema\" \/>\n<meta property=\"og:url\" content=\"https:\/\/acervo.coisadecinema.com.br\/xix-panorama\/programacao\/cine-glauber-rocha-quarta-feira-20-03-2\/\" \/>\n<meta property=\"og:site_name\" content=\"XIX Panorama Internacional Coisa de Cinema\" \/>\n<meta property=\"article:modified_time\" content=\"2024-03-14T12:44:25+00:00\" \/>\n<meta property=\"og:image\" content=\"https:\/\/acervo.coisadecinema.com.br\/xix-panorama\/wp-content\/uploads\/2024\/02\/site-2100x900-1.webp\" \/>\n\t<meta property=\"og:image:width\" content=\"2100\" \/>\n\t<meta property=\"og:image:height\" content=\"900\" \/>\n\t<meta property=\"og:image:type\" content=\"image\/webp\" \/>\n<meta name=\"twitter:card\" content=\"summary_large_image\" \/>\n<meta name=\"twitter:label1\" content=\"Est. tempo de leitura\" \/>\n\t<meta name=\"twitter:data1\" content=\"4 minutos\" \/>\n<script type=\"application\/ld+json\" class=\"yoast-schema-graph\">{\"@context\":\"https:\/\/schema.org\",\"@graph\":[{\"@type\":\"WebPage\",\"@id\":\"https:\/\/acervo.coisadecinema.com.br\/xix-panorama\/programacao\/cine-glauber-rocha-quarta-feira-20-03-2\/\",\"url\":\"https:\/\/acervo.coisadecinema.com.br\/xix-panorama\/programacao\/cine-glauber-rocha-quarta-feira-20-03-2\/\",\"name\":\"Cine Glauber Rocha \u2013 Quarta-feira \u2013 20\/03 - XIX Panorama Internacional Coisa de Cinema\",\"isPartOf\":{\"@id\":\"https:\/\/acervo.coisadecinema.com.br\/xix-panorama\/#website\"},\"datePublished\":\"2024-03-07T17:23:16+00:00\",\"dateModified\":\"2024-03-14T12:44:25+00:00\",\"breadcrumb\":{\"@id\":\"https:\/\/acervo.coisadecinema.com.br\/xix-panorama\/programacao\/cine-glauber-rocha-quarta-feira-20-03-2\/#breadcrumb\"},\"inLanguage\":\"pt-BR\",\"potentialAction\":[{\"@type\":\"ReadAction\",\"target\":[\"https:\/\/acervo.coisadecinema.com.br\/xix-panorama\/programacao\/cine-glauber-rocha-quarta-feira-20-03-2\/\"]}]},{\"@type\":\"BreadcrumbList\",\"@id\":\"https:\/\/acervo.coisadecinema.com.br\/xix-panorama\/programacao\/cine-glauber-rocha-quarta-feira-20-03-2\/#breadcrumb\",\"itemListElement\":[{\"@type\":\"ListItem\",\"position\":1,\"name\":\"In\u00edcio\",\"item\":\"https:\/\/acervo.coisadecinema.com.br\/xix-panorama\/\"},{\"@type\":\"ListItem\",\"position\":2,\"name\":\"Programa\u00e7\u00e3o\",\"item\":\"https:\/\/acervo.coisadecinema.com.br\/xix-panorama\/programacao\/\"},{\"@type\":\"ListItem\",\"position\":3,\"name\":\"Cine Glauber Rocha \u2013 Quarta-feira \u2013 20\/03\"}]},{\"@type\":\"WebSite\",\"@id\":\"https:\/\/acervo.coisadecinema.com.br\/xix-panorama\/#website\",\"url\":\"https:\/\/acervo.coisadecinema.com.br\/xix-panorama\/\",\"name\":\"XIX Panorama Internacional Coisa de Cinema\",\"description\":\"\",\"publisher\":{\"@id\":\"https:\/\/acervo.coisadecinema.com.br\/xix-panorama\/#organization\"},\"alternateName\":\"XIX Panorama Internacional Coisa de Cinema\",\"potentialAction\":[{\"@type\":\"SearchAction\",\"target\":{\"@type\":\"EntryPoint\",\"urlTemplate\":\"https:\/\/acervo.coisadecinema.com.br\/xix-panorama\/?s={search_term_string}\"},\"query-input\":{\"@type\":\"PropertyValueSpecification\",\"valueRequired\":true,\"valueName\":\"search_term_string\"}}],\"inLanguage\":\"pt-BR\"},{\"@type\":\"Organization\",\"@id\":\"https:\/\/acervo.coisadecinema.com.br\/xix-panorama\/#organization\",\"name\":\"XIX Panorama Internacional Coisa de Cinema\",\"url\":\"https:\/\/acervo.coisadecinema.com.br\/xix-panorama\/\",\"logo\":{\"@type\":\"ImageObject\",\"inLanguage\":\"pt-BR\",\"@id\":\"https:\/\/acervo.coisadecinema.com.br\/xix-panorama\/#\/schema\/logo\/image\/\",\"url\":\"https:\/\/panorama.coisadecinema.com.br\/wp-content\/uploads\/2022\/08\/logo-panoramaxix-2024-pos-LO.webp\",\"contentUrl\":\"https:\/\/panorama.coisadecinema.com.br\/wp-content\/uploads\/2022\/08\/logo-panoramaxix-2024-pos-LO.webp\",\"width\":600,\"height\":161,\"caption\":\"XIX Panorama Internacional Coisa de Cinema\"},\"image\":{\"@id\":\"https:\/\/acervo.coisadecinema.com.br\/xix-panorama\/#\/schema\/logo\/image\/\"}}]}<\/script>\n<!-- \/ Yoast SEO plugin. -->","yoast_head_json":{"title":"Cine Glauber Rocha \u2013 Quarta-feira \u2013 20\/03 - XIX Panorama Internacional Coisa de Cinema","robots":{"index":"index","follow":"follow","max-snippet":"max-snippet:-1","max-image-preview":"max-image-preview:large","max-video-preview":"max-video-preview:-1"},"canonical":"https:\/\/acervo.coisadecinema.com.br\/xix-panorama\/programacao\/cine-glauber-rocha-quarta-feira-20-03-2\/","og_locale":"pt_BR","og_type":"article","og_title":"Cine Glauber Rocha \u2013 Quarta-feira \u2013 20\/03 - XIX Panorama Internacional Coisa de Cinema","og_url":"https:\/\/acervo.coisadecinema.com.br\/xix-panorama\/programacao\/cine-glauber-rocha-quarta-feira-20-03-2\/","og_site_name":"XIX Panorama Internacional Coisa de Cinema","article_modified_time":"2024-03-14T12:44:25+00:00","og_image":[{"width":2100,"height":900,"url":"https:\/\/acervo.coisadecinema.com.br\/xix-panorama\/wp-content\/uploads\/2024\/02\/site-2100x900-1.webp","type":"image\/webp"}],"twitter_card":"summary_large_image","twitter_misc":{"Est. tempo de leitura":"4 minutos"},"schema":{"@context":"https:\/\/schema.org","@graph":[{"@type":"WebPage","@id":"https:\/\/acervo.coisadecinema.com.br\/xix-panorama\/programacao\/cine-glauber-rocha-quarta-feira-20-03-2\/","url":"https:\/\/acervo.coisadecinema.com.br\/xix-panorama\/programacao\/cine-glauber-rocha-quarta-feira-20-03-2\/","name":"Cine Glauber Rocha \u2013 Quarta-feira \u2013 20\/03 - XIX Panorama Internacional Coisa de Cinema","isPartOf":{"@id":"https:\/\/acervo.coisadecinema.com.br\/xix-panorama\/#website"},"datePublished":"2024-03-07T17:23:16+00:00","dateModified":"2024-03-14T12:44:25+00:00","breadcrumb":{"@id":"https:\/\/acervo.coisadecinema.com.br\/xix-panorama\/programacao\/cine-glauber-rocha-quarta-feira-20-03-2\/#breadcrumb"},"inLanguage":"pt-BR","potentialAction":[{"@type":"ReadAction","target":["https:\/\/acervo.coisadecinema.com.br\/xix-panorama\/programacao\/cine-glauber-rocha-quarta-feira-20-03-2\/"]}]},{"@type":"BreadcrumbList","@id":"https:\/\/acervo.coisadecinema.com.br\/xix-panorama\/programacao\/cine-glauber-rocha-quarta-feira-20-03-2\/#breadcrumb","itemListElement":[{"@type":"ListItem","position":1,"name":"In\u00edcio","item":"https:\/\/acervo.coisadecinema.com.br\/xix-panorama\/"},{"@type":"ListItem","position":2,"name":"Programa\u00e7\u00e3o","item":"https:\/\/acervo.coisadecinema.com.br\/xix-panorama\/programacao\/"},{"@type":"ListItem","position":3,"name":"Cine Glauber Rocha \u2013 Quarta-feira \u2013 20\/03"}]},{"@type":"WebSite","@id":"https:\/\/acervo.coisadecinema.com.br\/xix-panorama\/#website","url":"https:\/\/acervo.coisadecinema.com.br\/xix-panorama\/","name":"XIX Panorama Internacional Coisa de Cinema","description":"","publisher":{"@id":"https:\/\/acervo.coisadecinema.com.br\/xix-panorama\/#organization"},"alternateName":"XIX Panorama Internacional Coisa de Cinema","potentialAction":[{"@type":"SearchAction","target":{"@type":"EntryPoint","urlTemplate":"https:\/\/acervo.coisadecinema.com.br\/xix-panorama\/?s={search_term_string}"},"query-input":{"@type":"PropertyValueSpecification","valueRequired":true,"valueName":"search_term_string"}}],"inLanguage":"pt-BR"},{"@type":"Organization","@id":"https:\/\/acervo.coisadecinema.com.br\/xix-panorama\/#organization","name":"XIX Panorama Internacional Coisa de Cinema","url":"https:\/\/acervo.coisadecinema.com.br\/xix-panorama\/","logo":{"@type":"ImageObject","inLanguage":"pt-BR","@id":"https:\/\/acervo.coisadecinema.com.br\/xix-panorama\/#\/schema\/logo\/image\/","url":"https:\/\/panorama.coisadecinema.com.br\/wp-content\/uploads\/2022\/08\/logo-panoramaxix-2024-pos-LO.webp","contentUrl":"https:\/\/panorama.coisadecinema.com.br\/wp-content\/uploads\/2022\/08\/logo-panoramaxix-2024-pos-LO.webp","width":600,"height":161,"caption":"XIX Panorama Internacional Coisa de Cinema"},"image":{"@id":"https:\/\/acervo.coisadecinema.com.br\/xix-panorama\/#\/schema\/logo\/image\/"}}]}},"_links":{"self":[{"href":"https:\/\/acervo.coisadecinema.com.br\/xix-panorama\/wp-json\/wp\/v2\/pages\/30774","targetHints":{"allow":["GET"]}}],"collection":[{"href":"https:\/\/acervo.coisadecinema.com.br\/xix-panorama\/wp-json\/wp\/v2\/pages"}],"about":[{"href":"https:\/\/acervo.coisadecinema.com.br\/xix-panorama\/wp-json\/wp\/v2\/types\/page"}],"author":[{"embeddable":true,"href":"https:\/\/acervo.coisadecinema.com.br\/xix-panorama\/wp-json\/wp\/v2\/users\/607"}],"replies":[{"embeddable":true,"href":"https:\/\/acervo.coisadecinema.com.br\/xix-panorama\/wp-json\/wp\/v2\/comments?post=30774"}],"version-history":[{"count":16,"href":"https:\/\/acervo.coisadecinema.com.br\/xix-panorama\/wp-json\/wp\/v2\/pages\/30774\/revisions"}],"predecessor-version":[{"id":31148,"href":"https:\/\/acervo.coisadecinema.com.br\/xix-panorama\/wp-json\/wp\/v2\/pages\/30774\/revisions\/31148"}],"up":[{"embeddable":true,"href":"https:\/\/acervo.coisadecinema.com.br\/xix-panorama\/wp-json\/wp\/v2\/pages\/182"}],"wp:attachment":[{"href":"https:\/\/acervo.coisadecinema.com.br\/xix-panorama\/wp-json\/wp\/v2\/media?parent=30774"}],"curies":[{"name":"wp","href":"https:\/\/api.w.org\/{rel}","templated":true}]}}