{"id":30688,"date":"2024-03-07T00:08:58","date_gmt":"2024-03-07T03:08:58","guid":{"rendered":"https:\/\/panorama.coisadecinema.com.br\/?page_id=30688"},"modified":"2024-03-07T16:27:37","modified_gmt":"2024-03-07T19:27:37","slug":"programacao-acessibilidade","status":"publish","type":"page","link":"https:\/\/acervo.coisadecinema.com.br\/xix-panorama\/programacao\/programacao-acessibilidade\/","title":{"rendered":"Programa\u00e7\u00e3o Acessibilidade"},"content":{"rendered":"<div class=\"fusion-fullwidth fullwidth-box fusion-builder-row-1 fusion-flex-container has-pattern-background has-mask-background nonhundred-percent-fullwidth non-hundred-percent-height-scrolling\" style=\"--awb-border-radius-top-left:0px;--awb-border-radius-top-right:0px;--awb-border-radius-bottom-right:0px;--awb-border-radius-bottom-left:0px;--awb-padding-top:120px;--awb-padding-right:6%;--awb-padding-bottom:250px;--awb-padding-left:6%;--awb-padding-top-small:120px;--awb-padding-right-small:6%;--awb-padding-left-small:6%;--awb-background-color:var(--awb-color5);--awb-flex-wrap:wrap;\" ><div class=\"fusion-builder-row fusion-row fusion-flex-align-items-flex-start fusion-flex-justify-content-space-between fusion-flex-content-wrap\" style=\"max-width:1248px;margin-left: calc(-4% \/ 2 );margin-right: calc(-4% \/ 2 );\"><div class=\"fusion-layout-column fusion_builder_column fusion-builder-column-0 fusion_builder_column_1_1 1_1 fusion-flex-column\" style=\"--awb-bg-blend:overlay;--awb-bg-size:cover;--awb-width-large:100%;--awb-margin-top-large:0px;--awb-spacing-right-large:1.92%;--awb-margin-bottom-large:0px;--awb-spacing-left-large:1.92%;--awb-width-medium:100%;--awb-spacing-right-medium:1.92%;--awb-spacing-left-medium:1.92%;--awb-width-small:100%;--awb-spacing-right-small:1.92%;--awb-spacing-left-small:1.92%;\"><div class=\"fusion-column-wrapper fusion-flex-justify-content-flex-start fusion-content-layout-column\"><div class=\"fusion-title title fusion-title-1 fusion-sep-none fusion-title-text fusion-title-size-one\" style=\"--awb-margin-bottom:20px;\"><h1 class=\"fusion-title-heading title-heading-left\" style=\"margin:0;\">Programa\u00e7\u00e3o Acessibilidade<\/h1><\/div><\/div><\/div><div class=\"fusion-layout-column fusion_builder_column fusion-builder-column-1 fusion_builder_column_1_1 1_1 fusion-flex-column\" style=\"--awb-bg-size:cover;--awb-width-large:100%;--awb-margin-top-large:0px;--awb-spacing-right-large:1.92%;--awb-margin-bottom-large:40px;--awb-spacing-left-large:1.92%;--awb-width-medium:100%;--awb-order-medium:0;--awb-spacing-right-medium:1.92%;--awb-spacing-left-medium:1.92%;--awb-width-small:100%;--awb-order-small:0;--awb-spacing-right-small:1.92%;--awb-spacing-left-small:1.92%;\"><div class=\"fusion-column-wrapper fusion-column-has-shadow fusion-flex-justify-content-flex-start fusion-content-layout-row\"><div ><a class=\"fusion-button button-flat fusion-button-default-size button-default fusion-button-default button-1 fusion-button-default-span fusion-button-default-type\" style=\"--button-border-radius-top-left:0;--button-border-radius-top-right:0;--button-border-radius-bottom-right:0;--button-border-radius-bottom-left:0;--button_margin-right:15px;\" target=\"_self\" href=\"#cineglauberrocha\"><span class=\"fusion-button-text\">cine glauber rocha<\/span><\/a><\/div><div ><a class=\"fusion-button button-flat fusion-button-default-size button-default fusion-button-default button-2 fusion-button-default-span fusion-button-default-type\" style=\"--button-border-radius-top-left:0;--button-border-radius-top-right:0;--button-border-radius-bottom-right:0;--button-border-radius-bottom-left:0;--button_margin-right:15px;\" target=\"_self\" href=\"#salawalter\"><span class=\"fusion-button-text\">sala walter da silveira<\/span><\/a><\/div><\/div><\/div><div class=\"fusion-layout-column fusion_builder_column fusion-builder-column-2 fusion_builder_column_1_1 1_1 fusion-flex-column\" style=\"--awb-bg-size:cover;--awb-width-large:100%;--awb-margin-top-large:0px;--awb-spacing-right-large:1.92%;--awb-margin-bottom-large:0px;--awb-spacing-left-large:1.92%;--awb-width-medium:100%;--awb-order-medium:0;--awb-spacing-right-medium:1.92%;--awb-spacing-left-medium:1.92%;--awb-width-small:100%;--awb-order-small:0;--awb-spacing-right-small:1.92%;--awb-spacing-left-small:1.92%;\"><div class=\"fusion-column-wrapper fusion-column-has-shadow fusion-flex-justify-content-flex-start fusion-content-layout-column\"><div class=\"fusion-title title fusion-title-2 fusion-sep-none fusion-title-text fusion-title-size-two\" style=\"--awb-margin-bottom:10px;\" id=\"cineglauberrocha\"><h2 class=\"fusion-title-heading title-heading-left\" style=\"font-family:&quot;Open Sans&quot;;font-style:normal;font-weight:700;margin:0;\"><strong>Cine Glauber Rocha<\/strong><\/h2><\/div><div class=\"fusion-title title fusion-title-3 fusion-sep-none fusion-title-text fusion-title-size-two\" style=\"--awb-margin-bottom:10px;\"><h2 class=\"fusion-title-heading title-heading-left\" style=\"margin:0;\">Quinta-feira &#8211; 14\/03<\/h2><\/div><div class=\"fusion-title title fusion-title-4 fusion-sep-none fusion-title-text fusion-title-size-three\" style=\"--awb-margin-bottom:10px;\"><h3 class=\"fusion-title-heading title-heading-left\" style=\"margin:0;\">20h00 \u2013 Sess\u00e3o de Abertura \/ Competitiva Nacional I &#8211; Sala 1<\/h3><\/div><div class=\"fusion-text fusion-text-1\"><p><b>Saudade Fez Morada Aqui Dentro<\/b>, de Haroldo Borges. BA, 110&#8242;, Cor,<br \/>\n<i>Debate ap\u00f3s a sess\u00e3o.<br \/>\n*Sess\u00e3o com Audiodescri\u00e7\u00e3o, Legendagem Descritiva e Libras atrav\u00e9s do aplicativo Movie Reading.<\/i><\/p>\n<\/div><div class=\"fusion-title title fusion-title-5 fusion-sep-none fusion-title-text fusion-title-size-three\" style=\"--awb-margin-bottom:10px;\"><h3 class=\"fusion-title-heading title-heading-left\" style=\"margin:0;\">20h10 \u2013 Sess\u00e3o de Abertura \/ Competitiva Nacional I &#8211; Sala 2<\/h3><\/div><div class=\"fusion-text fusion-text-2\"><p><b>Saudade Fez Morada Aqui Dentro<\/b>, de Haroldo Borges. BA, 110&#8242;, Cor,<br \/>\n<i>Debate ap\u00f3s a sess\u00e3o.<br \/>\n*Sess\u00e3o com Audiodescri\u00e7\u00e3o, Legendagem Descritiva e Libras atrav\u00e9s do aplicativo Movie Reading.<\/i><\/p>\n<\/div><div class=\"fusion-title title fusion-title-6 fusion-sep-none fusion-title-text fusion-title-size-two\" style=\"--awb-margin-bottom:10px;\"><h2 class=\"fusion-title-heading title-heading-left\" style=\"margin:0;\">Sexta-feira &#8211; 15\/03<\/h2><\/div><div class=\"fusion-title title fusion-title-7 fusion-sep-none fusion-title-text fusion-title-size-three\" style=\"--awb-margin-bottom:10px;\"><h3 class=\"fusion-title-heading title-heading-left\" style=\"margin:0;\">15h30 \u2013  Panorama Brasil V &#8211; Sala 1<\/h3><\/div><div class=\"fusion-text fusion-text-3\"><p><b>Cr\u00f4nicas de uma Jovem Fam\u00edlia Preta!<\/b>, de Davidson D. Candanda. RJ, 76&#8242;, Cor, 2023<br \/>\n<i>* Sess\u00e3o do programa A Escola vai ao Cinema.<br \/>\n** Sess\u00e3o com recurso de Legendagem Descritiva aberto.<\/i><\/p>\n<\/div><div class=\"fusion-title title fusion-title-8 fusion-sep-none fusion-title-text fusion-title-size-two\" style=\"--awb-margin-bottom:10px;\"><h2 class=\"fusion-title-heading title-heading-left\" style=\"margin:0;\">S\u00e1bado &#8211; 16\/03<\/h2><\/div><div class=\"fusion-title title fusion-title-9 fusion-sep-none fusion-title-text fusion-title-size-three\" style=\"--awb-margin-bottom:10px;\"><h3 class=\"fusion-title-heading title-heading-left\" style=\"margin:0;\">13h10 \u2013 Competitiva Nacional I &#8211; Sala 2<\/h3><\/div><div class=\"fusion-text fusion-text-4\"><p><b>Saudade Fez Morada Aqui Dentro<\/b>, de Haroldo Borges. BA, 110&#8242;, Cor, 2022<br \/><i>*Sess\u00e3o com recursos de Audiodescri\u00e7\u00e3o, Legendagem Descritiva e Libras atrav\u00e9s do aplicativo Movie Reading.<\/i><\/p>\n<\/div><div class=\"fusion-title title fusion-title-10 fusion-sep-none fusion-title-text fusion-title-size-three\" style=\"--awb-margin-bottom:10px;\"><h3 class=\"fusion-title-heading title-heading-left\" style=\"margin:0;\">14h50 \u2013 Panorama Brasil VII &#8211; Sala 1<\/h3><\/div><div class=\"fusion-text fusion-text-5\"><p><b>Assexybilidade<\/b>, de Daniel Gon\u00e7alves. RJ, 86&#8242;, Cor, 2023<br \/>\n<i>*Sess\u00e3o com Legendagem Descritiva aberta e Audiodescri\u00e7\u00e3o e Libras atrav\u00e9s do aplicativo Movie Reading.<\/i><\/p>\n<\/div><div class=\"fusion-title title fusion-title-11 fusion-sep-none fusion-title-text fusion-title-size-two\" style=\"--awb-margin-bottom:10px;\"><h2 class=\"fusion-title-heading title-heading-left\" style=\"margin:0;\">Domingo &#8211; 17\/03<\/h2><\/div><div class=\"fusion-title title fusion-title-12 fusion-sep-none fusion-title-text fusion-title-size-three\" style=\"--awb-margin-bottom:10px;\"><h3 class=\"fusion-title-heading title-heading-left\" style=\"margin:0;\">10h30 \u2013 Matin\u00ea Panorama Infantil &#8211; Sala 1<\/h3><\/div><div class=\"fusion-text fusion-text-6\"><p><b>Sobre Amizade e Bicicletas<\/b>, de Julia Vidal. PR, 12&#8242;, Cor, 2022<br \/><b>Quintal<\/b>, de Mariana Netto. BA, 16&#8242;, Cor, 2022<br \/><b>Oink (Knor)<\/b>, de Mascha Halberstad. Pa\u00edses Baixos\/B\u00e9lgica, 73\u2019, Cor, 2022<br \/><i>*Sess\u00e3o Azul (Inclusiva para pessoas do espectro autistas e neurodiversos).<\/i><\/p>\n<\/div><div class=\"fusion-title title fusion-title-13 fusion-sep-none fusion-title-text fusion-title-size-two\" style=\"--awb-margin-bottom:10px;\"><h2 class=\"fusion-title-heading title-heading-left\" style=\"margin:0;\">Segunda-feira &#8211; 18\/03<\/h2><\/div><div class=\"fusion-title title fusion-title-14 fusion-sep-none fusion-title-text fusion-title-size-three\" style=\"--awb-margin-bottom:10px;\"><h3 class=\"fusion-title-heading title-heading-left\" style=\"margin:0;\">15h05 \u2013 Panorama Brasil VII &#8211; Sala 1<\/h3><\/div><div class=\"fusion-text fusion-text-7\"><p><b>Assexybilidade<\/b>, de Daniel Gon\u00e7alves. RJ, 86&#8242;, Cor, 2023<br \/><i>*Sess\u00e3o com Legendagem Descritiva aberta e Audiodescri\u00e7\u00e3o e Libras atrav\u00e9s do aplicativo Movie Reading.<\/i><\/p>\n<\/div><div class=\"fusion-title title fusion-title-15 fusion-sep-none fusion-title-text fusion-title-size-two\" style=\"--awb-margin-bottom:10px;\"><h2 class=\"fusion-title-heading title-heading-left\" style=\"margin:0;\">Ter\u00e7a-feira &#8211; 19\/03<\/h2><\/div><div class=\"fusion-title title fusion-title-16 fusion-sep-none fusion-title-text fusion-title-size-three\" style=\"--awb-margin-bottom:10px;\"><h3 class=\"fusion-title-heading title-heading-left\" style=\"margin:0;\">10h30 &#8211; Sess\u00e3o Convidados &#8211; Sala 1<\/h3><\/div><div class=\"fusion-text fusion-text-8\"><p><b>Longa-metragem Tarsilinha<\/b>, de C\u00e9lia Catunda e Kiko Mistrorigo. Anima\u00e7\u00e3o, SP, 93\u2019, Cor, 2021. <br \/><i>*Exibi\u00e7\u00e3o com recursos de Legendagem Descritiva, Audiodescri\u00e7\u00e3o e Libras abertos.<br \/>**Contato atrav\u00e9s do email producao.panoramacoisadecinema@gmail.com<\/i><\/p>\n<\/div><div class=\"fusion-title title fusion-title-17 fusion-sep-none fusion-title-text fusion-title-size-three\" style=\"--awb-margin-bottom:10px;\"><h3 class=\"fusion-title-heading title-heading-left\" style=\"margin:0;\">13h30 \u2013 Panorama Brasil V &#8211; Sala 1<\/h3><\/div><div class=\"fusion-text fusion-text-9\"><p><b>Cr\u00f4nicas de uma Jovem Fam\u00edlia Preta!<\/b>, de Davidson D. Candanda. RJ, 76&#8242;, Cor, 2023<br \/><i>* Sess\u00e3o do programa A Escola vai ao Cinema.<br \/>** Sess\u00e3o com recurso de Legendagem Descritiva aberto.<\/i><\/p>\n<\/div><div class=\"fusion-title title fusion-title-18 fusion-sep-none fusion-title-text fusion-title-size-three\" style=\"--awb-margin-bottom:10px;\"><h3 class=\"fusion-title-heading title-heading-left\" style=\"margin:0;\">18h00 \u2013 Competitiva Nacional VIII &#8211; Sala 1<\/h3><\/div><div class=\"fusion-text fusion-text-10\"><p><b>Cama Vazia<\/b>, de F\u00e1bio Rog\u00e9rio e Jean-Claude Bernardet. SP, 6&#8242;, Cor, 2023<br \/>\n<b>Helena de Guaratiba<\/b>, de Karen Black. RJ, 15&#8242;, Cor, 2023<br \/>\n<b>Not Dead<\/b>, de Isaac Donato. BA, 71&#8242;, Cor, 2023<br \/>\n<i>Debate ap\u00f3s a sess\u00e3o.<br \/>\n*Audiodescri\u00e7\u00e3o e Libras dos filmes Helena de Guaratiba e Not Dead atrav\u00e9s do aplicativo Movie Reading.<\/i><\/p>\n<\/div><div class=\"fusion-title title fusion-title-19 fusion-sep-none fusion-title-text fusion-title-size-two\" style=\"--awb-margin-bottom:10px;\"><h2 class=\"fusion-title-heading title-heading-left\" style=\"margin:0;\">Quarta-feira &#8211; 20\/03<\/h2><\/div><div class=\"fusion-title title fusion-title-20 fusion-sep-none fusion-title-text fusion-title-size-three\" style=\"--awb-margin-bottom:10px;\"><h3 class=\"fusion-title-heading title-heading-left\" style=\"margin:0;\">13h00 \u2013 Competitiva Nacional VIII &#8211; Sala 1<\/h3><\/div><div class=\"fusion-text fusion-text-11 fusion-text-no-margin\" style=\"--awb-margin-bottom:60px;\"><p><b>Cama Vazia<\/b>, de F\u00e1bio Rog\u00e9rio e Jean-Claude Bernardet. SP, 6&#8242;, Cor, 2023<br \/><b>Helena de Guaratiba<\/b>, de Karen Black. RJ, 15&#8242;, Cor, 2023<br \/><b>Not Dead<\/b>, de Isaac Donato. BA, 71&#8242;, Cor, 2023<br \/><i>*Audiodescri\u00e7\u00e3o e Libras dos filmes Helena de Guaratiba e Not Dead atrav\u00e9s do aplicativo Movie Reading.<\/i><\/p>\n<\/div><div class=\"fusion-title title fusion-title-21 fusion-sep-none fusion-title-text fusion-title-size-two\" style=\"--awb-margin-bottom:10px;\" id=\"salawalter\"><h2 class=\"fusion-title-heading title-heading-left\" style=\"font-family:&quot;Open Sans&quot;;font-style:normal;font-weight:700;margin:0;\"><strong>Cine Walter da Silveira<\/strong><\/h2><\/div><div class=\"fusion-title title fusion-title-22 fusion-sep-none fusion-title-text fusion-title-size-two\" style=\"--awb-margin-bottom:10px;\"><h2 class=\"fusion-title-heading title-heading-left\" style=\"margin:0;\">Sexta-feira &#8211; 15\/03<\/h2><\/div><div class=\"fusion-title title fusion-title-23 fusion-sep-none fusion-title-text fusion-title-size-three\" style=\"--awb-margin-bottom:10px;\"><h3 class=\"fusion-title-heading title-heading-left\" style=\"margin:0;\">16h00 \u2013 Panorama Brasil IX<\/h3><\/div><div class=\"fusion-text fusion-text-12\"><p><b>Neirud<\/b>, de Fernanda Faya. SP, 73&#8242;, Cor, 2023<br \/><i>*Entrada gratuita<br \/>** Sess\u00e3o com recursos de audiodescri\u00e7\u00e3o e libras abertos.<\/i><\/p>\n<\/div><div class=\"fusion-title title fusion-title-24 fusion-sep-none fusion-title-text fusion-title-size-two\" style=\"--awb-margin-bottom:10px;\"><h2 class=\"fusion-title-heading title-heading-left\" style=\"margin:0;\">S\u00e1bado &#8211; 16\/03<\/h2><\/div><div class=\"fusion-title title fusion-title-25 fusion-sep-none fusion-title-text fusion-title-size-three\" style=\"--awb-margin-bottom:10px;\"><h3 class=\"fusion-title-heading title-heading-left\" style=\"margin:0;\">14h00 \u2013 Panorama Brasil I<\/h3><\/div><div class=\"fusion-text fusion-text-13\"><p><b>Corpos Invis\u00edveis<\/b>, de Qu\u00e9zia Lopes. RJ, 76&#8242;, Cor, 2023<br \/><i>*Entrada gratuita<br \/>** Sess\u00e3o com recursos de audiodescri\u00e7\u00e3o e libras abertos.<\/i><\/p>\n<\/div><div class=\"fusion-title title fusion-title-26 fusion-sep-none fusion-title-text fusion-title-size-three\" style=\"--awb-margin-bottom:10px;\"><h3 class=\"fusion-title-heading title-heading-left\" style=\"margin:0;\">16h00 \u2013 Panorama Brasil VI<\/h3><\/div><div class=\"fusion-text fusion-text-14\"><p><b>Othelo, O Grande<\/b>, de Lucas H. Rossi dos Santos. RJ, 83&#8242;, Cor, 2023<br \/><i>*Entrada gratuita<br \/>** Sess\u00e3o com recurso de libras aberto.<\/i><\/p>\n<\/div><div class=\"fusion-title title fusion-title-27 fusion-sep-none fusion-title-text fusion-title-size-two\" style=\"--awb-margin-bottom:10px;\"><h2 class=\"fusion-title-heading title-heading-left\" style=\"margin:0;\">Quarta-feira &#8211; 20\/03<\/h2><\/div><div class=\"fusion-title title fusion-title-28 fusion-sep-none fusion-title-text fusion-title-size-three\" style=\"--awb-margin-bottom:10px;\"><h3 class=\"fusion-title-heading title-heading-left\" style=\"margin:0;\">18h00 \u2013 Panorama Brasil XVII<\/h3><\/div><div class=\"fusion-text fusion-text-15\"><p><b>Elle, Marielle Franco<\/b>, de Liliane Mutti e Daniela Ramalho. Brasil\/Fran\u00e7a, 8&#8242;, Cor, 2021<br \/><b>Salut, mes ami.e.s!<\/b>, de Liliane Mutti. BA, 74&#8242;, Cor, 2023<br \/><i>* Entrada gratuita<br \/>** Exibi\u00e7\u00e3o de Salut, mes ami.e.s! com recurso de libras aberto.<\/i><\/p>\n<\/div><\/div><\/div><\/div><\/div>\n","protected":false},"excerpt":{"rendered":"","protected":false},"author":607,"featured_media":0,"parent":182,"menu_order":0,"comment_status":"closed","ping_status":"closed","template":"100-width.php","meta":{"_acf_changed":false,"footnotes":""},"class_list":["post-30688","page","type-page","status-publish","hentry"],"acf":[],"yoast_head":"<!-- This site is optimized with the Yoast SEO plugin v25.7 - https:\/\/yoast.com\/wordpress\/plugins\/seo\/ -->\n<title>Programa\u00e7\u00e3o Acessibilidade - XIX Panorama Internacional Coisa de Cinema<\/title>\n<meta name=\"robots\" content=\"index, follow, max-snippet:-1, max-image-preview:large, max-video-preview:-1\" \/>\n<link rel=\"canonical\" href=\"https:\/\/acervo.coisadecinema.com.br\/xix-panorama\/programacao\/programacao-acessibilidade\/\" \/>\n<meta property=\"og:locale\" content=\"pt_BR\" \/>\n<meta property=\"og:type\" content=\"article\" \/>\n<meta property=\"og:title\" content=\"Programa\u00e7\u00e3o Acessibilidade - XIX Panorama Internacional Coisa de Cinema\" \/>\n<meta property=\"og:url\" content=\"https:\/\/acervo.coisadecinema.com.br\/xix-panorama\/programacao\/programacao-acessibilidade\/\" \/>\n<meta property=\"og:site_name\" content=\"XIX Panorama Internacional Coisa de Cinema\" \/>\n<meta property=\"article:modified_time\" content=\"2024-03-07T19:27:37+00:00\" \/>\n<meta property=\"og:image\" content=\"https:\/\/acervo.coisadecinema.com.br\/xix-panorama\/wp-content\/uploads\/2024\/02\/site-2100x900-1.webp\" \/>\n\t<meta property=\"og:image:width\" content=\"2100\" \/>\n\t<meta property=\"og:image:height\" content=\"900\" \/>\n\t<meta property=\"og:image:type\" content=\"image\/webp\" \/>\n<meta name=\"twitter:card\" content=\"summary_large_image\" \/>\n<meta name=\"twitter:label1\" content=\"Est. tempo de leitura\" \/>\n\t<meta name=\"twitter:data1\" content=\"1 minuto\" \/>\n<script type=\"application\/ld+json\" class=\"yoast-schema-graph\">{\"@context\":\"https:\/\/schema.org\",\"@graph\":[{\"@type\":\"WebPage\",\"@id\":\"https:\/\/acervo.coisadecinema.com.br\/xix-panorama\/programacao\/programacao-acessibilidade\/\",\"url\":\"https:\/\/acervo.coisadecinema.com.br\/xix-panorama\/programacao\/programacao-acessibilidade\/\",\"name\":\"Programa\u00e7\u00e3o Acessibilidade - XIX Panorama Internacional Coisa de Cinema\",\"isPartOf\":{\"@id\":\"https:\/\/acervo.coisadecinema.com.br\/xix-panorama\/#website\"},\"datePublished\":\"2024-03-07T03:08:58+00:00\",\"dateModified\":\"2024-03-07T19:27:37+00:00\",\"breadcrumb\":{\"@id\":\"https:\/\/acervo.coisadecinema.com.br\/xix-panorama\/programacao\/programacao-acessibilidade\/#breadcrumb\"},\"inLanguage\":\"pt-BR\",\"potentialAction\":[{\"@type\":\"ReadAction\",\"target\":[\"https:\/\/acervo.coisadecinema.com.br\/xix-panorama\/programacao\/programacao-acessibilidade\/\"]}]},{\"@type\":\"BreadcrumbList\",\"@id\":\"https:\/\/acervo.coisadecinema.com.br\/xix-panorama\/programacao\/programacao-acessibilidade\/#breadcrumb\",\"itemListElement\":[{\"@type\":\"ListItem\",\"position\":1,\"name\":\"In\u00edcio\",\"item\":\"https:\/\/acervo.coisadecinema.com.br\/xix-panorama\/\"},{\"@type\":\"ListItem\",\"position\":2,\"name\":\"Programa\u00e7\u00e3o\",\"item\":\"https:\/\/acervo.coisadecinema.com.br\/xix-panorama\/programacao\/\"},{\"@type\":\"ListItem\",\"position\":3,\"name\":\"Programa\u00e7\u00e3o Acessibilidade\"}]},{\"@type\":\"WebSite\",\"@id\":\"https:\/\/acervo.coisadecinema.com.br\/xix-panorama\/#website\",\"url\":\"https:\/\/acervo.coisadecinema.com.br\/xix-panorama\/\",\"name\":\"XIX Panorama Internacional Coisa de Cinema\",\"description\":\"\",\"publisher\":{\"@id\":\"https:\/\/acervo.coisadecinema.com.br\/xix-panorama\/#organization\"},\"alternateName\":\"XIX Panorama Internacional Coisa de Cinema\",\"potentialAction\":[{\"@type\":\"SearchAction\",\"target\":{\"@type\":\"EntryPoint\",\"urlTemplate\":\"https:\/\/acervo.coisadecinema.com.br\/xix-panorama\/?s={search_term_string}\"},\"query-input\":{\"@type\":\"PropertyValueSpecification\",\"valueRequired\":true,\"valueName\":\"search_term_string\"}}],\"inLanguage\":\"pt-BR\"},{\"@type\":\"Organization\",\"@id\":\"https:\/\/acervo.coisadecinema.com.br\/xix-panorama\/#organization\",\"name\":\"XIX Panorama Internacional Coisa de Cinema\",\"url\":\"https:\/\/acervo.coisadecinema.com.br\/xix-panorama\/\",\"logo\":{\"@type\":\"ImageObject\",\"inLanguage\":\"pt-BR\",\"@id\":\"https:\/\/acervo.coisadecinema.com.br\/xix-panorama\/#\/schema\/logo\/image\/\",\"url\":\"https:\/\/panorama.coisadecinema.com.br\/wp-content\/uploads\/2022\/08\/logo-panoramaxix-2024-pos-LO.webp\",\"contentUrl\":\"https:\/\/panorama.coisadecinema.com.br\/wp-content\/uploads\/2022\/08\/logo-panoramaxix-2024-pos-LO.webp\",\"width\":600,\"height\":161,\"caption\":\"XIX Panorama Internacional Coisa de Cinema\"},\"image\":{\"@id\":\"https:\/\/acervo.coisadecinema.com.br\/xix-panorama\/#\/schema\/logo\/image\/\"}}]}<\/script>\n<!-- \/ Yoast SEO plugin. -->","yoast_head_json":{"title":"Programa\u00e7\u00e3o Acessibilidade - XIX Panorama Internacional Coisa de Cinema","robots":{"index":"index","follow":"follow","max-snippet":"max-snippet:-1","max-image-preview":"max-image-preview:large","max-video-preview":"max-video-preview:-1"},"canonical":"https:\/\/acervo.coisadecinema.com.br\/xix-panorama\/programacao\/programacao-acessibilidade\/","og_locale":"pt_BR","og_type":"article","og_title":"Programa\u00e7\u00e3o Acessibilidade - XIX Panorama Internacional Coisa de Cinema","og_url":"https:\/\/acervo.coisadecinema.com.br\/xix-panorama\/programacao\/programacao-acessibilidade\/","og_site_name":"XIX Panorama Internacional Coisa de Cinema","article_modified_time":"2024-03-07T19:27:37+00:00","og_image":[{"width":2100,"height":900,"url":"https:\/\/acervo.coisadecinema.com.br\/xix-panorama\/wp-content\/uploads\/2024\/02\/site-2100x900-1.webp","type":"image\/webp"}],"twitter_card":"summary_large_image","twitter_misc":{"Est. tempo de leitura":"1 minuto"},"schema":{"@context":"https:\/\/schema.org","@graph":[{"@type":"WebPage","@id":"https:\/\/acervo.coisadecinema.com.br\/xix-panorama\/programacao\/programacao-acessibilidade\/","url":"https:\/\/acervo.coisadecinema.com.br\/xix-panorama\/programacao\/programacao-acessibilidade\/","name":"Programa\u00e7\u00e3o Acessibilidade - XIX Panorama Internacional Coisa de Cinema","isPartOf":{"@id":"https:\/\/acervo.coisadecinema.com.br\/xix-panorama\/#website"},"datePublished":"2024-03-07T03:08:58+00:00","dateModified":"2024-03-07T19:27:37+00:00","breadcrumb":{"@id":"https:\/\/acervo.coisadecinema.com.br\/xix-panorama\/programacao\/programacao-acessibilidade\/#breadcrumb"},"inLanguage":"pt-BR","potentialAction":[{"@type":"ReadAction","target":["https:\/\/acervo.coisadecinema.com.br\/xix-panorama\/programacao\/programacao-acessibilidade\/"]}]},{"@type":"BreadcrumbList","@id":"https:\/\/acervo.coisadecinema.com.br\/xix-panorama\/programacao\/programacao-acessibilidade\/#breadcrumb","itemListElement":[{"@type":"ListItem","position":1,"name":"In\u00edcio","item":"https:\/\/acervo.coisadecinema.com.br\/xix-panorama\/"},{"@type":"ListItem","position":2,"name":"Programa\u00e7\u00e3o","item":"https:\/\/acervo.coisadecinema.com.br\/xix-panorama\/programacao\/"},{"@type":"ListItem","position":3,"name":"Programa\u00e7\u00e3o Acessibilidade"}]},{"@type":"WebSite","@id":"https:\/\/acervo.coisadecinema.com.br\/xix-panorama\/#website","url":"https:\/\/acervo.coisadecinema.com.br\/xix-panorama\/","name":"XIX Panorama Internacional Coisa de Cinema","description":"","publisher":{"@id":"https:\/\/acervo.coisadecinema.com.br\/xix-panorama\/#organization"},"alternateName":"XIX Panorama Internacional Coisa de Cinema","potentialAction":[{"@type":"SearchAction","target":{"@type":"EntryPoint","urlTemplate":"https:\/\/acervo.coisadecinema.com.br\/xix-panorama\/?s={search_term_string}"},"query-input":{"@type":"PropertyValueSpecification","valueRequired":true,"valueName":"search_term_string"}}],"inLanguage":"pt-BR"},{"@type":"Organization","@id":"https:\/\/acervo.coisadecinema.com.br\/xix-panorama\/#organization","name":"XIX Panorama Internacional Coisa de Cinema","url":"https:\/\/acervo.coisadecinema.com.br\/xix-panorama\/","logo":{"@type":"ImageObject","inLanguage":"pt-BR","@id":"https:\/\/acervo.coisadecinema.com.br\/xix-panorama\/#\/schema\/logo\/image\/","url":"https:\/\/panorama.coisadecinema.com.br\/wp-content\/uploads\/2022\/08\/logo-panoramaxix-2024-pos-LO.webp","contentUrl":"https:\/\/panorama.coisadecinema.com.br\/wp-content\/uploads\/2022\/08\/logo-panoramaxix-2024-pos-LO.webp","width":600,"height":161,"caption":"XIX Panorama Internacional Coisa de Cinema"},"image":{"@id":"https:\/\/acervo.coisadecinema.com.br\/xix-panorama\/#\/schema\/logo\/image\/"}}]}},"_links":{"self":[{"href":"https:\/\/acervo.coisadecinema.com.br\/xix-panorama\/wp-json\/wp\/v2\/pages\/30688","targetHints":{"allow":["GET"]}}],"collection":[{"href":"https:\/\/acervo.coisadecinema.com.br\/xix-panorama\/wp-json\/wp\/v2\/pages"}],"about":[{"href":"https:\/\/acervo.coisadecinema.com.br\/xix-panorama\/wp-json\/wp\/v2\/types\/page"}],"author":[{"embeddable":true,"href":"https:\/\/acervo.coisadecinema.com.br\/xix-panorama\/wp-json\/wp\/v2\/users\/607"}],"replies":[{"embeddable":true,"href":"https:\/\/acervo.coisadecinema.com.br\/xix-panorama\/wp-json\/wp\/v2\/comments?post=30688"}],"version-history":[{"count":22,"href":"https:\/\/acervo.coisadecinema.com.br\/xix-panorama\/wp-json\/wp\/v2\/pages\/30688\/revisions"}],"predecessor-version":[{"id":30815,"href":"https:\/\/acervo.coisadecinema.com.br\/xix-panorama\/wp-json\/wp\/v2\/pages\/30688\/revisions\/30815"}],"up":[{"embeddable":true,"href":"https:\/\/acervo.coisadecinema.com.br\/xix-panorama\/wp-json\/wp\/v2\/pages\/182"}],"wp:attachment":[{"href":"https:\/\/acervo.coisadecinema.com.br\/xix-panorama\/wp-json\/wp\/v2\/media?parent=30688"}],"curies":[{"name":"wp","href":"https:\/\/api.w.org\/{rel}","templated":true}]}}