{"id":29691,"date":"2024-02-20T17:08:41","date_gmt":"2024-02-20T20:08:41","guid":{"rendered":"https:\/\/panorama.coisadecinema.com.br\/?page_id=29691"},"modified":"2024-03-14T12:31:54","modified_gmt":"2024-03-14T15:31:54","slug":"cine-glauber-rocha-terca-feira-19-03","status":"publish","type":"page","link":"https:\/\/acervo.coisadecinema.com.br\/xix-panorama\/programacao\/cine-glauber-rocha-terca-feira-19-03\/","title":{"rendered":"Cine Glauber Rocha &#8211; Ter\u00e7a-feira &#8211; 19\/03"},"content":{"rendered":"<div class=\"fusion-fullwidth fullwidth-box fusion-builder-row-1 fusion-flex-container has-pattern-background has-mask-background nonhundred-percent-fullwidth non-hundred-percent-height-scrolling\" style=\"--awb-border-radius-top-left:0px;--awb-border-radius-top-right:0px;--awb-border-radius-bottom-right:0px;--awb-border-radius-bottom-left:0px;--awb-padding-top:120px;--awb-padding-right:6%;--awb-padding-bottom:250px;--awb-padding-left:6%;--awb-padding-top-small:120px;--awb-padding-right-small:6%;--awb-padding-left-small:6%;--awb-background-color:var(--awb-color5);--awb-flex-wrap:wrap;\" ><div class=\"fusion-builder-row fusion-row fusion-flex-align-items-flex-start fusion-flex-justify-content-space-between fusion-flex-content-wrap\" style=\"max-width:1248px;margin-left: calc(-4% \/ 2 );margin-right: calc(-4% \/ 2 );\"><div class=\"fusion-layout-column fusion_builder_column fusion-builder-column-0 fusion_builder_column_1_1 1_1 fusion-flex-column\" style=\"--awb-bg-blend:overlay;--awb-bg-size:cover;--awb-width-large:100%;--awb-margin-top-large:0px;--awb-spacing-right-large:1.92%;--awb-margin-bottom-large:0px;--awb-spacing-left-large:1.92%;--awb-width-medium:100%;--awb-spacing-right-medium:1.92%;--awb-spacing-left-medium:1.92%;--awb-width-small:100%;--awb-spacing-right-small:1.92%;--awb-spacing-left-small:1.92%;\"><div class=\"fusion-column-wrapper fusion-flex-justify-content-flex-start fusion-content-layout-column\"><div class=\"fusion-title title fusion-title-1 fusion-sep-none fusion-title-text fusion-title-size-one\" style=\"--awb-margin-bottom:20px;\"><h1 class=\"fusion-title-heading title-heading-left\" style=\"margin:0;\">Cine Glauber Rocha &#8211; Ter\u00e7a-feira &#8211; 19\/03<\/h1><\/div><\/div><\/div><div class=\"fusion-layout-column fusion_builder_column fusion-builder-column-1 fusion_builder_column_1_1 1_1 fusion-flex-column\" style=\"--awb-bg-size:cover;--awb-width-large:100%;--awb-margin-top-large:0px;--awb-spacing-right-large:1.92%;--awb-margin-bottom-large:0px;--awb-spacing-left-large:1.92%;--awb-width-medium:100%;--awb-order-medium:0;--awb-spacing-right-medium:1.92%;--awb-spacing-left-medium:1.92%;--awb-width-small:100%;--awb-order-small:0;--awb-spacing-right-small:1.92%;--awb-spacing-left-small:1.92%;\"><div class=\"fusion-column-wrapper fusion-column-has-shadow fusion-flex-justify-content-flex-start fusion-content-layout-column\"><div class=\"fusion-title title fusion-title-2 fusion-sep-none fusion-title-text fusion-title-size-three\" style=\"--awb-margin-bottom:10px;--awb-font-size:22px;\"><h3 class=\"fusion-title-heading title-heading-left\" style=\"font-family:&quot;Open Sans&quot;;font-style:normal;font-weight:700;margin:0;font-size:1em;\">13h10 \u2013 Competitiva Baiana VII &#8211; Sala 2<\/h3><\/div><div class=\"fusion-text fusion-text-1\"><p><b>\u00c9 d\u2019Oxum: A For\u00e7a que Mora N&#8217;\u00e1gua<\/b>, de Dayane Sena. BA, 27&#8242;, Cor, 2022<br \/>\n<b>Curacanga<\/b>, de Mateus Di Mambro. BA, 18&#8242;, Cor, 2023<br \/>\n<b>No Rastro do Pe\u0301 de Bode<\/b>, de Marcelo Rabelo. BA, 60&#8242;, Cor, 2023<\/p>\n<\/div><div class=\"fusion-title title fusion-title-3 fusion-sep-none fusion-title-text fusion-title-size-three\" style=\"--awb-margin-bottom:10px;--awb-font-size:22px;\"><h3 class=\"fusion-title-heading title-heading-left\" style=\"font-family:&quot;Open Sans&quot;;font-style:normal;font-weight:700;margin:0;font-size:1em;\">13h20 \u2013 Competitiva Internacional III &#8211; Sala 3<\/h3><\/div><div class=\"fusion-text fusion-text-2\"><p><b>A Passagem (The Passing)<\/b>, de Ivete Lucas e Patrick Bresnan. EUA, 18&#8242;, Cor, 2023<br \/>\n<b>Tria<\/b>, de Giulia Grandinetti. It\u00e1lia, 18&#8242;, Cor, 2022<br \/>\n<b>Acrom\u00e1tico (Achrome)<\/b>, de Maria Ignatenko. R\u00fassia\/Alemanha\/Israel, 96&#8242;, Cor, 2022<\/p>\n<\/div><div class=\"fusion-title title fusion-title-4 fusion-sep-none fusion-title-text fusion-title-size-three\" style=\"--awb-margin-bottom:10px;--awb-font-size:22px;\"><h3 class=\"fusion-title-heading title-heading-left\" style=\"font-family:&quot;Open Sans&quot;;font-style:normal;font-weight:700;margin:0;font-size:1em;\">13h30 \u2013 Panorama Brasil V &#8211; Sala 1<\/h3><\/div><div class=\"fusion-text fusion-text-3\"><p><b>Cr\u00f4nicas de uma Jovem Fam\u00edlia Preta!<\/b>, de Davidson D. Candanda. RJ, 76&#8242;, Cor, 2023<br \/>\n<i>* Sess\u00e3o do programa A Escola vai ao Cinema.<br \/>\n** Sess\u00e3o com Legendagem Descritiva aberta.<\/i><\/p>\n<\/div><div class=\"fusion-title title fusion-title-5 fusion-sep-none fusion-title-text fusion-title-size-three\" style=\"--awb-margin-bottom:10px;--awb-font-size:22px;\"><h3 class=\"fusion-title-heading title-heading-left\" style=\"font-family:&quot;Open Sans&quot;;font-style:normal;font-weight:700;margin:0;font-size:1em;\">15h00 \u2013 Encontros e Debates XI &#8211; Sala 4<\/h3><\/div><div class=\"fusion-text fusion-text-4\"><p><b>A Import\u00e2ncia dos Festivais de Cinema<\/b>, P<span style=\"color: var(--awb-text-color); font-family: var(--awb-text-font-family); font-size: var(--awb-font-size); font-style: var(--awb-text-font-style); font-weight: var(--awb-text-font-weight); letter-spacing: var(--awb-letter-spacing); text-align: var(--awb-content-alignment); text-transform: var(--awb-text-transform); background-color: var(--awb-bg-color-hover);\">articipantes: Edson Bastos (FECIBA &#8211; Festival de Cinema Baiano), M\u00e1rcio Perez (Kinof\u00f3rum), Tambla Almeida (Festival Nacional de Cinema e Audiovisual de Cabo Verde &#8211; Oi\u00e1), Hilda Lopes Pontes (Lugar de Mulher \u00e9 no Cinema), Luiza Lins (F\u00f3rum dos Festivais\/ Mostra de Cinema Infantil de Florian\u00f3polis)<br \/><\/span><span style=\"color: var(--awb-text-color); font-family: var(--awb-text-font-family); font-size: var(--awb-font-size); letter-spacing: var(--awb-letter-spacing); text-align: var(--awb-content-alignment); text-transform: var(--awb-text-transform); background-color: var(--awb-bg-color-hover);\"><span style=\"font-style: var(--awb-text-font-style);\"><b>Mediador:<\/b><span style=\"font-weight: var(--awb-text-font-weight);\"> Mar\u00edlia Hughes Guerreiro<\/span><\/span><br \/><\/span><i style=\"color: var(--awb-text-color); font-family: var(--awb-text-font-family); font-size: var(--awb-font-size); font-weight: var(--awb-text-font-weight); letter-spacing: var(--awb-letter-spacing); text-align: var(--awb-content-alignment); text-transform: var(--awb-text-transform); background-color: var(--awb-bg-color-hover);\">*Entrada gratuita<br \/><\/i><i style=\"color: var(--awb-text-color); font-family: var(--awb-text-font-family); font-size: var(--awb-font-size); font-weight: var(--awb-text-font-weight); letter-spacing: var(--awb-letter-spacing); text-align: var(--awb-content-alignment); text-transform: var(--awb-text-transform); background-color: var(--awb-bg-color-hover);\">** Com int\u00e9rprete e tradutor em Libras.<\/i><\/p>\n<\/div><div class=\"fusion-title title fusion-title-6 fusion-sep-none fusion-title-text fusion-title-size-three\" style=\"--awb-margin-bottom:10px;--awb-font-size:22px;\"><h3 class=\"fusion-title-heading title-heading-left\" style=\"font-family:&quot;Open Sans&quot;;font-style:normal;font-weight:700;margin:0;font-size:1em;\">15h00 \u2013 Competitiva Nacional VI &#8211; Sala 1<\/h3><\/div><div class=\"fusion-text fusion-text-5\"><p><b>Eu Fui Assistente do Eduardo Coutinho<\/b>, de Allan Ribeiro. RJ, 17&#8242;, Cor, 2023<br \/>\n<b>Remendo<\/b>, de Roger Ghil. ES, 21&#8242;, Cor, 2023<br \/>\n<b>Ecos do Sil\u00eancio<\/b>, de Andr\u00e9 Luiz Oliveira. DF, 102&#8242;, Cor, 2023<\/p>\n<\/div><div class=\"fusion-title title fusion-title-7 fusion-sep-none fusion-title-text fusion-title-size-three\" style=\"--awb-margin-bottom:10px;--awb-font-size:22px;\"><h3 class=\"fusion-title-heading title-heading-left\" style=\"font-family:&quot;Open Sans&quot;;font-style:normal;font-weight:700;margin:0;font-size:1em;\">15h10 \u2013 Competitiva Baiana III &#8211; Sala 2<\/h3><\/div><div class=\"fusion-text fusion-text-6\"><p><b>Felipa<\/b>, de Ana Clara Pereira. BA, 11&#8242;, Cor, 2023<br \/>\n<b>TAMBA: Sinfonia do Invis\u00edvel<\/b>, de Genilson Nery. BA, 11&#8242;, Cor, 2023<br \/>\n<b>Caf\u00e9, P\u00e9pi e Lim\u00e3o<\/b>, de Adler Kibe Paz e Pedro L\u00e9o. BA, 82&#8242;, Cor, 2023<\/p>\n<\/div><div class=\"fusion-title title fusion-title-8 fusion-sep-none fusion-title-text fusion-title-size-three\" style=\"--awb-margin-bottom:10px;--awb-font-size:22px;\"><h3 class=\"fusion-title-heading title-heading-left\" style=\"font-family:&quot;Open Sans&quot;;font-style:normal;font-weight:700;margin:0;font-size:1em;\">15h50 \u2013 Mostra KAOGUIAMO (Cinemas de Cabo Verde, Guin\u00e9-Bissau, Angola e Mo\u00e7ambique) IV &#8211; Sala 3<\/h3><\/div><div class=\"fusion-text fusion-text-7\"><p><b>Serenata de Amor<\/b>, de Claire Andrade-Watkins. EUA\/Cabo Verde, 15&#8242;, Cor, 2013<br \/>\n<b>&#8216;Some Kind of Funny Porto Rican?&#8217;: A Cape Verdean American Story<\/b>, de Claire Andrade-Watkins. EUA\/Cabo Verde, 84&#8242;, Cor, 2006<\/p>\n<\/div><div class=\"fusion-title title fusion-title-9 fusion-sep-none fusion-title-text fusion-title-size-three\" style=\"--awb-margin-bottom:10px;--awb-font-size:22px;\"><h3 class=\"fusion-title-heading title-heading-left\" style=\"font-family:&quot;Open Sans&quot;;font-style:normal;font-weight:700;margin:0;font-size:1em;\">17h10 \u2013 Competitiva Baiana VIII &#8211; Sala 2<\/h3><\/div><div class=\"fusion-text fusion-text-8\"><p><b>Movimentos Migrat\u00f3rios<\/b>, de Rog\u00e9rio Cathal\u00e1. BA, 22&#8242;, P&amp;B, 2022<br \/>\n<b>O Homem que Virou Castanha<\/b>, de Natan Fox. BA, 15&#8242;, Cor, 2022<br \/>\n<b>Sucata Esperan\u00e7a<\/b>, de Rog\u00e9rio Luiz Oliveira e Filipe Gama. BA, 15&#8242;, Cor, 2023<br \/>\n<b>Sysyphus<\/b>, de George Neri. BA, 64&#8242;, Cor, 2023<br \/>\n<i>Debate ap\u00f3s a sess\u00e3o.<\/i><\/p>\n<\/div><div class=\"fusion-title title fusion-title-10 fusion-sep-none fusion-title-text fusion-title-size-three\" style=\"--awb-margin-bottom:10px;--awb-font-size:22px;\"><h3 class=\"fusion-title-heading title-heading-left\" style=\"font-family:&quot;Open Sans&quot;;font-style:normal;font-weight:700;margin:0;font-size:1em;\">17h45 \u2013 Competitiva Internacional VI &#8211; Sala 3<\/h3><\/div><div class=\"fusion-text fusion-text-9\"><p><b>Dildotect\u00f4nica (Dildotect\u00f3nica)<\/b>, de Tom\u00e1s Paula Marques. Portugal, 16&#8242;, Cor, 2023<br \/>\n<b>Swan no Centro (Swan dans le Centre)<\/b>, de Iris Chassaigne. Fran\u00e7a, 25&#8242;, Cor, 2022<br \/>\n<b>Julia N\u00e3o se Case (Julia no te Cases)<\/b>, de Pablo Levy. Argentina, 60&#8242;, Cor, 2022<\/p>\n<\/div><div class=\"fusion-title title fusion-title-11 fusion-sep-none fusion-title-text fusion-title-size-three\" style=\"--awb-margin-bottom:10px;--awb-font-size:22px;\"><h3 class=\"fusion-title-heading title-heading-left\" style=\"font-family:&quot;Open Sans&quot;;font-style:normal;font-weight:700;margin:0;font-size:1em;\">18h00 \u2013 Competitiva Nacional VIII &#8211; Sala 1<\/h3><\/div><div class=\"fusion-text fusion-text-10\"><p><b>Cama Vazia<\/b>, de F\u00e1bio Rog\u00e9rio e Jean-Claude Bernardet. SP, 6&#8242;, Cor, 2023<br \/>\n<b>Helena de Guaratiba<\/b>, de Karen Black. RJ, 15&#8242;, Cor, 2023<br \/>\n<b>Not Dead<\/b>, de Isaac Donato. BA, 71&#8242;, Cor, 2023<br \/>\n<i>Debate ap\u00f3s a sess\u00e3o.<br \/>\n*Audiodescri\u00e7\u00e3o e Libras dos filmes Helena de Guaratiba e Not Dead atrav\u00e9s do aplicativo Movie Reading.<\/i><\/p>\n<\/div><div class=\"fusion-title title fusion-title-12 fusion-sep-none fusion-title-text fusion-title-size-three\" style=\"--awb-margin-bottom:10px;--awb-font-size:22px;\"><h3 class=\"fusion-title-heading title-heading-left\" style=\"font-family:&quot;Open Sans&quot;;font-style:normal;font-weight:700;margin:0;font-size:1em;\">19h40 \u2013 Panorama Brasil XV &#8211; Sala 3<\/h3><\/div><div class=\"fusion-text fusion-text-11\"><p><b>Coisas Desmoronam<\/b>, de Jon Lewis. BA, 16&#8242;, Cor, 2023<br \/>\n<b>O Primeiro Beijo<\/b>, de Ur\u00e2nia Munzanzu. BA, 112&#8242;, Cor, 2023<br \/>\n<i>Debate ap\u00f3s a sess\u00e3o.<\/i><\/p>\n<\/div><div class=\"fusion-title title fusion-title-13 fusion-sep-none fusion-title-text fusion-title-size-three\" style=\"--awb-margin-bottom:10px;--awb-font-size:22px;\"><h3 class=\"fusion-title-heading title-heading-left\" style=\"font-family:&quot;Open Sans&quot;;font-style:normal;font-weight:700;margin:0;font-size:1em;\">20h05 \u2013 Panorama Brasil XVI &#8211; Sala 2<\/h3><\/div><div class=\"fusion-text fusion-text-12\"><p><b>A \u00daltima Vanguarda<\/b>, de Peu Lima. BA, 100&#8242;, Cor, 2022<br \/>\n<i>Debate ap\u00f3s a sess\u00e3o.<\/i><\/p>\n<\/div><div class=\"fusion-title title fusion-title-14 fusion-sep-none fusion-title-text fusion-title-size-three\" style=\"--awb-margin-bottom:10px;--awb-font-size:22px;\"><h3 class=\"fusion-title-heading title-heading-left\" style=\"font-family:&quot;Open Sans&quot;;font-style:normal;font-weight:700;margin:0;font-size:1em;\">20h35 \u2013 Panorama Brasil XVII &#8211; Sala 1<\/h3><\/div><div class=\"fusion-text fusion-text-13\"><p><b>Elle, Marielle Franco<\/b>, de Liliane Mutti e Daniela Ramalho. Brasil\/Fran\u00e7a, 8&#8242;, Cor, 2021<br \/>\n<b>Salut, mes ami.e.s!<\/b>, de Liliane Mutti. BA, 74&#8242;, Cor, 2023<br \/>\n<i>Debate ap\u00f3s a sess\u00e3o.<\/i><\/p>\n<\/div><\/div><\/div><\/div><\/div>\n","protected":false},"excerpt":{"rendered":"","protected":false},"author":607,"featured_media":0,"parent":182,"menu_order":0,"comment_status":"closed","ping_status":"closed","template":"100-width.php","meta":{"_acf_changed":false,"footnotes":""},"class_list":["post-29691","page","type-page","status-publish","hentry"],"acf":[],"yoast_head":"<!-- This site is optimized with the Yoast SEO plugin v25.7 - https:\/\/yoast.com\/wordpress\/plugins\/seo\/ -->\n<title>Cine Glauber Rocha - Ter\u00e7a-feira - 19\/03 - XIX Panorama Internacional Coisa de Cinema<\/title>\n<meta name=\"robots\" content=\"index, follow, max-snippet:-1, max-image-preview:large, max-video-preview:-1\" \/>\n<link rel=\"canonical\" href=\"https:\/\/acervo.coisadecinema.com.br\/xix-panorama\/programacao\/cine-glauber-rocha-terca-feira-19-03\/\" \/>\n<meta property=\"og:locale\" content=\"pt_BR\" \/>\n<meta property=\"og:type\" content=\"article\" \/>\n<meta property=\"og:title\" content=\"Cine Glauber Rocha - Ter\u00e7a-feira - 19\/03 - XIX Panorama Internacional Coisa de Cinema\" \/>\n<meta property=\"og:url\" content=\"https:\/\/acervo.coisadecinema.com.br\/xix-panorama\/programacao\/cine-glauber-rocha-terca-feira-19-03\/\" \/>\n<meta property=\"og:site_name\" content=\"XIX Panorama Internacional Coisa de Cinema\" \/>\n<meta property=\"article:modified_time\" content=\"2024-03-14T15:31:54+00:00\" \/>\n<meta property=\"og:image\" content=\"https:\/\/acervo.coisadecinema.com.br\/xix-panorama\/wp-content\/uploads\/2024\/02\/site-2100x900-1.webp\" \/>\n\t<meta property=\"og:image:width\" content=\"2100\" \/>\n\t<meta property=\"og:image:height\" content=\"900\" \/>\n\t<meta property=\"og:image:type\" content=\"image\/webp\" \/>\n<meta name=\"twitter:card\" content=\"summary_large_image\" \/>\n<meta name=\"twitter:label1\" content=\"Est. tempo de leitura\" \/>\n\t<meta name=\"twitter:data1\" content=\"3 minutos\" \/>\n<script type=\"application\/ld+json\" class=\"yoast-schema-graph\">{\"@context\":\"https:\/\/schema.org\",\"@graph\":[{\"@type\":\"WebPage\",\"@id\":\"https:\/\/acervo.coisadecinema.com.br\/xix-panorama\/programacao\/cine-glauber-rocha-terca-feira-19-03\/\",\"url\":\"https:\/\/acervo.coisadecinema.com.br\/xix-panorama\/programacao\/cine-glauber-rocha-terca-feira-19-03\/\",\"name\":\"Cine Glauber Rocha - Ter\u00e7a-feira - 19\/03 - XIX Panorama Internacional Coisa de Cinema\",\"isPartOf\":{\"@id\":\"https:\/\/acervo.coisadecinema.com.br\/xix-panorama\/#website\"},\"datePublished\":\"2024-02-20T20:08:41+00:00\",\"dateModified\":\"2024-03-14T15:31:54+00:00\",\"breadcrumb\":{\"@id\":\"https:\/\/acervo.coisadecinema.com.br\/xix-panorama\/programacao\/cine-glauber-rocha-terca-feira-19-03\/#breadcrumb\"},\"inLanguage\":\"pt-BR\",\"potentialAction\":[{\"@type\":\"ReadAction\",\"target\":[\"https:\/\/acervo.coisadecinema.com.br\/xix-panorama\/programacao\/cine-glauber-rocha-terca-feira-19-03\/\"]}]},{\"@type\":\"BreadcrumbList\",\"@id\":\"https:\/\/acervo.coisadecinema.com.br\/xix-panorama\/programacao\/cine-glauber-rocha-terca-feira-19-03\/#breadcrumb\",\"itemListElement\":[{\"@type\":\"ListItem\",\"position\":1,\"name\":\"In\u00edcio\",\"item\":\"https:\/\/acervo.coisadecinema.com.br\/xix-panorama\/\"},{\"@type\":\"ListItem\",\"position\":2,\"name\":\"Programa\u00e7\u00e3o\",\"item\":\"https:\/\/acervo.coisadecinema.com.br\/xix-panorama\/programacao\/\"},{\"@type\":\"ListItem\",\"position\":3,\"name\":\"Cine Glauber Rocha &#8211; Ter\u00e7a-feira &#8211; 19\/03\"}]},{\"@type\":\"WebSite\",\"@id\":\"https:\/\/acervo.coisadecinema.com.br\/xix-panorama\/#website\",\"url\":\"https:\/\/acervo.coisadecinema.com.br\/xix-panorama\/\",\"name\":\"XIX Panorama Internacional Coisa de Cinema\",\"description\":\"\",\"publisher\":{\"@id\":\"https:\/\/acervo.coisadecinema.com.br\/xix-panorama\/#organization\"},\"alternateName\":\"XIX Panorama Internacional Coisa de Cinema\",\"potentialAction\":[{\"@type\":\"SearchAction\",\"target\":{\"@type\":\"EntryPoint\",\"urlTemplate\":\"https:\/\/acervo.coisadecinema.com.br\/xix-panorama\/?s={search_term_string}\"},\"query-input\":{\"@type\":\"PropertyValueSpecification\",\"valueRequired\":true,\"valueName\":\"search_term_string\"}}],\"inLanguage\":\"pt-BR\"},{\"@type\":\"Organization\",\"@id\":\"https:\/\/acervo.coisadecinema.com.br\/xix-panorama\/#organization\",\"name\":\"XIX Panorama Internacional Coisa de Cinema\",\"url\":\"https:\/\/acervo.coisadecinema.com.br\/xix-panorama\/\",\"logo\":{\"@type\":\"ImageObject\",\"inLanguage\":\"pt-BR\",\"@id\":\"https:\/\/acervo.coisadecinema.com.br\/xix-panorama\/#\/schema\/logo\/image\/\",\"url\":\"https:\/\/panorama.coisadecinema.com.br\/wp-content\/uploads\/2022\/08\/logo-panoramaxix-2024-pos-LO.webp\",\"contentUrl\":\"https:\/\/panorama.coisadecinema.com.br\/wp-content\/uploads\/2022\/08\/logo-panoramaxix-2024-pos-LO.webp\",\"width\":600,\"height\":161,\"caption\":\"XIX Panorama Internacional Coisa de Cinema\"},\"image\":{\"@id\":\"https:\/\/acervo.coisadecinema.com.br\/xix-panorama\/#\/schema\/logo\/image\/\"}}]}<\/script>\n<!-- \/ Yoast SEO plugin. -->","yoast_head_json":{"title":"Cine Glauber Rocha - Ter\u00e7a-feira - 19\/03 - XIX Panorama Internacional Coisa de Cinema","robots":{"index":"index","follow":"follow","max-snippet":"max-snippet:-1","max-image-preview":"max-image-preview:large","max-video-preview":"max-video-preview:-1"},"canonical":"https:\/\/acervo.coisadecinema.com.br\/xix-panorama\/programacao\/cine-glauber-rocha-terca-feira-19-03\/","og_locale":"pt_BR","og_type":"article","og_title":"Cine Glauber Rocha - Ter\u00e7a-feira - 19\/03 - XIX Panorama Internacional Coisa de Cinema","og_url":"https:\/\/acervo.coisadecinema.com.br\/xix-panorama\/programacao\/cine-glauber-rocha-terca-feira-19-03\/","og_site_name":"XIX Panorama Internacional Coisa de Cinema","article_modified_time":"2024-03-14T15:31:54+00:00","og_image":[{"width":2100,"height":900,"url":"https:\/\/acervo.coisadecinema.com.br\/xix-panorama\/wp-content\/uploads\/2024\/02\/site-2100x900-1.webp","type":"image\/webp"}],"twitter_card":"summary_large_image","twitter_misc":{"Est. tempo de leitura":"3 minutos"},"schema":{"@context":"https:\/\/schema.org","@graph":[{"@type":"WebPage","@id":"https:\/\/acervo.coisadecinema.com.br\/xix-panorama\/programacao\/cine-glauber-rocha-terca-feira-19-03\/","url":"https:\/\/acervo.coisadecinema.com.br\/xix-panorama\/programacao\/cine-glauber-rocha-terca-feira-19-03\/","name":"Cine Glauber Rocha - Ter\u00e7a-feira - 19\/03 - XIX Panorama Internacional Coisa de Cinema","isPartOf":{"@id":"https:\/\/acervo.coisadecinema.com.br\/xix-panorama\/#website"},"datePublished":"2024-02-20T20:08:41+00:00","dateModified":"2024-03-14T15:31:54+00:00","breadcrumb":{"@id":"https:\/\/acervo.coisadecinema.com.br\/xix-panorama\/programacao\/cine-glauber-rocha-terca-feira-19-03\/#breadcrumb"},"inLanguage":"pt-BR","potentialAction":[{"@type":"ReadAction","target":["https:\/\/acervo.coisadecinema.com.br\/xix-panorama\/programacao\/cine-glauber-rocha-terca-feira-19-03\/"]}]},{"@type":"BreadcrumbList","@id":"https:\/\/acervo.coisadecinema.com.br\/xix-panorama\/programacao\/cine-glauber-rocha-terca-feira-19-03\/#breadcrumb","itemListElement":[{"@type":"ListItem","position":1,"name":"In\u00edcio","item":"https:\/\/acervo.coisadecinema.com.br\/xix-panorama\/"},{"@type":"ListItem","position":2,"name":"Programa\u00e7\u00e3o","item":"https:\/\/acervo.coisadecinema.com.br\/xix-panorama\/programacao\/"},{"@type":"ListItem","position":3,"name":"Cine Glauber Rocha &#8211; Ter\u00e7a-feira &#8211; 19\/03"}]},{"@type":"WebSite","@id":"https:\/\/acervo.coisadecinema.com.br\/xix-panorama\/#website","url":"https:\/\/acervo.coisadecinema.com.br\/xix-panorama\/","name":"XIX Panorama Internacional Coisa de Cinema","description":"","publisher":{"@id":"https:\/\/acervo.coisadecinema.com.br\/xix-panorama\/#organization"},"alternateName":"XIX Panorama Internacional Coisa de Cinema","potentialAction":[{"@type":"SearchAction","target":{"@type":"EntryPoint","urlTemplate":"https:\/\/acervo.coisadecinema.com.br\/xix-panorama\/?s={search_term_string}"},"query-input":{"@type":"PropertyValueSpecification","valueRequired":true,"valueName":"search_term_string"}}],"inLanguage":"pt-BR"},{"@type":"Organization","@id":"https:\/\/acervo.coisadecinema.com.br\/xix-panorama\/#organization","name":"XIX Panorama Internacional Coisa de Cinema","url":"https:\/\/acervo.coisadecinema.com.br\/xix-panorama\/","logo":{"@type":"ImageObject","inLanguage":"pt-BR","@id":"https:\/\/acervo.coisadecinema.com.br\/xix-panorama\/#\/schema\/logo\/image\/","url":"https:\/\/panorama.coisadecinema.com.br\/wp-content\/uploads\/2022\/08\/logo-panoramaxix-2024-pos-LO.webp","contentUrl":"https:\/\/panorama.coisadecinema.com.br\/wp-content\/uploads\/2022\/08\/logo-panoramaxix-2024-pos-LO.webp","width":600,"height":161,"caption":"XIX Panorama Internacional Coisa de Cinema"},"image":{"@id":"https:\/\/acervo.coisadecinema.com.br\/xix-panorama\/#\/schema\/logo\/image\/"}}]}},"_links":{"self":[{"href":"https:\/\/acervo.coisadecinema.com.br\/xix-panorama\/wp-json\/wp\/v2\/pages\/29691","targetHints":{"allow":["GET"]}}],"collection":[{"href":"https:\/\/acervo.coisadecinema.com.br\/xix-panorama\/wp-json\/wp\/v2\/pages"}],"about":[{"href":"https:\/\/acervo.coisadecinema.com.br\/xix-panorama\/wp-json\/wp\/v2\/types\/page"}],"author":[{"embeddable":true,"href":"https:\/\/acervo.coisadecinema.com.br\/xix-panorama\/wp-json\/wp\/v2\/users\/607"}],"replies":[{"embeddable":true,"href":"https:\/\/acervo.coisadecinema.com.br\/xix-panorama\/wp-json\/wp\/v2\/comments?post=29691"}],"version-history":[{"count":16,"href":"https:\/\/acervo.coisadecinema.com.br\/xix-panorama\/wp-json\/wp\/v2\/pages\/29691\/revisions"}],"predecessor-version":[{"id":31243,"href":"https:\/\/acervo.coisadecinema.com.br\/xix-panorama\/wp-json\/wp\/v2\/pages\/29691\/revisions\/31243"}],"up":[{"embeddable":true,"href":"https:\/\/acervo.coisadecinema.com.br\/xix-panorama\/wp-json\/wp\/v2\/pages\/182"}],"wp:attachment":[{"href":"https:\/\/acervo.coisadecinema.com.br\/xix-panorama\/wp-json\/wp\/v2\/media?parent=29691"}],"curies":[{"name":"wp","href":"https:\/\/api.w.org\/{rel}","templated":true}]}}