{"id":29687,"date":"2024-02-20T17:06:38","date_gmt":"2024-02-20T20:06:38","guid":{"rendered":"https:\/\/panorama.coisadecinema.com.br\/?page_id=29687"},"modified":"2024-03-17T00:02:58","modified_gmt":"2024-03-17T03:02:58","slug":"cine-glauber-rocha-domingo-17-03","status":"publish","type":"page","link":"https:\/\/acervo.coisadecinema.com.br\/xix-panorama\/programacao\/cine-glauber-rocha-domingo-17-03\/","title":{"rendered":"Cine Glauber Rocha &#8211; Domingo &#8211; 17\/03"},"content":{"rendered":"<div class=\"fusion-fullwidth fullwidth-box fusion-builder-row-1 fusion-flex-container has-pattern-background has-mask-background nonhundred-percent-fullwidth non-hundred-percent-height-scrolling\" style=\"--awb-border-radius-top-left:0px;--awb-border-radius-top-right:0px;--awb-border-radius-bottom-right:0px;--awb-border-radius-bottom-left:0px;--awb-padding-top:120px;--awb-padding-right:6%;--awb-padding-bottom:250px;--awb-padding-left:6%;--awb-padding-top-small:120px;--awb-padding-right-small:6%;--awb-padding-left-small:6%;--awb-background-color:var(--awb-color5);--awb-flex-wrap:wrap;\" ><div class=\"fusion-builder-row fusion-row fusion-flex-align-items-flex-start fusion-flex-justify-content-space-between fusion-flex-content-wrap\" style=\"max-width:1248px;margin-left: calc(-4% \/ 2 );margin-right: calc(-4% \/ 2 );\"><div class=\"fusion-layout-column fusion_builder_column fusion-builder-column-0 fusion_builder_column_1_1 1_1 fusion-flex-column\" style=\"--awb-bg-blend:overlay;--awb-bg-size:cover;--awb-width-large:100%;--awb-margin-top-large:0px;--awb-spacing-right-large:1.92%;--awb-margin-bottom-large:0px;--awb-spacing-left-large:1.92%;--awb-width-medium:100%;--awb-spacing-right-medium:1.92%;--awb-spacing-left-medium:1.92%;--awb-width-small:100%;--awb-spacing-right-small:1.92%;--awb-spacing-left-small:1.92%;\"><div class=\"fusion-column-wrapper fusion-flex-justify-content-flex-start fusion-content-layout-column\"><div class=\"fusion-title title fusion-title-1 fusion-sep-none fusion-title-text fusion-title-size-one\" style=\"--awb-margin-bottom:20px;\"><h1 class=\"fusion-title-heading title-heading-left\" style=\"margin:0;\">Cine Glauber Rocha \u2013 Domingo \u2013 17\/03<\/h1><\/div><\/div><\/div><div class=\"fusion-layout-column fusion_builder_column fusion-builder-column-1 fusion_builder_column_1_1 1_1 fusion-flex-column\" style=\"--awb-padding-bottom:60px;--awb-bg-size:cover;--awb-width-large:100%;--awb-margin-top-large:0px;--awb-spacing-right-large:1.92%;--awb-margin-bottom-large:0px;--awb-spacing-left-large:1.92%;--awb-width-medium:100%;--awb-order-medium:0;--awb-spacing-right-medium:1.92%;--awb-spacing-left-medium:1.92%;--awb-width-small:100%;--awb-order-small:0;--awb-spacing-right-small:1.92%;--awb-spacing-left-small:1.92%;\"><div class=\"fusion-column-wrapper fusion-column-has-shadow fusion-flex-justify-content-flex-start fusion-content-layout-column\"><div class=\"fusion-title title fusion-title-2 fusion-sep-none fusion-title-text fusion-title-size-three\" style=\"--awb-margin-bottom:10px;--awb-font-size:22px;\"><h3 class=\"fusion-title-heading title-heading-left\" style=\"font-family:&quot;Open Sans&quot;;font-style:normal;font-weight:700;margin:0;font-size:1em;\">10h30 \u2013 Matin\u00ea Panorama Infantil &#8211; Sala 1<\/h3><\/div><div class=\"fusion-text fusion-text-1\"><p><b>Sobre Amizade e Bicicletas<\/b>, de Julia Vidal. PR, 12&#8242;, Cor, 2022<br \/>\n<b>Quintal<\/b>, de Mariana Netto. BA, 16&#8242;, Cor, 2022<br \/>\n<b>Oink (Knor)<\/b>, de Mascha Halberstad. Pa\u00edses Baixos\/B\u00e9lgica, 73\u2019, Cor, 2022<i><br \/>\n*Sess\u00e3o Azul (Inclusiva para pessoas de espectro autistas e neurodiversos)<\/i><\/p>\n<\/div><div class=\"fusion-title title fusion-title-3 fusion-sep-none fusion-title-text fusion-title-size-three\" style=\"--awb-margin-bottom:10px;--awb-font-size:22px;\"><h3 class=\"fusion-title-heading title-heading-left\" style=\"font-family:&quot;Open Sans&quot;;font-style:normal;font-weight:700;margin:0;font-size:1em;\">10h30 \u2013 Matin\u00ea \/ Homenagem Glauber Rocha III &#8211; Sala 3<\/h3><\/div><div class=\"fusion-text fusion-text-2\"><p><b>Ulime<\/b>, de Tambla Almeida. Cabo Verde, 19&#8242;, Cor, 2010<br \/>\n<b>O Le\u00e3o de Sete Cabe\u00e7as (Der Leone Have Sept Cabe\u00e7as)<\/b>, de Glauber Rocha. Brasil\/It\u00e1lia, 99&#8242;, Cor, 1970<br \/>\n<i>Debate ap\u00f3s a sess\u00e3o<\/i><\/p>\n<\/div><div class=\"fusion-title title fusion-title-4 fusion-sep-none fusion-title-text fusion-title-size-three\" style=\"--awb-margin-bottom:10px;--awb-font-size:22px;\"><h3 class=\"fusion-title-heading title-heading-left\" style=\"font-family:&quot;Open Sans&quot;;font-style:normal;font-weight:700;margin:0;font-size:1em;\">13h00 \u2013 Panorama Brasil IX &#8211; Sala 1<\/h3><\/div><div class=\"fusion-text fusion-text-3\"><p><b>Neirud<\/b>, de Fernanda Faya. SP, 73&#8242;, Cor, 2023<\/p>\n<\/div><div class=\"fusion-title title fusion-title-5 fusion-sep-none fusion-title-text fusion-title-size-three\" style=\"--awb-margin-bottom:10px;--awb-font-size:22px;\"><h3 class=\"fusion-title-heading title-heading-left\" style=\"font-family:&quot;Open Sans&quot;;font-style:normal;font-weight:700;margin:0;font-size:1em;\">13h10 \u2013 Competitiva Internacional II &#8211; Sala 3<\/h3><\/div><div class=\"fusion-text fusion-text-4\"><p><b>Nada Disso (Nada de Todo Esto)<\/b>, de Francisco Cant\u00f3n e Pato Mart\u00ednez. Argentina\/Espanha\/EUA, 18&#8242;, Cor, 2023<br \/>\n<b>Aqueronte<\/b>, de Manuel Mu\u00f1oz Rivas. Espanha, 27&#8242;, Cor, 2023<br \/>\n<b>M\u00e1tria (Matria)<\/b>, de \u00c1lvaro Gago. Espanha, 100&#8242;, Cor, 2023<\/p>\n<\/div><div class=\"fusion-title title fusion-title-6 fusion-sep-none fusion-title-text fusion-title-size-three\" style=\"--awb-margin-bottom:10px;--awb-font-size:22px;\"><h3 class=\"fusion-title-heading title-heading-left\" style=\"font-family:&quot;Open Sans&quot;;font-style:normal;font-weight:700;margin:0;font-size:1em;\">13h30 \u2013 Competitiva Baiana IV &#8211; Sala 2<\/h3><\/div><div class=\"fusion-text fusion-text-5\"><p><b>O Tempo das Coisas<\/b>, de Lara Beck. BA, 24&#8242;, Cor, 2023<br \/>\n<b>Ben\u00e7\u00e3o<\/b>, de Mamiraw\u00e1 e Tain\u00e3 Pacheco. BA, 12&#8242;, Cor, 2022<br \/>\n<b>Dois Sert\u00f5es<\/b>, de Caio Resende e Fabiana Leite. BA, 72&#8242;, Cor, 2023<\/p>\n<\/div><div class=\"fusion-title title fusion-title-7 fusion-sep-none fusion-title-text fusion-title-size-three\" style=\"--awb-margin-bottom:10px;--awb-font-size:22px;\"><h3 class=\"fusion-title-heading title-heading-left\" style=\"font-family:&quot;Open Sans&quot;;font-style:normal;font-weight:700;margin:0;font-size:1em;\">14h30 \u2013 Panorama Brasil X &#8211; Sala 1<\/h3><\/div><div class=\"fusion-text fusion-text-6\"><p><b>Mem\u00f3rias do Sub\u00farbio: O que \u00e9 o Acervo da Laje<\/b>, de Cecilia Veras, Diana Miranda, Tain\u00e3 Pacheco e Yan Azevedo. BA, 13&#8242;, Cor, 2022<br \/>\n<b>Reggae Resist\u00eancia<\/b>, de Cecilia Amado e Pablo Oliveira. BA, 61&#8242;, Cor, 2023<br \/>\n<i>Debate ap\u00f3s a sess\u00e3o.<\/i><\/p>\n<\/div><div class=\"fusion-title title fusion-title-8 fusion-sep-none fusion-title-text fusion-title-size-three\" style=\"--awb-margin-bottom:10px;--awb-font-size:22px;\"><h3 class=\"fusion-title-heading title-heading-left\" style=\"font-family:&quot;Open Sans&quot;;font-style:normal;font-weight:700;margin:0;font-size:1em;\">15h00 \u2013 Encontros e Debates IX &#8211; Sala 4<\/h3><\/div><div class=\"fusion-text fusion-text-7\"><p><b>Regulamenta\u00e7\u00e3o do VOD no Brasil<\/b>, com Paulo Alcoforado (ANCINE), Joelma Gonzaga (Secretaria do Audiovisual MINC), Gabriel Pires (Conselho Superior de Cinema\/ NordesteLAB)<br \/>\n<strong>Mediador:<\/strong> Pola Ribeiro (Governo da Bahia)<br \/>\n<i>*Entrada gratuita<br \/>\n** Com int\u00e9rprete e tradutor em Libras.<\/i><\/p>\n<\/div><div class=\"fusion-title title fusion-title-9 fusion-sep-none fusion-title-text fusion-title-size-three\" style=\"--awb-margin-bottom:10px;--awb-font-size:22px;\"><h3 class=\"fusion-title-heading title-heading-left\" style=\"font-family:&quot;Open Sans&quot;;font-style:normal;font-weight:700;margin:0;font-size:1em;\">15h35 \u2013 Panorama Brasil XI &#8211; Sala 2<\/h3><\/div><div class=\"fusion-text fusion-text-8\"><p><b>O Dia que te Conheci<\/b>, de Andr\u00e9 Novais Oliveira. MG, 70&#8242;, Cor, 2022<\/p>\n<\/div><div class=\"fusion-title title fusion-title-10 fusion-sep-none fusion-title-text fusion-title-size-three\" style=\"--awb-margin-bottom:10px;--awb-font-size:22px;\"><h3 class=\"fusion-title-heading title-heading-left\" style=\"font-family:&quot;Open Sans&quot;;font-style:normal;font-weight:700;margin:0;font-size:1em;\">15h50 \u2013 Mostra KAOGUIAMO (Cinemas de Cabo Verde, Guin\u00e9-Bissau, Angola e Mo\u00e7ambique) II &#8211; Sala 3<\/h3><\/div><div class=\"fusion-text fusion-text-9\"><p><b>A Boneca<\/b>, de Helder Doca. Cabo Verde, 8&#8242;, Cor, 2015<br \/>\n<b>Dona M\u00f3nica<\/b>, de Carlos Yuri Ceuninck. Cabo Verde, 7&#8242;, Cor, 2020<br \/>\n<b>Mudjeris di Areia<\/b>, de M\u00e1rio Cabral. Cabo Verde, 11&#8242;, Cor, 2022<br \/>\n<b>Dexan Ser Kriansa<\/b>, da Square Films. Cabo Verde, 12&#8242;, Cor, 2022<br \/>\n<b>M\u00e3e Pretinha<\/b>, de Patricia Silva. Cabo Verde, 10&#8242;, Cor, 2022<br \/>\n<b>Terra Longe<\/b>, de Nenass Almeida e Nuno Pina. Cabo Verde, 12&#8242;, Cor, 2013<\/p>\n<\/div><div class=\"fusion-title title fusion-title-11 fusion-sep-none fusion-title-text fusion-title-size-three\" style=\"--awb-margin-bottom:10px;--awb-font-size:22px;\"><h3 class=\"fusion-title-heading title-heading-left\" style=\"font-family:&quot;Open Sans&quot;;font-style:normal;font-weight:700;margin:0;font-size:1em;\">16h45 \u2013 Competitiva Nacional V &#8211; Sala 1<\/h3><\/div><div class=\"fusion-text fusion-text-10\"><p><b>A Bata do Milho<\/b>, de Eduardo Liron e Renata Mattar. SP\/BA, 16&#8242;, Cor, 2023<br \/>\n<b>Onde a Floresta Acaba<\/b>, de Otavio Cury. SP, 15&#8242;, Cor, 2023<br \/>\n<b>A Fuma\u00e7a e o Diamante<\/b>, de Bruno Villela, F\u00e1bio Bardella e Juliana Almeida. DF, 6&#8242;, Cor, 2023<br \/>\n<b>A Batalha da Rua Maria Ant\u00f4nia<\/b>, de Vera Egito. SP, 84&#8242;, P&amp;B, 2023<br \/>\n<i>Debate ap\u00f3s a sess\u00e3o.<\/i><\/p>\n<\/div><div class=\"fusion-title title fusion-title-12 fusion-sep-none fusion-title-text fusion-title-size-three\" style=\"--awb-margin-bottom:10px;--awb-font-size:22px;\"><h3 class=\"fusion-title-heading title-heading-left\" style=\"font-family:&quot;Open Sans&quot;;font-style:normal;font-weight:700;margin:0;font-size:1em;\">17h00 \u2013 Competitiva Baiana V &#8211; Sala 2<\/h3><\/div><div class=\"fusion-text fusion-text-11\"><p><b>Todos os Olhos<\/b>, de Wayner Trist\u00e3o. BA, 4&#8242;, Cor, 2023<br \/>\n<b>Cobaias Habitam Meu Sonho<\/b>, de Ramon Coutinho. BA, 19&#8242;, Cor, 2023<br \/>\n<b>Camaleoa<\/b>, de Eduardo Tosta. BA, 20&#8242;, Cor, 2023<br \/>\n<b>Por que N\u00e3o Ensinaram Bixas Pretas a Amar?<\/b>, de Juan Rodrigues. BA, 17&#8242;, Cor, 2023<br \/>\n<b>A Fa\u00edsca<\/b>, de Gabriela Monteiro. BA, 19&#8242;, Cor, 2023<br \/>\n<b>56 Dias<\/b>, de Lara Carvalho. BA, 34&#8242;, Cor, 2024<br \/>\n<i>Debate ap\u00f3s a sess\u00e3o.<\/i><\/p>\n<\/div><div class=\"fusion-title title fusion-title-13 fusion-sep-none fusion-title-text fusion-title-size-three\" style=\"--awb-margin-bottom:10px;--awb-font-size:22px;\"><h3 class=\"fusion-title-heading title-heading-left\" style=\"font-family:&quot;Open Sans&quot;;font-style:normal;font-weight:700;margin:0;font-size:1em;\">17h05 \u2013 Competitiva Internacional IV &#8211; Sala 3<\/h3><\/div><div class=\"fusion-text fusion-text-12\"><p><b>De Volta (Back)<\/b>, de Yazan Rabee. Pa\u00edses Baixos\/Holanda, 8&#8242;, Cor, 2022<br \/>\n<b>48 Horas (48 Hours)<\/b>, de Azadeh Moussavi. Ir\u00e3, 20&#8242;, Cor, 2022<br \/>\n<b>O Espectro do Boko Haram (Le Spectre de Boko Haram)<\/b>, de Cyrielle Raingou. Camar\u00f5es\/Fran\u00e7a, 76&#8242;, Cor, 2023<\/p>\n<\/div><div class=\"fusion-title title fusion-title-14 fusion-sep-none fusion-title-text fusion-title-size-three\" style=\"--awb-margin-bottom:10px;--awb-font-size:22px;\"><h3 class=\"fusion-title-heading title-heading-left\" style=\"font-family:&quot;Open Sans&quot;;font-style:normal;font-weight:700;margin:0;font-size:1em;\">19h05 &#8211; Mostra KAOGUIAMO (Cinemas de Cabo Verde, Guin\u00e9-Bissau, Angola e Mo\u00e7ambique) I &#8211; Sala 3<\/h3><\/div><div class=\"fusion-text fusion-text-13\"><p><b>Ulime<\/b>, de Tambla Almeida. Cabo Verde, 19&#8242;, Cor, 2010<br \/>\n<b>Poeira i Poesia<\/b>, de Tambla Almeida. Cabo Verde, 4&#8242;, Cor, 2007<br \/>\n<b>Sonho do Professor<\/b>, de Tambla Almeida. Cabo Verde, 7&#8242;, Cor, 2010<br \/>\n<b>D de Efici\u00eancia<\/b>, de Tambla Almeida. Cabo Verde, 17&#8242;, Cor, 2016<br \/>\n<b>Ab-Initio<\/b>, de Tambla Almeida. Cabo Verde, 15&#8242;, Cor, 2000<br \/>\n<b>Rbera-Morada<\/b>, de Tambla Almeida. Cabo Verde, 7&#8242;, Cor, 2023<\/p>\n<\/div><div class=\"fusion-title title fusion-title-15 fusion-sep-none fusion-title-text fusion-title-size-three\" style=\"--awb-margin-bottom:10px;--awb-font-size:22px;\"><h3 class=\"fusion-title-heading title-heading-left\" style=\"font-family:&quot;Open Sans&quot;;font-style:normal;font-weight:700;margin:0;font-size:1em;\">19h45 \u2013 Competitiva Nacional VI &#8211; Sala 1<\/h3><\/div><div class=\"fusion-text fusion-text-14\"><p><b>Eu Fui Assistente do Eduardo Coutinho<\/b>, de Allan Ribeiro. RJ, 17&#8242;, Cor, 2023<br \/>\n<b>Remendo<\/b>, de Roger Ghil. ES, 21&#8242;, Cor, 2023<br \/>\n<b>Ecos do Sil\u00eancio<\/b>, de Andr\u00e9 Luiz Oliveira. DF, 102&#8242;, Cor, 2023<br \/>\n<i>Debate ap\u00f3s a sess\u00e3o.<\/i><\/p>\n<\/div><div class=\"fusion-title title fusion-title-16 fusion-sep-none fusion-title-text fusion-title-size-three\" style=\"--awb-margin-bottom:10px;--awb-font-size:22px;\"><h3 class=\"fusion-title-heading title-heading-left\" style=\"font-family:&quot;Open Sans&quot;;font-style:normal;font-weight:700;margin:0;font-size:1em;\">19h50 &#8211; Competitiva Baiana VI &#8211; Sala 2<\/h3><\/div><div class=\"fusion-text fusion-text-15\"><p><b>O Tratado do V\u00e3o Combate ou A Pequena Hist\u00f3ria de uma Bixinha Qualquer<\/b>, de M\u00e1rcio Janu\u00e1rio e Henrique Drebes. BA, 14&#8242;, Cor, 2023<br \/>\n<b>Desamarras<\/b>, de Ianca Oliveira. BA, 5&#8242;, Cor, 2023<br \/>\n<b>Caluim<\/b>, de Marcos Alexandre. BA, 11&#8242;, Cor, 2023<br \/>\n<b>Di\u00e1rio da Primavera<\/b>, Fab\u00edola Aquino e Juliano de Paula Santos. BA, 85&#8242;, Cor, 2023<br \/>\n<i>Debate ap\u00f3s a sess\u00e3o.<\/i><\/p>\n<\/div><div class=\"fusion-title title fusion-title-17 fusion-sep-none fusion-title-text fusion-title-size-three\" style=\"--awb-margin-bottom:10px;--awb-font-size:22px;\"><h3 class=\"fusion-title-heading title-heading-left\" style=\"font-family:&quot;Open Sans&quot;;font-style:normal;font-weight:700;margin:0;font-size:1em;\">20h30 \u2013 Competitiva Nacional IV &#8211; Sala 3<\/h3><\/div><div class=\"fusion-text fusion-text-16\"><p><b>As Mi\u00e7angas<\/b>, de Emanuel Lavor e Rafaela Camelo. DF, 19&#8242;, Cor, 2023<br \/>\n<b>Deixa<\/b>, de Mariana Jaspe. RJ, 15&#8242;, Cor, 2023<br \/>\n<b>Ode<\/b>, de Diego Lisboa. BA, 16&#8242;, Cor, 2023<br \/>\n<b>Estranho Caminho<\/b>, de Guto Parente. CE, 83&#8242;, Cor, 2023<\/p>\n<\/div><\/div><\/div><\/div><\/div>\n","protected":false},"excerpt":{"rendered":"","protected":false},"author":607,"featured_media":0,"parent":182,"menu_order":0,"comment_status":"closed","ping_status":"closed","template":"100-width.php","meta":{"_acf_changed":false,"footnotes":""},"class_list":["post-29687","page","type-page","status-publish","hentry"],"acf":[],"yoast_head":"<!-- This site is optimized with the Yoast SEO plugin v25.7 - https:\/\/yoast.com\/wordpress\/plugins\/seo\/ -->\n<title>Cine Glauber Rocha - Domingo - 17\/03 - XIX Panorama Internacional Coisa de Cinema<\/title>\n<meta name=\"robots\" content=\"index, follow, max-snippet:-1, max-image-preview:large, max-video-preview:-1\" \/>\n<link rel=\"canonical\" href=\"https:\/\/acervo.coisadecinema.com.br\/xix-panorama\/programacao\/cine-glauber-rocha-domingo-17-03\/\" \/>\n<meta property=\"og:locale\" content=\"pt_BR\" \/>\n<meta property=\"og:type\" content=\"article\" \/>\n<meta property=\"og:title\" content=\"Cine Glauber Rocha - Domingo - 17\/03 - XIX Panorama Internacional Coisa de Cinema\" \/>\n<meta property=\"og:url\" content=\"https:\/\/acervo.coisadecinema.com.br\/xix-panorama\/programacao\/cine-glauber-rocha-domingo-17-03\/\" \/>\n<meta property=\"og:site_name\" content=\"XIX Panorama Internacional Coisa de Cinema\" \/>\n<meta property=\"article:modified_time\" content=\"2024-03-17T03:02:58+00:00\" \/>\n<meta property=\"og:image\" content=\"https:\/\/acervo.coisadecinema.com.br\/xix-panorama\/wp-content\/uploads\/2024\/02\/site-2100x900-1.webp\" \/>\n\t<meta property=\"og:image:width\" content=\"2100\" \/>\n\t<meta property=\"og:image:height\" content=\"900\" \/>\n\t<meta property=\"og:image:type\" content=\"image\/webp\" \/>\n<meta name=\"twitter:card\" content=\"summary_large_image\" \/>\n<meta name=\"twitter:label1\" content=\"Est. tempo de leitura\" \/>\n\t<meta name=\"twitter:data1\" content=\"5 minutos\" \/>\n<script type=\"application\/ld+json\" class=\"yoast-schema-graph\">{\"@context\":\"https:\/\/schema.org\",\"@graph\":[{\"@type\":\"WebPage\",\"@id\":\"https:\/\/acervo.coisadecinema.com.br\/xix-panorama\/programacao\/cine-glauber-rocha-domingo-17-03\/\",\"url\":\"https:\/\/acervo.coisadecinema.com.br\/xix-panorama\/programacao\/cine-glauber-rocha-domingo-17-03\/\",\"name\":\"Cine Glauber Rocha - Domingo - 17\/03 - XIX Panorama Internacional Coisa de Cinema\",\"isPartOf\":{\"@id\":\"https:\/\/acervo.coisadecinema.com.br\/xix-panorama\/#website\"},\"datePublished\":\"2024-02-20T20:06:38+00:00\",\"dateModified\":\"2024-03-17T03:02:58+00:00\",\"breadcrumb\":{\"@id\":\"https:\/\/acervo.coisadecinema.com.br\/xix-panorama\/programacao\/cine-glauber-rocha-domingo-17-03\/#breadcrumb\"},\"inLanguage\":\"pt-BR\",\"potentialAction\":[{\"@type\":\"ReadAction\",\"target\":[\"https:\/\/acervo.coisadecinema.com.br\/xix-panorama\/programacao\/cine-glauber-rocha-domingo-17-03\/\"]}]},{\"@type\":\"BreadcrumbList\",\"@id\":\"https:\/\/acervo.coisadecinema.com.br\/xix-panorama\/programacao\/cine-glauber-rocha-domingo-17-03\/#breadcrumb\",\"itemListElement\":[{\"@type\":\"ListItem\",\"position\":1,\"name\":\"In\u00edcio\",\"item\":\"https:\/\/acervo.coisadecinema.com.br\/xix-panorama\/\"},{\"@type\":\"ListItem\",\"position\":2,\"name\":\"Programa\u00e7\u00e3o\",\"item\":\"https:\/\/acervo.coisadecinema.com.br\/xix-panorama\/programacao\/\"},{\"@type\":\"ListItem\",\"position\":3,\"name\":\"Cine Glauber Rocha &#8211; Domingo &#8211; 17\/03\"}]},{\"@type\":\"WebSite\",\"@id\":\"https:\/\/acervo.coisadecinema.com.br\/xix-panorama\/#website\",\"url\":\"https:\/\/acervo.coisadecinema.com.br\/xix-panorama\/\",\"name\":\"XIX Panorama Internacional Coisa de Cinema\",\"description\":\"\",\"publisher\":{\"@id\":\"https:\/\/acervo.coisadecinema.com.br\/xix-panorama\/#organization\"},\"alternateName\":\"XIX Panorama Internacional Coisa de Cinema\",\"potentialAction\":[{\"@type\":\"SearchAction\",\"target\":{\"@type\":\"EntryPoint\",\"urlTemplate\":\"https:\/\/acervo.coisadecinema.com.br\/xix-panorama\/?s={search_term_string}\"},\"query-input\":{\"@type\":\"PropertyValueSpecification\",\"valueRequired\":true,\"valueName\":\"search_term_string\"}}],\"inLanguage\":\"pt-BR\"},{\"@type\":\"Organization\",\"@id\":\"https:\/\/acervo.coisadecinema.com.br\/xix-panorama\/#organization\",\"name\":\"XIX Panorama Internacional Coisa de Cinema\",\"url\":\"https:\/\/acervo.coisadecinema.com.br\/xix-panorama\/\",\"logo\":{\"@type\":\"ImageObject\",\"inLanguage\":\"pt-BR\",\"@id\":\"https:\/\/acervo.coisadecinema.com.br\/xix-panorama\/#\/schema\/logo\/image\/\",\"url\":\"https:\/\/panorama.coisadecinema.com.br\/wp-content\/uploads\/2022\/08\/logo-panoramaxix-2024-pos-LO.webp\",\"contentUrl\":\"https:\/\/panorama.coisadecinema.com.br\/wp-content\/uploads\/2022\/08\/logo-panoramaxix-2024-pos-LO.webp\",\"width\":600,\"height\":161,\"caption\":\"XIX Panorama Internacional Coisa de Cinema\"},\"image\":{\"@id\":\"https:\/\/acervo.coisadecinema.com.br\/xix-panorama\/#\/schema\/logo\/image\/\"}}]}<\/script>\n<!-- \/ Yoast SEO plugin. -->","yoast_head_json":{"title":"Cine Glauber Rocha - Domingo - 17\/03 - XIX Panorama Internacional Coisa de Cinema","robots":{"index":"index","follow":"follow","max-snippet":"max-snippet:-1","max-image-preview":"max-image-preview:large","max-video-preview":"max-video-preview:-1"},"canonical":"https:\/\/acervo.coisadecinema.com.br\/xix-panorama\/programacao\/cine-glauber-rocha-domingo-17-03\/","og_locale":"pt_BR","og_type":"article","og_title":"Cine Glauber Rocha - Domingo - 17\/03 - XIX Panorama Internacional Coisa de Cinema","og_url":"https:\/\/acervo.coisadecinema.com.br\/xix-panorama\/programacao\/cine-glauber-rocha-domingo-17-03\/","og_site_name":"XIX Panorama Internacional Coisa de Cinema","article_modified_time":"2024-03-17T03:02:58+00:00","og_image":[{"width":2100,"height":900,"url":"https:\/\/acervo.coisadecinema.com.br\/xix-panorama\/wp-content\/uploads\/2024\/02\/site-2100x900-1.webp","type":"image\/webp"}],"twitter_card":"summary_large_image","twitter_misc":{"Est. tempo de leitura":"5 minutos"},"schema":{"@context":"https:\/\/schema.org","@graph":[{"@type":"WebPage","@id":"https:\/\/acervo.coisadecinema.com.br\/xix-panorama\/programacao\/cine-glauber-rocha-domingo-17-03\/","url":"https:\/\/acervo.coisadecinema.com.br\/xix-panorama\/programacao\/cine-glauber-rocha-domingo-17-03\/","name":"Cine Glauber Rocha - Domingo - 17\/03 - XIX Panorama Internacional Coisa de Cinema","isPartOf":{"@id":"https:\/\/acervo.coisadecinema.com.br\/xix-panorama\/#website"},"datePublished":"2024-02-20T20:06:38+00:00","dateModified":"2024-03-17T03:02:58+00:00","breadcrumb":{"@id":"https:\/\/acervo.coisadecinema.com.br\/xix-panorama\/programacao\/cine-glauber-rocha-domingo-17-03\/#breadcrumb"},"inLanguage":"pt-BR","potentialAction":[{"@type":"ReadAction","target":["https:\/\/acervo.coisadecinema.com.br\/xix-panorama\/programacao\/cine-glauber-rocha-domingo-17-03\/"]}]},{"@type":"BreadcrumbList","@id":"https:\/\/acervo.coisadecinema.com.br\/xix-panorama\/programacao\/cine-glauber-rocha-domingo-17-03\/#breadcrumb","itemListElement":[{"@type":"ListItem","position":1,"name":"In\u00edcio","item":"https:\/\/acervo.coisadecinema.com.br\/xix-panorama\/"},{"@type":"ListItem","position":2,"name":"Programa\u00e7\u00e3o","item":"https:\/\/acervo.coisadecinema.com.br\/xix-panorama\/programacao\/"},{"@type":"ListItem","position":3,"name":"Cine Glauber Rocha &#8211; Domingo &#8211; 17\/03"}]},{"@type":"WebSite","@id":"https:\/\/acervo.coisadecinema.com.br\/xix-panorama\/#website","url":"https:\/\/acervo.coisadecinema.com.br\/xix-panorama\/","name":"XIX Panorama Internacional Coisa de Cinema","description":"","publisher":{"@id":"https:\/\/acervo.coisadecinema.com.br\/xix-panorama\/#organization"},"alternateName":"XIX Panorama Internacional Coisa de Cinema","potentialAction":[{"@type":"SearchAction","target":{"@type":"EntryPoint","urlTemplate":"https:\/\/acervo.coisadecinema.com.br\/xix-panorama\/?s={search_term_string}"},"query-input":{"@type":"PropertyValueSpecification","valueRequired":true,"valueName":"search_term_string"}}],"inLanguage":"pt-BR"},{"@type":"Organization","@id":"https:\/\/acervo.coisadecinema.com.br\/xix-panorama\/#organization","name":"XIX Panorama Internacional Coisa de Cinema","url":"https:\/\/acervo.coisadecinema.com.br\/xix-panorama\/","logo":{"@type":"ImageObject","inLanguage":"pt-BR","@id":"https:\/\/acervo.coisadecinema.com.br\/xix-panorama\/#\/schema\/logo\/image\/","url":"https:\/\/panorama.coisadecinema.com.br\/wp-content\/uploads\/2022\/08\/logo-panoramaxix-2024-pos-LO.webp","contentUrl":"https:\/\/panorama.coisadecinema.com.br\/wp-content\/uploads\/2022\/08\/logo-panoramaxix-2024-pos-LO.webp","width":600,"height":161,"caption":"XIX Panorama Internacional Coisa de Cinema"},"image":{"@id":"https:\/\/acervo.coisadecinema.com.br\/xix-panorama\/#\/schema\/logo\/image\/"}}]}},"_links":{"self":[{"href":"https:\/\/acervo.coisadecinema.com.br\/xix-panorama\/wp-json\/wp\/v2\/pages\/29687","targetHints":{"allow":["GET"]}}],"collection":[{"href":"https:\/\/acervo.coisadecinema.com.br\/xix-panorama\/wp-json\/wp\/v2\/pages"}],"about":[{"href":"https:\/\/acervo.coisadecinema.com.br\/xix-panorama\/wp-json\/wp\/v2\/types\/page"}],"author":[{"embeddable":true,"href":"https:\/\/acervo.coisadecinema.com.br\/xix-panorama\/wp-json\/wp\/v2\/users\/607"}],"replies":[{"embeddable":true,"href":"https:\/\/acervo.coisadecinema.com.br\/xix-panorama\/wp-json\/wp\/v2\/comments?post=29687"}],"version-history":[{"count":26,"href":"https:\/\/acervo.coisadecinema.com.br\/xix-panorama\/wp-json\/wp\/v2\/pages\/29687\/revisions"}],"predecessor-version":[{"id":31361,"href":"https:\/\/acervo.coisadecinema.com.br\/xix-panorama\/wp-json\/wp\/v2\/pages\/29687\/revisions\/31361"}],"up":[{"embeddable":true,"href":"https:\/\/acervo.coisadecinema.com.br\/xix-panorama\/wp-json\/wp\/v2\/pages\/182"}],"wp:attachment":[{"href":"https:\/\/acervo.coisadecinema.com.br\/xix-panorama\/wp-json\/wp\/v2\/media?parent=29687"}],"curies":[{"name":"wp","href":"https:\/\/api.w.org\/{rel}","templated":true}]}}