{"id":29672,"date":"2024-02-20T16:54:00","date_gmt":"2024-02-20T19:54:00","guid":{"rendered":"https:\/\/panorama.coisadecinema.com.br\/?page_id=29672"},"modified":"2024-03-15T23:03:33","modified_gmt":"2024-03-16T02:03:33","slug":"cine-glauber-rocha-sabado-16-03","status":"publish","type":"page","link":"https:\/\/acervo.coisadecinema.com.br\/xix-panorama\/programacao\/cine-glauber-rocha-sabado-16-03\/","title":{"rendered":"Cine Glauber Rocha &#8211; S\u00e1bado &#8211; 16\/03"},"content":{"rendered":"<div class=\"fusion-fullwidth fullwidth-box fusion-builder-row-1 fusion-flex-container has-pattern-background has-mask-background hundred-percent-fullwidth non-hundred-percent-height-scrolling\" style=\"--awb-border-radius-top-left:0px;--awb-border-radius-top-right:0px;--awb-border-radius-bottom-right:0px;--awb-border-radius-bottom-left:0px;--awb-padding-top:120px;--awb-padding-right:6%;--awb-padding-bottom:250px;--awb-padding-left:6%;--awb-padding-top-small:120px;--awb-padding-right-small:6%;--awb-padding-left-small:6%;--awb-background-color:var(--awb-color5);--awb-flex-wrap:wrap;\" ><div class=\"fusion-builder-row fusion-row fusion-flex-align-items-flex-start fusion-flex-justify-content-space-between fusion-flex-content-wrap\" style=\"width:104% !important;max-width:104% !important;margin-left: calc(-4% \/ 2 );margin-right: calc(-4% \/ 2 );\"><div class=\"fusion-layout-column fusion_builder_column fusion-builder-column-0 fusion_builder_column_1_1 1_1 fusion-flex-column\" style=\"--awb-bg-blend:overlay;--awb-bg-size:cover;--awb-width-large:100%;--awb-margin-top-large:0px;--awb-spacing-right-large:1.92%;--awb-margin-bottom-large:0px;--awb-spacing-left-large:1.92%;--awb-width-medium:100%;--awb-spacing-right-medium:1.92%;--awb-spacing-left-medium:1.92%;--awb-width-small:100%;--awb-spacing-right-small:1.92%;--awb-spacing-left-small:1.92%;\"><div class=\"fusion-column-wrapper fusion-flex-justify-content-flex-start fusion-content-layout-column\"><div class=\"fusion-title title fusion-title-1 fusion-sep-none fusion-title-text fusion-title-size-one\" style=\"--awb-margin-bottom:20px;\"><h1 class=\"fusion-title-heading title-heading-left\" style=\"margin:0;\">Cine Glauber Rocha &#8211; S\u00e1bado &#8211; 16\/03<\/h1><\/div><\/div><\/div><div class=\"fusion-layout-column fusion_builder_column fusion-builder-column-1 fusion_builder_column_1_1 1_1 fusion-flex-column\" style=\"--awb-bg-size:cover;--awb-width-large:100%;--awb-margin-top-large:0px;--awb-spacing-right-large:1.92%;--awb-margin-bottom-large:0px;--awb-spacing-left-large:1.92%;--awb-width-medium:100%;--awb-order-medium:0;--awb-spacing-right-medium:1.92%;--awb-spacing-left-medium:1.92%;--awb-width-small:100%;--awb-order-small:0;--awb-spacing-right-small:1.92%;--awb-spacing-left-small:1.92%;\"><div class=\"fusion-column-wrapper fusion-column-has-shadow fusion-flex-justify-content-flex-start fusion-content-layout-column\"><div class=\"fusion-title title fusion-title-2 fusion-sep-none fusion-title-text fusion-title-size-three\" style=\"--awb-margin-bottom:10px;--awb-font-size:22px;\"><h3 class=\"fusion-title-heading title-heading-left\" style=\"font-family:&quot;Open Sans&quot;;font-style:normal;font-weight:700;margin:0;font-size:1em;\">10h00 \u2013 Encontros e Debates VI \u2013 Sala 2<\/h3><\/div><div class=\"fusion-text fusion-text-1\"><p><strong>Paulo Alcoforado com Associa\u00e7\u00f5es<\/strong><br \/>\nReuni\u00e3o Associa\u00e7\u00f5es de Cinema da Bahia: APC (Associa\u00e7\u00f5es de Produtores e Cineastas da Bahia), APAN (Associa\u00e7\u00e3o de Profissionais do Audiovisual Negro), Associa\u00e7\u00e3o dos Cineclubes da Bahia, Associa\u00e7\u00e3o dos Exibidores Independentes de Salvador, MulherCine BA (Coletivo de Mulheres do Cinema Baiano), CONE (Conex\u00e3o Audiovisual Centro-Oeste, Norte, Nordeste), Bravi (Brasil Audiovisual Independente), Associa\u00e7\u00e3o de Roteiristas da Bahia, SASB (Associa\u00e7\u00e3o do Setor Audiovisual do Sudoeste Baiano), GAMA (Associa\u00e7\u00e3o da Games e Anima\u00e7\u00e3o), AVIBA &#8211; Articula\u00e7\u00e3o Audiovisual do Interior da Bahia.<br \/>\n*Entrada gratuita<\/p>\n<\/div><div class=\"fusion-title title fusion-title-3 fusion-sep-none fusion-title-text fusion-title-size-three\" style=\"--awb-margin-bottom:10px;--awb-font-size:22px;\"><h3 class=\"fusion-title-heading title-heading-left\" style=\"font-family:&quot;Open Sans&quot;;font-style:normal;font-weight:700;margin:0;font-size:1em;\">13h00 \u2013 Workshop SALCINE &#8211; Sala 4<\/h3><\/div><div class=\"fusion-text fusion-text-2\"><p>Tamo tirando onda! Salvador na rota dos festivais nacionais e internacionais.<br \/>Com <b>Paula Gomes <\/b>(Produtora), <b>Marcos Bautista<\/b> (Diretor de Arte e Figurinista), <b>Ernesto Molinero<\/b> (Diretor e Produtor), <b>Haroldo Borges<\/b> (Diretor). <br \/><span style=\"color: var(--awb-text-color); font-family: var(--awb-text-font-family); font-size: var(--awb-font-size); font-style: var(--awb-text-font-style); font-weight: var(--awb-text-font-weight); letter-spacing: var(--awb-letter-spacing); text-align: var(--awb-content-alignment); text-transform: var(--awb-text-transform); background-color: var(--awb-bg-color-hover);\">*Entrada gratuita<\/span><\/p>\n<\/div><div class=\"fusion-title title fusion-title-4 fusion-sep-none fusion-title-text fusion-title-size-three\" style=\"--awb-margin-bottom:10px;--awb-font-size:22px;\"><h3 class=\"fusion-title-heading title-heading-left\" style=\"font-family:&quot;Open Sans&quot;;font-style:normal;font-weight:700;margin:0;font-size:1em;\">13h00 \u2013 Competitiva Baiana I &#8211; Sala 1<\/h3><\/div><div class=\"fusion-text fusion-text-3\"><p><b>Lamento \u00e0s \u00c1guas<\/b>, de Vilma Carla Martins. BA, 10&#8242;, Cor, 2023<br \/>\n<b>Sagrado Compor<\/b>, de Henrique Dantas e Marcelo Abreu. BA\/SP, 23&#8242;, Cor, 2023<br \/>\n<b>Kiriri 11\/11<\/b>, de Kian Shaikhzadeh. BA, 10&#8242;, Cor, 2023<br \/>\n<b>Cosmovis\u00f5es<\/b>, de Marcilia Cavalcante. BA, 53&#8242;, Cor, 2022<\/p>\n<\/div><div class=\"fusion-title title fusion-title-5 fusion-sep-none fusion-title-text fusion-title-size-three\" style=\"--awb-margin-bottom:10px;--awb-font-size:22px;\"><h3 class=\"fusion-title-heading title-heading-left\" style=\"font-family:&quot;Open Sans&quot;;font-style:normal;font-weight:700;margin:0;font-size:1em;\">13h10 \u2013 Competitiva Nacional I &#8211; Sala 2<\/h3><\/div><div class=\"fusion-text fusion-text-4\"><p><b>Saudade Fez Morada Aqui Dentro<\/b>, de Haroldo Borges. BA, 110&#8242;, Cor, 2022<br \/>\n*Sess\u00e3o com Audiodescri\u00e7\u00e3o, Legendagem Descritiva e Libras atrav\u00e9s do aplicativo Movie Reading.<\/p>\n<\/div><div class=\"fusion-title title fusion-title-6 fusion-sep-none fusion-title-text fusion-title-size-three\" style=\"--awb-margin-bottom:10px;--awb-font-size:22px;\"><h3 class=\"fusion-title-heading title-heading-left\" style=\"font-family:&quot;Open Sans&quot;;font-style:normal;font-weight:700;margin:0;font-size:1em;\">13h20 \u2013 Competitiva Internacional I &#8211; Sala 3<\/h3><\/div><div class=\"fusion-text fusion-text-5\"><p><b>Criando Praias Luminosas (Hacer Orillas Luminosas)<\/b>, de Maira Ayala. Paraguai\/Argentina, 19&#8242;, Cor, 2023<br \/>\n<b>Yaa<\/b>, de Amartei Armar. Gana\/Fran\u00e7a, 20&#8242;, Cor, 2022<br \/>\n<b>A Audi\u00eancia (L&#8217;Audience)<\/b>, de \u00c9milie B. Gu\u00e9rette e Peggy Nkunga Ndona. Canad\u00e1, 93&#8242;, Cor, 2023<\/p>\n<\/div><div class=\"fusion-title title fusion-title-7 fusion-sep-none fusion-title-text fusion-title-size-three\" style=\"--awb-margin-bottom:10px;--awb-font-size:22px;\"><h3 class=\"fusion-title-heading title-heading-left\" style=\"font-family:&quot;Open Sans&quot;;font-style:normal;font-weight:700;margin:0;font-size:1em;\">14h50 \u2013 Panorama Brasil VII &#8211; Sala 1<\/h3><\/div><div class=\"fusion-text fusion-text-6\"><p><strong>Assexybilidade<\/strong>, de Daniel Gon\u00e7alves. RJ, 86&#8242;, Cor, 2023<br \/>\n*Sess\u00e3o com Legendagem Descritiva aberta e Audiodescri\u00e7\u00e3o e Libras atrav\u00e9s do aplicativo Movie Reading.<\/p>\n<\/div><div class=\"fusion-title title fusion-title-8 fusion-sep-none fusion-title-text fusion-title-size-three\" style=\"--awb-margin-bottom:10px;--awb-font-size:22px;\"><h3 class=\"fusion-title-heading title-heading-left\" style=\"font-family:&quot;Open Sans&quot;;font-style:normal;font-weight:700;margin:0;font-size:1em;\">15h15 \u2013 Panorama Brasil VIII &#8211; Sala 2<\/h3><\/div><div class=\"fusion-text fusion-text-7\"><p><strong>Comigo Num Se Pode<\/strong>, de T\u00e1ssia Ara\u00fajo. PI, 74&#8242;, Cor, 2022<br \/>\nDebate ap\u00f3s a sess\u00e3o.<\/p>\n<\/div><div class=\"fusion-title title fusion-title-9 fusion-sep-none fusion-title-text fusion-title-size-three\" style=\"--awb-margin-bottom:10px;--awb-font-size:22px;\"><h3 class=\"fusion-title-heading title-heading-left\" style=\"font-family:&quot;Open Sans&quot;;font-style:normal;font-weight:700;margin:0;font-size:1em;\">15h45 \u2013 Competitiva Internacional II &#8211; Sala 3<\/h3><\/div><div class=\"fusion-text fusion-text-8\"><p><b>Nada Disso (Nada de Todo Esto)<\/b>, de Francisco Cant\u00f3n e Pato Mart\u00ednez. Argentina\/Espanha\/EUA, 18&#8242;, Cor, 2023<br \/>\n<b>Aqueronte<\/b>, de Manuel Mu\u00f1oz Rivas. Espanha, 27&#8242;, Cor, 2023<br \/>\n<b>M\u00e1tria (Matria)<\/b>, de \u00c1lvaro Gago. Espanha, 100&#8242;, Cor, 2023<\/p>\n<\/div><div class=\"fusion-title title fusion-title-10 fusion-sep-none fusion-title-text fusion-title-size-three\" style=\"--awb-margin-bottom:10px;--awb-font-size:22px;\"><h3 class=\"fusion-title-heading title-heading-left\" style=\"font-family:&quot;Open Sans&quot;;font-style:normal;font-weight:700;margin:0;font-size:1em;\">16h00 \u2013 Encontros e Debates VII &#8211; Sala 4<\/h3><\/div><div class=\"fusion-text fusion-text-9\"><p><strong>Distribui\u00e7\u00e3o e Exibi\u00e7\u00e3o: como conquistar o mercado nacional?<\/strong>, com Paulo Alcoforado (ANCINE), Joelma Gonzaga (Secretaria do Audiovisual MINC), D\u00e9bora Ivanov (Produtora e Distribuidora), Adhemar Oliveira (Cinearte\/ Cine Glauber Rocha)<br \/>\n<strong>Mediador:<\/strong> Felipe Dias (Salcine)<br \/>\n*Entrada gratuita<br \/>\n** Com int\u00e9rprete e tradutor em Libras.<\/p>\n<\/div><div class=\"fusion-title title fusion-title-11 fusion-sep-none fusion-title-text fusion-title-size-three\" style=\"--awb-margin-bottom:10px;--awb-font-size:22px;\"><h3 class=\"fusion-title-heading title-heading-left\" style=\"font-family:&quot;Open Sans&quot;;font-style:normal;font-weight:700;margin:0;font-size:1em;\">16h35 \u2013 Competitiva Nacional III &#8211; Sala 1<\/h3><\/div><div class=\"fusion-text fusion-text-10\"><p><b>Queima Minha Pele<\/b>, de Leonardo Amorim. AL, 19&#8242;, Cor, 2023<br \/>\n<b>Lyb<\/b>, de Felipe Poroger. SP, 20&#8242;, P&amp;B, 2023<br \/>\n<b>Sem Cora\u00e7\u00e3o<\/b>, de Nara Normande e Ti\u00e3o. Brasil\/Fran\u00e7a\/It\u00e1lia, 95&#8242;, Cor, 2023<br \/>\nDebate ap\u00f3s a sess\u00e3o.<\/p>\n<\/div><div class=\"fusion-title title fusion-title-12 fusion-sep-none fusion-title-text fusion-title-size-three\" style=\"--awb-margin-bottom:10px;--awb-font-size:22px;\"><h3 class=\"fusion-title-heading title-heading-left\" style=\"font-family:&quot;Open Sans&quot;;font-style:normal;font-weight:700;margin:0;font-size:1em;\">17h30 \u2013 Competitiva Baiana III &#8211; Sala 2<\/h3><\/div><div class=\"fusion-text fusion-text-11\"><p><b>Felipa<\/b>, de Ana Clara Pereira. BA, 11&#8242;, Cor, 2023<br \/>\n<b>TAMBA: Sinfonia do Invis\u00edvel<\/b>, de Genilson Nery. BA, 11&#8242;, Cor, 2023<br \/>\n<b>Caf\u00e9, P\u00e9pi e Lim\u00e3o<\/b>, de Adler Kibe Paz e Pedro L\u00e9o. BA, 82&#8242;, Cor, 2023<br \/>\nDebate ap\u00f3s a sess\u00e3o.<\/p>\n<\/div><div class=\"fusion-title title fusion-title-13 fusion-sep-none fusion-title-text fusion-title-size-three\" style=\"--awb-margin-bottom:10px;--awb-font-size:22px;\"><h3 class=\"fusion-title-heading title-heading-left\" style=\"font-family:&quot;Open Sans&quot;;font-style:normal;font-weight:700;margin:0;font-size:1em;\">18h30 \u2013 Homenagem Glauber Rocha II &#8211; Sala 3<\/h3><\/div><div class=\"fusion-text fusion-text-12\"><p><strong>Terra em Transe<\/strong>, de Glauber Rocha. Brasil, 108&#8242;, P&amp;B, 1967<\/p>\n<\/div><div class=\"fusion-title title fusion-title-14 fusion-sep-none fusion-title-text fusion-title-size-three\" style=\"--awb-margin-bottom:10px;--awb-font-size:22px;\"><h3 class=\"fusion-title-heading title-heading-left\" style=\"font-family:&quot;Open Sans&quot;;font-style:normal;font-weight:700;margin:0;font-size:1em;\">19h50 \u2013 Competitiva Nacional IV &#8211; Sala 1<\/h3><\/div><div class=\"fusion-text fusion-text-13\"><p><b>As Mi\u00e7angas<\/b>, de Emanuel Lavor e Rafaela Camelo. DF, 19&#8242;, Cor, 2023<br \/>\n<b>Deixa<\/b>, de Mariana Jaspe. RJ, 15&#8242;, Cor, 2023<br \/>\n<b>Ode<\/b>, de Diego Lisboa. BA, 16&#8242;, Cor, 2023<br \/>\n<b>Estranho Caminho<\/b>, de Guto Parente. CE, 83&#8242;, Cor, 2023<br \/>\nDebate ap\u00f3s a sess\u00e3o.<\/p>\n<\/div><div class=\"fusion-title title fusion-title-15 fusion-sep-none fusion-title-text fusion-title-size-three\" style=\"--awb-margin-bottom:10px;--awb-font-size:22px;\"><h3 class=\"fusion-title-heading title-heading-left\" style=\"font-family:&quot;Open Sans&quot;;font-style:normal;font-weight:700;margin:0;font-size:1em;\">20h15 \u2013 Competitiva Baiana IV &#8211; Sala 2<\/h3><\/div><div class=\"fusion-text fusion-text-14\"><p><b>O Tempo das Coisas<\/b>, de Lara Beck. BA, 24&#8242;, Cor, 2023<br \/>\n<b>Ben\u00e7\u00e3o<\/b>, de Mamiraw\u00e1 e Tain\u00e3 Pacheco. BA, 12&#8242;, Cor, 2022<br \/>\n<b>Dois Sert\u00f5es<\/b>, de Caio Resende e Fabiana Leite. BA, 72&#8242;, Cor, 2023<br \/>\nDebate ap\u00f3s a sess\u00e3o.<\/p>\n<\/div><div class=\"fusion-title title fusion-title-16 fusion-sep-none fusion-title-text fusion-title-size-three\" style=\"--awb-margin-bottom:10px;--awb-font-size:22px;\"><h3 class=\"fusion-title-heading title-heading-left\" style=\"font-family:&quot;Open Sans&quot;;font-style:normal;font-weight:700;margin:0;font-size:1em;\">20h30 \u2013 Competitiva Internacional III &#8211; Sala 3<\/h3><\/div><div class=\"fusion-text fusion-text-15\"><p><b>A Passagem (The Passing)<\/b>, de Ivete Lucas e Patrick Bresnan. EUA, 18&#8242;, Cor, 2023<br \/>\n<b>Tria<\/b>, de Giulia Grandinetti. It\u00e1lia, 18&#8242;, Cor, 2022<br \/>\n<b>Acrom\u00e1tico (Achrome)<\/b>, de Maria Ignatenko. R\u00fassia\/Alemanha\/Israel, 96&#8242;, Cor, 2022<\/p>\n<\/div><\/div><\/div><\/div><\/div>\n","protected":false},"excerpt":{"rendered":"","protected":false},"author":607,"featured_media":0,"parent":182,"menu_order":0,"comment_status":"closed","ping_status":"closed","template":"100-width.php","meta":{"_acf_changed":false,"footnotes":""},"class_list":["post-29672","page","type-page","status-publish","hentry"],"acf":[],"yoast_head":"<!-- This site is optimized with the Yoast SEO plugin v25.7 - https:\/\/yoast.com\/wordpress\/plugins\/seo\/ -->\n<title>Cine Glauber Rocha - S\u00e1bado - 16\/03 - XIX Panorama Internacional Coisa de Cinema<\/title>\n<meta name=\"robots\" content=\"index, follow, max-snippet:-1, max-image-preview:large, max-video-preview:-1\" \/>\n<link rel=\"canonical\" href=\"https:\/\/acervo.coisadecinema.com.br\/xix-panorama\/programacao\/cine-glauber-rocha-sabado-16-03\/\" \/>\n<meta property=\"og:locale\" content=\"pt_BR\" \/>\n<meta property=\"og:type\" content=\"article\" \/>\n<meta property=\"og:title\" content=\"Cine Glauber Rocha - S\u00e1bado - 16\/03 - XIX Panorama Internacional Coisa de Cinema\" \/>\n<meta property=\"og:url\" content=\"https:\/\/acervo.coisadecinema.com.br\/xix-panorama\/programacao\/cine-glauber-rocha-sabado-16-03\/\" \/>\n<meta property=\"og:site_name\" content=\"XIX Panorama Internacional Coisa de Cinema\" \/>\n<meta property=\"article:modified_time\" content=\"2024-03-16T02:03:33+00:00\" \/>\n<meta property=\"og:image\" content=\"https:\/\/acervo.coisadecinema.com.br\/xix-panorama\/wp-content\/uploads\/2024\/02\/site-2100x900-1.webp\" \/>\n\t<meta property=\"og:image:width\" content=\"2100\" \/>\n\t<meta property=\"og:image:height\" content=\"900\" \/>\n\t<meta property=\"og:image:type\" content=\"image\/webp\" \/>\n<meta name=\"twitter:card\" content=\"summary_large_image\" \/>\n<meta name=\"twitter:label1\" content=\"Est. tempo de leitura\" \/>\n\t<meta name=\"twitter:data1\" content=\"4 minutos\" \/>\n<script type=\"application\/ld+json\" class=\"yoast-schema-graph\">{\"@context\":\"https:\/\/schema.org\",\"@graph\":[{\"@type\":\"WebPage\",\"@id\":\"https:\/\/acervo.coisadecinema.com.br\/xix-panorama\/programacao\/cine-glauber-rocha-sabado-16-03\/\",\"url\":\"https:\/\/acervo.coisadecinema.com.br\/xix-panorama\/programacao\/cine-glauber-rocha-sabado-16-03\/\",\"name\":\"Cine Glauber Rocha - S\u00e1bado - 16\/03 - XIX Panorama Internacional Coisa de Cinema\",\"isPartOf\":{\"@id\":\"https:\/\/acervo.coisadecinema.com.br\/xix-panorama\/#website\"},\"datePublished\":\"2024-02-20T19:54:00+00:00\",\"dateModified\":\"2024-03-16T02:03:33+00:00\",\"breadcrumb\":{\"@id\":\"https:\/\/acervo.coisadecinema.com.br\/xix-panorama\/programacao\/cine-glauber-rocha-sabado-16-03\/#breadcrumb\"},\"inLanguage\":\"pt-BR\",\"potentialAction\":[{\"@type\":\"ReadAction\",\"target\":[\"https:\/\/acervo.coisadecinema.com.br\/xix-panorama\/programacao\/cine-glauber-rocha-sabado-16-03\/\"]}]},{\"@type\":\"BreadcrumbList\",\"@id\":\"https:\/\/acervo.coisadecinema.com.br\/xix-panorama\/programacao\/cine-glauber-rocha-sabado-16-03\/#breadcrumb\",\"itemListElement\":[{\"@type\":\"ListItem\",\"position\":1,\"name\":\"In\u00edcio\",\"item\":\"https:\/\/acervo.coisadecinema.com.br\/xix-panorama\/\"},{\"@type\":\"ListItem\",\"position\":2,\"name\":\"Programa\u00e7\u00e3o\",\"item\":\"https:\/\/acervo.coisadecinema.com.br\/xix-panorama\/programacao\/\"},{\"@type\":\"ListItem\",\"position\":3,\"name\":\"Cine Glauber Rocha &#8211; S\u00e1bado &#8211; 16\/03\"}]},{\"@type\":\"WebSite\",\"@id\":\"https:\/\/acervo.coisadecinema.com.br\/xix-panorama\/#website\",\"url\":\"https:\/\/acervo.coisadecinema.com.br\/xix-panorama\/\",\"name\":\"XIX Panorama Internacional Coisa de Cinema\",\"description\":\"\",\"publisher\":{\"@id\":\"https:\/\/acervo.coisadecinema.com.br\/xix-panorama\/#organization\"},\"alternateName\":\"XIX Panorama Internacional Coisa de Cinema\",\"potentialAction\":[{\"@type\":\"SearchAction\",\"target\":{\"@type\":\"EntryPoint\",\"urlTemplate\":\"https:\/\/acervo.coisadecinema.com.br\/xix-panorama\/?s={search_term_string}\"},\"query-input\":{\"@type\":\"PropertyValueSpecification\",\"valueRequired\":true,\"valueName\":\"search_term_string\"}}],\"inLanguage\":\"pt-BR\"},{\"@type\":\"Organization\",\"@id\":\"https:\/\/acervo.coisadecinema.com.br\/xix-panorama\/#organization\",\"name\":\"XIX Panorama Internacional Coisa de Cinema\",\"url\":\"https:\/\/acervo.coisadecinema.com.br\/xix-panorama\/\",\"logo\":{\"@type\":\"ImageObject\",\"inLanguage\":\"pt-BR\",\"@id\":\"https:\/\/acervo.coisadecinema.com.br\/xix-panorama\/#\/schema\/logo\/image\/\",\"url\":\"https:\/\/panorama.coisadecinema.com.br\/wp-content\/uploads\/2022\/08\/logo-panoramaxix-2024-pos-LO.webp\",\"contentUrl\":\"https:\/\/panorama.coisadecinema.com.br\/wp-content\/uploads\/2022\/08\/logo-panoramaxix-2024-pos-LO.webp\",\"width\":600,\"height\":161,\"caption\":\"XIX Panorama Internacional Coisa de Cinema\"},\"image\":{\"@id\":\"https:\/\/acervo.coisadecinema.com.br\/xix-panorama\/#\/schema\/logo\/image\/\"}}]}<\/script>\n<!-- \/ Yoast SEO plugin. -->","yoast_head_json":{"title":"Cine Glauber Rocha - S\u00e1bado - 16\/03 - XIX Panorama Internacional Coisa de Cinema","robots":{"index":"index","follow":"follow","max-snippet":"max-snippet:-1","max-image-preview":"max-image-preview:large","max-video-preview":"max-video-preview:-1"},"canonical":"https:\/\/acervo.coisadecinema.com.br\/xix-panorama\/programacao\/cine-glauber-rocha-sabado-16-03\/","og_locale":"pt_BR","og_type":"article","og_title":"Cine Glauber Rocha - S\u00e1bado - 16\/03 - XIX Panorama Internacional Coisa de Cinema","og_url":"https:\/\/acervo.coisadecinema.com.br\/xix-panorama\/programacao\/cine-glauber-rocha-sabado-16-03\/","og_site_name":"XIX Panorama Internacional Coisa de Cinema","article_modified_time":"2024-03-16T02:03:33+00:00","og_image":[{"width":2100,"height":900,"url":"https:\/\/acervo.coisadecinema.com.br\/xix-panorama\/wp-content\/uploads\/2024\/02\/site-2100x900-1.webp","type":"image\/webp"}],"twitter_card":"summary_large_image","twitter_misc":{"Est. tempo de leitura":"4 minutos"},"schema":{"@context":"https:\/\/schema.org","@graph":[{"@type":"WebPage","@id":"https:\/\/acervo.coisadecinema.com.br\/xix-panorama\/programacao\/cine-glauber-rocha-sabado-16-03\/","url":"https:\/\/acervo.coisadecinema.com.br\/xix-panorama\/programacao\/cine-glauber-rocha-sabado-16-03\/","name":"Cine Glauber Rocha - S\u00e1bado - 16\/03 - XIX Panorama Internacional Coisa de Cinema","isPartOf":{"@id":"https:\/\/acervo.coisadecinema.com.br\/xix-panorama\/#website"},"datePublished":"2024-02-20T19:54:00+00:00","dateModified":"2024-03-16T02:03:33+00:00","breadcrumb":{"@id":"https:\/\/acervo.coisadecinema.com.br\/xix-panorama\/programacao\/cine-glauber-rocha-sabado-16-03\/#breadcrumb"},"inLanguage":"pt-BR","potentialAction":[{"@type":"ReadAction","target":["https:\/\/acervo.coisadecinema.com.br\/xix-panorama\/programacao\/cine-glauber-rocha-sabado-16-03\/"]}]},{"@type":"BreadcrumbList","@id":"https:\/\/acervo.coisadecinema.com.br\/xix-panorama\/programacao\/cine-glauber-rocha-sabado-16-03\/#breadcrumb","itemListElement":[{"@type":"ListItem","position":1,"name":"In\u00edcio","item":"https:\/\/acervo.coisadecinema.com.br\/xix-panorama\/"},{"@type":"ListItem","position":2,"name":"Programa\u00e7\u00e3o","item":"https:\/\/acervo.coisadecinema.com.br\/xix-panorama\/programacao\/"},{"@type":"ListItem","position":3,"name":"Cine Glauber Rocha &#8211; S\u00e1bado &#8211; 16\/03"}]},{"@type":"WebSite","@id":"https:\/\/acervo.coisadecinema.com.br\/xix-panorama\/#website","url":"https:\/\/acervo.coisadecinema.com.br\/xix-panorama\/","name":"XIX Panorama Internacional Coisa de Cinema","description":"","publisher":{"@id":"https:\/\/acervo.coisadecinema.com.br\/xix-panorama\/#organization"},"alternateName":"XIX Panorama Internacional Coisa de Cinema","potentialAction":[{"@type":"SearchAction","target":{"@type":"EntryPoint","urlTemplate":"https:\/\/acervo.coisadecinema.com.br\/xix-panorama\/?s={search_term_string}"},"query-input":{"@type":"PropertyValueSpecification","valueRequired":true,"valueName":"search_term_string"}}],"inLanguage":"pt-BR"},{"@type":"Organization","@id":"https:\/\/acervo.coisadecinema.com.br\/xix-panorama\/#organization","name":"XIX Panorama Internacional Coisa de Cinema","url":"https:\/\/acervo.coisadecinema.com.br\/xix-panorama\/","logo":{"@type":"ImageObject","inLanguage":"pt-BR","@id":"https:\/\/acervo.coisadecinema.com.br\/xix-panorama\/#\/schema\/logo\/image\/","url":"https:\/\/panorama.coisadecinema.com.br\/wp-content\/uploads\/2022\/08\/logo-panoramaxix-2024-pos-LO.webp","contentUrl":"https:\/\/panorama.coisadecinema.com.br\/wp-content\/uploads\/2022\/08\/logo-panoramaxix-2024-pos-LO.webp","width":600,"height":161,"caption":"XIX Panorama Internacional Coisa de Cinema"},"image":{"@id":"https:\/\/acervo.coisadecinema.com.br\/xix-panorama\/#\/schema\/logo\/image\/"}}]}},"_links":{"self":[{"href":"https:\/\/acervo.coisadecinema.com.br\/xix-panorama\/wp-json\/wp\/v2\/pages\/29672","targetHints":{"allow":["GET"]}}],"collection":[{"href":"https:\/\/acervo.coisadecinema.com.br\/xix-panorama\/wp-json\/wp\/v2\/pages"}],"about":[{"href":"https:\/\/acervo.coisadecinema.com.br\/xix-panorama\/wp-json\/wp\/v2\/types\/page"}],"author":[{"embeddable":true,"href":"https:\/\/acervo.coisadecinema.com.br\/xix-panorama\/wp-json\/wp\/v2\/users\/607"}],"replies":[{"embeddable":true,"href":"https:\/\/acervo.coisadecinema.com.br\/xix-panorama\/wp-json\/wp\/v2\/comments?post=29672"}],"version-history":[{"count":20,"href":"https:\/\/acervo.coisadecinema.com.br\/xix-panorama\/wp-json\/wp\/v2\/pages\/29672\/revisions"}],"predecessor-version":[{"id":31308,"href":"https:\/\/acervo.coisadecinema.com.br\/xix-panorama\/wp-json\/wp\/v2\/pages\/29672\/revisions\/31308"}],"up":[{"embeddable":true,"href":"https:\/\/acervo.coisadecinema.com.br\/xix-panorama\/wp-json\/wp\/v2\/pages\/182"}],"wp:attachment":[{"href":"https:\/\/acervo.coisadecinema.com.br\/xix-panorama\/wp-json\/wp\/v2\/media?parent=29672"}],"curies":[{"name":"wp","href":"https:\/\/api.w.org\/{rel}","templated":true}]}}