{"id":29660,"date":"2024-02-20T16:47:36","date_gmt":"2024-02-20T19:47:36","guid":{"rendered":"https:\/\/panorama.coisadecinema.com.br\/?page_id=29660"},"modified":"2024-03-14T09:39:19","modified_gmt":"2024-03-14T12:39:19","slug":"cine-glauber-rocha-sexta-feira-15-03","status":"publish","type":"page","link":"https:\/\/acervo.coisadecinema.com.br\/xix-panorama\/programacao\/cine-glauber-rocha-sexta-feira-15-03\/","title":{"rendered":"Cine Glauber Rocha &#8211; Sexta-feira &#8211; 15\/03"},"content":{"rendered":"<div class=\"fusion-fullwidth fullwidth-box fusion-builder-row-1 fusion-flex-container has-pattern-background has-mask-background hundred-percent-fullwidth non-hundred-percent-height-scrolling\" style=\"--awb-border-radius-top-left:0px;--awb-border-radius-top-right:0px;--awb-border-radius-bottom-right:0px;--awb-border-radius-bottom-left:0px;--awb-padding-top:120px;--awb-padding-right:6%;--awb-padding-bottom:250px;--awb-padding-left:6%;--awb-padding-top-small:120px;--awb-padding-right-small:6%;--awb-padding-left-small:6%;--awb-background-color:var(--awb-color5);--awb-flex-wrap:wrap;\" ><div class=\"fusion-builder-row fusion-row fusion-flex-align-items-flex-start fusion-flex-justify-content-space-between fusion-flex-content-wrap\" style=\"width:104% !important;max-width:104% !important;margin-left: calc(-4% \/ 2 );margin-right: calc(-4% \/ 2 );\"><div class=\"fusion-layout-column fusion_builder_column fusion-builder-column-0 fusion_builder_column_1_1 1_1 fusion-flex-column\" style=\"--awb-bg-blend:overlay;--awb-bg-size:cover;--awb-width-large:100%;--awb-margin-top-large:0px;--awb-spacing-right-large:1.92%;--awb-margin-bottom-large:0px;--awb-spacing-left-large:1.92%;--awb-width-medium:100%;--awb-spacing-right-medium:1.92%;--awb-spacing-left-medium:1.92%;--awb-width-small:100%;--awb-spacing-right-small:1.92%;--awb-spacing-left-small:1.92%;\"><div class=\"fusion-column-wrapper fusion-flex-justify-content-flex-start fusion-content-layout-column\"><div class=\"fusion-title title fusion-title-1 fusion-sep-none fusion-title-text fusion-title-size-one\" style=\"--awb-margin-bottom:20px;\"><h1 class=\"fusion-title-heading title-heading-left\" style=\"margin:0;\">Cine Glauber Rocha &#8211; Sexta-feira &#8211; 15\/03<\/h1><\/div><\/div><\/div><div class=\"fusion-layout-column fusion_builder_column fusion-builder-column-1 fusion_builder_column_1_1 1_1 fusion-flex-column\" style=\"--awb-bg-size:cover;--awb-width-large:100%;--awb-margin-top-large:0px;--awb-spacing-right-large:1.92%;--awb-margin-bottom-large:0px;--awb-spacing-left-large:1.92%;--awb-width-medium:100%;--awb-order-medium:0;--awb-spacing-right-medium:1.92%;--awb-spacing-left-medium:1.92%;--awb-width-small:100%;--awb-order-small:0;--awb-spacing-right-small:1.92%;--awb-spacing-left-small:1.92%;\"><div class=\"fusion-column-wrapper fusion-column-has-shadow fusion-flex-justify-content-flex-start fusion-content-layout-column\"><div class=\"fusion-title title fusion-title-2 fusion-sep-none fusion-title-text fusion-title-size-three\" style=\"--awb-margin-bottom:10px;--awb-font-size:22px;\"><h3 class=\"fusion-title-heading title-heading-left\" style=\"font-family:&quot;Open Sans&quot;;font-style:normal;font-weight:700;margin:0;font-size:1em;\">10h00 \u2013 Encontros e Debates III &#8211; Sala 2<\/h3><\/div><div class=\"fusion-text fusion-text-1\"><p><strong>Distribuindo obriga\u00e7\u00f5es e a converg\u00eancia dos poderes (MINC\/Ancine, BahiaFilmes e Salcine)<\/strong><br \/>\nA necessidade de conferir atribui\u00e7\u00f5es distintas aos poderes<br \/>\n<strong>Participantes:<\/strong> Gabriel Portela (Secret\u00e1rio Municipal Adjunto de Cultura (BH) e secret\u00e1rio-geral do F\u00f3rum Nacional de Secret\u00e1rios e Gestores de Cultura das Capitais e Munic\u00edpios Associados), Pola Ribeiro (Estado da Bahia), Paulo Alcoforado (ANCINE)<br \/>\n<strong>Mediador:<\/strong> Felipe Dias (Salcine)<br \/>\n*Entrada gratuita<br \/>\n** Com int\u00e9rprete e tradutor em Libras.<\/p>\n<\/div><div class=\"fusion-title title fusion-title-3 fusion-sep-none fusion-title-text fusion-title-size-three\" style=\"--awb-margin-bottom:10px;--awb-font-size:22px;\"><h3 class=\"fusion-title-heading title-heading-left\" style=\"font-family:&quot;Open Sans&quot;;font-style:normal;font-weight:700;margin:0;font-size:1em;\">13h30 &#8211; Panorama Brasil I &#8211; Sala 2<\/h3><\/div><div class=\"fusion-text fusion-text-2\"><p><strong>Corpos Invis\u00edveis<\/strong>, de Qu\u00e9zia Lopes. RJ, 76&#8242;, Cor, 2023<br \/>\n* Sess\u00e3o do programa A Escola vai ao Cinema.<\/p>\n<\/div><div class=\"fusion-title title fusion-title-4 fusion-sep-none fusion-title-text fusion-title-size-three\" style=\"--awb-margin-bottom:10px;--awb-font-size:22px;\"><h3 class=\"fusion-title-heading title-heading-left\" style=\"font-family:&quot;Open Sans&quot;;font-style:normal;font-weight:700;margin:0;font-size:1em;\">13h40 \u2013 Panorama Brasil II &#8211; Sala 3<\/h3><\/div><div class=\"fusion-text fusion-text-3\"><p><b>Peixe Abissal<\/b>, de Rafael Saar. RJ, 111&#8242;, Cor, 2023<\/p>\n<\/div><div class=\"fusion-title title fusion-title-5 fusion-sep-none fusion-title-text fusion-title-size-three\" style=\"--awb-margin-bottom:10px;--awb-font-size:22px;\"><h3 class=\"fusion-title-heading title-heading-left\" style=\"font-family:&quot;Open Sans&quot;;font-style:normal;font-weight:700;margin:0;font-size:1em;\">13h50 \u2013 Panorama Brasil III &#8211; Sala 1<\/h3><\/div><div class=\"fusion-text fusion-text-4\"><p><b>Quinze Quase Dezesseis<\/b>, de Thais Fujinaga. SP, 20&#8242;, Cor, 2023<br \/>\n<b>Do Tanto de Telha no Mundo<\/b>, de Bruno Brasileiro. CE, 24&#8242;, Cor, 2023<br \/>\n<b>Ela Mora Logo Ali<\/b>, de Fabiano Barros e Rafael Rogante. RO, 16&#8242;, Cor, 2022<br \/>\n<b>O \u00daltimo Rock<\/b>, de Diego de Jesus. ES, 24&#8242;, Cor, 2023<br \/>\n* Sess\u00e3o do programa A Escola vai ao Cinema.<\/p>\n<\/div><div class=\"fusion-title title fusion-title-6 fusion-sep-none fusion-title-text fusion-title-size-three\" style=\"--awb-margin-bottom:10px;--awb-font-size:22px;\"><h3 class=\"fusion-title-heading title-heading-left\" style=\"font-family:&quot;Open Sans&quot;;font-style:normal;font-weight:700;margin:0;font-size:1em;\">14h00 &#8211; Encontros e Debates IV &#8211; Sala 4<\/h3><\/div><div class=\"fusion-text fusion-text-5\"><p><strong>Trajet\u00f3rias, percursos e processos criativos \u2013 um bate-papo com Bruna Linzmeyer (atriz e roteirista), Helo\u00edsa Passos (cineasta e diretora de fotografia) e Cristina Amaral (montadora)<\/strong><br \/>\n*Entrada gratuita<br \/>\n** Com int\u00e9rprete e tradutor em Libras.<\/p>\n<\/div><div class=\"fusion-title title fusion-title-7 fusion-sep-none fusion-title-text fusion-title-size-three\" style=\"--awb-margin-bottom:10px;--awb-font-size:22px;\"><h3 class=\"fusion-title-heading title-heading-left\" style=\"font-family:&quot;Open Sans&quot;;font-style:normal;font-weight:700;margin:0;font-size:1em;\">15h00 \u2013 Panorama Brasil IV &#8211; Sala 2<\/h3><\/div><div class=\"fusion-text fusion-text-6\"><p><b>Ciranda Feiticeira<\/b>, de Lula Gonzaga e Tiago Del\u00e1cio. PE, 8&#8242;, Cor, 2023<br \/>\n<b>As Lavadeiras do Rio Acara\u00fa Transformam a Embarca\u00e7\u00e3o em Nave de Condu\u00e7\u00e3o<\/b>, de kulumym-a\u00e7u. CE, 13&#8242;, Cor, 2022<br \/>\n<b>Toda Menina Baiana<\/b>, de Cec\u00edlia Amado. BA, 25&#8242;, Cor, 2022<br \/>\n<b>Lilith<\/b>, de Nayane Nayse. PE, 15&#8242;, Cor, 2022<br \/>\n<b>Me Enxergo Quando Te Vejo<\/b>, de Guillermo Alves e Michelle Brito. SP, 19&#8242;, Cor, 2022<br \/>\nDebate ap\u00f3s a sess\u00e3o.<br \/>\n* Sess\u00e3o do programa A Escola vai ao Cinema.<\/p>\n<\/div><div class=\"fusion-title title fusion-title-8 fusion-sep-none fusion-title-text fusion-title-size-three\" style=\"--awb-margin-bottom:10px;--awb-font-size:22px;\"><h3 class=\"fusion-title-heading title-heading-left\" style=\"font-family:&quot;Open Sans&quot;;font-style:normal;font-weight:700;margin:0;font-size:1em;\">15h30 \u2013 Panorama Brasil V &#8211; Sala 1<\/h3><\/div><div class=\"fusion-text fusion-text-7\"><p><b>Cr\u00f4nicas de uma Jovem Fam\u00edlia Preta!<\/b>, de Davidson D. Candanda. RJ, 76&#8242;, Cor, 2023<br \/>\n* Sess\u00e3o do programa A Escola vai ao Cinema.<br \/>\n** Sess\u00e3o com Legendagem Descritiva aberta.<\/p>\n<\/div><div class=\"fusion-title title fusion-title-9 fusion-sep-none fusion-title-text fusion-title-size-three\" style=\"--awb-margin-bottom:10px;--awb-font-size:22px;\"><h3 class=\"fusion-title-heading title-heading-left\" style=\"font-family:&quot;Open Sans&quot;;font-style:normal;font-weight:700;margin:0;font-size:1em;\">15h45 \u2013 Panorama de Anima\u00e7\u00e3o &#8211; Sala 3<\/h3><\/div><div class=\"fusion-text fusion-text-8\"><p><b>Meu Querido Filho (My Dear Son)<\/b>, de Lilian Fu. Reino Unido\/Hong Kong, 9&#8242;, Cor, 2022<br \/>\n<b>Coelhitos e Gambazitas<\/b>, de Thomas Larson. Brasil, 11&#8242;, Cor, 2022<br \/>\n<b>Well Wishes My Love, Your Love<\/b>, de Gabriel Gabriel Garble. Su\u00e9cia\/Mal\u00e1sia, 9&#8242;, Cor, 2022<br \/>\n<b>Canos (Pipes)<\/b>, de Jessica Meier, Kilian Feusi e Sujanth Ravichandran. Su\u00ed\u00e7a, 4&#8242;, P&amp;B, 2022<br \/>\n<b>Ernesto<\/b>, de Fernanda Roque. Brasil, 15&#8242;, Cor, 2023<br \/>\n<b>pelo (fur)<\/b>, de Zhen Li. EUA, 7&#8242;, Cor, 2022<br \/>\n<b>Escala (Scale)<\/b>, de Joseph Pierce. Fran\u00e7a\/Reino Unido\/B\u00e9lgica, 15&#8242;, 2022<br \/>\n<b>Dona Beatriz \u00d1s\u00eemba Vita<\/b>, de Catapreta. Brasil, 20&#8242;, Cor, 2024<\/p>\n<\/div><div class=\"fusion-title title fusion-title-10 fusion-sep-none fusion-title-text fusion-title-size-three\" style=\"--awb-margin-bottom:10px;--awb-font-size:22px;\"><h3 class=\"fusion-title-heading title-heading-left\" style=\"font-family:&quot;Open Sans&quot;;font-style:normal;font-weight:700;margin:0;font-size:1em;\">15h45 \u2013 Panorama de Anima\u00e7\u00e3o &#8211; Sala 3<\/h3><\/div><div class=\"fusion-text fusion-text-9\"><p><b>Meu Querido Filho (My Dear Son)<\/b>, de Lilian Fu. Reino Unido\/Hong Kong, 9&#8242;, Cor, 2022<br \/>\n<b>Coelhitos e Gambazitas<\/b>, de Thomas Larson. Brasil, 11&#8242;, Cor, 2022<br \/>\n<b>Well Wishes My Love, Your Love<\/b>, de Gabriel Gabriel Garble. Su\u00e9cia\/Mal\u00e1sia, 9&#8242;, Cor, 2022<br \/>\n<b>Canos (Pipes)<\/b>, de Jessica Meier, Kilian Feusi e Sujanth Ravichandran. Su\u00ed\u00e7a, 4&#8242;, P&amp;B, 2022<br \/>\n<b>Ernesto<\/b>, de Fernanda Roque. Brasil, 15&#8242;, Cor, 2023<br \/>\n<b>pelo (fur)<\/b>, de Zhen Li. EUA, 7&#8242;, Cor, 2022<br \/>\n<b>Escala (Scale)<\/b>, de Joseph Pierce. Fran\u00e7a\/Reino Unido\/B\u00e9lgica, 15&#8242;, 2022<br \/>\n<b>Dona Beatriz \u00d1s\u00eemba Vita<\/b>, de Catapreta. Brasil, 20&#8242;, Cor, 2024<\/p>\n<\/div><div class=\"fusion-title title fusion-title-11 fusion-sep-none fusion-title-text fusion-title-size-three\" style=\"--awb-margin-bottom:10px;--awb-font-size:22px;\"><h3 class=\"fusion-title-heading title-heading-left\" style=\"font-family:&quot;Open Sans&quot;;font-style:normal;font-weight:700;margin:0;font-size:1em;\">16h00 &#8211; Encontros e Debates V &#8211; Sala 4<\/h3><\/div><div class=\"fusion-text fusion-text-10\"><p><b>Salas independentes: a for\u00e7a do Cinema Brasileiro<\/b>, com Adhemar Oliveira (Cinearte\/ Cine Glauber Rocha), Suzana Argolo (Sala de Arte), Samuel Marota (Centro Cultural Unimed-BH \u2013 Minas T\u00eanis Clube), Daiane Silva (Sala Walter da Silveira).<br \/>\n<strong>Mediador:<\/strong> Cl\u00e1udio Marques (Cine Glauber Rocha\/ Panorama)<br \/>\n*Entrada gratuita<br \/>\n** Com int\u00e9rprete e tradutor em Libras.<\/p>\n<\/div><div class=\"fusion-title title fusion-title-12 fusion-sep-none fusion-title-text fusion-title-size-three\" style=\"--awb-margin-bottom:10px;--awb-font-size:22px;\"><h3 class=\"fusion-title-heading title-heading-left\" style=\"font-family:&quot;Open Sans&quot;;font-style:normal;font-weight:700;margin:0;font-size:1em;\">17h00 \u2013 Panorama Brasil VI &#8211; Sala 1<\/h3><\/div><div class=\"fusion-text fusion-text-11\"><p><strong>Othelo, O Grande<\/strong>, de Lucas H. Rossi dos Santos. RJ, 83&#8242;, Cor, 2023<\/p>\n<\/div><div class=\"fusion-title title fusion-title-13 fusion-sep-none fusion-title-text fusion-title-size-three\" style=\"--awb-margin-bottom:10px;--awb-font-size:22px;\"><h3 class=\"fusion-title-heading title-heading-left\" style=\"font-family:&quot;Open Sans&quot;;font-style:normal;font-weight:700;margin:0;font-size:1em;\">17h10 \u2013 Competitiva Baiana I &#8211; Sala 2<\/h3><\/div><div class=\"fusion-text fusion-text-12\"><p><b>Lamento \u00e0s \u00c1guas<\/b>, de Vilma Carla Martins. BA, 10&#8242;, Cor, 2023<br \/>\n<b>Sagrado Compor<\/b>, de Henrique Dantas e Marcelo Abreu. BA\/SP, 23&#8242;, Cor, 2023<br \/>\n<b>Kiriri 11\/11<\/b>, de Kian Shaikhzadeh. BA, 10&#8242;, Cor, 2023<br \/>\n<b>Cosmovis\u00f5es<\/b>, de Marcilia Cavalcante. BA, 53&#8242;, Cor, 2022<br \/>\nDebate ap\u00f3s a sess\u00e3o.<\/p>\n<\/div><div class=\"fusion-title title fusion-title-14 fusion-sep-none fusion-title-text fusion-title-size-three\" style=\"--awb-margin-bottom:10px;--awb-font-size:22px;\"><h3 class=\"fusion-title-heading title-heading-left\" style=\"font-family:&quot;Open Sans&quot;;font-style:normal;font-weight:700;margin:0;font-size:1em;\">17h30 \u2013 Mostra KAOGUIAMO (<span style=\"color: var(--awb-text-color); font-size: 1em; letter-spacing: var(--h3_typography-letter-spacing); text-transform: var(--h3_typography-text-transform); background-color: var(--awb-bg-color);\">Cinemas de Cabo Verde, Guin\u00e9-Bissau, Angola e Mo\u00e7ambique) <\/span>I &#8211; Sala 3<\/h3><\/div><div class=\"fusion-text fusion-text-13\"><p><b>Ulime<\/b>, de Tambla Almeida. Cabo Verde, 19&#8242;, Cor, 2010<br \/>\n<b>Poeira i Poesia<\/b>, de Tambla Almeida. Cabo Verde, 4&#8242;, Cor, 2007<br \/>\n<b>Sonho do Professor<\/b>, de Tambla Almeida. Cabo Verde, 7&#8242;, Cor, 2010<br \/>\n<b>D de Efici\u00eancia<\/b>, de Tambla Almeida. Cabo Verde, 17&#8242;, Cor, 2016<br \/>\n<b>Ab-Initio<\/b>, de Tambla Almeida. Cabo Verde, 15&#8242;, Cor, 2000<br \/>\n<b>Rbera-Morada<\/b>, de Tambla Almeida. Cabo Verde, 7&#8242;, Cor, 2023<br \/>\nDebate ap\u00f3s a sess\u00e3o.<\/p>\n<\/div><div class=\"fusion-title title fusion-title-15 fusion-sep-none fusion-title-text fusion-title-size-three\" style=\"--awb-margin-bottom:10px;--awb-font-size:22px;\"><h3 class=\"fusion-title-heading title-heading-left\" style=\"font-family:&quot;Open Sans&quot;;font-style:normal;font-weight:700;margin:0;font-size:1em;\">19h30 \u2013 Competitiva Nacional II &#8211; Sala 1<\/h3><\/div><div class=\"fusion-text fusion-text-14\"><p><b>Cassino<\/b>, de Gianluca Cozza. RS, 22&#8242;, Cor, 2024<br \/>\n<b>O Cavalo de Pedro<\/b>, de Daniel Nolasco. RJ, 24&#8242;, Cor, 2023<br \/>\n<b>Eros<\/b>, de Rachel Daisy Ellis. PE, 108&#8242;, Cor, 2024<br \/>\nDebate ap\u00f3s a sess\u00e3o.<\/p>\n<\/div><div class=\"fusion-title title fusion-title-16 fusion-sep-none fusion-title-text fusion-title-size-three\" style=\"--awb-margin-bottom:10px;--awb-font-size:22px;\"><h3 class=\"fusion-title-heading title-heading-left\" style=\"font-family:&quot;Open Sans&quot;;font-style:normal;font-weight:700;margin:0;font-size:1em;\">19h40 \u2013 Competitiva Baiana II &#8211; Sala 2<\/h3><\/div><div class=\"fusion-text fusion-text-15\"><p><b>Solange N\u00e3o Veio Hoje<\/b>, de Hilda Lopes Pontes e Klaus Hastenreiter. BA, 21&#8242;, Cor, 2023<br \/>\n<b>Al\u00e9m da Cancela<\/b>, de Margarete Jesus. BA, 25&#8242;, Cor, 2023<br \/>\n<b>Mulher Vestida de Sol,<\/b> de Patricia Moreira. BA, 10&#8242;, Cor, 2022<br \/>\n<b>A Matriarca<\/b>, de Lula Oliveira. BA, 77&#8242;, Cor, 2022<br \/>\nDebate ap\u00f3s a sess\u00e3o.<\/p>\n<\/div><div class=\"fusion-title title fusion-title-17 fusion-sep-none fusion-title-text fusion-title-size-three\" style=\"--awb-margin-bottom:10px;--awb-font-size:22px;\"><h3 class=\"fusion-title-heading title-heading-left\" style=\"font-family:&quot;Open Sans&quot;;font-style:normal;font-weight:700;margin:0;font-size:1em;\">19h40 \u2013 Competitiva Internacional I &#8211; Sala 3<\/h3><\/div><div class=\"fusion-text fusion-text-16\"><p><b>Criando Praias Luminosas (Hacer Orillas Luminosas)<\/b>, de Maira Ayala. Paraguai\/Argentina, 19&#8242;, Cor, 2023<br \/>\n<b>Yaa<\/b>, de Amartei Armar. Gana\/Fran\u00e7a, 20&#8242;, Cor, 2022<br \/>\n<b>A Audi\u00eancia (L&#8217;Audience)<\/b>, de \u00c9milie B. Gu\u00e9rette e Peggy Nkunga Ndona. Canad\u00e1, 93&#8242;, Cor, 2023<br \/>\nDebate ap\u00f3s a sess\u00e3o.<\/p>\n<\/div><\/div><\/div><\/div><\/div>\n","protected":false},"excerpt":{"rendered":"","protected":false},"author":607,"featured_media":0,"parent":182,"menu_order":0,"comment_status":"closed","ping_status":"closed","template":"100-width.php","meta":{"_acf_changed":false,"footnotes":""},"class_list":["post-29660","page","type-page","status-publish","hentry"],"acf":[],"yoast_head":"<!-- This site is optimized with the Yoast SEO plugin v25.7 - https:\/\/yoast.com\/wordpress\/plugins\/seo\/ -->\n<title>Cine Glauber Rocha - Sexta-feira - 15\/03 - XIX Panorama Internacional Coisa de Cinema<\/title>\n<meta name=\"robots\" content=\"index, follow, max-snippet:-1, max-image-preview:large, max-video-preview:-1\" \/>\n<link rel=\"canonical\" href=\"https:\/\/acervo.coisadecinema.com.br\/xix-panorama\/programacao\/cine-glauber-rocha-sexta-feira-15-03\/\" \/>\n<meta property=\"og:locale\" content=\"pt_BR\" \/>\n<meta property=\"og:type\" content=\"article\" \/>\n<meta property=\"og:title\" content=\"Cine Glauber Rocha - Sexta-feira - 15\/03 - XIX Panorama Internacional Coisa de Cinema\" \/>\n<meta property=\"og:url\" content=\"https:\/\/acervo.coisadecinema.com.br\/xix-panorama\/programacao\/cine-glauber-rocha-sexta-feira-15-03\/\" \/>\n<meta property=\"og:site_name\" content=\"XIX Panorama Internacional Coisa de Cinema\" \/>\n<meta property=\"article:modified_time\" content=\"2024-03-14T12:39:19+00:00\" \/>\n<meta property=\"og:image\" content=\"https:\/\/acervo.coisadecinema.com.br\/xix-panorama\/wp-content\/uploads\/2024\/02\/site-2100x900-1.webp\" \/>\n\t<meta property=\"og:image:width\" content=\"2100\" \/>\n\t<meta property=\"og:image:height\" content=\"900\" \/>\n\t<meta property=\"og:image:type\" content=\"image\/webp\" \/>\n<meta name=\"twitter:card\" content=\"summary_large_image\" \/>\n<meta name=\"twitter:label1\" content=\"Est. tempo de leitura\" \/>\n\t<meta name=\"twitter:data1\" content=\"5 minutos\" \/>\n<script type=\"application\/ld+json\" class=\"yoast-schema-graph\">{\"@context\":\"https:\/\/schema.org\",\"@graph\":[{\"@type\":\"WebPage\",\"@id\":\"https:\/\/acervo.coisadecinema.com.br\/xix-panorama\/programacao\/cine-glauber-rocha-sexta-feira-15-03\/\",\"url\":\"https:\/\/acervo.coisadecinema.com.br\/xix-panorama\/programacao\/cine-glauber-rocha-sexta-feira-15-03\/\",\"name\":\"Cine Glauber Rocha - Sexta-feira - 15\/03 - XIX Panorama Internacional Coisa de Cinema\",\"isPartOf\":{\"@id\":\"https:\/\/acervo.coisadecinema.com.br\/xix-panorama\/#website\"},\"datePublished\":\"2024-02-20T19:47:36+00:00\",\"dateModified\":\"2024-03-14T12:39:19+00:00\",\"breadcrumb\":{\"@id\":\"https:\/\/acervo.coisadecinema.com.br\/xix-panorama\/programacao\/cine-glauber-rocha-sexta-feira-15-03\/#breadcrumb\"},\"inLanguage\":\"pt-BR\",\"potentialAction\":[{\"@type\":\"ReadAction\",\"target\":[\"https:\/\/acervo.coisadecinema.com.br\/xix-panorama\/programacao\/cine-glauber-rocha-sexta-feira-15-03\/\"]}]},{\"@type\":\"BreadcrumbList\",\"@id\":\"https:\/\/acervo.coisadecinema.com.br\/xix-panorama\/programacao\/cine-glauber-rocha-sexta-feira-15-03\/#breadcrumb\",\"itemListElement\":[{\"@type\":\"ListItem\",\"position\":1,\"name\":\"In\u00edcio\",\"item\":\"https:\/\/acervo.coisadecinema.com.br\/xix-panorama\/\"},{\"@type\":\"ListItem\",\"position\":2,\"name\":\"Programa\u00e7\u00e3o\",\"item\":\"https:\/\/acervo.coisadecinema.com.br\/xix-panorama\/programacao\/\"},{\"@type\":\"ListItem\",\"position\":3,\"name\":\"Cine Glauber Rocha &#8211; Sexta-feira &#8211; 15\/03\"}]},{\"@type\":\"WebSite\",\"@id\":\"https:\/\/acervo.coisadecinema.com.br\/xix-panorama\/#website\",\"url\":\"https:\/\/acervo.coisadecinema.com.br\/xix-panorama\/\",\"name\":\"XIX Panorama Internacional Coisa de Cinema\",\"description\":\"\",\"publisher\":{\"@id\":\"https:\/\/acervo.coisadecinema.com.br\/xix-panorama\/#organization\"},\"alternateName\":\"XIX Panorama Internacional Coisa de Cinema\",\"potentialAction\":[{\"@type\":\"SearchAction\",\"target\":{\"@type\":\"EntryPoint\",\"urlTemplate\":\"https:\/\/acervo.coisadecinema.com.br\/xix-panorama\/?s={search_term_string}\"},\"query-input\":{\"@type\":\"PropertyValueSpecification\",\"valueRequired\":true,\"valueName\":\"search_term_string\"}}],\"inLanguage\":\"pt-BR\"},{\"@type\":\"Organization\",\"@id\":\"https:\/\/acervo.coisadecinema.com.br\/xix-panorama\/#organization\",\"name\":\"XIX Panorama Internacional Coisa de Cinema\",\"url\":\"https:\/\/acervo.coisadecinema.com.br\/xix-panorama\/\",\"logo\":{\"@type\":\"ImageObject\",\"inLanguage\":\"pt-BR\",\"@id\":\"https:\/\/acervo.coisadecinema.com.br\/xix-panorama\/#\/schema\/logo\/image\/\",\"url\":\"https:\/\/panorama.coisadecinema.com.br\/wp-content\/uploads\/2022\/08\/logo-panoramaxix-2024-pos-LO.webp\",\"contentUrl\":\"https:\/\/panorama.coisadecinema.com.br\/wp-content\/uploads\/2022\/08\/logo-panoramaxix-2024-pos-LO.webp\",\"width\":600,\"height\":161,\"caption\":\"XIX Panorama Internacional Coisa de Cinema\"},\"image\":{\"@id\":\"https:\/\/acervo.coisadecinema.com.br\/xix-panorama\/#\/schema\/logo\/image\/\"}}]}<\/script>\n<!-- \/ Yoast SEO plugin. -->","yoast_head_json":{"title":"Cine Glauber Rocha - Sexta-feira - 15\/03 - XIX Panorama Internacional Coisa de Cinema","robots":{"index":"index","follow":"follow","max-snippet":"max-snippet:-1","max-image-preview":"max-image-preview:large","max-video-preview":"max-video-preview:-1"},"canonical":"https:\/\/acervo.coisadecinema.com.br\/xix-panorama\/programacao\/cine-glauber-rocha-sexta-feira-15-03\/","og_locale":"pt_BR","og_type":"article","og_title":"Cine Glauber Rocha - Sexta-feira - 15\/03 - XIX Panorama Internacional Coisa de Cinema","og_url":"https:\/\/acervo.coisadecinema.com.br\/xix-panorama\/programacao\/cine-glauber-rocha-sexta-feira-15-03\/","og_site_name":"XIX Panorama Internacional Coisa de Cinema","article_modified_time":"2024-03-14T12:39:19+00:00","og_image":[{"width":2100,"height":900,"url":"https:\/\/acervo.coisadecinema.com.br\/xix-panorama\/wp-content\/uploads\/2024\/02\/site-2100x900-1.webp","type":"image\/webp"}],"twitter_card":"summary_large_image","twitter_misc":{"Est. tempo de leitura":"5 minutos"},"schema":{"@context":"https:\/\/schema.org","@graph":[{"@type":"WebPage","@id":"https:\/\/acervo.coisadecinema.com.br\/xix-panorama\/programacao\/cine-glauber-rocha-sexta-feira-15-03\/","url":"https:\/\/acervo.coisadecinema.com.br\/xix-panorama\/programacao\/cine-glauber-rocha-sexta-feira-15-03\/","name":"Cine Glauber Rocha - Sexta-feira - 15\/03 - XIX Panorama Internacional Coisa de Cinema","isPartOf":{"@id":"https:\/\/acervo.coisadecinema.com.br\/xix-panorama\/#website"},"datePublished":"2024-02-20T19:47:36+00:00","dateModified":"2024-03-14T12:39:19+00:00","breadcrumb":{"@id":"https:\/\/acervo.coisadecinema.com.br\/xix-panorama\/programacao\/cine-glauber-rocha-sexta-feira-15-03\/#breadcrumb"},"inLanguage":"pt-BR","potentialAction":[{"@type":"ReadAction","target":["https:\/\/acervo.coisadecinema.com.br\/xix-panorama\/programacao\/cine-glauber-rocha-sexta-feira-15-03\/"]}]},{"@type":"BreadcrumbList","@id":"https:\/\/acervo.coisadecinema.com.br\/xix-panorama\/programacao\/cine-glauber-rocha-sexta-feira-15-03\/#breadcrumb","itemListElement":[{"@type":"ListItem","position":1,"name":"In\u00edcio","item":"https:\/\/acervo.coisadecinema.com.br\/xix-panorama\/"},{"@type":"ListItem","position":2,"name":"Programa\u00e7\u00e3o","item":"https:\/\/acervo.coisadecinema.com.br\/xix-panorama\/programacao\/"},{"@type":"ListItem","position":3,"name":"Cine Glauber Rocha &#8211; Sexta-feira &#8211; 15\/03"}]},{"@type":"WebSite","@id":"https:\/\/acervo.coisadecinema.com.br\/xix-panorama\/#website","url":"https:\/\/acervo.coisadecinema.com.br\/xix-panorama\/","name":"XIX Panorama Internacional Coisa de Cinema","description":"","publisher":{"@id":"https:\/\/acervo.coisadecinema.com.br\/xix-panorama\/#organization"},"alternateName":"XIX Panorama Internacional Coisa de Cinema","potentialAction":[{"@type":"SearchAction","target":{"@type":"EntryPoint","urlTemplate":"https:\/\/acervo.coisadecinema.com.br\/xix-panorama\/?s={search_term_string}"},"query-input":{"@type":"PropertyValueSpecification","valueRequired":true,"valueName":"search_term_string"}}],"inLanguage":"pt-BR"},{"@type":"Organization","@id":"https:\/\/acervo.coisadecinema.com.br\/xix-panorama\/#organization","name":"XIX Panorama Internacional Coisa de Cinema","url":"https:\/\/acervo.coisadecinema.com.br\/xix-panorama\/","logo":{"@type":"ImageObject","inLanguage":"pt-BR","@id":"https:\/\/acervo.coisadecinema.com.br\/xix-panorama\/#\/schema\/logo\/image\/","url":"https:\/\/panorama.coisadecinema.com.br\/wp-content\/uploads\/2022\/08\/logo-panoramaxix-2024-pos-LO.webp","contentUrl":"https:\/\/panorama.coisadecinema.com.br\/wp-content\/uploads\/2022\/08\/logo-panoramaxix-2024-pos-LO.webp","width":600,"height":161,"caption":"XIX Panorama Internacional Coisa de Cinema"},"image":{"@id":"https:\/\/acervo.coisadecinema.com.br\/xix-panorama\/#\/schema\/logo\/image\/"}}]}},"_links":{"self":[{"href":"https:\/\/acervo.coisadecinema.com.br\/xix-panorama\/wp-json\/wp\/v2\/pages\/29660","targetHints":{"allow":["GET"]}}],"collection":[{"href":"https:\/\/acervo.coisadecinema.com.br\/xix-panorama\/wp-json\/wp\/v2\/pages"}],"about":[{"href":"https:\/\/acervo.coisadecinema.com.br\/xix-panorama\/wp-json\/wp\/v2\/types\/page"}],"author":[{"embeddable":true,"href":"https:\/\/acervo.coisadecinema.com.br\/xix-panorama\/wp-json\/wp\/v2\/users\/607"}],"replies":[{"embeddable":true,"href":"https:\/\/acervo.coisadecinema.com.br\/xix-panorama\/wp-json\/wp\/v2\/comments?post=29660"}],"version-history":[{"count":19,"href":"https:\/\/acervo.coisadecinema.com.br\/xix-panorama\/wp-json\/wp\/v2\/pages\/29660\/revisions"}],"predecessor-version":[{"id":31144,"href":"https:\/\/acervo.coisadecinema.com.br\/xix-panorama\/wp-json\/wp\/v2\/pages\/29660\/revisions\/31144"}],"up":[{"embeddable":true,"href":"https:\/\/acervo.coisadecinema.com.br\/xix-panorama\/wp-json\/wp\/v2\/pages\/182"}],"wp:attachment":[{"href":"https:\/\/acervo.coisadecinema.com.br\/xix-panorama\/wp-json\/wp\/v2\/media?parent=29660"}],"curies":[{"name":"wp","href":"https:\/\/api.w.org\/{rel}","templated":true}]}}