{"id":28631,"date":"2024-02-15T15:55:38","date_gmt":"2024-02-15T18:55:38","guid":{"rendered":"https:\/\/panorama.coisadecinema.com.br\/?page_id=28631"},"modified":"2024-03-14T12:28:01","modified_gmt":"2024-03-14T15:28:01","slug":"laboratorio-de-montagem","status":"publish","type":"page","link":"https:\/\/acervo.coisadecinema.com.br\/xix-panorama\/atividades\/laboratorio-de-montagem\/","title":{"rendered":"Laborat\u00f3rio de Montagem"},"content":{"rendered":"<div class=\"fusion-fullwidth fullwidth-box fusion-builder-row-1 fusion-flex-container fusion-parallax-none hundred-percent-fullwidth non-hundred-percent-height-scrolling lazyload\" style=\"--awb-background-position:center top;--awb-border-radius-top-left:0px;--awb-border-radius-top-right:0px;--awb-border-radius-bottom-right:0px;--awb-border-radius-bottom-left:0px;--awb-padding-top:150px;--awb-padding-right:6%;--awb-padding-bottom:300px;--awb-padding-left:6%;--awb-padding-top-small:120px;--awb-padding-right-small:6%;--awb-padding-left-small:6%;--awb-margin-top-small:0px;--awb-background-image:linear-gradient(180deg, rgba(255,255,255,0) 0%,var(--awb-color5) 16%);;--awb-background-size:cover;--awb-flex-wrap:wrap;\" data-bg=\"https:\/\/panorama.coisadecinema.com.br\/wp-content\/uploads\/2024\/02\/bg-textura-pagina.jpg\" data-bg-gradient=\"linear-gradient(180deg, rgba(255,255,255,0) 0%,var(--awb-color5) 16%)\" ><div class=\"fusion-builder-row fusion-row fusion-flex-align-items-flex-start fusion-flex-content-wrap\" style=\"width:104% !important;max-width:104% !important;margin-left: calc(-4% \/ 2 );margin-right: calc(-4% \/ 2 );\"><div class=\"fusion-layout-column fusion_builder_column fusion-builder-column-0 fusion_builder_column_1_1 1_1 fusion-flex-column\" style=\"--awb-padding-bottom:30px;--awb-bg-blend:overlay;--awb-bg-size:cover;--awb-width-large:100%;--awb-margin-top-large:0px;--awb-spacing-right-large:1.92%;--awb-margin-bottom-large:0px;--awb-spacing-left-large:1.92%;--awb-width-medium:100%;--awb-spacing-right-medium:1.92%;--awb-spacing-left-medium:1.92%;--awb-width-small:100%;--awb-spacing-right-small:1.92%;--awb-spacing-left-small:1.92%;\"><div class=\"fusion-column-wrapper fusion-flex-justify-content-flex-start fusion-content-layout-column\"><div class=\"fusion-title title fusion-title-1 fusion-sep-none fusion-title-text fusion-title-size-one\" style=\"--awb-margin-bottom:30px;--awb-margin-bottom-small:30px;\"><h1 class=\"fusion-title-heading title-heading-left sm-text-align-center\" style=\"margin:0;\">Panlab de Montagem<\/h1><\/div><div class=\"fusion-title title fusion-title-2 fusion-sep-none fusion-title-text fusion-title-size-two\" style=\"--awb-margin-top:60px;--awb-margin-bottom:10px;--awb-font-size:28px;\"><h2 class=\"fusion-title-heading title-heading-left sm-text-align-center\" style=\"margin:0;font-size:1em;\">Conhe\u00e7a a consultora desta edi\u00e7\u00e3o:<\/h2><\/div><\/div><\/div><div class=\"fusion-layout-column fusion_builder_column fusion-builder-column-1 fusion_builder_column_1_1 1_1 fusion-flex-column\" style=\"--awb-padding-bottom:100px;--awb-bg-size:cover;--awb-width-large:100%;--awb-margin-top-large:0px;--awb-spacing-right-large:1.92%;--awb-margin-bottom-large:0px;--awb-spacing-left-large:1.92%;--awb-width-medium:25%;--awb-order-medium:0;--awb-spacing-right-medium:7.68%;--awb-spacing-left-medium:7.68%;--awb-width-small:100%;--awb-order-small:0;--awb-spacing-right-small:1.92%;--awb-spacing-left-small:1.92%;\"><div class=\"fusion-column-wrapper fusion-column-has-shadow fusion-flex-justify-content-flex-start fusion-content-layout-column\"><div class=\"fusion-builder-row fusion-builder-row-inner fusion-row fusion-flex-align-items-flex-start fusion-flex-content-wrap\" style=\"width:104% !important;max-width:104% !important;margin-left: calc(-4% \/ 2 );margin-right: calc(-4% \/ 2 );\"><div class=\"fusion-layout-column fusion_builder_column_inner fusion-builder-nested-column-0 fusion_builder_column_inner_1_3 1_3 fusion-flex-column fusion-flex-align-self-flex-start\" style=\"--awb-padding-bottom-small:30px;--awb-bg-size:cover;--awb-width-large:33.333333333333%;--awb-margin-top-large:0px;--awb-spacing-right-large:5.76%;--awb-margin-bottom-large:0px;--awb-spacing-left-large:5.76%;--awb-width-medium:33.333333333333%;--awb-order-medium:0;--awb-spacing-right-medium:5.76%;--awb-spacing-left-medium:5.76%;--awb-width-small:100%;--awb-order-small:0;--awb-spacing-right-small:1.92%;--awb-spacing-left-small:1.92%;\"><div class=\"fusion-column-wrapper fusion-column-has-shadow fusion-flex-justify-content-flex-start fusion-content-layout-column\"><div class=\"fusion-image-element \" style=\"text-align:center;--awb-aspect-ratio:1 \/ 1;--awb-object-position:49% 39%;--awb-margin-bottom:10px;--awb-max-width:80%;--awb-caption-title-font-family:var(--h2_typography-font-family);--awb-caption-title-font-weight:var(--h2_typography-font-weight);--awb-caption-title-font-style:var(--h2_typography-font-style);--awb-caption-title-size:var(--h2_typography-font-size);--awb-caption-title-transform:var(--h2_typography-text-transform);--awb-caption-title-line-height:var(--h2_typography-line-height);--awb-caption-title-letter-spacing:var(--h2_typography-letter-spacing);\"><div style=\"display:inline-block;width:80%;\"><span class=\" fusion-imageframe imageframe-none imageframe-1 hover-type-none has-aspect-ratio\" style=\"border-radius:50%;\"><img decoding=\"async\" width=\"200\" height=\"300\" title=\"Cristina Amaral\" src=\"https:\/\/acervo.coisadecinema.com.br\/xix-panorama\/wp-content\/uploads\/2024\/02\/Cristina-Amaral.webp\" data-orig-src=\"https:\/\/panorama.coisadecinema.com.br\/wp-content\/uploads\/2024\/02\/Cristina-Amaral-200x300.webp\" class=\"lazyload img-responsive wp-image-29807 img-with-aspect-ratio\" alt srcset=\"data:image\/svg+xml,%3Csvg%20xmlns%3D%27http%3A%2F%2Fwww.w3.org%2F2000%2Fsvg%27%20width%3D%27799%27%20height%3D%271200%27%20viewBox%3D%270%200%20799%201200%27%3E%3Crect%20width%3D%27799%27%20height%3D%271200%27%20fill-opacity%3D%220%22%2F%3E%3C%2Fsvg%3E\" data-srcset=\"https:\/\/acervo.coisadecinema.com.br\/xix-panorama\/wp-content\/uploads\/2024\/02\/Cristina-Amaral-200x300.webp 200w, https:\/\/acervo.coisadecinema.com.br\/xix-panorama\/wp-content\/uploads\/2024\/02\/Cristina-Amaral-400x601.webp 400w, https:\/\/acervo.coisadecinema.com.br\/xix-panorama\/wp-content\/uploads\/2024\/02\/Cristina-Amaral-600x901.webp 600w, https:\/\/acervo.coisadecinema.com.br\/xix-panorama\/wp-content\/uploads\/2024\/02\/Cristina-Amaral-768x1153.webp 768w, https:\/\/acervo.coisadecinema.com.br\/xix-panorama\/wp-content\/uploads\/2024\/02\/Cristina-Amaral.webp 799w\" data-sizes=\"auto\" data-orig-sizes=\"(max-width: 640px) 100vw, 400px\" \/><\/span><\/div><\/div><div class=\"fusion-title title fusion-title-3 fusion-sep-none fusion-title-center fusion-title-text fusion-title-size-three\" style=\"--awb-text-color:var(--awb-color6);--awb-margin-bottom:0px;--awb-margin-bottom-small:0px;\"><h3 class=\"fusion-title-heading title-heading-center\" style=\"font-family:&quot;Open Sans&quot;;font-style:normal;font-weight:700;margin:0;text-transform:none;\">Cristina Amaral<\/h3><\/div><\/div><\/div><div class=\"fusion-layout-column fusion_builder_column_inner fusion-builder-nested-column-1 fusion_builder_column_inner_2_3 2_3 fusion-flex-column\" style=\"--awb-bg-size:cover;--awb-width-large:66.666666666667%;--awb-margin-top-large:0px;--awb-spacing-right-large:8.64%;--awb-margin-bottom-large:0px;--awb-spacing-left-large:8.64%;--awb-width-medium:66.666666666667%;--awb-order-medium:0;--awb-spacing-right-medium:8.64%;--awb-spacing-left-medium:8.64%;--awb-width-small:100%;--awb-order-small:0;--awb-spacing-right-small:1.92%;--awb-spacing-left-small:1.92%;\"><div class=\"fusion-column-wrapper fusion-column-has-shadow fusion-flex-justify-content-flex-start fusion-content-layout-column\"><div class=\"fusion-text fusion-text-1 sm-text-align-center\"><p>Cristina Amaral nasceu em S\u00e3o Paulo e formou-se em Cinema na Escola de Comunica\u00e7\u00f5es e Artes da USP (ECA-USP). \u00c9 montadora de filmes com mais de 60 montagens cinematogr\u00e1ficas em seu curr\u00edculo. Trabalhou com importantes cineastas como Carlos Reichenbach, Guilherme de Almeida Prado, Edgard Navarro e Andrea Tonacci. Entre os filmes que montou destacam-se \u201cAlma Cors\u00e1ria\u201d, \u201cDois C\u00f3rregos\u201d, \u201cGarotas do ABC\u201d, e \u201cFalsa Loura\u201d de Carlos Reichenbach, \u201cO Homem que n\u00e3o dormia\u201d de Edgar Navarro, \u201cA Hora M\u00e1gica\u201d de Guilherme de Almeida Prado e \u201cSerras da Desordem\u201d e \u201cJ\u00e1 Visto, Jamais Visto\u201d de Andrea Tonacci. Nos \u00faltimos, tem trabalhado com uma nova gera\u00e7\u00e3o de diretores brasileiros como Adirley Queir\u00f3s, Joana Pimenta, Thiago B. Mendon\u00e7a , Eryk Rocha e Jo Serfaty.<\/p>\n<\/div><\/div><\/div><\/div><\/div><\/div><div class=\"fusion-layout-column fusion_builder_column fusion-builder-column-2 fusion_builder_column_1_1 1_1 fusion-flex-column\" style=\"--awb-bg-size:cover;--awb-width-large:100%;--awb-margin-top-large:0px;--awb-spacing-right-large:1.92%;--awb-margin-bottom-large:0px;--awb-spacing-left-large:1.92%;--awb-width-medium:100%;--awb-order-medium:0;--awb-spacing-right-medium:1.92%;--awb-spacing-left-medium:1.92%;--awb-width-small:100%;--awb-order-small:0;--awb-spacing-right-small:1.92%;--awb-spacing-left-small:1.92%;\"><div class=\"fusion-column-wrapper fusion-column-has-shadow fusion-flex-justify-content-flex-start fusion-content-layout-column\"><div class=\"fusion-title title fusion-title-4 fusion-sep-none fusion-title-text fusion-title-size-two\" style=\"--awb-margin-bottom:30px;--awb-margin-bottom-small:30px;\"><h2 class=\"fusion-title-heading title-heading-left sm-text-align-center\" style=\"margin:0;\">Confira a lista de projetos selecionados para este edi\u00e7\u00e3o:<\/h2><\/div><\/div><\/div><div class=\"fusion-layout-column fusion_builder_column fusion-builder-column-3 fusion_builder_column_1_2 1_2 fusion-flex-column\" style=\"--awb-bg-size:cover;--awb-width-large:50%;--awb-margin-top-large:0px;--awb-spacing-right-large:3.84%;--awb-margin-bottom-large:0px;--awb-spacing-left-large:3.84%;--awb-width-medium:50%;--awb-order-medium:0;--awb-spacing-right-medium:3.84%;--awb-spacing-left-medium:3.84%;--awb-width-small:100%;--awb-order-small:0;--awb-spacing-right-small:1.92%;--awb-spacing-left-small:1.92%;\"><div class=\"fusion-column-wrapper fusion-column-has-shadow fusion-flex-justify-content-flex-start fusion-content-layout-column\"><div class=\"fusion-title title fusion-title-5 fusion-sep-none fusion-title-text fusion-title-size-three\" style=\"--awb-margin-bottom:10px;\"><h3 class=\"fusion-title-heading title-heading-left\" style=\"margin:0;\">Longas<\/h3><\/div><div class=\"fusion-text fusion-text-2\"><ol>\n<li>Cais &#8211; dire\u00e7\u00e3o de Safira Moreira e montagem de Tenille Bezerra (BA)<\/li>\n<li>Mulheres do Bando &#8211; dire\u00e7\u00e3o de Thamires Vieira e montagem de Fabio Rodrigues Filho (BA)<\/li>\n<\/ol>\n<\/div><\/div><\/div><div class=\"fusion-layout-column fusion_builder_column fusion-builder-column-4 fusion_builder_column_1_2 1_2 fusion-flex-column\" style=\"--awb-bg-size:cover;--awb-width-large:50%;--awb-margin-top-large:0px;--awb-spacing-right-large:3.84%;--awb-margin-bottom-large:0px;--awb-spacing-left-large:3.84%;--awb-width-medium:50%;--awb-order-medium:0;--awb-spacing-right-medium:3.84%;--awb-spacing-left-medium:3.84%;--awb-width-small:100%;--awb-order-small:0;--awb-spacing-right-small:1.92%;--awb-spacing-left-small:1.92%;\"><div class=\"fusion-column-wrapper fusion-column-has-shadow fusion-flex-justify-content-flex-start fusion-content-layout-column\"><div class=\"fusion-title title fusion-title-6 fusion-sep-none fusion-title-text fusion-title-size-three\" style=\"--awb-margin-bottom:10px;\"><h3 class=\"fusion-title-heading title-heading-left\" style=\"margin:0;\">Curtas<\/h3><\/div><div class=\"fusion-text fusion-text-3\"><ol>\n<li>Boi Romeiro &#8211; dire\u00e7\u00e3o de Milena Rocha e montagem de Weslley Oliveira (PI)<\/li>\n<li>Vov\u00f3 foi para o c\u00e9u &#8211; dire\u00e7\u00e3o de Hilda Lopes Pontes e Klaus Hastenreiter montagem de Calebe Lopes (BA)<\/li>\n<li>Anast\u00e1cia &#8211; dire\u00e7\u00e3o de Lilih Curi e montagem de Juca Badar\u00f3 (BA)<\/li>\n<li>Noite dos tristes &#8211; dire\u00e7\u00e3o de Gabriel Motta e montagem de Leandro Engelke (RS)<\/li>\n<\/ol>\n<\/div><\/div><\/div><div class=\"fusion-layout-column fusion_builder_column fusion-builder-column-5 fusion_builder_column_1_4 1_4 fusion-flex-column\" style=\"--awb-padding-top:59px;--awb-bg-size:cover;--awb-width-large:25%;--awb-margin-top-large:0px;--awb-spacing-right-large:7.68%;--awb-margin-bottom-large:0px;--awb-spacing-left-large:7.68%;--awb-width-medium:25%;--awb-order-medium:0;--awb-spacing-right-medium:7.68%;--awb-spacing-left-medium:7.68%;--awb-width-small:100%;--awb-order-small:0;--awb-spacing-right-small:1.92%;--awb-spacing-left-small:1.92%;\"><div class=\"fusion-column-wrapper fusion-column-has-shadow fusion-flex-justify-content-center fusion-content-layout-column\"><div class=\"fusion-image-element \" style=\"text-align:center;--awb-aspect-ratio:2 \/ 3;--awb-object-position:26% 0%;--awb-caption-title-font-family:var(--h2_typography-font-family);--awb-caption-title-font-weight:var(--h2_typography-font-weight);--awb-caption-title-font-style:var(--h2_typography-font-style);--awb-caption-title-size:var(--h2_typography-font-size);--awb-caption-title-transform:var(--h2_typography-text-transform);--awb-caption-title-line-height:var(--h2_typography-line-height);--awb-caption-title-letter-spacing:var(--h2_typography-letter-spacing);\"><span class=\" fusion-imageframe imageframe-none imageframe-2 hover-type-none has-aspect-ratio\"><img decoding=\"async\" width=\"707\" height=\"1000\" title=\"capa-2024-doc-montagem\" src=\"https:\/\/acervo.coisadecinema.com.br\/xix-panorama\/wp-content\/uploads\/2024\/03\/capa-2024-doc-montagem.webp\" data-orig-src=\"https:\/\/panorama.coisadecinema.com.br\/wp-content\/uploads\/2024\/03\/capa-2024-doc-montagem.webp\" class=\"lazyload img-responsive wp-image-30892 img-with-aspect-ratio\" alt srcset=\"data:image\/svg+xml,%3Csvg%20xmlns%3D%27http%3A%2F%2Fwww.w3.org%2F2000%2Fsvg%27%20width%3D%27707%27%20height%3D%271000%27%20viewBox%3D%270%200%20707%201000%27%3E%3Crect%20width%3D%27707%27%20height%3D%271000%27%20fill-opacity%3D%220%22%2F%3E%3C%2Fsvg%3E\" data-srcset=\"https:\/\/acervo.coisadecinema.com.br\/xix-panorama\/wp-content\/uploads\/2024\/03\/capa-2024-doc-montagem-200x283.webp 200w, https:\/\/acervo.coisadecinema.com.br\/xix-panorama\/wp-content\/uploads\/2024\/03\/capa-2024-doc-montagem-212x300.webp 212w, https:\/\/acervo.coisadecinema.com.br\/xix-panorama\/wp-content\/uploads\/2024\/03\/capa-2024-doc-montagem-400x566.webp 400w, https:\/\/acervo.coisadecinema.com.br\/xix-panorama\/wp-content\/uploads\/2024\/03\/capa-2024-doc-montagem-600x849.webp 600w, https:\/\/acervo.coisadecinema.com.br\/xix-panorama\/wp-content\/uploads\/2024\/03\/capa-2024-doc-montagem.webp 707w\" data-sizes=\"auto\" data-orig-sizes=\"(max-width: 640px) 100vw, 400px\" \/><\/span><\/div><div class=\"fusion-title title fusion-title-7 fusion-sep-none fusion-title-center fusion-title-text fusion-title-size-two\" style=\"--awb-margin-bottom-small:30px;--awb-font-size:30px;\"><h2 class=\"fusion-title-heading title-heading-center\" style=\"margin:0;font-size:1em;\">Cat\u00e1logo Panlab de Montagem<\/h2><\/div><div style=\"text-align:center;\"><a class=\"fusion-button button-flat fusion-button-default-size button-default fusion-button-default button-1 fusion-button-default-span fusion-button-default-type\" style=\"--button-border-radius-top-left:0;--button-border-radius-top-right:0;--button-border-radius-bottom-right:0;--button-border-radius-bottom-left:0;\" target=\"_self\" href=\"https:\/\/panorama.coisadecinema.com.br\/wp-content\/uploads\/2024\/03\/2024-doc-montagem.pdf\"><span class=\"fusion-button-text\">baixar<\/span><\/a><\/div><div class=\"fusion-title title fusion-title-8 fusion-sep-none fusion-title-center fusion-title-text fusion-title-size-three\"><h3 class=\"fusion-title-heading title-heading-center\" style=\"margin:0;\"><\/h3><\/div><\/div><\/div><\/div><\/div>\n","protected":false},"excerpt":{"rendered":"","protected":false},"author":607,"featured_media":0,"parent":24729,"menu_order":3,"comment_status":"closed","ping_status":"closed","template":"100-width.php","meta":{"_acf_changed":false,"footnotes":""},"class_list":["post-28631","page","type-page","status-publish","hentry"],"acf":[],"yoast_head":"<!-- This site is optimized with the Yoast SEO plugin v25.7 - https:\/\/yoast.com\/wordpress\/plugins\/seo\/ -->\n<title>Laborat\u00f3rio de Montagem - XIX Panorama Internacional Coisa de Cinema<\/title>\n<meta name=\"robots\" content=\"index, follow, max-snippet:-1, max-image-preview:large, max-video-preview:-1\" \/>\n<link rel=\"canonical\" href=\"https:\/\/acervo.coisadecinema.com.br\/xix-panorama\/atividades\/laboratorio-de-montagem\/\" \/>\n<meta property=\"og:locale\" content=\"pt_BR\" \/>\n<meta property=\"og:type\" content=\"article\" \/>\n<meta property=\"og:title\" content=\"Laborat\u00f3rio de Montagem - XIX Panorama Internacional Coisa de Cinema\" \/>\n<meta property=\"og:url\" content=\"https:\/\/acervo.coisadecinema.com.br\/xix-panorama\/atividades\/laboratorio-de-montagem\/\" \/>\n<meta property=\"og:site_name\" content=\"XIX Panorama Internacional Coisa de Cinema\" \/>\n<meta property=\"article:modified_time\" content=\"2024-03-14T15:28:01+00:00\" \/>\n<meta property=\"og:image\" content=\"https:\/\/acervo.coisadecinema.com.br\/xix-panorama\/wp-content\/uploads\/2024\/02\/site-2100x900-1.webp\" \/>\n\t<meta property=\"og:image:width\" content=\"2100\" \/>\n\t<meta property=\"og:image:height\" content=\"900\" \/>\n\t<meta property=\"og:image:type\" content=\"image\/webp\" \/>\n<meta name=\"twitter:card\" content=\"summary_large_image\" \/>\n<meta name=\"twitter:label1\" content=\"Est. tempo de leitura\" \/>\n\t<meta name=\"twitter:data1\" content=\"2 minutos\" \/>\n<script type=\"application\/ld+json\" class=\"yoast-schema-graph\">{\"@context\":\"https:\/\/schema.org\",\"@graph\":[{\"@type\":\"WebPage\",\"@id\":\"https:\/\/acervo.coisadecinema.com.br\/xix-panorama\/atividades\/laboratorio-de-montagem\/\",\"url\":\"https:\/\/acervo.coisadecinema.com.br\/xix-panorama\/atividades\/laboratorio-de-montagem\/\",\"name\":\"Laborat\u00f3rio de Montagem - XIX Panorama Internacional Coisa de Cinema\",\"isPartOf\":{\"@id\":\"https:\/\/acervo.coisadecinema.com.br\/xix-panorama\/#website\"},\"datePublished\":\"2024-02-15T18:55:38+00:00\",\"dateModified\":\"2024-03-14T15:28:01+00:00\",\"breadcrumb\":{\"@id\":\"https:\/\/acervo.coisadecinema.com.br\/xix-panorama\/atividades\/laboratorio-de-montagem\/#breadcrumb\"},\"inLanguage\":\"pt-BR\",\"potentialAction\":[{\"@type\":\"ReadAction\",\"target\":[\"https:\/\/acervo.coisadecinema.com.br\/xix-panorama\/atividades\/laboratorio-de-montagem\/\"]}]},{\"@type\":\"BreadcrumbList\",\"@id\":\"https:\/\/acervo.coisadecinema.com.br\/xix-panorama\/atividades\/laboratorio-de-montagem\/#breadcrumb\",\"itemListElement\":[{\"@type\":\"ListItem\",\"position\":1,\"name\":\"In\u00edcio\",\"item\":\"https:\/\/acervo.coisadecinema.com.br\/xix-panorama\/\"},{\"@type\":\"ListItem\",\"position\":2,\"name\":\"Atividades\",\"item\":\"https:\/\/acervo.coisadecinema.com.br\/xix-panorama\/atividades\/\"},{\"@type\":\"ListItem\",\"position\":3,\"name\":\"Laborat\u00f3rio de Montagem\"}]},{\"@type\":\"WebSite\",\"@id\":\"https:\/\/acervo.coisadecinema.com.br\/xix-panorama\/#website\",\"url\":\"https:\/\/acervo.coisadecinema.com.br\/xix-panorama\/\",\"name\":\"XIX Panorama Internacional Coisa de Cinema\",\"description\":\"\",\"publisher\":{\"@id\":\"https:\/\/acervo.coisadecinema.com.br\/xix-panorama\/#organization\"},\"alternateName\":\"XIX Panorama Internacional Coisa de Cinema\",\"potentialAction\":[{\"@type\":\"SearchAction\",\"target\":{\"@type\":\"EntryPoint\",\"urlTemplate\":\"https:\/\/acervo.coisadecinema.com.br\/xix-panorama\/?s={search_term_string}\"},\"query-input\":{\"@type\":\"PropertyValueSpecification\",\"valueRequired\":true,\"valueName\":\"search_term_string\"}}],\"inLanguage\":\"pt-BR\"},{\"@type\":\"Organization\",\"@id\":\"https:\/\/acervo.coisadecinema.com.br\/xix-panorama\/#organization\",\"name\":\"XIX Panorama Internacional Coisa de Cinema\",\"url\":\"https:\/\/acervo.coisadecinema.com.br\/xix-panorama\/\",\"logo\":{\"@type\":\"ImageObject\",\"inLanguage\":\"pt-BR\",\"@id\":\"https:\/\/acervo.coisadecinema.com.br\/xix-panorama\/#\/schema\/logo\/image\/\",\"url\":\"https:\/\/panorama.coisadecinema.com.br\/wp-content\/uploads\/2022\/08\/logo-panoramaxix-2024-pos-LO.webp\",\"contentUrl\":\"https:\/\/panorama.coisadecinema.com.br\/wp-content\/uploads\/2022\/08\/logo-panoramaxix-2024-pos-LO.webp\",\"width\":600,\"height\":161,\"caption\":\"XIX Panorama Internacional Coisa de Cinema\"},\"image\":{\"@id\":\"https:\/\/acervo.coisadecinema.com.br\/xix-panorama\/#\/schema\/logo\/image\/\"}}]}<\/script>\n<!-- \/ Yoast SEO plugin. -->","yoast_head_json":{"title":"Laborat\u00f3rio de Montagem - XIX Panorama Internacional Coisa de Cinema","robots":{"index":"index","follow":"follow","max-snippet":"max-snippet:-1","max-image-preview":"max-image-preview:large","max-video-preview":"max-video-preview:-1"},"canonical":"https:\/\/acervo.coisadecinema.com.br\/xix-panorama\/atividades\/laboratorio-de-montagem\/","og_locale":"pt_BR","og_type":"article","og_title":"Laborat\u00f3rio de Montagem - XIX Panorama Internacional Coisa de Cinema","og_url":"https:\/\/acervo.coisadecinema.com.br\/xix-panorama\/atividades\/laboratorio-de-montagem\/","og_site_name":"XIX Panorama Internacional Coisa de Cinema","article_modified_time":"2024-03-14T15:28:01+00:00","og_image":[{"width":2100,"height":900,"url":"https:\/\/acervo.coisadecinema.com.br\/xix-panorama\/wp-content\/uploads\/2024\/02\/site-2100x900-1.webp","type":"image\/webp"}],"twitter_card":"summary_large_image","twitter_misc":{"Est. tempo de leitura":"2 minutos"},"schema":{"@context":"https:\/\/schema.org","@graph":[{"@type":"WebPage","@id":"https:\/\/acervo.coisadecinema.com.br\/xix-panorama\/atividades\/laboratorio-de-montagem\/","url":"https:\/\/acervo.coisadecinema.com.br\/xix-panorama\/atividades\/laboratorio-de-montagem\/","name":"Laborat\u00f3rio de Montagem - XIX Panorama Internacional Coisa de Cinema","isPartOf":{"@id":"https:\/\/acervo.coisadecinema.com.br\/xix-panorama\/#website"},"datePublished":"2024-02-15T18:55:38+00:00","dateModified":"2024-03-14T15:28:01+00:00","breadcrumb":{"@id":"https:\/\/acervo.coisadecinema.com.br\/xix-panorama\/atividades\/laboratorio-de-montagem\/#breadcrumb"},"inLanguage":"pt-BR","potentialAction":[{"@type":"ReadAction","target":["https:\/\/acervo.coisadecinema.com.br\/xix-panorama\/atividades\/laboratorio-de-montagem\/"]}]},{"@type":"BreadcrumbList","@id":"https:\/\/acervo.coisadecinema.com.br\/xix-panorama\/atividades\/laboratorio-de-montagem\/#breadcrumb","itemListElement":[{"@type":"ListItem","position":1,"name":"In\u00edcio","item":"https:\/\/acervo.coisadecinema.com.br\/xix-panorama\/"},{"@type":"ListItem","position":2,"name":"Atividades","item":"https:\/\/acervo.coisadecinema.com.br\/xix-panorama\/atividades\/"},{"@type":"ListItem","position":3,"name":"Laborat\u00f3rio de Montagem"}]},{"@type":"WebSite","@id":"https:\/\/acervo.coisadecinema.com.br\/xix-panorama\/#website","url":"https:\/\/acervo.coisadecinema.com.br\/xix-panorama\/","name":"XIX Panorama Internacional Coisa de Cinema","description":"","publisher":{"@id":"https:\/\/acervo.coisadecinema.com.br\/xix-panorama\/#organization"},"alternateName":"XIX Panorama Internacional Coisa de Cinema","potentialAction":[{"@type":"SearchAction","target":{"@type":"EntryPoint","urlTemplate":"https:\/\/acervo.coisadecinema.com.br\/xix-panorama\/?s={search_term_string}"},"query-input":{"@type":"PropertyValueSpecification","valueRequired":true,"valueName":"search_term_string"}}],"inLanguage":"pt-BR"},{"@type":"Organization","@id":"https:\/\/acervo.coisadecinema.com.br\/xix-panorama\/#organization","name":"XIX Panorama Internacional Coisa de Cinema","url":"https:\/\/acervo.coisadecinema.com.br\/xix-panorama\/","logo":{"@type":"ImageObject","inLanguage":"pt-BR","@id":"https:\/\/acervo.coisadecinema.com.br\/xix-panorama\/#\/schema\/logo\/image\/","url":"https:\/\/panorama.coisadecinema.com.br\/wp-content\/uploads\/2022\/08\/logo-panoramaxix-2024-pos-LO.webp","contentUrl":"https:\/\/panorama.coisadecinema.com.br\/wp-content\/uploads\/2022\/08\/logo-panoramaxix-2024-pos-LO.webp","width":600,"height":161,"caption":"XIX Panorama Internacional Coisa de Cinema"},"image":{"@id":"https:\/\/acervo.coisadecinema.com.br\/xix-panorama\/#\/schema\/logo\/image\/"}}]}},"_links":{"self":[{"href":"https:\/\/acervo.coisadecinema.com.br\/xix-panorama\/wp-json\/wp\/v2\/pages\/28631","targetHints":{"allow":["GET"]}}],"collection":[{"href":"https:\/\/acervo.coisadecinema.com.br\/xix-panorama\/wp-json\/wp\/v2\/pages"}],"about":[{"href":"https:\/\/acervo.coisadecinema.com.br\/xix-panorama\/wp-json\/wp\/v2\/types\/page"}],"author":[{"embeddable":true,"href":"https:\/\/acervo.coisadecinema.com.br\/xix-panorama\/wp-json\/wp\/v2\/users\/607"}],"replies":[{"embeddable":true,"href":"https:\/\/acervo.coisadecinema.com.br\/xix-panorama\/wp-json\/wp\/v2\/comments?post=28631"}],"version-history":[{"count":10,"href":"https:\/\/acervo.coisadecinema.com.br\/xix-panorama\/wp-json\/wp\/v2\/pages\/28631\/revisions"}],"predecessor-version":[{"id":31239,"href":"https:\/\/acervo.coisadecinema.com.br\/xix-panorama\/wp-json\/wp\/v2\/pages\/28631\/revisions\/31239"}],"up":[{"embeddable":true,"href":"https:\/\/acervo.coisadecinema.com.br\/xix-panorama\/wp-json\/wp\/v2\/pages\/24729"}],"wp:attachment":[{"href":"https:\/\/acervo.coisadecinema.com.br\/xix-panorama\/wp-json\/wp\/v2\/media?parent=28631"}],"curies":[{"name":"wp","href":"https:\/\/api.w.org\/{rel}","templated":true}]}}