{"id":105,"date":"2016-09-30T07:03:04","date_gmt":"2016-09-30T10:03:04","guid":{"rendered":"http:\/\/coisadecinema.com.br\/xiii-panorama\/?page_id=105"},"modified":"2017-10-31T12:08:35","modified_gmt":"2017-10-31T14:08:35","slug":"comissao-de-selecao","status":"publish","type":"page","link":"https:\/\/acervo.coisadecinema.com.br\/xiii-panorama\/apresentacao\/comissao-de-selecao\/","title":{"rendered":"Comiss\u00e3o de Sele\u00e7\u00e3o"},"content":{"rendered":"","protected":false},"excerpt":{"rendered":"","protected":false},"author":1,"featured_media":0,"parent":62,"menu_order":0,"comment_status":"closed","ping_status":"closed","template":"comissao.php","meta":{"footnotes":""},"_links":{"self":[{"href":"https:\/\/acervo.coisadecinema.com.br\/xiii-panorama\/wp-json\/wp\/v2\/pages\/105"}],"collection":[{"href":"https:\/\/acervo.coisadecinema.com.br\/xiii-panorama\/wp-json\/wp\/v2\/pages"}],"about":[{"href":"https:\/\/acervo.coisadecinema.com.br\/xiii-panorama\/wp-json\/wp\/v2\/types\/page"}],"author":[{"embeddable":true,"href":"https:\/\/acervo.coisadecinema.com.br\/xiii-panorama\/wp-json\/wp\/v2\/users\/1"}],"replies":[{"embeddable":true,"href":"https:\/\/acervo.coisadecinema.com.br\/xiii-panorama\/wp-json\/wp\/v2\/comments?post=105"}],"version-history":[{"count":7,"href":"https:\/\/acervo.coisadecinema.com.br\/xiii-panorama\/wp-json\/wp\/v2\/pages\/105\/revisions"}],"predecessor-version":[{"id":943,"href":"https:\/\/acervo.coisadecinema.com.br\/xiii-panorama\/wp-json\/wp\/v2\/pages\/105\/revisions\/943"}],"up":[{"embeddable":true,"href":"https:\/\/acervo.coisadecinema.com.br\/xiii-panorama\/wp-json\/wp\/v2\/pages\/62"}],"wp:attachment":[{"href":"https:\/\/acervo.coisadecinema.com.br\/xiii-panorama\/wp-json\/wp\/v2\/media?parent=105"}],"curies":[{"name":"wp","href":"https:\/\/api.w.org\/{rel}","templated":true}]}}