{"id":172,"date":"2014-10-19T23:01:47","date_gmt":"2014-10-19T23:01:47","guid":{"rendered":"http:\/\/coisadecinema.com.br\/x_panorama\/?page_id=172"},"modified":"2014-11-07T02:31:25","modified_gmt":"2014-11-07T02:31:25","slug":"fotos","status":"publish","type":"page","link":"https:\/\/acervo.coisadecinema.com.br\/x-panorama\/fotos\/","title":{"rendered":"Fotos"},"content":{"rendered":"<h3 style=\"text-align: left;\">ENCERRAMENTO (05\/11)<\/h3>\n<p style=\"text-align: left;\"><em>Cr\u00e9ditos: Milena Palladino<\/em><\/p>\n<p style=\"text-align: left;\"><img decoding=\"async\" class=\"ngg_displayed_gallery mceItem\" src=\"http:\/\/coisadecinema.com.br\/x_panorama\/nextgen-attach_to_post\/preview\/id--3766\" alt=\"\" \/><\/p>\n<hr \/>\n<h3 style=\"text-align: left;\">\u00a0<strong>TER\u00c7A-FEIRA (04\/11)<\/strong><\/h3>\n<p style=\"text-align: left;\"><em>Cr\u00e9ditos: Milena Palladino<\/em><\/p>\n<p style=\"text-align: left;\"><img decoding=\"async\" class=\"ngg_displayed_gallery mceItem\" src=\"http:\/\/coisadecinema.com.br\/x_panorama\/nextgen-attach_to_post\/preview\/id--2780\" alt=\"\" \/><\/p>\n<hr \/>\n<h3 style=\"text-align: left;\"><strong>\u00a0SEGUNDA (03\/11)<\/strong><\/h3>\n<p style=\"text-align: left;\"><em>Cr\u00e9ditos: Milena Palladino<\/em><\/p>\n<p style=\"text-align: left;\"><img decoding=\"async\" class=\"ngg_displayed_gallery mceItem\" src=\"http:\/\/coisadecinema.com.br\/x_panorama\/nextgen-attach_to_post\/preview\/id--2576\" alt=\"\" \/><\/p>\n<hr \/>\n<h3 style=\"text-align: left;\"><strong>\u00a0DOMINGO (02\/11)<\/strong><\/h3>\n<p style=\"text-align: left;\"><em>Cr\u00e9ditos: Milena Palladino<\/em><\/p>\n<p style=\"text-align: left;\"><img decoding=\"async\" class=\"ngg_displayed_gallery mceItem\" src=\"http:\/\/coisadecinema.com.br\/x_panorama\/nextgen-attach_to_post\/preview\/id--2257\" alt=\"\" \/><\/p>\n<hr \/>\n<h3 style=\"text-align: left;\">\u00a0<strong>S\u00c1BADO (01\/11)<\/strong><\/h3>\n<p style=\"text-align: left;\"><em>Cr\u00e9ditos: Milena Palladino<\/em><\/p>\n<p>\u00a0<img decoding=\"async\" class=\"ngg_displayed_gallery mceItem\" src=\"http:\/\/coisadecinema.com.br\/x_panorama\/nextgen-attach_to_post\/preview\/id--1904\" alt=\"\" \/><\/p>\n<hr \/>\n<h3 style=\"text-align: left;\">\u00a0<strong>SEXTA-FEIRA (31\/10)<\/strong><\/h3>\n<p style=\"text-align: left;\"><em>Cr\u00e9ditos: Milena Palladino<\/em><\/p>\n<h3 style=\"text-align: left;\"><img decoding=\"async\" class=\"ngg_displayed_gallery mceItem\" src=\"http:\/\/coisadecinema.com.br\/x_panorama\/nextgen-attach_to_post\/preview\/id--1488\" alt=\"\" \/><\/h3>\n<hr \/>\n<h3 style=\"text-align: left;\"><strong>QUINTA-FEIRA (30\/10)<\/strong><\/h3>\n<p style=\"text-align: left;\"><em>Cr\u00e9ditos: Milena Palladino<\/em><\/p>\n<p style=\"text-align: left;\"><img decoding=\"async\" class=\"ngg_displayed_gallery mceItem\" src=\"http:\/\/coisadecinema.com.br\/x_panorama\/nextgen-attach_to_post\/preview\/id--1201\" alt=\"\" \/><\/p>\n<hr \/>\n<h3 style=\"text-align: left;\"><strong>ABERTURA (29\/10)<\/strong><\/h3>\n<p style=\"text-align: left;\"><em>Cr\u00e9ditos: Milena Palladino<\/em><\/p>\n<p><img decoding=\"async\" class=\"ngg_displayed_gallery mceItem\" src=\"http:\/\/coisadecinema.com.br\/x_panorama\/nextgen-attach_to_post\/preview\/id--647\" alt=\"\" \/><\/p>\n<hr \/>\n<h3 style=\"text-align: left;\">FOTOS PROJETO OI KABUM!<\/h3>\n<p style=\"text-align: left;\"><em>Cr\u00e9ditos: Edgar Azevedo, \u00cdtalo Souza e Pedro Gabriel<br \/>\n<\/em><\/p>\n<p style=\"text-align: left;\"><img decoding=\"async\" class=\"ngg_displayed_gallery mceItem\" src=\"http:\/\/coisadecinema.com.br\/x_panorama\/nextgen-attach_to_post\/preview\/id--2609\" alt=\"\" \/><\/p>\n<hr \/>\n<h3 style=\"text-align: left;\">\u00a0<strong>ATIVIDADES EM CACHOEIRA<\/strong><\/h3>\n<p style=\"text-align: left;\"><em>Cr\u00e9ditos: Wesley Proen\u00e7a e Thamires Duarte<\/em><\/p>\n<p><img decoding=\"async\" class=\"ngg_displayed_gallery mceItem\" src=\"http:\/\/coisadecinema.com.br\/x_panorama\/nextgen-attach_to_post\/preview\/id--946\" alt=\"\" \/><\/p>\n<hr \/>\n<h3 style=\"text-align: left;\"><strong>OFICINA DE ASSIST\u00caNCIA DE DIRE\u00c7\u00c3O (CACHOEIRA)<br \/>\n<\/strong><\/h3>\n<p style=\"text-align: left;\"><em>Cr\u00e9ditos: Wesley Proen\u00e7a e Thamires Duarte<br \/>\n<\/em><\/p>\n<p style=\"text-align: left;\"><img decoding=\"async\" class=\"ngg_displayed_gallery mceItem\" src=\"http:\/\/coisadecinema.com.br\/x_panorama\/nextgen-attach_to_post\/preview\/id--871\" alt=\"\" \/><\/p>\n<hr \/>\n<h3 style=\"text-align: left;\"><strong>OFICINA DE CR\u00cdTICA CINEMATOGR\u00c1FICA<\/strong><\/h3>\n<p style=\"text-align: left;\"><em>Cr\u00e9ditos: Milena Palladino<\/em><\/p>\n<p style=\"text-align: left;\"><img decoding=\"async\" class=\"ngg_displayed_gallery mceItem\" src=\"http:\/\/coisadecinema.com.br\/x_panorama\/nextgen-attach_to_post\/preview\/id--827\" alt=\"\" \/><\/p>\n","protected":false},"excerpt":{"rendered":"<p>ENCERRAMENTO (05\/11) Cr\u00e9ditos: Milena Palladino \u00a0TER\u00c7A-FEIRA (04\/11) Cr\u00e9ditos: Milena Palladino \u00a0SEGUNDA (03\/11) Cr\u00e9ditos: Milena Palladino \u00a0DOMINGO (02\/11) Cr\u00e9ditos: Milena Palladino \u00a0S\u00c1BADO (01\/11) Cr\u00e9ditos: Milena Palladino \u00a0 \u00a0SEXTA-FEIRA (31\/10) Cr\u00e9ditos: Milena Palladino QUINTA-FEIRA (30\/10) Cr\u00e9ditos: Milena Palladino ABERTURA (29\/10) Cr\u00e9ditos: Milena Palladino FOTOS PROJETO OI KABUM! Cr\u00e9ditos: Edgar Azevedo, \u00cdtalo Souza e Pedro Gabriel \u00a0ATIVIDADES EM [&hellip;]<\/p>\n","protected":false},"author":1,"featured_media":0,"parent":0,"menu_order":0,"comment_status":"open","ping_status":"open","template":"premiacao.php","meta":{"footnotes":""},"_links":{"self":[{"href":"https:\/\/acervo.coisadecinema.com.br\/x-panorama\/wp-json\/wp\/v2\/pages\/172"}],"collection":[{"href":"https:\/\/acervo.coisadecinema.com.br\/x-panorama\/wp-json\/wp\/v2\/pages"}],"about":[{"href":"https:\/\/acervo.coisadecinema.com.br\/x-panorama\/wp-json\/wp\/v2\/types\/page"}],"author":[{"embeddable":true,"href":"https:\/\/acervo.coisadecinema.com.br\/x-panorama\/wp-json\/wp\/v2\/users\/1"}],"replies":[{"embeddable":true,"href":"https:\/\/acervo.coisadecinema.com.br\/x-panorama\/wp-json\/wp\/v2\/comments?post=172"}],"version-history":[{"count":47,"href":"https:\/\/acervo.coisadecinema.com.br\/x-panorama\/wp-json\/wp\/v2\/pages\/172\/revisions"}],"predecessor-version":[{"id":3768,"href":"https:\/\/acervo.coisadecinema.com.br\/x-panorama\/wp-json\/wp\/v2\/pages\/172\/revisions\/3768"}],"wp:attachment":[{"href":"https:\/\/acervo.coisadecinema.com.br\/x-panorama\/wp-json\/wp\/v2\/media?parent=172"}],"curies":[{"name":"wp","href":"https:\/\/api.w.org\/{rel}","templated":true}]}}