{"id":332,"date":"2020-10-08T11:15:12","date_gmt":"2020-10-08T14:15:12","guid":{"rendered":"http:\/\/panlabteste.coisadecinema.com.br\/?page_id=332"},"modified":"2020-11-23T23:02:02","modified_gmt":"2020-11-24T01:02:02","slug":"de-roteiro","status":"publish","type":"page","link":"https:\/\/acervo.coisadecinema.com.br\/panlab2020\/de-roteiro\/","title":{"rendered":"of_rot"},"content":{"rendered":"\t\t<div data-elementor-type=\"wp-page\" data-elementor-id=\"332\" class=\"elementor elementor-332\">\n\t\t\t\t\t\t<section class=\"elementor-section elementor-top-section elementor-element elementor-element-73eabc0 elementor-section-content-top elementor-section-boxed elementor-section-height-default elementor-section-height-default\" data-id=\"73eabc0\" data-element_type=\"section\">\n\t\t\t\t\t\t\t<div class=\"elementor-background-overlay\"><\/div>\n\t\t\t\t\t\t\t<div class=\"elementor-container elementor-column-gap-no\">\n\t\t\t\t\t<div class=\"elementor-column elementor-col-100 elementor-top-column elementor-element elementor-element-5f06cf8\" data-id=\"5f06cf8\" data-element_type=\"column\">\n\t\t\t<div class=\"elementor-widget-wrap elementor-element-populated\">\n\t\t\t\t\t\t<div class=\"elementor-element elementor-element-3be6b62 elementor-widget elementor-widget-heading\" data-id=\"3be6b62\" data-element_type=\"widget\" data-widget_type=\"heading.default\">\n\t\t\t\t<div class=\"elementor-widget-container\">\n\t\t\t<h1 class=\"elementor-heading-title elementor-size-default\">Oficina de Roteiro<\/h1>\t\t<\/div>\n\t\t\t\t<\/div>\n\t\t\t\t<div class=\"elementor-element elementor-element-7364e02 elementor-widget-divider--view-line elementor-widget elementor-widget-divider\" data-id=\"7364e02\" data-element_type=\"widget\" data-widget_type=\"divider.default\">\n\t\t\t\t<div class=\"elementor-widget-container\">\n\t\t\t\t\t<div class=\"elementor-divider\">\n\t\t\t<span class=\"elementor-divider-separator\">\n\t\t\t\t\t\t<\/span>\n\t\t<\/div>\n\t\t\t\t<\/div>\n\t\t\t\t<\/div>\n\t\t\t\t\t<\/div>\n\t\t<\/div>\n\t\t\t\t\t<\/div>\n\t\t<\/section>\n\t\t\t\t<section class=\"elementor-section elementor-top-section elementor-element elementor-element-5362a1e elementor-section-boxed elementor-section-height-default elementor-section-height-default\" data-id=\"5362a1e\" data-element_type=\"section\">\n\t\t\t\t\t\t<div class=\"elementor-container elementor-column-gap-default\">\n\t\t\t\t\t<div class=\"elementor-column elementor-col-100 elementor-top-column elementor-element elementor-element-96c0fd7\" data-id=\"96c0fd7\" data-element_type=\"column\">\n\t\t\t<div class=\"elementor-widget-wrap elementor-element-populated\">\n\t\t\t\t\t\t<div class=\"elementor-element elementor-element-9e081a7 elementor-align-center elementor-widget elementor-widget-button\" data-id=\"9e081a7\" data-element_type=\"widget\" data-widget_type=\"button.default\">\n\t\t\t\t<div class=\"elementor-widget-container\">\n\t\t\t\t\t<div class=\"elementor-button-wrapper\">\n\t\t\t<a class=\"elementor-button elementor-button-link elementor-size-sm\" href=\"http:\/\/coisadecinema.com.br\/panlab\/sel_of_roteiro\/\">\n\t\t\t\t\t\t<span class=\"elementor-button-content-wrapper\">\n\t\t\t\t\t\t\t\t\t<span class=\"elementor-button-text\">Selecionados<\/span>\n\t\t\t\t\t<\/span>\n\t\t\t\t\t<\/a>\n\t\t<\/div>\n\t\t\t\t<\/div>\n\t\t\t\t<\/div>\n\t\t\t\t\t<\/div>\n\t\t<\/div>\n\t\t\t\t\t<\/div>\n\t\t<\/section>\n\t\t\t\t<section class=\"elementor-section elementor-top-section elementor-element elementor-element-bb2c856 elementor-section-boxed elementor-section-height-default elementor-section-height-default\" data-id=\"bb2c856\" data-element_type=\"section\">\n\t\t\t\t\t\t<div class=\"elementor-container elementor-column-gap-no\">\n\t\t\t\t\t<div class=\"elementor-column elementor-col-100 elementor-top-column elementor-element elementor-element-1cba8d2\" data-id=\"1cba8d2\" data-element_type=\"column\">\n\t\t\t<div class=\"elementor-widget-wrap elementor-element-populated\">\n\t\t\t\t\t\t<section class=\"elementor-section elementor-inner-section elementor-element elementor-element-184ad2a elementor-section-boxed elementor-section-height-default elementor-section-height-default\" data-id=\"184ad2a\" data-element_type=\"section\">\n\t\t\t\t\t\t<div class=\"elementor-container elementor-column-gap-no\">\n\t\t\t\t\t<div class=\"elementor-column elementor-col-100 elementor-inner-column elementor-element elementor-element-9f180b0\" data-id=\"9f180b0\" data-element_type=\"column\">\n\t\t\t<div class=\"elementor-widget-wrap elementor-element-populated\">\n\t\t\t\t\t\t<div class=\"elementor-element elementor-element-0466fec elementor-widget-divider--view-line elementor-widget elementor-widget-divider\" data-id=\"0466fec\" data-element_type=\"widget\" data-widget_type=\"divider.default\">\n\t\t\t\t<div class=\"elementor-widget-container\">\n\t\t\t\t\t<div class=\"elementor-divider\">\n\t\t\t<span class=\"elementor-divider-separator\">\n\t\t\t\t\t\t<\/span>\n\t\t<\/div>\n\t\t\t\t<\/div>\n\t\t\t\t<\/div>\n\t\t\t\t<div class=\"elementor-element elementor-element-62f588b elementor-widget elementor-widget-heading\" data-id=\"62f588b\" data-element_type=\"widget\" data-widget_type=\"heading.default\">\n\t\t\t\t<div class=\"elementor-widget-container\">\n\t\t\t<h5 class=\"elementor-heading-title elementor-size-default\">23 a 27\/11 de Novembro de 2020 - \n09 \u00e0s 11hrs<\/h5>\t\t<\/div>\n\t\t\t\t<\/div>\n\t\t\t\t<div class=\"elementor-element elementor-element-4bce24a elementor-widget elementor-widget-heading\" data-id=\"4bce24a\" data-element_type=\"widget\" data-widget_type=\"heading.default\">\n\t\t\t\t<div class=\"elementor-widget-container\">\n\t\t\t<h3 class=\"elementor-heading-title elementor-size-default\">Oficina de Roteiro<\/h3>\t\t<\/div>\n\t\t\t\t<\/div>\n\t\t\t\t\t<\/div>\n\t\t<\/div>\n\t\t\t\t\t<\/div>\n\t\t<\/section>\n\t\t\t\t<section class=\"elementor-section elementor-inner-section elementor-element elementor-element-4e88a69 elementor-section-boxed elementor-section-height-default elementor-section-height-default\" data-id=\"4e88a69\" data-element_type=\"section\">\n\t\t\t\t\t\t<div class=\"elementor-container elementor-column-gap-no\">\n\t\t\t\t\t<div class=\"elementor-column elementor-col-50 elementor-inner-column elementor-element elementor-element-ef6b921\" data-id=\"ef6b921\" data-element_type=\"column\">\n\t\t\t<div class=\"elementor-widget-wrap elementor-element-populated\">\n\t\t\t\t\t\t<div class=\"elementor-element elementor-element-88857f3 elementor-widget elementor-widget-image\" data-id=\"88857f3\" data-element_type=\"widget\" data-widget_type=\"image.default\">\n\t\t\t\t<div class=\"elementor-widget-container\">\n\t\t\t\t\t\t\t\t\t\t\t\t\t<img fetchpriority=\"high\" decoding=\"async\" width=\"1600\" height=\"1600\" src=\"https:\/\/acervo.coisadecinema.com.br\/panlab2020\/wp-content\/uploads\/2020\/11\/card-cau.jpg\" class=\"attachment-full size-full wp-image-559\" alt=\"\" srcset=\"https:\/\/acervo.coisadecinema.com.br\/panlab2020\/wp-content\/uploads\/2020\/11\/card-cau.jpg 1600w, https:\/\/acervo.coisadecinema.com.br\/panlab2020\/wp-content\/uploads\/2020\/11\/card-cau-300x300.jpg 300w, https:\/\/acervo.coisadecinema.com.br\/panlab2020\/wp-content\/uploads\/2020\/11\/card-cau-1024x1024.jpg 1024w, https:\/\/acervo.coisadecinema.com.br\/panlab2020\/wp-content\/uploads\/2020\/11\/card-cau-150x150.jpg 150w, https:\/\/acervo.coisadecinema.com.br\/panlab2020\/wp-content\/uploads\/2020\/11\/card-cau-768x768.jpg 768w, https:\/\/acervo.coisadecinema.com.br\/panlab2020\/wp-content\/uploads\/2020\/11\/card-cau-1536x1536.jpg 1536w\" sizes=\"(max-width: 1600px) 100vw, 1600px\" \/>\t\t\t\t\t\t\t\t\t\t\t\t\t<\/div>\n\t\t\t\t<\/div>\n\t\t\t\t\t<\/div>\n\t\t<\/div>\n\t\t\t\t<div class=\"elementor-column elementor-col-50 elementor-inner-column elementor-element elementor-element-2218560\" data-id=\"2218560\" data-element_type=\"column\">\n\t\t\t<div class=\"elementor-widget-wrap elementor-element-populated\">\n\t\t\t\t\t\t<div class=\"elementor-element elementor-element-83c87d7 elementor-widget elementor-widget-text-editor\" data-id=\"83c87d7\" data-element_type=\"widget\" data-widget_type=\"text-editor.default\">\n\t\t\t\t<div class=\"elementor-widget-container\">\n\t\t\t\t\t\t\t<p>Introdu\u00e7\u00e3o aos elementos b\u00e1sicos da elabora\u00e7\u00e3o do roteiro cinematogr\u00e1fico. Em encontros virtuais, te\u00f3ricos e pr\u00e1ticos, a oficina pretende proporcionar o entendimento da fun\u00e7\u00e3o dos mais variados elementos do roteiro, de modo que todo participante seja capaz de identificar tais elementos nos filmes, bem como cri\u00e1-los de forma org\u00e2nica.<\/p><p><strong><br \/>Dia 1<\/strong><br \/>&#8211; O roteiro como ferramenta fundamental de cria\u00e7\u00e3o de um filme<\/p><p><strong><br \/>Dia 2<\/strong><br \/>&#8211; Criando personagens<\/p><p><strong><br \/>Dia 3<\/strong><br \/>&#8211; Desenvolvendo os di\u00e1logos, encontrando o ritmo<\/p><p><strong><br \/>Dia 4<\/strong><br \/>&#8211; Atividade pr\u00e1tica de escritura de roteiro<\/p><p><strong><br \/>Dia 5<\/strong><br \/>&#8211; Atividade pr\u00e1tica de escritura de roteiro<\/p><p>\u00a0<\/p><p>\u00a0 \u00a0<\/p><p><strong>Refer\u00eancias Bibliogr\u00e1fica:<\/strong><\/p><p>Sobre a hist\u00f3ria do estilo cinematogr\u00e1fico, David Bordwell (Editora Unicamp, 2016)<\/p><p>Manual do Roteiro, de Syd Field (Editora Objetiva, 2001)<\/p><p>Teoria e pr\u00e1tica do roteiro, de David Howard &amp;amp; Edward Mabley (Editora Globo,<br \/>2006)<\/p><p>Roteiro de Cinema e Televis\u00e3o, de Fl\u00e1vio de Campos (Editora Zahar, 2011)<\/p><p>Da Cria\u00e7\u00e3o ao roteiro, de Doc Comparato (editora Summus Editorial, 2009)<\/p><p>Manual de Roteiro, de Leandro Saraiva e Newton Cannito (Editora Conrad,<br \/>2004)<\/p><p>A narrativa cinematogr\u00e1fica, Andre GAUDREAULT e Fran\u00e7ois Jost (Editora<br \/>UNB)<\/p><p>O Argumento Cinematogr\u00e1fico, de Dominique Parent-Altier (Editora Texto e<br \/>Grafia, 2009)<\/p><p>\u00a0 \u00a0<\/p><p>\u00a0<\/p>\t\t\t\t\t\t<\/div>\n\t\t\t\t<\/div>\n\t\t\t\t<div class=\"elementor-element elementor-element-7f14871 elementor-widget elementor-widget-text-editor\" data-id=\"7f14871\" data-element_type=\"widget\" data-widget_type=\"text-editor.default\">\n\t\t\t\t<div class=\"elementor-widget-container\">\n\t\t\t\t\t\t\t<p><em>De pais e av\u00f3s baianos, Cl\u00e1udio Marques nasceu em 1970, em Campinas, S\u00e3o Paulo.<\/em><br \/><em>Mora em Salvador, definitivamente, desde 1982.<\/em><br \/><em>Em 2019, Cl\u00e1udio Marques celebrou vinte e tr\u00eas anos dedicados exclusivamente ao<\/em><br \/><em>cinema. Iniciando pela critica, Cl\u00e1udio colaborou com os jornais A Tarde, Tribuna da Bahia<\/em><br \/><em>e Correio da Bahia, alem de ter criado o tabl\u00f3ide Coisa de Cinema. O jornal, surgido em<\/em><br \/><em>1995, chegou a circular em cinco capitais (Salvador, Bras\u00edlia, S\u00e3o Paulo, Rio de Janeiro e<\/em><br \/><em>Porto Alegre), com tiragem mensal de 70 mil exemplares.<\/em><br \/><em>Cl\u00e1udio idealizou e coordena at\u00e9 hoje o Panorama Internacional Coisa de Cinema, um<\/em><br \/><em>dos mais importantes da nova gera\u00e7\u00e3o de festivais de cinema do pa\u00eds e que se encontra<\/em><br \/><em>na d\u00e9cima quarta edi\u00e7\u00e3o. O Panorama exibiu, em 2018, 128 filmes, entre brasileiros e<\/em><br \/><em>estrangeiros, curtas e longas. 18 mil pessoas tomaram parte do evento.<\/em><br \/><em>Desde 2008, Cl\u00e1udio programa e coordena o Espa\u00e7o Ita\u00fa de Cinema \u2013 Glauber Rocha,<\/em><br \/><em>projeto idealizado por ele e que funciona em pleno Centro Hist\u00f3rico de Salvador. Trata-se<\/em><br \/><em>da reforma de um dos mais antigos e importantes cinemas da hist\u00f3ria da capital baiana. O<\/em><br \/><em>pequeno complexo possui quatro modernas salas, caf\u00e9, livraria e restaurante.<\/em><br \/><em>Cl\u00e1udio produziu, dirigiu, montou e roteirizou sete curtas, que foram selecionados para<\/em><br \/><em>mais de 200 festivais, alem de ganharem 52 pr\u00eamios. Carreto e Nego Fugido s\u00e3o os dois<\/em><br \/><em>curtas mais premiados de Cl\u00e1udio. Todos os curtas foram co-dirigidos com Mar\u00edlia<\/em><br \/><em>Hughes.<\/em><br \/><em>Depois da Chuva, co-dirigido com Mar\u00edlia Hughes, foi o seu primeiro longa metragem.<\/em><br \/><em>Considerado pelo critico S\u00e9rgio Alpendre, da Folha de S\u00e3o Paulo, como o melhor filme<\/em><br \/><em>brasileiro da nova gera\u00e7\u00e3o dos \u00faltimos dez anos, Depois da Chuva foi selecionado para<\/em><br \/><em>32 festivais e ganhou 12 pr\u00eamios, incluindo os do Festival de Bras\u00edlia do Cinema<\/em><\/p><p><em>Brasileiro (Melhor Ator, Melhor Roteiro e Melhor Trilha Sonora) e do Harlem Film Festival,<\/em><br \/><em>em Nova Iorque (Melhor Filme). A estr\u00e9ia internacional do filme foi no Festival de<\/em><br \/><em>Rotterdam. Depois da Chuva foi exibido, tamb\u00e9m, na Cinemateca da Fran\u00e7a, em Paris,<\/em><br \/><em>dentro de mostra dedicada ao cinema brasileiro de todos os tempos.<\/em><br \/><em>A Cidade do Futuro, tamb\u00e9m co-dirigido pela dupla, foi selecionado para 42 festivais de<\/em><br \/><em>cinema pelo mundo, sendo eleito o Melhor Filme Latino no BAFICI, em Buenos Aires.<\/em><br \/><em>Trata-se de um dos mais importantes festivais dedicados ao cinema independente do<\/em><br \/><em>mundo. A Folha de S\u00e3o Paulo, no momento do lan\u00e7amento do filme, deu cinco estrelas<\/em><br \/><em>para o longa, em 2015.<\/em><br \/><em>Dotado de vasta experi\u00eancia gra\u00e7as \u00e0 forte no\u00e7\u00e3o de empreendedorismo em diversos<\/em><br \/><em>setores do audiovisual (critica, exibi\u00e7\u00e3o, distribui\u00e7\u00e3o e realiza\u00e7\u00e3o), Cl\u00e1udio possui ampla<\/em><br \/><em>experi\u00eancia no mercado cinematogr\u00e1fico.<\/em><\/p>\t\t\t\t\t\t<\/div>\n\t\t\t\t<\/div>\n\t\t\t\t\t<\/div>\n\t\t<\/div>\n\t\t\t\t\t<\/div>\n\t\t<\/section>\n\t\t\t\t\t<\/div>\n\t\t<\/div>\n\t\t\t\t\t<\/div>\n\t\t<\/section>\n\t\t\t\t<section class=\"elementor-section elementor-top-section elementor-element elementor-element-659286c elementor-section-boxed elementor-section-height-default elementor-section-height-default\" data-id=\"659286c\" data-element_type=\"section\">\n\t\t\t\t\t\t<div class=\"elementor-container elementor-column-gap-default\">\n\t\t\t\t\t<div class=\"elementor-column elementor-col-100 elementor-top-column elementor-element elementor-element-7441031\" data-id=\"7441031\" data-element_type=\"column\">\n\t\t\t<div class=\"elementor-widget-wrap elementor-element-populated\">\n\t\t\t\t\t\t<div class=\"elementor-element elementor-element-40b3aca elementor-widget elementor-widget-image\" data-id=\"40b3aca\" data-element_type=\"widget\" data-widget_type=\"image.default\">\n\t\t\t\t<div class=\"elementor-widget-container\">\n\t\t\t\t\t\t\t\t\t\t\t\t\t<img decoding=\"async\" width=\"1024\" height=\"126\" src=\"https:\/\/acervo.coisadecinema.com.br\/panlab2020\/wp-content\/uploads\/2020\/11\/rodape-3-1024x126.png\" class=\"attachment-large size-large wp-image-549\" alt=\"\" srcset=\"https:\/\/acervo.coisadecinema.com.br\/panlab2020\/wp-content\/uploads\/2020\/11\/rodape-3-1024x126.png 1024w, https:\/\/acervo.coisadecinema.com.br\/panlab2020\/wp-content\/uploads\/2020\/11\/rodape-3-300x37.png 300w, https:\/\/acervo.coisadecinema.com.br\/panlab2020\/wp-content\/uploads\/2020\/11\/rodape-3-768x94.png 768w, https:\/\/acervo.coisadecinema.com.br\/panlab2020\/wp-content\/uploads\/2020\/11\/rodape-3-1536x189.png 1536w, https:\/\/acervo.coisadecinema.com.br\/panlab2020\/wp-content\/uploads\/2020\/11\/rodape-3.png 1571w\" sizes=\"(max-width: 1024px) 100vw, 1024px\" \/>\t\t\t\t\t\t\t\t\t\t\t\t\t<\/div>\n\t\t\t\t<\/div>\n\t\t\t\t\t<\/div>\n\t\t<\/div>\n\t\t\t\t\t<\/div>\n\t\t<\/section>\n\t\t\t\t<\/div>\n\t\t","protected":false},"excerpt":{"rendered":"<p>Oficina de Roteiro Selecionados 23 a 27\/11 de Novembro de 2020 &#8211; 09 \u00e0s 11hrs Oficina de Roteiro Introdu\u00e7\u00e3o aos elementos b\u00e1sicos da elabora\u00e7\u00e3o do roteiro cinematogr\u00e1fico. Em encontros virtuais, te\u00f3ricos e pr\u00e1ticos, a oficina pretende proporcionar o entendimento da fun\u00e7\u00e3o dos mais variados elementos do roteiro, de modo que todo participante seja capaz de [&hellip;]<\/p>\n","protected":false},"author":1,"featured_media":0,"parent":0,"menu_order":0,"comment_status":"closed","ping_status":"closed","template":"","meta":{"site-sidebar-layout":"no-sidebar","site-content-layout":"page-builder","ast-site-content-layout":"","site-content-style":"default","site-sidebar-style":"default","ast-global-header-display":"","ast-banner-title-visibility":"","ast-main-header-display":"","ast-hfb-above-header-display":"","ast-hfb-below-header-display":"","ast-hfb-mobile-header-display":"","site-post-title":"disabled","ast-breadcrumbs-content":"disabled","ast-featured-img":"disabled","footer-sml-layout":"","theme-transparent-header-meta":"enabled","adv-header-id-meta":"","stick-header-meta":"","header-above-stick-meta":"","header-main-stick-meta":"","header-below-stick-meta":"","astra-migrate-meta-layouts":"default","ast-page-background-enabled":"default","ast-page-background-meta":{"desktop":{"background-color":"var(--ast-global-color-4)","background-image":"","background-repeat":"repeat","background-position":"center center","background-size":"auto","background-attachment":"scroll","background-type":"","background-media":"","overlay-type":"","overlay-color":"","overlay-opacity":"","overlay-gradient":""},"tablet":{"background-color":"","background-image":"","background-repeat":"repeat","background-position":"center center","background-size":"auto","background-attachment":"scroll","background-type":"","background-media":"","overlay-type":"","overlay-color":"","overlay-opacity":"","overlay-gradient":""},"mobile":{"background-color":"","background-image":"","background-repeat":"repeat","background-position":"center center","background-size":"auto","background-attachment":"scroll","background-type":"","background-media":"","overlay-type":"","overlay-color":"","overlay-opacity":"","overlay-gradient":""}},"ast-content-background-meta":{"desktop":{"background-color":"var(--ast-global-color-5)","background-image":"","background-repeat":"repeat","background-position":"center center","background-size":"auto","background-attachment":"scroll","background-type":"","background-media":"","overlay-type":"","overlay-color":"","overlay-opacity":"","overlay-gradient":""},"tablet":{"background-color":"var(--ast-global-color-5)","background-image":"","background-repeat":"repeat","background-position":"center center","background-size":"auto","background-attachment":"scroll","background-type":"","background-media":"","overlay-type":"","overlay-color":"","overlay-opacity":"","overlay-gradient":""},"mobile":{"background-color":"var(--ast-global-color-5)","background-image":"","background-repeat":"repeat","background-position":"center center","background-size":"auto","background-attachment":"scroll","background-type":"","background-media":"","overlay-type":"","overlay-color":"","overlay-opacity":"","overlay-gradient":""}},"footnotes":""},"_links":{"self":[{"href":"https:\/\/acervo.coisadecinema.com.br\/panlab2020\/wp-json\/wp\/v2\/pages\/332"}],"collection":[{"href":"https:\/\/acervo.coisadecinema.com.br\/panlab2020\/wp-json\/wp\/v2\/pages"}],"about":[{"href":"https:\/\/acervo.coisadecinema.com.br\/panlab2020\/wp-json\/wp\/v2\/types\/page"}],"author":[{"embeddable":true,"href":"https:\/\/acervo.coisadecinema.com.br\/panlab2020\/wp-json\/wp\/v2\/users\/1"}],"replies":[{"embeddable":true,"href":"https:\/\/acervo.coisadecinema.com.br\/panlab2020\/wp-json\/wp\/v2\/comments?post=332"}],"version-history":[{"count":9,"href":"https:\/\/acervo.coisadecinema.com.br\/panlab2020\/wp-json\/wp\/v2\/pages\/332\/revisions"}],"predecessor-version":[{"id":575,"href":"https:\/\/acervo.coisadecinema.com.br\/panlab2020\/wp-json\/wp\/v2\/pages\/332\/revisions\/575"}],"wp:attachment":[{"href":"https:\/\/acervo.coisadecinema.com.br\/panlab2020\/wp-json\/wp\/v2\/media?parent=332"}],"curies":[{"name":"wp","href":"https:\/\/api.w.org\/{rel}","templated":true}]}}