{"id":327,"date":"2020-10-08T11:13:22","date_gmt":"2020-10-08T14:13:22","guid":{"rendered":"http:\/\/panlabteste.coisadecinema.com.br\/?page_id=327"},"modified":"2020-11-24T10:31:39","modified_gmt":"2020-11-24T12:31:39","slug":"de-montagem","status":"publish","type":"page","link":"https:\/\/acervo.coisadecinema.com.br\/panlab2020\/de-montagem\/","title":{"rendered":"lab_mont"},"content":{"rendered":"\t\t<div data-elementor-type=\"wp-page\" data-elementor-id=\"327\" class=\"elementor elementor-327\">\n\t\t\t\t\t\t<section class=\"elementor-section elementor-top-section elementor-element elementor-element-73eabc0 elementor-section-content-top elementor-section-boxed elementor-section-height-default elementor-section-height-default\" data-id=\"73eabc0\" data-element_type=\"section\">\n\t\t\t\t\t\t\t<div class=\"elementor-background-overlay\"><\/div>\n\t\t\t\t\t\t\t<div class=\"elementor-container elementor-column-gap-no\">\n\t\t\t\t\t<div class=\"elementor-column elementor-col-100 elementor-top-column elementor-element elementor-element-5f06cf8\" data-id=\"5f06cf8\" data-element_type=\"column\">\n\t\t\t<div class=\"elementor-widget-wrap elementor-element-populated\">\n\t\t\t\t\t\t<div class=\"elementor-element elementor-element-3be6b62 elementor-widget elementor-widget-heading\" data-id=\"3be6b62\" data-element_type=\"widget\" data-widget_type=\"heading.default\">\n\t\t\t\t<div class=\"elementor-widget-container\">\n\t\t\t<h1 class=\"elementor-heading-title elementor-size-default\">Laborat\u00f3rio de Montagem<\/h1>\t\t<\/div>\n\t\t\t\t<\/div>\n\t\t\t\t<div class=\"elementor-element elementor-element-7364e02 elementor-widget-divider--view-line elementor-widget elementor-widget-divider\" data-id=\"7364e02\" data-element_type=\"widget\" data-widget_type=\"divider.default\">\n\t\t\t\t<div class=\"elementor-widget-container\">\n\t\t\t\t\t<div class=\"elementor-divider\">\n\t\t\t<span class=\"elementor-divider-separator\">\n\t\t\t\t\t\t<\/span>\n\t\t<\/div>\n\t\t\t\t<\/div>\n\t\t\t\t<\/div>\n\t\t\t\t\t<\/div>\n\t\t<\/div>\n\t\t\t\t\t<\/div>\n\t\t<\/section>\n\t\t\t\t<section class=\"elementor-section elementor-top-section elementor-element elementor-element-cb23585 elementor-section-boxed elementor-section-height-default elementor-section-height-default\" data-id=\"cb23585\" data-element_type=\"section\">\n\t\t\t\t\t\t<div class=\"elementor-container elementor-column-gap-default\">\n\t\t\t\t\t<div class=\"elementor-column elementor-col-100 elementor-top-column elementor-element elementor-element-536d64f\" data-id=\"536d64f\" data-element_type=\"column\">\n\t\t\t<div class=\"elementor-widget-wrap elementor-element-populated\">\n\t\t\t\t\t\t<div class=\"elementor-element elementor-element-ae23b79 elementor-align-center elementor-widget elementor-widget-button\" data-id=\"ae23b79\" data-element_type=\"widget\" data-widget_type=\"button.default\">\n\t\t\t\t<div class=\"elementor-widget-container\">\n\t\t\t\t\t<div class=\"elementor-button-wrapper\">\n\t\t\t<a class=\"elementor-button elementor-button-link elementor-size-sm\" href=\"http:\/\/coisadecinema.com.br\/panlab\/sel_lab_mont\/\">\n\t\t\t\t\t\t<span class=\"elementor-button-content-wrapper\">\n\t\t\t\t\t\t\t\t\t<span class=\"elementor-button-text\">Selecionados<\/span>\n\t\t\t\t\t<\/span>\n\t\t\t\t\t<\/a>\n\t\t<\/div>\n\t\t\t\t<\/div>\n\t\t\t\t<\/div>\n\t\t\t\t\t<\/div>\n\t\t<\/div>\n\t\t\t\t\t<\/div>\n\t\t<\/section>\n\t\t\t\t<section class=\"elementor-section elementor-top-section elementor-element elementor-element-bb2c856 elementor-section-boxed elementor-section-height-default elementor-section-height-default\" data-id=\"bb2c856\" data-element_type=\"section\">\n\t\t\t\t\t\t<div class=\"elementor-container elementor-column-gap-no\">\n\t\t\t\t\t<div class=\"elementor-column elementor-col-100 elementor-top-column elementor-element elementor-element-1cba8d2\" data-id=\"1cba8d2\" data-element_type=\"column\">\n\t\t\t<div class=\"elementor-widget-wrap elementor-element-populated\">\n\t\t\t\t\t\t<section class=\"elementor-section elementor-inner-section elementor-element elementor-element-184ad2a elementor-section-boxed elementor-section-height-default elementor-section-height-default\" data-id=\"184ad2a\" data-element_type=\"section\">\n\t\t\t\t\t\t<div class=\"elementor-container elementor-column-gap-no\">\n\t\t\t\t\t<div class=\"elementor-column elementor-col-100 elementor-inner-column elementor-element elementor-element-9f180b0\" data-id=\"9f180b0\" data-element_type=\"column\">\n\t\t\t<div class=\"elementor-widget-wrap elementor-element-populated\">\n\t\t\t\t\t\t<div class=\"elementor-element elementor-element-0466fec elementor-widget-divider--view-line elementor-widget elementor-widget-divider\" data-id=\"0466fec\" data-element_type=\"widget\" data-widget_type=\"divider.default\">\n\t\t\t\t<div class=\"elementor-widget-container\">\n\t\t\t\t\t<div class=\"elementor-divider\">\n\t\t\t<span class=\"elementor-divider-separator\">\n\t\t\t\t\t\t<\/span>\n\t\t<\/div>\n\t\t\t\t<\/div>\n\t\t\t\t<\/div>\n\t\t\t\t<div class=\"elementor-element elementor-element-62f588b elementor-widget elementor-widget-heading\" data-id=\"62f588b\" data-element_type=\"widget\" data-widget_type=\"heading.default\">\n\t\t\t\t<div class=\"elementor-widget-container\">\n\t\t\t<h5 class=\"elementor-heading-title elementor-size-default\">23\/nov e 01\/dez de  2020<\/h5>\t\t<\/div>\n\t\t\t\t<\/div>\n\t\t\t\t<div class=\"elementor-element elementor-element-4bce24a elementor-widget elementor-widget-heading\" data-id=\"4bce24a\" data-element_type=\"widget\" data-widget_type=\"heading.default\">\n\t\t\t\t<div class=\"elementor-widget-container\">\n\t\t\t<h3 class=\"elementor-heading-title elementor-size-default\">Joana Collier<\/h3>\t\t<\/div>\n\t\t\t\t<\/div>\n\t\t\t\t\t<\/div>\n\t\t<\/div>\n\t\t\t\t\t<\/div>\n\t\t<\/section>\n\t\t\t\t<section class=\"elementor-section elementor-inner-section elementor-element elementor-element-4e88a69 elementor-section-boxed elementor-section-height-default elementor-section-height-default\" data-id=\"4e88a69\" data-element_type=\"section\">\n\t\t\t\t\t\t<div class=\"elementor-container elementor-column-gap-no\">\n\t\t\t\t\t<div class=\"elementor-column elementor-col-50 elementor-inner-column elementor-element elementor-element-ef6b921\" data-id=\"ef6b921\" data-element_type=\"column\">\n\t\t\t<div class=\"elementor-widget-wrap elementor-element-populated\">\n\t\t\t\t\t\t<div class=\"elementor-element elementor-element-ee42396 elementor-widget elementor-widget-image\" data-id=\"ee42396\" data-element_type=\"widget\" data-widget_type=\"image.default\">\n\t\t\t\t<div class=\"elementor-widget-container\">\n\t\t\t\t\t\t\t\t\t\t\t\t\t<img fetchpriority=\"high\" decoding=\"async\" width=\"1600\" height=\"1600\" src=\"https:\/\/acervo.coisadecinema.com.br\/panlab2020\/wp-content\/uploads\/2020\/10\/joana.jpg\" class=\"attachment-full size-full wp-image-351\" alt=\"\" srcset=\"https:\/\/acervo.coisadecinema.com.br\/panlab2020\/wp-content\/uploads\/2020\/10\/joana.jpg 1600w, https:\/\/acervo.coisadecinema.com.br\/panlab2020\/wp-content\/uploads\/2020\/10\/joana-300x300.jpg 300w, https:\/\/acervo.coisadecinema.com.br\/panlab2020\/wp-content\/uploads\/2020\/10\/joana-1024x1024.jpg 1024w, https:\/\/acervo.coisadecinema.com.br\/panlab2020\/wp-content\/uploads\/2020\/10\/joana-150x150.jpg 150w, https:\/\/acervo.coisadecinema.com.br\/panlab2020\/wp-content\/uploads\/2020\/10\/joana-768x768.jpg 768w, https:\/\/acervo.coisadecinema.com.br\/panlab2020\/wp-content\/uploads\/2020\/10\/joana-1536x1536.jpg 1536w\" sizes=\"(max-width: 1600px) 100vw, 1600px\" \/>\t\t\t\t\t\t\t\t\t\t\t\t\t<\/div>\n\t\t\t\t<\/div>\n\t\t\t\t\t<\/div>\n\t\t<\/div>\n\t\t\t\t<div class=\"elementor-column elementor-col-50 elementor-inner-column elementor-element elementor-element-2218560\" data-id=\"2218560\" data-element_type=\"column\">\n\t\t\t<div class=\"elementor-widget-wrap elementor-element-populated\">\n\t\t\t\t\t\t<div class=\"elementor-element elementor-element-7f14871 elementor-widget elementor-widget-text-editor\" data-id=\"7f14871\" data-element_type=\"widget\" data-widget_type=\"text-editor.default\">\n\t\t\t\t<div class=\"elementor-widget-container\">\n\t\t\t\t\t\t\t<p><em>Joana Collier recebeu o kikito de melhor montagem longa brasileiro no Festival de<\/em><br \/><em>Gramado 2019 pelo filme \u201cHebe, estrela do Brasil\u201d, tamb\u00e9m montou \u201cPacarrete\u201d, longa<\/em><br \/><em>cearence que arrematou, nesse mesmo ano, 8 kikitos, incluindo melhor filme, melhor<\/em><br \/><em>dire\u00e7\u00e3o e melhor atriz.<\/em><br \/><em>Tem 32 longas-metragens e 17 curtas no curr\u00edculo. Foi professora de montagem da<\/em><br \/><em>Escola Darcy Ribeiro durante 10 anos e deu aulas no curso de P\u00f3s-gradua\u00e7\u00e3o em<\/em><br \/><em>Document\u00e1rio da Funda\u00e7\u00e3o Get\u00falio Vargas.<\/em><br \/><em>Se dedica a um cinema plural de pesquisa de linguagem com parcerias por todo Brasil e<\/em><br \/><em>mais recentemente na Am\u00e9rica Latina. Entre eles, \u201cJia Zhangke, um homem de Fenyang\u201d<\/em><br \/><em>de Walter Salles, \u201cJusti\u00e7a\u201d e \u201cJu\u00edzo\u201d de Maria Augusta Ramos, \u201cPaulina\u201d de Santiago Mitre<\/em><br \/><em>que ganhou melhor filme na Semana da Cr\u00edtica em Cannes, \u201cCidade do Futuro\u201d e \u201cGuerra<\/em><br \/><em>de Algod\u00e3o\u201d de Mar\u00edlia Hughes e Cl\u00e1udio Marques<\/em>.<\/p>\t\t\t\t\t\t<\/div>\n\t\t\t\t<\/div>\n\t\t\t\t\t<\/div>\n\t\t<\/div>\n\t\t\t\t\t<\/div>\n\t\t<\/section>\n\t\t\t\t\t<\/div>\n\t\t<\/div>\n\t\t\t\t\t<\/div>\n\t\t<\/section>\n\t\t\t\t<section class=\"elementor-section elementor-top-section elementor-element elementor-element-ccf5abe elementor-section-boxed elementor-section-height-default elementor-section-height-default\" data-id=\"ccf5abe\" data-element_type=\"section\">\n\t\t\t\t\t\t<div class=\"elementor-container elementor-column-gap-default\">\n\t\t\t\t\t<div class=\"elementor-column elementor-col-100 elementor-top-column elementor-element elementor-element-a719648\" data-id=\"a719648\" data-element_type=\"column\">\n\t\t\t<div class=\"elementor-widget-wrap elementor-element-populated\">\n\t\t\t\t\t\t<div class=\"elementor-element elementor-element-bc47ada elementor-widget elementor-widget-image\" data-id=\"bc47ada\" data-element_type=\"widget\" data-widget_type=\"image.default\">\n\t\t\t\t<div class=\"elementor-widget-container\">\n\t\t\t\t\t\t\t\t\t\t\t\t\t<img decoding=\"async\" width=\"1024\" height=\"126\" src=\"https:\/\/acervo.coisadecinema.com.br\/panlab2020\/wp-content\/uploads\/2020\/11\/rodape-3-1024x126.png\" class=\"attachment-large size-large wp-image-549\" alt=\"\" srcset=\"https:\/\/acervo.coisadecinema.com.br\/panlab2020\/wp-content\/uploads\/2020\/11\/rodape-3-1024x126.png 1024w, https:\/\/acervo.coisadecinema.com.br\/panlab2020\/wp-content\/uploads\/2020\/11\/rodape-3-300x37.png 300w, https:\/\/acervo.coisadecinema.com.br\/panlab2020\/wp-content\/uploads\/2020\/11\/rodape-3-768x94.png 768w, https:\/\/acervo.coisadecinema.com.br\/panlab2020\/wp-content\/uploads\/2020\/11\/rodape-3-1536x189.png 1536w, https:\/\/acervo.coisadecinema.com.br\/panlab2020\/wp-content\/uploads\/2020\/11\/rodape-3.png 1571w\" sizes=\"(max-width: 1024px) 100vw, 1024px\" \/>\t\t\t\t\t\t\t\t\t\t\t\t\t<\/div>\n\t\t\t\t<\/div>\n\t\t\t\t\t<\/div>\n\t\t<\/div>\n\t\t\t\t\t<\/div>\n\t\t<\/section>\n\t\t\t\t<\/div>\n\t\t","protected":false},"excerpt":{"rendered":"<p>Laborat\u00f3rio de Montagem Selecionados 23\/nov e 01\/dez de 2020 Joana Collier Joana Collier recebeu o kikito de melhor montagem longa brasileiro no Festival deGramado 2019 pelo filme \u201cHebe, estrela do Brasil\u201d, tamb\u00e9m montou \u201cPacarrete\u201d, longacearence que arrematou, nesse mesmo ano, 8 kikitos, incluindo melhor filme, melhordire\u00e7\u00e3o e melhor atriz.Tem 32 longas-metragens e 17 curtas no [&hellip;]<\/p>\n","protected":false},"author":1,"featured_media":0,"parent":0,"menu_order":0,"comment_status":"closed","ping_status":"closed","template":"","meta":{"site-sidebar-layout":"no-sidebar","site-content-layout":"page-builder","ast-site-content-layout":"","site-content-style":"default","site-sidebar-style":"default","ast-global-header-display":"","ast-banner-title-visibility":"","ast-main-header-display":"","ast-hfb-above-header-display":"","ast-hfb-below-header-display":"","ast-hfb-mobile-header-display":"","site-post-title":"disabled","ast-breadcrumbs-content":"disabled","ast-featured-img":"disabled","footer-sml-layout":"","theme-transparent-header-meta":"enabled","adv-header-id-meta":"","stick-header-meta":"","header-above-stick-meta":"","header-main-stick-meta":"","header-below-stick-meta":"","astra-migrate-meta-layouts":"default","ast-page-background-enabled":"default","ast-page-background-meta":{"desktop":{"background-color":"var(--ast-global-color-4)","background-image":"","background-repeat":"repeat","background-position":"center center","background-size":"auto","background-attachment":"scroll","background-type":"","background-media":"","overlay-type":"","overlay-color":"","overlay-opacity":"","overlay-gradient":""},"tablet":{"background-color":"","background-image":"","background-repeat":"repeat","background-position":"center center","background-size":"auto","background-attachment":"scroll","background-type":"","background-media":"","overlay-type":"","overlay-color":"","overlay-opacity":"","overlay-gradient":""},"mobile":{"background-color":"","background-image":"","background-repeat":"repeat","background-position":"center center","background-size":"auto","background-attachment":"scroll","background-type":"","background-media":"","overlay-type":"","overlay-color":"","overlay-opacity":"","overlay-gradient":""}},"ast-content-background-meta":{"desktop":{"background-color":"var(--ast-global-color-5)","background-image":"","background-repeat":"repeat","background-position":"center center","background-size":"auto","background-attachment":"scroll","background-type":"","background-media":"","overlay-type":"","overlay-color":"","overlay-opacity":"","overlay-gradient":""},"tablet":{"background-color":"var(--ast-global-color-5)","background-image":"","background-repeat":"repeat","background-position":"center center","background-size":"auto","background-attachment":"scroll","background-type":"","background-media":"","overlay-type":"","overlay-color":"","overlay-opacity":"","overlay-gradient":""},"mobile":{"background-color":"var(--ast-global-color-5)","background-image":"","background-repeat":"repeat","background-position":"center center","background-size":"auto","background-attachment":"scroll","background-type":"","background-media":"","overlay-type":"","overlay-color":"","overlay-opacity":"","overlay-gradient":""}},"footnotes":""},"_links":{"self":[{"href":"https:\/\/acervo.coisadecinema.com.br\/panlab2020\/wp-json\/wp\/v2\/pages\/327"}],"collection":[{"href":"https:\/\/acervo.coisadecinema.com.br\/panlab2020\/wp-json\/wp\/v2\/pages"}],"about":[{"href":"https:\/\/acervo.coisadecinema.com.br\/panlab2020\/wp-json\/wp\/v2\/types\/page"}],"author":[{"embeddable":true,"href":"https:\/\/acervo.coisadecinema.com.br\/panlab2020\/wp-json\/wp\/v2\/users\/1"}],"replies":[{"embeddable":true,"href":"https:\/\/acervo.coisadecinema.com.br\/panlab2020\/wp-json\/wp\/v2\/comments?post=327"}],"version-history":[{"count":13,"href":"https:\/\/acervo.coisadecinema.com.br\/panlab2020\/wp-json\/wp\/v2\/pages\/327\/revisions"}],"predecessor-version":[{"id":621,"href":"https:\/\/acervo.coisadecinema.com.br\/panlab2020\/wp-json\/wp\/v2\/pages\/327\/revisions\/621"}],"wp:attachment":[{"href":"https:\/\/acervo.coisadecinema.com.br\/panlab2020\/wp-json\/wp\/v2\/media?parent=327"}],"curies":[{"name":"wp","href":"https:\/\/api.w.org\/{rel}","templated":true}]}}