{"id":273,"date":"2020-05-07T07:10:55","date_gmt":"2020-05-07T10:10:55","guid":{"rendered":"http:\/\/panlabteste.coisadecinema.com.br\/?page_id=273"},"modified":"2020-10-24T01:06:56","modified_gmt":"2020-10-24T03:06:56","slug":"sobre","status":"publish","type":"page","link":"https:\/\/acervo.coisadecinema.com.br\/panlab2020\/sobre\/","title":{"rendered":"Sobre"},"content":{"rendered":"\t\t<div data-elementor-type=\"wp-page\" data-elementor-id=\"273\" class=\"elementor elementor-273\">\n\t\t\t\t\t\t<section class=\"elementor-section elementor-top-section elementor-element elementor-element-868ee6f elementor-section-content-top elementor-section-full_width elementor-section-height-default elementor-section-height-default\" data-id=\"868ee6f\" data-element_type=\"section\">\n\t\t\t\t\t\t\t<div class=\"elementor-background-overlay\"><\/div>\n\t\t\t\t\t\t\t<div class=\"elementor-container elementor-column-gap-no\">\n\t\t\t\t\t<div class=\"elementor-column elementor-col-100 elementor-top-column elementor-element elementor-element-c0dd7a2\" data-id=\"c0dd7a2\" data-element_type=\"column\">\n\t\t\t<div class=\"elementor-widget-wrap elementor-element-populated\">\n\t\t\t\t\t\t<div class=\"elementor-element elementor-element-c7bec90 elementor-widget elementor-widget-heading\" data-id=\"c7bec90\" data-element_type=\"widget\" data-widget_type=\"heading.default\">\n\t\t\t\t<div class=\"elementor-widget-container\">\n\t\t\t<h1 class=\"elementor-heading-title elementor-size-default\">Sobre<\/h1>\t\t<\/div>\n\t\t\t\t<\/div>\n\t\t\t\t<div class=\"elementor-element elementor-element-6543e8b elementor-widget-divider--view-line elementor-widget elementor-widget-divider\" data-id=\"6543e8b\" data-element_type=\"widget\" data-widget_type=\"divider.default\">\n\t\t\t\t<div class=\"elementor-widget-container\">\n\t\t\t\t\t<div class=\"elementor-divider\">\n\t\t\t<span class=\"elementor-divider-separator\">\n\t\t\t\t\t\t<\/span>\n\t\t<\/div>\n\t\t\t\t<\/div>\n\t\t\t\t<\/div>\n\t\t\t\t\t<\/div>\n\t\t<\/div>\n\t\t\t\t\t<\/div>\n\t\t<\/section>\n\t\t\t\t<section class=\"elementor-section elementor-top-section elementor-element elementor-element-1b1f0e4 elementor-section-height-full elementor-section-boxed elementor-section-height-default elementor-section-items-middle\" data-id=\"1b1f0e4\" data-element_type=\"section\">\n\t\t\t\t\t\t<div class=\"elementor-container elementor-column-gap-no\">\n\t\t\t\t\t<div class=\"elementor-column elementor-col-100 elementor-top-column elementor-element elementor-element-c5180a0\" data-id=\"c5180a0\" data-element_type=\"column\">\n\t\t\t<div class=\"elementor-widget-wrap elementor-element-populated\">\n\t\t\t\t\t\t<div class=\"elementor-element elementor-element-8fa45f3 elementor-widget elementor-widget-heading\" data-id=\"8fa45f3\" data-element_type=\"widget\" data-widget_type=\"heading.default\">\n\t\t\t\t<div class=\"elementor-widget-container\">\n\t\t\t<h4 class=\"elementor-heading-title elementor-size-default\">O PANLAB - Laborat\u00f3rios do Panorama, surgiu em 2013 como um desdobramento do Panorama\nInternacional Coisa de Cinema, e, desde ent\u00e3o, acontece anualmente na cidade de Salvador,\nBahia. No ano de 2020, o projeto completar\u00e1 oito edi\u00e7\u00f5es.<\/h4>\t\t<\/div>\n\t\t\t\t<\/div>\n\t\t\t\t<div class=\"elementor-element elementor-element-c7de095 elementor-widget elementor-widget-text-editor\" data-id=\"c7de095\" data-element_type=\"widget\" data-widget_type=\"text-editor.default\">\n\t\t\t\t<div class=\"elementor-widget-container\">\n\t\t\t\t\t\t\t<p>O PANLAB oferece, desde a sua primeira edi\u00e7\u00e3o, um laborat\u00f3rio de roteiro voltado para projetos<br \/>de longa e curta-metragem de fic\u00e7\u00e3o de autores baianos ou residentes no estado. O projeto se<br \/>prop\u00f5e a ser um espa\u00e7o de consultoria dos roteiros selecionados. Tais consultorias s\u00e3o dadas,<br \/>individualmente, por tr\u00eas profissionais com reconhecida experi\u00eancia na \u00e1rea. Assim, cada<br \/>roteirista ter\u00e1 tr\u00eas olhares e perspectivas diferentes sobre seu trabalho. As consultorias buscam<br \/>contribuir para o desenvolvimento da escrita criativa, de modo que os roteiros sejam<br \/>aperfei\u00e7oados antes da fase de produ\u00e7\u00e3o.\u00a0<\/p><p><br \/>Em 2018 foi realizado o primeiro laborat\u00f3rio de montagem, que encontra-se na sua terceira<br \/>edi\u00e7\u00e3o. O laborat\u00f3rio surgiu com o objetivo de oferecer aos montadores e diretores dos filmes<br \/>selecionados uma consultoria de montagem a partir de um corte estruturado das obras de modo<br \/>a aprimorar os processos narrativos e estruturais do trabalho de montagem. Podem ser inscritos<br \/>no laborat\u00f3rio, filmes de longa-metragem de qualquer g\u00eanero, de qualquer parte do pa\u00eds, desde<br \/>que ainda n\u00e3o estejam finalizados, n\u00e3o possuam CPB (Certificado de Produto Brasileiro) e n\u00e3o<br \/>tenham estreado em festivais e\/ou circuito comercial de exibi\u00e7\u00e3o.<\/p><p><br \/>Em 2020, o PANLAB ir\u00e1 agregar, al\u00e9m dos laborat\u00f3rios, outras duas a\u00e7\u00f5es formativas: oficina de<br \/>roteiro e oficina de cr\u00edtica.\u00a0 Assim, amplia-se o potencial de forma\u00e7\u00e3o e qualifica\u00e7\u00e3o da cadeia<br \/>produtiva e criativa do cinema, uma vez que o projeto atuar\u00e1 tanto no aprimoramento de<br \/>projetos (laborat\u00f3rios) quanto na capacita\u00e7\u00e3o de profissionais do setor (oficinas).<br \/>Abaixo, um hist\u00f3rico em ordem cronol\u00f3gica decrescente dos projetos selecionados para<br \/>participar em edi\u00e7\u00f5es anteriores do PANLAB.<\/p>\t\t\t\t\t\t<\/div>\n\t\t\t\t<\/div>\n\t\t\t\t\t<\/div>\n\t\t<\/div>\n\t\t\t\t\t<\/div>\n\t\t<\/section>\n\t\t\t\t<section class=\"elementor-section elementor-top-section elementor-element elementor-element-e5010bb elementor-section-boxed elementor-section-height-default elementor-section-height-default\" data-id=\"e5010bb\" data-element_type=\"section\">\n\t\t\t\t\t\t<div class=\"elementor-container elementor-column-gap-default\">\n\t\t\t\t\t<div class=\"elementor-column elementor-col-100 elementor-top-column elementor-element elementor-element-25fe64c\" data-id=\"25fe64c\" data-element_type=\"column\">\n\t\t\t<div class=\"elementor-widget-wrap elementor-element-populated\">\n\t\t\t\t\t\t<div class=\"elementor-element elementor-element-d0c2a82 elementor-widget elementor-widget-image\" data-id=\"d0c2a82\" data-element_type=\"widget\" data-widget_type=\"image.default\">\n\t\t\t\t<div class=\"elementor-widget-container\">\n\t\t\t\t\t\t\t\t\t\t\t\t\t<img fetchpriority=\"high\" decoding=\"async\" width=\"1024\" height=\"180\" src=\"https:\/\/acervo.coisadecinema.com.br\/panlab2020\/wp-content\/uploads\/2020\/10\/rodape-1024x180.png\" class=\"attachment-large size-large wp-image-374\" alt=\"\" srcset=\"https:\/\/acervo.coisadecinema.com.br\/panlab2020\/wp-content\/uploads\/2020\/10\/rodape-1024x180.png 1024w, https:\/\/acervo.coisadecinema.com.br\/panlab2020\/wp-content\/uploads\/2020\/10\/rodape-300x53.png 300w, https:\/\/acervo.coisadecinema.com.br\/panlab2020\/wp-content\/uploads\/2020\/10\/rodape-768x135.png 768w, https:\/\/acervo.coisadecinema.com.br\/panlab2020\/wp-content\/uploads\/2020\/10\/rodape-1536x269.png 1536w, https:\/\/acervo.coisadecinema.com.br\/panlab2020\/wp-content\/uploads\/2020\/10\/rodape-2048x359.png 2048w\" sizes=\"(max-width: 1024px) 100vw, 1024px\" \/>\t\t\t\t\t\t\t\t\t\t\t\t\t<\/div>\n\t\t\t\t<\/div>\n\t\t\t\t\t<\/div>\n\t\t<\/div>\n\t\t\t\t\t<\/div>\n\t\t<\/section>\n\t\t\t\t<\/div>\n\t\t","protected":false},"excerpt":{"rendered":"<p>Sobre O PANLAB &#8211; Laborat\u00f3rios do Panorama, surgiu em 2013 como um desdobramento do Panorama Internacional Coisa de Cinema, e, desde ent\u00e3o, acontece anualmente na cidade de Salvador, Bahia. No ano de 2020, o projeto completar\u00e1 oito edi\u00e7\u00f5es. O PANLAB oferece, desde a sua primeira edi\u00e7\u00e3o, um laborat\u00f3rio de roteiro voltado para projetosde longa e [&hellip;]<\/p>\n","protected":false},"author":1,"featured_media":0,"parent":0,"menu_order":0,"comment_status":"closed","ping_status":"closed","template":"","meta":{"site-sidebar-layout":"no-sidebar","site-content-layout":"page-builder","ast-site-content-layout":"","site-content-style":"default","site-sidebar-style":"default","ast-global-header-display":"","ast-banner-title-visibility":"","ast-main-header-display":"","ast-hfb-above-header-display":"","ast-hfb-below-header-display":"","ast-hfb-mobile-header-display":"","site-post-title":"disabled","ast-breadcrumbs-content":"disabled","ast-featured-img":"disabled","footer-sml-layout":"","theme-transparent-header-meta":"enabled","adv-header-id-meta":"","stick-header-meta":"","header-above-stick-meta":"","header-main-stick-meta":"","header-below-stick-meta":"","astra-migrate-meta-layouts":"default","ast-page-background-enabled":"default","ast-page-background-meta":{"desktop":{"background-color":"var(--ast-global-color-4)","background-image":"","background-repeat":"repeat","background-position":"center center","background-size":"auto","background-attachment":"scroll","background-type":"","background-media":"","overlay-type":"","overlay-color":"","overlay-opacity":"","overlay-gradient":""},"tablet":{"background-color":"","background-image":"","background-repeat":"repeat","background-position":"center center","background-size":"auto","background-attachment":"scroll","background-type":"","background-media":"","overlay-type":"","overlay-color":"","overlay-opacity":"","overlay-gradient":""},"mobile":{"background-color":"","background-image":"","background-repeat":"repeat","background-position":"center center","background-size":"auto","background-attachment":"scroll","background-type":"","background-media":"","overlay-type":"","overlay-color":"","overlay-opacity":"","overlay-gradient":""}},"ast-content-background-meta":{"desktop":{"background-color":"var(--ast-global-color-5)","background-image":"","background-repeat":"repeat","background-position":"center center","background-size":"auto","background-attachment":"scroll","background-type":"","background-media":"","overlay-type":"","overlay-color":"","overlay-opacity":"","overlay-gradient":""},"tablet":{"background-color":"var(--ast-global-color-5)","background-image":"","background-repeat":"repeat","background-position":"center center","background-size":"auto","background-attachment":"scroll","background-type":"","background-media":"","overlay-type":"","overlay-color":"","overlay-opacity":"","overlay-gradient":""},"mobile":{"background-color":"var(--ast-global-color-5)","background-image":"","background-repeat":"repeat","background-position":"center center","background-size":"auto","background-attachment":"scroll","background-type":"","background-media":"","overlay-type":"","overlay-color":"","overlay-opacity":"","overlay-gradient":""}},"footnotes":""},"_links":{"self":[{"href":"https:\/\/acervo.coisadecinema.com.br\/panlab2020\/wp-json\/wp\/v2\/pages\/273"}],"collection":[{"href":"https:\/\/acervo.coisadecinema.com.br\/panlab2020\/wp-json\/wp\/v2\/pages"}],"about":[{"href":"https:\/\/acervo.coisadecinema.com.br\/panlab2020\/wp-json\/wp\/v2\/types\/page"}],"author":[{"embeddable":true,"href":"https:\/\/acervo.coisadecinema.com.br\/panlab2020\/wp-json\/wp\/v2\/users\/1"}],"replies":[{"embeddable":true,"href":"https:\/\/acervo.coisadecinema.com.br\/panlab2020\/wp-json\/wp\/v2\/comments?post=273"}],"version-history":[{"count":15,"href":"https:\/\/acervo.coisadecinema.com.br\/panlab2020\/wp-json\/wp\/v2\/pages\/273\/revisions"}],"predecessor-version":[{"id":485,"href":"https:\/\/acervo.coisadecinema.com.br\/panlab2020\/wp-json\/wp\/v2\/pages\/273\/revisions\/485"}],"wp:attachment":[{"href":"https:\/\/acervo.coisadecinema.com.br\/panlab2020\/wp-json\/wp\/v2\/media?parent=273"}],"curies":[{"name":"wp","href":"https:\/\/api.w.org\/{rel}","templated":true}]}}