{"id":14,"date":"2020-05-07T07:10:07","date_gmt":"2020-05-07T07:10:07","guid":{"rendered":"http:\/\/panlabteste.coisadecinema.com.br\/?page_id=14"},"modified":"2020-11-24T00:22:36","modified_gmt":"2020-11-24T02:22:36","slug":"home","status":"publish","type":"page","link":"https:\/\/acervo.coisadecinema.com.br\/panlab2020\/","title":{"rendered":"Home"},"content":{"rendered":"\t\t<div data-elementor-type=\"wp-page\" data-elementor-id=\"14\" class=\"elementor elementor-14\">\n\t\t\t\t\t\t<section class=\"elementor-section elementor-top-section elementor-element elementor-element-00f1bbe elementor-section-content-top elementor-section-boxed elementor-section-height-default elementor-section-height-default\" data-id=\"00f1bbe\" data-element_type=\"section\">\n\t\t\t\t\t\t<div class=\"elementor-container elementor-column-gap-no\">\n\t\t\t\t\t<div class=\"elementor-column elementor-col-50 elementor-top-column elementor-element elementor-element-e90723c\" data-id=\"e90723c\" data-element_type=\"column\">\n\t\t\t<div class=\"elementor-widget-wrap elementor-element-populated\">\n\t\t\t\t\t\t<div class=\"elementor-element elementor-element-b67360d elementor-widget elementor-widget-heading\" data-id=\"b67360d\" data-element_type=\"widget\" data-widget_type=\"heading.default\">\n\t\t\t\t<div class=\"elementor-widget-container\">\n\t\t\t<h1 class=\"elementor-heading-title elementor-size-default\">PANLAB\n2020<\/h1>\t\t<\/div>\n\t\t\t\t<\/div>\n\t\t\t\t<div class=\"elementor-element elementor-element-61e5f9c elementor-widget elementor-widget-heading\" data-id=\"61e5f9c\" data-element_type=\"widget\" data-widget_type=\"heading.default\">\n\t\t\t\t<div class=\"elementor-widget-container\">\n\t\t\t<h4 class=\"elementor-heading-title elementor-size-default\">O PANLAB \u00e9 respons\u00e1vel pela implementa\u00e7\u00e3o, de modo pioneiro no\nestado da Bahia, de um trabalho de consultoria de projeto que tem o\nobjetivo de contribuir com o desenvolvimento do cen\u00e1rio audiovisual local\ne nacional.<\/h4>\t\t<\/div>\n\t\t\t\t<\/div>\n\t\t\t\t<div class=\"elementor-element elementor-element-cd9ad8c elementor-widget-divider--view-line elementor-widget elementor-widget-divider\" data-id=\"cd9ad8c\" data-element_type=\"widget\" data-widget_type=\"divider.default\">\n\t\t\t\t<div class=\"elementor-widget-container\">\n\t\t\t\t\t<div class=\"elementor-divider\">\n\t\t\t<span class=\"elementor-divider-separator\">\n\t\t\t\t\t\t<\/span>\n\t\t<\/div>\n\t\t\t\t<\/div>\n\t\t\t\t<\/div>\n\t\t\t\t<div class=\"elementor-element elementor-element-0dd09ba elementor-tablet-align-center elementor-widget elementor-widget-button\" data-id=\"0dd09ba\" data-element_type=\"widget\" data-widget_type=\"button.default\">\n\t\t\t\t<div class=\"elementor-widget-container\">\n\t\t\t\t\t<div class=\"elementor-button-wrapper\">\n\t\t\t<a class=\"elementor-button elementor-button-link elementor-size-sm\" href=\"http:\/\/coisadecinema.com.br\/panlab\/sobre\/\">\n\t\t\t\t\t\t<span class=\"elementor-button-content-wrapper\">\n\t\t\t\t\t\t\t\t\t<span class=\"elementor-button-text\">Saiba mais<\/span>\n\t\t\t\t\t<\/span>\n\t\t\t\t\t<\/a>\n\t\t<\/div>\n\t\t\t\t<\/div>\n\t\t\t\t<\/div>\n\t\t\t\t\t<\/div>\n\t\t<\/div>\n\t\t\t\t<div class=\"elementor-column elementor-col-50 elementor-top-column elementor-element elementor-element-3454e1b\" data-id=\"3454e1b\" data-element_type=\"column\">\n\t\t\t<div class=\"elementor-widget-wrap elementor-element-populated\">\n\t\t\t\t\t\t<div class=\"elementor-element elementor-element-876a1c6 elementor-widget elementor-widget-image\" data-id=\"876a1c6\" data-element_type=\"widget\" data-widget_type=\"image.default\">\n\t\t\t\t<div class=\"elementor-widget-container\">\n\t\t\t\t\t\t\t\t\t\t\t\t\t<img fetchpriority=\"high\" decoding=\"async\" width=\"600\" height=\"600\" src=\"https:\/\/acervo.coisadecinema.com.br\/panlab2020\/wp-content\/uploads\/2020\/10\/logo-2020.jpg\" class=\"attachment-full size-full wp-image-523\" alt=\"\" srcset=\"https:\/\/acervo.coisadecinema.com.br\/panlab2020\/wp-content\/uploads\/2020\/10\/logo-2020.jpg 600w, https:\/\/acervo.coisadecinema.com.br\/panlab2020\/wp-content\/uploads\/2020\/10\/logo-2020-300x300.jpg 300w, https:\/\/acervo.coisadecinema.com.br\/panlab2020\/wp-content\/uploads\/2020\/10\/logo-2020-150x150.jpg 150w\" sizes=\"(max-width: 600px) 100vw, 600px\" \/>\t\t\t\t\t\t\t\t\t\t\t\t\t<\/div>\n\t\t\t\t<\/div>\n\t\t\t\t\t<\/div>\n\t\t<\/div>\n\t\t\t\t\t<\/div>\n\t\t<\/section>\n\t\t\t\t<section class=\"elementor-section elementor-top-section elementor-element elementor-element-c3882d7 elementor-section-boxed elementor-section-height-default elementor-section-height-default\" data-id=\"c3882d7\" data-element_type=\"section\">\n\t\t\t\t\t\t<div class=\"elementor-container elementor-column-gap-default\">\n\t\t\t\t\t<div class=\"elementor-column elementor-col-100 elementor-top-column elementor-element elementor-element-fef6243\" data-id=\"fef6243\" data-element_type=\"column\">\n\t\t\t<div class=\"elementor-widget-wrap elementor-element-populated\">\n\t\t\t\t\t\t<div class=\"elementor-element elementor-element-5248118 elementor-widget elementor-widget-text-editor\" data-id=\"5248118\" data-element_type=\"widget\" data-widget_type=\"text-editor.default\">\n\t\t\t\t<div class=\"elementor-widget-container\">\n\t\t\t\t\t\t\t<p>\u00a0<\/p><p>\u00a0<\/p><p>\u00a0<\/p>\t\t\t\t\t\t<\/div>\n\t\t\t\t<\/div>\n\t\t\t\t<div class=\"elementor-element elementor-element-c9b269c elementor-widget elementor-widget-heading\" data-id=\"c9b269c\" data-element_type=\"widget\" data-widget_type=\"heading.default\">\n\t\t\t\t<div class=\"elementor-widget-container\">\n\t\t\t<h2 class=\"elementor-heading-title elementor-size-default\">Nossos Especialistas<\/h2>\t\t<\/div>\n\t\t\t\t<\/div>\n\t\t\t\t\t<\/div>\n\t\t<\/div>\n\t\t\t\t\t<\/div>\n\t\t<\/section>\n\t\t\t\t<section class=\"elementor-section elementor-top-section elementor-element elementor-element-99ca33f elementor-section-boxed elementor-section-height-default elementor-section-height-default\" data-id=\"99ca33f\" data-element_type=\"section\">\n\t\t\t\t\t\t<div class=\"elementor-container elementor-column-gap-default\">\n\t\t\t\t\t<div class=\"elementor-column elementor-col-100 elementor-top-column elementor-element elementor-element-c7b07af\" data-id=\"c7b07af\" data-element_type=\"column\">\n\t\t\t<div class=\"elementor-widget-wrap elementor-element-populated\">\n\t\t\t\t\t\t<div class=\"elementor-element elementor-element-5dbb0a0 elementor-arrows-position-inside elementor-pagination-position-outside elementor-widget elementor-widget-image-carousel\" data-id=\"5dbb0a0\" data-element_type=\"widget\" data-settings=\"{&quot;autoplay_speed&quot;:2000,&quot;navigation&quot;:&quot;both&quot;,&quot;autoplay&quot;:&quot;yes&quot;,&quot;pause_on_hover&quot;:&quot;yes&quot;,&quot;pause_on_interaction&quot;:&quot;yes&quot;,&quot;infinite&quot;:&quot;yes&quot;,&quot;speed&quot;:500}\" data-widget_type=\"image-carousel.default\">\n\t\t\t\t<div class=\"elementor-widget-container\">\n\t\t\t\t\t<div class=\"elementor-image-carousel-wrapper swiper\" dir=\"ltr\">\n\t\t\t<div class=\"elementor-image-carousel swiper-wrapper\" aria-live=\"off\">\n\t\t\t\t\t\t\t\t<div class=\"swiper-slide\" role=\"group\" aria-roledescription=\"slide\" aria-label=\"1 de 6\"><a data-elementor-open-lightbox=\"yes\" data-elementor-lightbox-slideshow=\"5dbb0a0\" data-elementor-lightbox-title=\"camila\" data-e-action-hash=\"#elementor-action%3Aaction%3Dlightbox%26settings%3DeyJpZCI6MzQ4LCJ1cmwiOiJodHRwczpcL1wvYWNlcnZvLmNvaXNhZGVjaW5lbWEuY29tLmJyXC9wYW5sYWIyMDIwXC93cC1jb250ZW50XC91cGxvYWRzXC8yMDIwXC8xMFwvY2FtaWxhLmpwZyIsInNsaWRlc2hvdyI6IjVkYmIwYTAifQ%3D%3D\" href=\"https:\/\/acervo.coisadecinema.com.br\/panlab2020\/wp-content\/uploads\/2020\/10\/camila.jpg\"><figure class=\"swiper-slide-inner\"><img decoding=\"async\" class=\"swiper-slide-image\" src=\"https:\/\/acervo.coisadecinema.com.br\/panlab2020\/wp-content\/uploads\/2020\/10\/camila-300x300.jpg\" alt=\"camila\" \/><\/figure><\/a><\/div><div class=\"swiper-slide\" role=\"group\" aria-roledescription=\"slide\" aria-label=\"2 de 6\"><a data-elementor-open-lightbox=\"yes\" data-elementor-lightbox-slideshow=\"5dbb0a0\" data-elementor-lightbox-title=\"felipe\" data-e-action-hash=\"#elementor-action%3Aaction%3Dlightbox%26settings%3DeyJpZCI6MzUwLCJ1cmwiOiJodHRwczpcL1wvYWNlcnZvLmNvaXNhZGVjaW5lbWEuY29tLmJyXC9wYW5sYWIyMDIwXC93cC1jb250ZW50XC91cGxvYWRzXC8yMDIwXC8xMFwvZmVsaXBlLmpwZyIsInNsaWRlc2hvdyI6IjVkYmIwYTAifQ%3D%3D\" href=\"https:\/\/acervo.coisadecinema.com.br\/panlab2020\/wp-content\/uploads\/2020\/10\/felipe.jpg\"><figure class=\"swiper-slide-inner\"><img decoding=\"async\" class=\"swiper-slide-image\" src=\"https:\/\/acervo.coisadecinema.com.br\/panlab2020\/wp-content\/uploads\/2020\/10\/felipe-300x300.jpg\" alt=\"felipe\" \/><\/figure><\/a><\/div><div class=\"swiper-slide\" role=\"group\" aria-roledescription=\"slide\" aria-label=\"3 de 6\"><a data-elementor-open-lightbox=\"yes\" data-elementor-lightbox-slideshow=\"5dbb0a0\" data-elementor-lightbox-title=\"joana\" data-e-action-hash=\"#elementor-action%3Aaction%3Dlightbox%26settings%3DeyJpZCI6MzUxLCJ1cmwiOiJodHRwczpcL1wvYWNlcnZvLmNvaXNhZGVjaW5lbWEuY29tLmJyXC9wYW5sYWIyMDIwXC93cC1jb250ZW50XC91cGxvYWRzXC8yMDIwXC8xMFwvam9hbmEuanBnIiwic2xpZGVzaG93IjoiNWRiYjBhMCJ9\" href=\"https:\/\/acervo.coisadecinema.com.br\/panlab2020\/wp-content\/uploads\/2020\/10\/joana.jpg\"><figure class=\"swiper-slide-inner\"><img decoding=\"async\" class=\"swiper-slide-image\" src=\"https:\/\/acervo.coisadecinema.com.br\/panlab2020\/wp-content\/uploads\/2020\/10\/joana-300x300.jpg\" alt=\"joana\" \/><\/figure><\/a><\/div><div class=\"swiper-slide\" role=\"group\" aria-roledescription=\"slide\" aria-label=\"4 de 6\"><a data-elementor-open-lightbox=\"yes\" data-elementor-lightbox-slideshow=\"5dbb0a0\" data-elementor-lightbox-title=\"viviane\" data-e-action-hash=\"#elementor-action%3Aaction%3Dlightbox%26settings%3DeyJpZCI6MzUyLCJ1cmwiOiJodHRwczpcL1wvYWNlcnZvLmNvaXNhZGVjaW5lbWEuY29tLmJyXC9wYW5sYWIyMDIwXC93cC1jb250ZW50XC91cGxvYWRzXC8yMDIwXC8xMFwvdml2aWFuZS5qcGciLCJzbGlkZXNob3ciOiI1ZGJiMGEwIn0%3D\" href=\"https:\/\/acervo.coisadecinema.com.br\/panlab2020\/wp-content\/uploads\/2020\/10\/viviane.jpg\"><figure class=\"swiper-slide-inner\"><img decoding=\"async\" class=\"swiper-slide-image\" src=\"https:\/\/acervo.coisadecinema.com.br\/panlab2020\/wp-content\/uploads\/2020\/10\/viviane-300x300.jpg\" alt=\"viviane\" \/><\/figure><\/a><\/div><div class=\"swiper-slide\" role=\"group\" aria-roledescription=\"slide\" aria-label=\"5 de 6\"><a data-elementor-open-lightbox=\"yes\" data-elementor-lightbox-slideshow=\"5dbb0a0\" data-elementor-lightbox-title=\"card aleksei\" data-e-action-hash=\"#elementor-action%3Aaction%3Dlightbox%26settings%3DeyJpZCI6NDE1LCJ1cmwiOiJodHRwczpcL1wvYWNlcnZvLmNvaXNhZGVjaW5lbWEuY29tLmJyXC9wYW5sYWIyMDIwXC93cC1jb250ZW50XC91cGxvYWRzXC8yMDIwXC8xMFwvY2FyZC1hbGVrc2VpLmpwZyIsInNsaWRlc2hvdyI6IjVkYmIwYTAifQ%3D%3D\" href=\"https:\/\/acervo.coisadecinema.com.br\/panlab2020\/wp-content\/uploads\/2020\/10\/card-aleksei.jpg\"><figure class=\"swiper-slide-inner\"><img decoding=\"async\" class=\"swiper-slide-image\" src=\"https:\/\/acervo.coisadecinema.com.br\/panlab2020\/wp-content\/uploads\/2020\/10\/card-aleksei-300x300.jpg\" alt=\"card aleksei\" \/><\/figure><\/a><\/div><div class=\"swiper-slide\" role=\"group\" aria-roledescription=\"slide\" aria-label=\"6 de 6\"><a data-elementor-open-lightbox=\"yes\" data-elementor-lightbox-slideshow=\"5dbb0a0\" data-elementor-lightbox-title=\"card cau\" data-e-action-hash=\"#elementor-action%3Aaction%3Dlightbox%26settings%3DeyJpZCI6NTU5LCJ1cmwiOiJodHRwczpcL1wvYWNlcnZvLmNvaXNhZGVjaW5lbWEuY29tLmJyXC9wYW5sYWIyMDIwXC93cC1jb250ZW50XC91cGxvYWRzXC8yMDIwXC8xMVwvY2FyZC1jYXUuanBnIiwic2xpZGVzaG93IjoiNWRiYjBhMCJ9\" href=\"https:\/\/acervo.coisadecinema.com.br\/panlab2020\/wp-content\/uploads\/2020\/11\/card-cau.jpg\"><figure class=\"swiper-slide-inner\"><img decoding=\"async\" class=\"swiper-slide-image\" src=\"https:\/\/acervo.coisadecinema.com.br\/panlab2020\/wp-content\/uploads\/2020\/11\/card-cau-300x300.jpg\" alt=\"card cau\" \/><\/figure><\/a><\/div>\t\t\t<\/div>\n\t\t\t\t\t\t\t\t\t\t\t\t<div class=\"elementor-swiper-button elementor-swiper-button-prev\" role=\"button\" tabindex=\"0\">\n\t\t\t\t\t\t<i aria-hidden=\"true\" class=\"eicon-chevron-left\"><\/i>\t\t\t\t\t<\/div>\n\t\t\t\t\t<div class=\"elementor-swiper-button elementor-swiper-button-next\" role=\"button\" tabindex=\"0\">\n\t\t\t\t\t\t<i aria-hidden=\"true\" class=\"eicon-chevron-right\"><\/i>\t\t\t\t\t<\/div>\n\t\t\t\t\n\t\t\t\t\t\t\t\t\t<div class=\"swiper-pagination\"><\/div>\n\t\t\t\t\t\t\t\t\t<\/div>\n\t\t\t\t<\/div>\n\t\t\t\t<\/div>\n\t\t\t\t\t<\/div>\n\t\t<\/div>\n\t\t\t\t\t<\/div>\n\t\t<\/section>\n\t\t\t\t<section class=\"elementor-section elementor-top-section elementor-element elementor-element-eeb35c8 elementor-section-boxed elementor-section-height-default elementor-section-height-default\" data-id=\"eeb35c8\" data-element_type=\"section\" data-settings=\"{&quot;background_background&quot;:&quot;classic&quot;}\">\n\t\t\t\t\t\t<div class=\"elementor-container elementor-column-gap-no\">\n\t\t\t\t\t<div class=\"elementor-column elementor-col-100 elementor-top-column elementor-element elementor-element-aee18cc\" data-id=\"aee18cc\" data-element_type=\"column\">\n\t\t\t<div class=\"elementor-widget-wrap elementor-element-populated\">\n\t\t\t\t\t\t<section class=\"elementor-section elementor-inner-section elementor-element elementor-element-af9b13c elementor-section-boxed elementor-section-height-default elementor-section-height-default\" data-id=\"af9b13c\" data-element_type=\"section\">\n\t\t\t\t\t\t<div class=\"elementor-container elementor-column-gap-no\">\n\t\t\t\t\t<div class=\"elementor-column elementor-col-100 elementor-inner-column elementor-element elementor-element-3b20af2\" data-id=\"3b20af2\" data-element_type=\"column\">\n\t\t\t<div class=\"elementor-widget-wrap elementor-element-populated\">\n\t\t\t\t\t\t<div class=\"elementor-element elementor-element-cf733d2 elementor-widget elementor-widget-heading\" data-id=\"cf733d2\" data-element_type=\"widget\" data-widget_type=\"heading.default\">\n\t\t\t\t<div class=\"elementor-widget-container\">\n\t\t\t<h2 class=\"elementor-heading-title elementor-size-default\">Laborat\u00f3rios e Oficinas<\/h2>\t\t<\/div>\n\t\t\t\t<\/div>\n\t\t\t\t<div class=\"elementor-element elementor-element-f85b672 elementor-widget-divider--view-line elementor-widget elementor-widget-divider\" data-id=\"f85b672\" data-element_type=\"widget\" data-widget_type=\"divider.default\">\n\t\t\t\t<div class=\"elementor-widget-container\">\n\t\t\t\t\t<div class=\"elementor-divider\">\n\t\t\t<span class=\"elementor-divider-separator\">\n\t\t\t\t\t\t<\/span>\n\t\t<\/div>\n\t\t\t\t<\/div>\n\t\t\t\t<\/div>\n\t\t\t\t\t<\/div>\n\t\t<\/div>\n\t\t\t\t\t<\/div>\n\t\t<\/section>\n\t\t\t\t<section class=\"elementor-section elementor-inner-section elementor-element elementor-element-d340b00 elementor-section-boxed elementor-section-height-default elementor-section-height-default\" data-id=\"d340b00\" data-element_type=\"section\">\n\t\t\t\t\t\t<div class=\"elementor-container elementor-column-gap-no\">\n\t\t\t\t\t<div class=\"elementor-column elementor-col-100 elementor-inner-column elementor-element elementor-element-af47ce9\" data-id=\"af47ce9\" data-element_type=\"column\">\n\t\t\t<div class=\"elementor-widget-wrap elementor-element-populated\">\n\t\t\t\t\t\t<div class=\"elementor-element elementor-element-68d34de elementor-align-center elementor-widget__width-auto elementor-tablet-align-center elementor-widget elementor-widget-button\" data-id=\"68d34de\" data-element_type=\"widget\" data-widget_type=\"button.default\">\n\t\t\t\t<div class=\"elementor-widget-container\">\n\t\t\t\t\t<div class=\"elementor-button-wrapper\">\n\t\t\t<a class=\"elementor-button elementor-button-link elementor-size-sm\" href=\"http:\/\/coisadecinema.com.br\/panlab\/events\/\">\n\t\t\t\t\t\t<span class=\"elementor-button-content-wrapper\">\n\t\t\t\t\t\t\t\t\t<span class=\"elementor-button-text\">Laborat\u00f3rio Roteiro<\/span>\n\t\t\t\t\t<\/span>\n\t\t\t\t\t<\/a>\n\t\t<\/div>\n\t\t\t\t<\/div>\n\t\t\t\t<\/div>\n\t\t\t\t<div class=\"elementor-element elementor-element-fbf82e8 elementor-align-center elementor-widget__width-auto elementor-tablet-align-center elementor-widget elementor-widget-button\" data-id=\"fbf82e8\" data-element_type=\"widget\" data-widget_type=\"button.default\">\n\t\t\t\t<div class=\"elementor-widget-container\">\n\t\t\t\t\t<div class=\"elementor-button-wrapper\">\n\t\t\t<a class=\"elementor-button elementor-button-link elementor-size-sm\" href=\"http:\/\/coisadecinema.com.br\/panlab\/de-montagem\/\">\n\t\t\t\t\t\t<span class=\"elementor-button-content-wrapper\">\n\t\t\t\t\t\t\t\t\t<span class=\"elementor-button-text\">Laborat\u00f3rio Montagem<\/span>\n\t\t\t\t\t<\/span>\n\t\t\t\t\t<\/a>\n\t\t<\/div>\n\t\t\t\t<\/div>\n\t\t\t\t<\/div>\n\t\t\t\t<div class=\"elementor-element elementor-element-0746c2a elementor-align-center elementor-widget__width-auto elementor-widget elementor-widget-button\" data-id=\"0746c2a\" data-element_type=\"widget\" data-widget_type=\"button.default\">\n\t\t\t\t<div class=\"elementor-widget-container\">\n\t\t\t\t\t<div class=\"elementor-button-wrapper\">\n\t\t\t<a class=\"elementor-button elementor-button-link elementor-size-sm\" href=\"#\">\n\t\t\t\t\t\t<span class=\"elementor-button-content-wrapper\">\n\t\t\t\t\t\t\t\t\t<span class=\"elementor-button-text\">Oficina Roteiro<\/span>\n\t\t\t\t\t<\/span>\n\t\t\t\t\t<\/a>\n\t\t<\/div>\n\t\t\t\t<\/div>\n\t\t\t\t<\/div>\n\t\t\t\t<div class=\"elementor-element elementor-element-f3bc2e9 elementor-align-center elementor-widget__width-auto elementor-widget elementor-widget-button\" data-id=\"f3bc2e9\" data-element_type=\"widget\" data-widget_type=\"button.default\">\n\t\t\t\t<div class=\"elementor-widget-container\">\n\t\t\t\t\t<div class=\"elementor-button-wrapper\">\n\t\t\t<a class=\"elementor-button elementor-button-link elementor-size-sm\" href=\"http:\/\/coisadecinema.com.br\/panlab\/de-critica\/\">\n\t\t\t\t\t\t<span class=\"elementor-button-content-wrapper\">\n\t\t\t\t\t\t\t\t\t<span class=\"elementor-button-text\">Oficina de Cr\u00edtica<\/span>\n\t\t\t\t\t<\/span>\n\t\t\t\t\t<\/a>\n\t\t<\/div>\n\t\t\t\t<\/div>\n\t\t\t\t<\/div>\n\t\t\t\t\t<\/div>\n\t\t<\/div>\n\t\t\t\t\t<\/div>\n\t\t<\/section>\n\t\t\t\t\t<\/div>\n\t\t<\/div>\n\t\t\t\t\t<\/div>\n\t\t<\/section>\n\t\t\t\t<section class=\"elementor-section elementor-top-section elementor-element elementor-element-43eadb6 elementor-section-boxed elementor-section-height-default elementor-section-height-default\" data-id=\"43eadb6\" data-element_type=\"section\">\n\t\t\t\t\t\t<div class=\"elementor-container elementor-column-gap-default\">\n\t\t\t\t\t<div class=\"elementor-column elementor-col-100 elementor-top-column elementor-element elementor-element-2747070\" data-id=\"2747070\" data-element_type=\"column\">\n\t\t\t<div class=\"elementor-widget-wrap elementor-element-populated\">\n\t\t\t\t\t\t<div class=\"elementor-element elementor-element-e9126d1 elementor-widget elementor-widget-image\" data-id=\"e9126d1\" data-element_type=\"widget\" data-widget_type=\"image.default\">\n\t\t\t\t<div class=\"elementor-widget-container\">\n\t\t\t\t\t\t\t\t\t\t\t\t\t<img decoding=\"async\" width=\"1024\" height=\"126\" src=\"https:\/\/acervo.coisadecinema.com.br\/panlab2020\/wp-content\/uploads\/2020\/11\/rodape-3-1024x126.png\" class=\"attachment-large size-large wp-image-549\" alt=\"\" srcset=\"https:\/\/acervo.coisadecinema.com.br\/panlab2020\/wp-content\/uploads\/2020\/11\/rodape-3-1024x126.png 1024w, https:\/\/acervo.coisadecinema.com.br\/panlab2020\/wp-content\/uploads\/2020\/11\/rodape-3-300x37.png 300w, https:\/\/acervo.coisadecinema.com.br\/panlab2020\/wp-content\/uploads\/2020\/11\/rodape-3-768x94.png 768w, https:\/\/acervo.coisadecinema.com.br\/panlab2020\/wp-content\/uploads\/2020\/11\/rodape-3-1536x189.png 1536w, https:\/\/acervo.coisadecinema.com.br\/panlab2020\/wp-content\/uploads\/2020\/11\/rodape-3.png 1571w\" sizes=\"(max-width: 1024px) 100vw, 1024px\" \/>\t\t\t\t\t\t\t\t\t\t\t\t\t<\/div>\n\t\t\t\t<\/div>\n\t\t\t\t\t<\/div>\n\t\t<\/div>\n\t\t\t\t\t<\/div>\n\t\t<\/section>\n\t\t\t\t<\/div>\n\t\t","protected":false},"excerpt":{"rendered":"<p>PANLAB 2020 O PANLAB \u00e9 respons\u00e1vel pela implementa\u00e7\u00e3o, de modo pioneiro no estado da Bahia, de um trabalho de consultoria de projeto que tem o objetivo de contribuir com o desenvolvimento do cen\u00e1rio audiovisual local e nacional. Saiba mais \u00a0 \u00a0 \u00a0 Nossos Especialistas Anterior Pr\u00f3ximo Laborat\u00f3rios e Oficinas Laborat\u00f3rio Roteiro Laborat\u00f3rio Montagem Oficina Roteiro [&hellip;]<\/p>\n","protected":false},"author":1,"featured_media":0,"parent":0,"menu_order":0,"comment_status":"closed","ping_status":"closed","template":"","meta":{"site-sidebar-layout":"no-sidebar","site-content-layout":"page-builder","ast-site-content-layout":"","site-content-style":"default","site-sidebar-style":"default","ast-global-header-display":"","ast-banner-title-visibility":"","ast-main-header-display":"","ast-hfb-above-header-display":"","ast-hfb-below-header-display":"","ast-hfb-mobile-header-display":"","site-post-title":"disabled","ast-breadcrumbs-content":"disabled","ast-featured-img":"disabled","footer-sml-layout":"","theme-transparent-header-meta":"enabled","adv-header-id-meta":"","stick-header-meta":"","header-above-stick-meta":"","header-main-stick-meta":"","header-below-stick-meta":"","astra-migrate-meta-layouts":"default","ast-page-background-enabled":"default","ast-page-background-meta":{"desktop":{"background-color":"var(--ast-global-color-4)","background-image":"","background-repeat":"repeat","background-position":"center center","background-size":"auto","background-attachment":"scroll","background-type":"","background-media":"","overlay-type":"","overlay-color":"","overlay-opacity":"","overlay-gradient":""},"tablet":{"background-color":"","background-image":"","background-repeat":"repeat","background-position":"center center","background-size":"auto","background-attachment":"scroll","background-type":"","background-media":"","overlay-type":"","overlay-color":"","overlay-opacity":"","overlay-gradient":""},"mobile":{"background-color":"","background-image":"","background-repeat":"repeat","background-position":"center center","background-size":"auto","background-attachment":"scroll","background-type":"","background-media":"","overlay-type":"","overlay-color":"","overlay-opacity":"","overlay-gradient":""}},"ast-content-background-meta":{"desktop":{"background-color":"var(--ast-global-color-5)","background-image":"","background-repeat":"repeat","background-position":"center center","background-size":"auto","background-attachment":"scroll","background-type":"","background-media":"","overlay-type":"","overlay-color":"","overlay-opacity":"","overlay-gradient":""},"tablet":{"background-color":"var(--ast-global-color-5)","background-image":"","background-repeat":"repeat","background-position":"center center","background-size":"auto","background-attachment":"scroll","background-type":"","background-media":"","overlay-type":"","overlay-color":"","overlay-opacity":"","overlay-gradient":""},"mobile":{"background-color":"var(--ast-global-color-5)","background-image":"","background-repeat":"repeat","background-position":"center center","background-size":"auto","background-attachment":"scroll","background-type":"","background-media":"","overlay-type":"","overlay-color":"","overlay-opacity":"","overlay-gradient":""}},"footnotes":""},"_links":{"self":[{"href":"https:\/\/acervo.coisadecinema.com.br\/panlab2020\/wp-json\/wp\/v2\/pages\/14"}],"collection":[{"href":"https:\/\/acervo.coisadecinema.com.br\/panlab2020\/wp-json\/wp\/v2\/pages"}],"about":[{"href":"https:\/\/acervo.coisadecinema.com.br\/panlab2020\/wp-json\/wp\/v2\/types\/page"}],"author":[{"embeddable":true,"href":"https:\/\/acervo.coisadecinema.com.br\/panlab2020\/wp-json\/wp\/v2\/users\/1"}],"replies":[{"embeddable":true,"href":"https:\/\/acervo.coisadecinema.com.br\/panlab2020\/wp-json\/wp\/v2\/comments?post=14"}],"version-history":[{"count":29,"href":"https:\/\/acervo.coisadecinema.com.br\/panlab2020\/wp-json\/wp\/v2\/pages\/14\/revisions"}],"predecessor-version":[{"id":562,"href":"https:\/\/acervo.coisadecinema.com.br\/panlab2020\/wp-json\/wp\/v2\/pages\/14\/revisions\/562"}],"wp:attachment":[{"href":"https:\/\/acervo.coisadecinema.com.br\/panlab2020\/wp-json\/wp\/v2\/media?parent=14"}],"curies":[{"name":"wp","href":"https:\/\/api.w.org\/{rel}","templated":true}]}}