{"id":60,"date":"2016-07-13T02:04:03","date_gmt":"2016-07-13T05:04:03","guid":{"rendered":"http:\/\/coisadecinema.com.br\/guerra-de-algodao\/?page_id=60"},"modified":"2016-07-13T02:04:03","modified_gmt":"2016-07-13T05:04:03","slug":"personagens","status":"publish","type":"page","link":"https:\/\/acervo.coisadecinema.com.br\/guerradoalgodao\/personagens\/","title":{"rendered":"Personagens"},"content":{"rendered":"<p><strong>Jo\u00e3o<\/strong>,\u00a011 anos, branco, cabelos pretos, olhos pequenos, tipo f\u00edsico mirrado que o faz parecer ter idade um pouco menor. Menino inteligente e perspicaz, verdadeiro estrategista, mas t\u00edmido. No come\u00e7o da hist\u00f3ria, ele est\u00e1 muito apegado aos pais, mas ir\u00e1 se soltar e se revelar\u00e1 de extrema for\u00e7a e coragem durante a guerra contra os meninos da rua de cima.<\/p>\n<p><strong>Lia<\/strong>, 12 anos, alta, esguia, negra, cabelos no estilo <em>black power<\/em>. Olhos vivos e vibrantes. L\u00edder nata, determinada, ela comanda meninos e meninas durante as brincadeiras no terreno baldio. Sua autoridade beira o autoritarismo. A rela\u00e7\u00e3o a ser constru\u00edda com Jo\u00e3o \u00e9 um dos pilares de\u00a0<em>Guerra de Algod\u00e3o<\/em>.<\/p>\n<p><strong>Clarice<\/strong>, 38 anos, branca, estatura mediana, cabelos longos, mas presos, quase sempre. Bem arrumada, Clarice \u00e9 elegante e muito carinhosa com o filho, Jo\u00e3o. Muito ligada, tamb\u00e9m, aos pais, Araqu\u00e9m e Diva. Parte em viagem com o marido e deixa Jo\u00e3o na casa dos av\u00f3s.<\/p>\n<p><strong>Araqu\u00e9m<\/strong>, 76 anos, poucos cabelos, barba e bigode j\u00e1 brancos, ele usa \u00f3culos. Possui casamento duradouro com a mulher, Diva, e uma bonita rela\u00e7\u00e3o com a filha, Clarice. Tenta fazer com que Jo\u00e3o se divirta em suas f\u00e9rias for\u00e7adas, longe dos pais. Leitor de livros de guerra, apaixonado por futebol, sobretudo pela sele\u00e7\u00e3o brasileira de 82, alem de apreciador de can\u00e1rios. Araqu\u00e9m est\u00e1 com sua sa\u00fade debilitada e ter\u00e1 participa\u00e7\u00e3o central nessa hist\u00f3ria.<\/p>\n<p><strong>Diva<\/strong>, 72 anos, cabelo tingido, nitidamente vaidosa e bem arrumada, cozinheira de m\u00e3o cheia, ordeira, d\u00e1 a base para a fam\u00edlia. Preocupada com a sa\u00fade do marido, Araqu\u00e9m, ela vai receber o neto com muito afeto, embora acabe ficando sempre muito preocupada com as andan\u00e7as e sumi\u00e7os que Jo\u00e3o vai aprontar nessas f\u00e9rias.<\/p>\n<p><strong>Ricardo<\/strong>, 11 anos, menino alto, forte, cabelo liso, pinta de gal\u00e3. \u00c9 o primeiro a receber Jo\u00e3o no condom\u00ednio, mas acaba se aborrecendo com a liga\u00e7\u00e3o entre ele e Lia. Ricardo deseja tomar o lugar de Lia, mas, frustrado, acaba se tornando aliado dos meninos da rua de cima.<\/p>\n<p><strong>Chic\u00e3o,\u00a0<\/strong>13 anos, alto, menino parrudo, forte, com espinhas no rostos e de aspecto amea\u00e7ador. Ele vai liderar os meninos da rua de cima na invas\u00e3o ao terreno baldio. \u00c9 dele o termo \u201cGuerra de Algod\u00e3o\u201d, cunhado para achincalhar as propostas de estabelecer regras ao conflito por parte de Lia e Jo\u00e3o.<\/p>\n<p><strong>Zeno, <\/strong>6 anos, \u00e9 o mascote da turma de Jo\u00e3o e Lia. Detesta ser considerado \u201ccaf\u00e9 com leite\u201d e quer, a todo custo, participar ativamente da guerra, defender os seus amigos e o terreno baldo. Carinhoso, Zeno \u00e9 respons\u00e1vel por momentos de afeto e amizade.<\/p>\n<p><strong>Juju<\/strong>, 11 anos, possui amor incondicional aos animais. Carrega na bolsa um pouco de ra\u00e7\u00e3o que sempre oferece aos cachorros e gatos que encontra nas ruas ou pelo condom\u00ednio. S\u00e3o seus companheiros insepar\u00e1veis Plut, Laika, Corisco e Zumba, quatro vira-latas que seguem Juju por todos os lugares.<\/p>\n","protected":false},"excerpt":{"rendered":"<p>Jo\u00e3o,\u00a011 anos, branco, cabelos pretos, olhos pequenos, tipo f\u00edsico mirrado que o faz parecer ter idade um pouco menor. Menino inteligente e perspicaz, verdadeiro estrategista, mas t\u00edmido. No come\u00e7o da hist\u00f3ria, ele est\u00e1 muito apegado aos pais, mas ir\u00e1 se soltar e se revelar\u00e1 de extrema for\u00e7a e coragem durante a guerra contra os meninos [&hellip;]<\/p>\n","protected":false},"author":1,"featured_media":0,"parent":0,"menu_order":0,"comment_status":"closed","ping_status":"closed","template":"sinopse.php","meta":{"footnotes":""},"_links":{"self":[{"href":"https:\/\/acervo.coisadecinema.com.br\/guerradoalgodao\/wp-json\/wp\/v2\/pages\/60"}],"collection":[{"href":"https:\/\/acervo.coisadecinema.com.br\/guerradoalgodao\/wp-json\/wp\/v2\/pages"}],"about":[{"href":"https:\/\/acervo.coisadecinema.com.br\/guerradoalgodao\/wp-json\/wp\/v2\/types\/page"}],"author":[{"embeddable":true,"href":"https:\/\/acervo.coisadecinema.com.br\/guerradoalgodao\/wp-json\/wp\/v2\/users\/1"}],"replies":[{"embeddable":true,"href":"https:\/\/acervo.coisadecinema.com.br\/guerradoalgodao\/wp-json\/wp\/v2\/comments?post=60"}],"version-history":[{"count":1,"href":"https:\/\/acervo.coisadecinema.com.br\/guerradoalgodao\/wp-json\/wp\/v2\/pages\/60\/revisions"}],"predecessor-version":[{"id":61,"href":"https:\/\/acervo.coisadecinema.com.br\/guerradoalgodao\/wp-json\/wp\/v2\/pages\/60\/revisions\/61"}],"wp:attachment":[{"href":"https:\/\/acervo.coisadecinema.com.br\/guerradoalgodao\/wp-json\/wp\/v2\/media?parent=60"}],"curies":[{"name":"wp","href":"https:\/\/api.w.org\/{rel}","templated":true}]}}