{"id":10,"date":"2016-07-08T03:50:27","date_gmt":"2016-07-08T06:50:27","guid":{"rendered":"http:\/\/coisadecinema.com.br\/guerra-de-algodao\/?page_id=10"},"modified":"2016-07-13T02:07:40","modified_gmt":"2016-07-13T05:07:40","slug":"making-of","status":"publish","type":"page","link":"https:\/\/acervo.coisadecinema.com.br\/guerradoalgodao\/making-of\/","title":{"rendered":"Making Of"},"content":{"rendered":"<p>Estamos em fase de sele\u00e7\u00e3o do elenco principal do filme, em breve esta se\u00e7\u00e3o estar\u00e1 cheia de novidades sobre o produ\u00e7\u00e3o de\u00a0<em>Guerra de Algod\u00e3o\u00a0<\/em>\ud83d\ude09<\/p>\n","protected":false},"excerpt":{"rendered":"<p>Estamos em fase de sele\u00e7\u00e3o do elenco principal do filme, em breve esta se\u00e7\u00e3o estar\u00e1 cheia de novidades sobre o produ\u00e7\u00e3o de\u00a0Guerra de Algod\u00e3o\u00a0\ud83d\ude09<\/p>\n","protected":false},"author":1,"featured_media":0,"parent":0,"menu_order":0,"comment_status":"closed","ping_status":"closed","template":"sinopse.php","meta":{"footnotes":""},"_links":{"self":[{"href":"https:\/\/acervo.coisadecinema.com.br\/guerradoalgodao\/wp-json\/wp\/v2\/pages\/10"}],"collection":[{"href":"https:\/\/acervo.coisadecinema.com.br\/guerradoalgodao\/wp-json\/wp\/v2\/pages"}],"about":[{"href":"https:\/\/acervo.coisadecinema.com.br\/guerradoalgodao\/wp-json\/wp\/v2\/types\/page"}],"author":[{"embeddable":true,"href":"https:\/\/acervo.coisadecinema.com.br\/guerradoalgodao\/wp-json\/wp\/v2\/users\/1"}],"replies":[{"embeddable":true,"href":"https:\/\/acervo.coisadecinema.com.br\/guerradoalgodao\/wp-json\/wp\/v2\/comments?post=10"}],"version-history":[{"count":2,"href":"https:\/\/acervo.coisadecinema.com.br\/guerradoalgodao\/wp-json\/wp\/v2\/pages\/10\/revisions"}],"predecessor-version":[{"id":62,"href":"https:\/\/acervo.coisadecinema.com.br\/guerradoalgodao\/wp-json\/wp\/v2\/pages\/10\/revisions\/62"}],"wp:attachment":[{"href":"https:\/\/acervo.coisadecinema.com.br\/guerradoalgodao\/wp-json\/wp\/v2\/media?parent=10"}],"curies":[{"name":"wp","href":"https:\/\/api.w.org\/{rel}","templated":true}]}}