{"id":23,"date":"2014-04-11T04:09:02","date_gmt":"2014-04-11T04:09:02","guid":{"rendered":"http:\/\/coisadecinema.com.br\/cineclubegr\/?page_id=23"},"modified":"2014-09-12T16:29:48","modified_gmt":"2014-09-12T19:29:48","slug":"oficina","status":"publish","type":"page","link":"https:\/\/acervo.coisadecinema.com.br\/cineclubeglauberrocha\/oficina\/","title":{"rendered":"Oficina"},"content":{"rendered":"<h2 style=\"text-align: justify;\" align=\"center\"><b>\u201cA muta\u00e7\u00e3o hist\u00f3rica do cinema &#8211; em pel\u00edcula, eletr\u00f4nico e digital\u201d<\/b><\/h2>\n<p style=\"text-align: justify;\">A Oficina \u201cA muta\u00e7\u00e3o hist\u00f3rica do cinema \u2013 em pel\u00edcula, eletr\u00f4nico e digital\u201d \u00e9 uma realiza\u00e7\u00e3o do Cineclube Glauber Rocha em parceria com a Diretoria de Audiovisual da Funda\u00e7\u00e3o Cultural do Estado da Bahia.<\/p>\n<p style=\"text-align: justify;\">As aulas, gratuitas, acontecer\u00e3o na Sala Walter da Silveira, de 13h \u00e0s 17h e ser\u00e3o ministradas pelo professor, curador e restaurador Hernani Heffner.<\/p>\n<p style=\"text-align: justify;\"><b>Ementa da Oficina<\/b><\/p>\n<p style=\"text-align: justify;\">O curso apresentar\u00e1 um breve panorama das principais fases, escolas, movimentos e personalidades dos pouco mais de 120 anos de hist\u00f3ria do cinema, forma de express\u00e3o art\u00edstica, documental, jornal\u00edstica e experimental que assumiu um papel central na cultura audiovisual do s\u00e9culo XX.<\/p>\n<p style=\"text-align: justify;\">Em um paralelo com diferentes proposi\u00e7\u00f5es de verdade cient\u00edfica, a cria\u00e7\u00e3o cinematogr\u00e1fica ser\u00e1 analisada a partir de no\u00e7\u00f5es como causalidade\/cinema cl\u00e1ssico (paradigma newtoniano), relatividade\/cinema moderno (paradigma einsteiniano), incerteza\/cinema maneirista (paradigma heisenberguiano) e caos\/cinema contempor\u00e2neo (paradigma mandelbrotiano).<\/p>\n<p style=\"text-align: justify;\">O curso apresentar\u00e1 trechos de filmes e ter\u00e1 uma mostra de obras consagradas a ser apresentada na Sala Walter da Silveira.<\/p>\n<p style=\"text-align: justify;\"><b>Bibliografia de Refer\u00eancia<\/b><\/p>\n<p style=\"text-align: justify;\">FABRIS, Mariarosario. O neo-realismo cinematogr\u00e1fico italiano. S\u00e3o Paulo: Edusp, 1996.<br \/>\nGEADA, Eduardo. Os mundos do cinema: Modelos dram\u00e1ticos e narrativos no per\u00edodo cl\u00e1ssico. Lisboa: Editorial Not\u00edcias, 1998.<br \/>\nMASCHARELLO, Fernando. (org.). Hist\u00f3ria do cinema mundial. Campinas: Papirus, 2006.<br \/>\nMASCHARELLO, Fernando e V\u00c9DIA, Mauro Baptista. (org.). Cinema mundial contempor\u00e2neo. Campinas: Papirus, 2008.<br \/>\nNOWELL-SMITH, George (org.). The Oxford History of World Cinema. Oxford \/ New York: Oxford University Press, 1996.<br \/>\nOLIVEIRA, Lu\u00eds Miguel (org.). Nouvelle Vague. Lisboa: Cinemateca Portuguesa, 1999.<\/p>\n<div id=\"attachment_209\" style=\"width: 630px\" class=\"wp-caption aligncenter\"><a href=\"http:\/\/coisadecinema.com.br\/cineclubegr\/wp-content\/uploads\/2014\/04\/Hernani-Heffner-Foto-por-Leo-Fontes.jpg\"><img loading=\"lazy\" decoding=\"async\" aria-describedby=\"caption-attachment-209\" class=\"size-full wp-image-209\" alt=\"O ministrante da oficina  \u201cA muta\u00e7\u00e3o hist\u00f3rica do cinema \u2013 em pel\u00edcula, eletr\u00f4nico e digital\u201d, Hernani Heffner | Foto por Leo Fontes\" src=\"http:\/\/coisadecinema.com.br\/cineclubegr\/wp-content\/uploads\/2014\/04\/Hernani-Heffner-Foto-por-Leo-Fontes.jpg\" width=\"620\" height=\"250\" srcset=\"https:\/\/acervo.coisadecinema.com.br\/cineclubeglauberrocha\/wp-content\/uploads\/2014\/04\/Hernani-Heffner-Foto-por-Leo-Fontes.jpg 620w, https:\/\/acervo.coisadecinema.com.br\/cineclubeglauberrocha\/wp-content\/uploads\/2014\/04\/Hernani-Heffner-Foto-por-Leo-Fontes-300x120.jpg 300w\" sizes=\"(max-width: 620px) 100vw, 620px\" \/><\/a><p id=\"caption-attachment-209\" class=\"wp-caption-text\">O ministrante da oficina, Hernani Heffner | Foto por Leo Fontes<\/p><\/div>\n<p style=\"text-align: justify;\"><b>Sobre o ministrante<\/b><\/p>\n<p style=\"text-align: justify;\">Hernani Heffner \u00e9 graduado em Comunica\u00e7\u00e3o Social \u2013 Habilita\u00e7\u00e3o Cinema pela Universidade Federal Fluminense. Entrou como pesquisador contratado para a Cin\u00e9dia Est\u00fadios em 1986, passando 13 anos na companhia, primeiro como pesquisador e depois como respons\u00e1vel pelo acervo de filmes. A partir de 1996 assumiu o trabalho de restaura\u00e7\u00e3o dos principais t\u00edtulos da companhia, como \u201cO \u00c9brio\u201d, \u201cAl\u00f4, Al\u00f4, Carnaval\u201d e \u201cBerlim na Batucada\u201d. No mesmo ano passou a trabalhar como Curador de Documenta\u00e7\u00e3o e Pesquisa da Cinemateca do Museu de Arte Moderna do Rio de Janeiro, transferindo-se tr\u00eas mais tarde para o Arquivo de Filmes da institui\u00e7\u00e3o, onde atua at\u00e9 a atualidade como Conservador-Chefe.<\/p>\n<p style=\"text-align: justify;\">A partir de 2000 passou a atuar como professor de Hist\u00f3ria do Cinema e de Preserva\u00e7\u00e3o de Filmes, tendo passado pelas seguintes institui\u00e7\u00f5es de ensino: Universidade Federal Fluminense, Est\u00e1cio de S\u00e1, C\u00e2ndido Mendes, Funda\u00e7\u00e3o Get\u00falio Vargas, CineTV-Paran\u00e1 e Usina Jo\u00e3o Donato. Desde 2005 d\u00e1 aulas no curso de Comunica\u00e7\u00e3o Social da Pontif\u00edcia Universidade Cat\u00f3lica do Rio de Janeiro. \u00c9 autor de in\u00fameros artigos para revistas, cat\u00e1logos e livros, al\u00e9m de mais de cem verbetes da Enciclop\u00e9dia do Cinema Brasileiro (Editora Senac, v\u00e1rias edi\u00e7\u00f5es). Participou de dezenas de debates, oficinas, cursos livres. Foi curador das Mostras Ra\u00edzes do S\u00e9culo XXI, Miragens do Sert\u00e3o, A Tela Aberta e Cin\u00e9dia 75 Anos, realizadas na Caixa Cultural e no Centro Cultural Banco do Brasil do Rio de Janeiro. \u00c9 curador dos Festivais Cine M\u00fasica e Mostra de Cinema de Ouro Preto \u2013 CineOP \u2013 Tem\u00e1tica Preserva\u00e7\u00e3o.<\/p>\n<p style=\"text-align: justify;\"><span style=\"text-decoration: underline;\">Professor<\/span>: Hernani Heffner (RJ)<br \/>\n<span style=\"text-decoration: underline;\">Carga hor\u00e1ria<\/span>: 16 horas*<br \/>\n<span style=\"text-decoration: underline;\">Data<\/span>: 15 a 18 de setembro<br \/>\n<span style=\"text-decoration: underline;\">Hor\u00e1rio<\/span>: 13 \u00e0s 17h<br \/>\n<span style=\"text-decoration: underline;\">Local<\/span>: Sala Walter da Silveira, Biblioteca P\u00fablica do Estado da Bahia<br \/>\n<span style=\"text-decoration: underline;\">Inscri\u00e7\u00f5es<\/span>: at\u00e9 05 de Setembro<br \/>\n*Ter\u00e1 direito a certificado o participante que cumprir 100% da carga hor\u00e1ria do curso.<\/p>\n<p style=\"text-align: center;\">_______________________________________________________________<\/p>\n<h2 style=\"text-align: justify;\" align=\"center\"><\/h2>\n<h2 style=\"text-align: justify;\" align=\"center\"><b>Mostra &#8220;Cinema &#8211; Obras Fundamentais&#8221;<\/b><\/h2>\n<p style=\"text-align: justify;\">A Mostra \u201cCinema \u2013 Obras Fundamentais\u201d \u00e9 uma realiza\u00e7\u00e3o do Cineclube Glauber Rocha em parceria com a Diretoria de Audiovisual da Funda\u00e7\u00e3o Cultural do Estado da Bahia, com o apoio da Cinemateca do Museu de Arte Moderna do Rio de Janeiro e da Cinemateca da Embaixada da Fran\u00e7a no Brasil.<\/p>\n<p style=\"text-align: justify;\">A curadoria da Mostra foi feita por Hernani Heffner, e as sess\u00f5es est\u00e3o associadas \u00e0 Oficina \u201cA muta\u00e7\u00e3o hist\u00f3rica do cinema &#8211; em pel\u00edcula, eletr\u00f4nico, digital\u201d, ministrada por Heffner no mesmo per\u00edodo tamb\u00e9m na Sala Walter da Silveira.<\/p>\n<div id=\"attachment_258\" style=\"width: 563px\" class=\"wp-caption aligncenter\"><a href=\"http:\/\/coisadecinema.com.br\/cineclubegr\/wp-content\/uploads\/2014\/04\/Os-Boas-Vidas.jpg\"><img loading=\"lazy\" decoding=\"async\" aria-describedby=\"caption-attachment-258\" class=\" wp-image-258  \" alt=\"&quot;Os Boas Vidas&quot; (1953), de Federico Fellini\" src=\"http:\/\/coisadecinema.com.br\/cineclubegr\/wp-content\/uploads\/2014\/04\/Os-Boas-Vidas-1024x558.jpg\" width=\"553\" height=\"302\" srcset=\"https:\/\/acervo.coisadecinema.com.br\/cineclubeglauberrocha\/wp-content\/uploads\/2014\/04\/Os-Boas-Vidas-1024x558.jpg 1024w, https:\/\/acervo.coisadecinema.com.br\/cineclubeglauberrocha\/wp-content\/uploads\/2014\/04\/Os-Boas-Vidas-300x163.jpg 300w, https:\/\/acervo.coisadecinema.com.br\/cineclubeglauberrocha\/wp-content\/uploads\/2014\/04\/Os-Boas-Vidas.jpg 1320w\" sizes=\"(max-width: 553px) 100vw, 553px\" \/><\/a><p id=\"caption-attachment-258\" class=\"wp-caption-text\">&#8220;Os Boas-Vidas&#8221; (1953), de Federico Fellini<\/p><\/div>\n<h2 style=\"text-align: justify;\">Programa\u00e7\u00e3o:<\/h2>\n<p style=\"text-align: justify;\"><b><span style=\"color: #ef4123;\">\u201cA M\u00e3e\u201d, de Vsevolod Pudovkin<\/span><br \/>\n<\/b>Fic\u00e7\u00e3o, 89\u2019, URSS, 1926, 35mm<br \/>\nSegunda-feira, 15\/09, \u00e0s 17h<\/p>\n<p style=\"text-align: justify;\">Adaptado do romance de Maxim Gorky, o filme narra a hist\u00f3ria de Niovna-Vlasova, esposa de um ferreiro alc\u00f3olotra morto acidentalmente por um militante, amigo de seu filho e a sua participa\u00e7\u00e3o na investiga\u00e7\u00e3o policial da morte de seu marido.<\/p>\n<p style=\"text-align: justify;\"><b><span style=\"color: #ef4123;\">\u201cAurora\u201d, de Friedrich Murnau<\/span><br \/>\n<\/b>Fic\u00e7\u00e3o, 94\u2019, EUA, 1927, 16mm<br \/>\nSegunda-feira, 15\/09, \u00e0s 19h<\/p>\n<p style=\"text-align: justify;\">Um homem est\u00e1 passando por uma crise conjugal e com a sua fazenda, e sua mulher sofre silenciosamente com a infidelidade de seu marido enquanto cuida de seu filho. Entretanto, quando o homem come\u00e7a a se relacionar com uma mulher da cidade, ela tenta convenc\u00ea-lo a matar a sua esposa.<\/p>\n<p style=\"text-align: justify;\"><b><span style=\"color: #ef4123;\">\u201cOthello\u201d, de Orson Welles<\/span><br \/>\n<\/b>Fic\u00e7\u00e3o, 90\u2019, EUA, 1952, 35mm<br \/>\nTer\u00e7a-feira, 16\/09, \u00e0s 17h<\/p>\n<p style=\"text-align: justify;\">Baseado na pe\u00e7a hom\u00f4nima de William Shakespeare, o filme segue Othello, que se casa com a linda Desdemona, mas, influenciado pelo malvado Iago, logo come\u00e7a a duvidar da fidelidade de sua esposa.<\/p>\n<p style=\"text-align: justify;\"><b><span style=\"color: #ef4123;\">\u201cA Regra do Jogo\u201d, de Jean Renoir<\/span><br \/>\n<\/b>Fic\u00e7\u00e3o, 110\u2019, Fran\u00e7a, 1939, 35mm<br \/>\nTer\u00e7a-feira, 16\/09, \u00e0s 19h<\/p>\n<p style=\"text-align: justify;\">Em uma adapta\u00e7\u00e3o da com\u00e9dia de Alfred de Musset, \u201cLes Caprices de Marianne\u201d, um baile de m\u00e1scaras que acontece na casa de campo da alta burguesia francesa \u00e9 o palco para o desenvolvimento de diversos romances amorosos tanto na alta burguesia como nos empregados da mesma.<\/p>\n<p style=\"text-align: justify;\"><b><span style=\"color: #ef4123;\">\u201cOs Boas-Vidas\u201d, de Federico Fellini<\/span><br \/>\n<\/b>Fic\u00e7\u00e3o, 104\u2019, It\u00e1lia, 1953, 35mm<br \/>\nQuarta-feira, 17\/09, \u00e0s 17h<\/p>\n<p style=\"text-align: justify;\">Numa pequena cidade da It\u00e1lia, cinco jovens amigos s\u00e3o t\u00edpicos &#8220;vitelloni&#8221; (in\u00fateis) e vivem uma vida bo\u00eamia cheia de bebidas e mulheres. Sem perspectivas de vida, cada um encontra um modo de escapar da monotonia da vida provinciana tentando aproveitar e curtir as aventuras que esse mundo os reserva.<\/p>\n<p style=\"text-align: justify;\"><b><span style=\"color: #ef4123;\">\u201cA Guerra Acabou\u201d, de Alain Resnais<\/span><br \/>\n<\/b>Fic\u00e7\u00e3o, 121\u2019, Fran\u00e7a, 1966, 35mm<br \/>\nQuarta-feira, 17\/09, \u00e0s 19h<\/p>\n<p style=\"text-align: justify;\">O l\u00edder do Partido Comunista espanhol Diego est\u00e1 voltando para Paris, a cidade onde mora, de uma miss\u00e3o em Madri. Ap\u00f3s ser preso na fronteira por usar um passaporte pertencente a outra pessoa e conseguir ser liberado, ele procura por um de seus colegas, Juan, para impedir a sua ida \u00e0 Madri, onde ele tamb\u00e9m poderia ser preso pela pol\u00edcia.<\/p>\n<p style=\"text-align: justify;\"><b><span style=\"color: #ef4123;\">\u201cO Massacre da Serra El\u00e9trica\u201d, de Tobe Hooper<\/span><br \/>\n<\/b>Fic\u00e7\u00e3o, 83\u2019, EUA, 1974, 35mm<br \/>\nQuinta-feira, 18\/09, \u00e0s 17h<\/p>\n<p style=\"text-align: justify;\">Ap\u00f3s a pol\u00edcia texana dar como encerrado o caso de um massacre de 33 pessoas, a institui\u00e7\u00e3o \u00e9 acusada de conduzir uma investiga\u00e7\u00e3o err\u00f4nea e matar o homem errado. Dessa vez, o \u00fanico sobrevivente fornece o seu depoimento do que aconteceu na noite do massacre.<\/p>\n<p style=\"text-align: justify;\"><b><span style=\"color: #ef4123;\">Sess\u00e3o surpresa<\/span><br \/>\n<\/b>Quinta-feira, 18\/09, \u00e0s 19h<\/p>\n","protected":false},"excerpt":{"rendered":"<p>\u201cA muta\u00e7\u00e3o hist\u00f3rica do cinema &#8211; em pel\u00edcula, eletr\u00f4nico e digital\u201d A Oficina \u201cA muta\u00e7\u00e3o hist\u00f3rica do cinema \u2013 em pel\u00edcula, eletr\u00f4nico e digital\u201d \u00e9 uma realiza\u00e7\u00e3o do Cineclube Glauber Rocha em parceria com a Diretoria de Audiovisual da Funda\u00e7\u00e3o Cultural do Estado da Bahia. As aulas, gratuitas, acontecer\u00e3o na Sala Walter da Silveira, de [&hellip;]<\/p>\n","protected":false},"author":1,"featured_media":209,"parent":0,"menu_order":0,"comment_status":"open","ping_status":"open","template":"page-oficina.php","meta":{"_acf_changed":false,"footnotes":""},"acf":[],"_links":{"self":[{"href":"https:\/\/acervo.coisadecinema.com.br\/cineclubeglauberrocha\/wp-json\/wp\/v2\/pages\/23"}],"collection":[{"href":"https:\/\/acervo.coisadecinema.com.br\/cineclubeglauberrocha\/wp-json\/wp\/v2\/pages"}],"about":[{"href":"https:\/\/acervo.coisadecinema.com.br\/cineclubeglauberrocha\/wp-json\/wp\/v2\/types\/page"}],"author":[{"embeddable":true,"href":"https:\/\/acervo.coisadecinema.com.br\/cineclubeglauberrocha\/wp-json\/wp\/v2\/users\/1"}],"replies":[{"embeddable":true,"href":"https:\/\/acervo.coisadecinema.com.br\/cineclubeglauberrocha\/wp-json\/wp\/v2\/comments?post=23"}],"version-history":[{"count":23,"href":"https:\/\/acervo.coisadecinema.com.br\/cineclubeglauberrocha\/wp-json\/wp\/v2\/pages\/23\/revisions"}],"predecessor-version":[{"id":266,"href":"https:\/\/acervo.coisadecinema.com.br\/cineclubeglauberrocha\/wp-json\/wp\/v2\/pages\/23\/revisions\/266"}],"wp:featuredmedia":[{"embeddable":true,"href":"https:\/\/acervo.coisadecinema.com.br\/cineclubeglauberrocha\/wp-json\/wp\/v2\/media\/209"}],"wp:attachment":[{"href":"https:\/\/acervo.coisadecinema.com.br\/cineclubeglauberrocha\/wp-json\/wp\/v2\/media?parent=23"}],"curies":[{"name":"wp","href":"https:\/\/api.w.org\/{rel}","templated":true}]}}